{"id":162207,"date":"2025-11-21T14:05:01","date_gmt":"2025-11-21T13:05:01","guid":{"rendered":"https:\/\/secureus.se\/solo-303-solo-365-kit-provningshojd-4-m-provning-rok\/"},"modified":"2026-04-23T12:45:30","modified_gmt":"2026-04-23T10:45:30","slug":"solo-303-solo-365-kit-provningshojd-4-m-provning-rok","status":"publish","type":"product","link":"https:\/\/secureus.se\/de\/solo-303-solo-365-kit-provningshojd-4-m-provning-rok\/","title":{"rendered":"Solo 303 - Solo 365 Bausatz Testh\u00f6he 4 m - Test Smoke"},"content":{"rendered":"<h1>Solo 303 \u2013 Solo 365 Kit Testh\u00f6he 4 m \u2013 Rauchpr\u00fcfung<\/h1>\n<h3 data-start=\"451\" data-end=\"501\">Sichere und effiziente Pr\u00fcfung von Rauchmeldern<\/h3>\n<p data-start=\"502\" data-end=\"743\">Das Solo 303 \u2013 Solo 365 Kit ist f\u00fcr die zuverl\u00e4ssige Funktionspr\u00fcfung von Rauchmeldern in Geb\u00e4uden mit mittlerer Deckenh\u00f6he konzipiert. Durch die Pr\u00fcfung direkt vom Boden aus werden sowohl die Sicherheit als auch die Arbeitsabl\u00e4ufe bei Wartungsarbeiten und regelm\u00e4\u00dfigen Inspektionen verbessert.<\/p>\n<h3 data-start=\"745\" data-end=\"773\">Realistische Rauchtests<\/h3>\n<p data-start=\"774\" data-end=\"988\">Das Rauchmelderpr\u00fcfger\u00e4t Solo 365 erzeugt ein kontrolliertes Testaerosol, das den Rauchmelder aktiviert, ohne R\u00fcckst\u00e4nde zu hinterlassen. Dadurch wird sichergestellt, dass der Melder korrekt reagiert und die Inspektions- und Wartungsanforderungen erf\u00fcllt.<\/p>\n<h3 data-start=\"990\" data-end=\"1028\">Stabile Reichweite bis zu 4 Metern<\/h3>\n<p data-start=\"1029\" data-end=\"1200\">Mit der Teleskopstange Solo 108 erreichen Sie Detektoren bis zu einer H\u00f6he von ca. 4 Metern problemlos. Die Kombination aus Messkopf und Stange erm\u00f6glicht eine gute Kontrolle und pr\u00e4zise Positionierung w\u00e4hrend der Messung.<\/p>\n<h3 data-start=\"1202\" data-end=\"1242\">Geeignet f\u00fcr professionelle Umgebungen<\/h3>\n<p data-start=\"1243\" data-end=\"1380\">Das Testkit wird vorteilhaft in B\u00fcros, Schulen, Gesundheitseinrichtungen und \u00f6ffentlichen Geb\u00e4uden eingesetzt, wo eine regelm\u00e4\u00dfige \u00dcberpr\u00fcfung der Rauchmelder erforderlich ist.<\/p>\n<p data-start=\"1387\" data-end=\"1418\"><strong data-start=\"1387\" data-end=\"1416\">TECHNISCHE DATEN:<\/strong><\/p>\n<ul data-start=\"1419\" data-end=\"1599\">\n<li data-start=\"1419\" data-end=\"1447\">\n<p data-start=\"1421\" data-end=\"1447\">Pr\u00fcfh\u00f6he: ca. 4 m<\/p>\n<\/li>\n<li data-start=\"1448\" data-end=\"1478\">\n<p data-start=\"1450\" data-end=\"1478\">Detektortyp: Rauchmelder<\/p>\n<\/li>\n<li data-start=\"1479\" data-end=\"1526\">\n<p data-start=\"1481\" data-end=\"1526\">Pr\u00fcfger\u00e4t: Solo 365 Rauchmelder-Tester<\/p>\n<\/li>\n<li data-start=\"1527\" data-end=\"1560\">\n<p data-start=\"1529\" data-end=\"1560\">Stange: Teleskopstange Solo 108<\/p>\n<\/li>\n<li data-start=\"1561\" data-end=\"1599\">\n<p data-start=\"1563\" data-end=\"1599\">Anwendung: Pr\u00fcfung vom Boden aus<\/p>\n<\/li>\n<\/ul>","protected":false},"excerpt":{"rendered":"<p>Der Bausatz Solo 303 - Solo 365 ist ein kompletter Pr\u00fcfsatz f\u00fcr die Pr\u00fcfung von Rauchmeldern bis zu einer H\u00f6he von etwa 4 Metern.<\/p>\n<p>Der Bausatz erm\u00f6glicht eine sichere Pr\u00fcfung vom Boden aus, ohne dass eine Leiter ben\u00f6tigt wird.<\/p>\n<p>Geeignet f\u00fcr die professionelle Wartung von Brandmeldeanlagen.<\/p>","protected":false},"featured_media":162206,"template":"","meta":{"_acf_changed":false},"product_brand":[],"product_cat":[5072,5073],"product_tag":[],"class_list":{"0":"post-162207","1":"product","2":"type-product","3":"status-publish","4":"has-post-thumbnail","6":"product_cat-solo-365","7":"product_cat-solo-365-kit","8":"tm-no-options","10":"first","11":"instock","12":"taxable","13":"shipping-taxable","14":"purchasable","15":"product-type-simple"},"acf":[],"_links":{"self":[{"href":"https:\/\/secureus.se\/de\/wp-json\/wp\/v2\/product\/162207","targetHints":{"allow":["GET"]}}],"collection":[{"href":"https:\/\/secureus.se\/de\/wp-json\/wp\/v2\/product"}],"about":[{"href":"https:\/\/secureus.se\/de\/wp-json\/wp\/v2\/types\/product"}],"wp:featuredmedia":[{"embeddable":true,"href":"https:\/\/secureus.se\/de\/wp-json\/wp\/v2\/media\/162206"}],"wp:attachment":[{"href":"https:\/\/secureus.se\/de\/wp-json\/wp\/v2\/media?parent=162207"}],"wp:term":[{"taxonomy":"product_brand","embeddable":true,"href":"https:\/\/secureus.se\/de\/wp-json\/wp\/v2\/product_brand?post=162207"},{"taxonomy":"product_cat","embeddable":true,"href":"https:\/\/secureus.se\/de\/wp-json\/wp\/v2\/product_cat?post=162207"},{"taxonomy":"product_tag","embeddable":true,"href":"https:\/\/secureus.se\/de\/wp-json\/wp\/v2\/product_tag?post=162207"}],"curies":[{"name":"wp","href":"https:\/\/api.w.org\/{rel}","templated":true}]}}