{"id":162209,"date":"2025-11-21T14:04:58","date_gmt":"2025-11-21T13:04:58","guid":{"rendered":"https:\/\/secureus.se\/solo-311-solo-365-kit-provningshojd-73-m-rok-varme-extra-es3-vaskor\/"},"modified":"2026-04-08T16:05:12","modified_gmt":"2026-04-08T14:05:12","slug":"solo-311-solo-365-kit-provningshojd-73-m-rok-varme-extra-es3-vaskor","status":"publish","type":"product","link":"https:\/\/secureus.se\/de\/solo-311-solo-365-kit-provningshojd-73-m-rok-varme-extra-es3-vaskor\/","title":{"rendered":"Solo 311 - Solo 365 Kit Testh\u00f6he 7,3 m - Rauch + W\u00e4rme - Extra ES3 &amp; Taschen"},"content":{"rendered":"<h1>Solo 311 \u2013 Solo 365 Kit Testh\u00f6he 7,3 m \u2013 Rauch + Hitze \u2013 Extra ES3 &amp; Taschen<\/h1>\n<h3 data-start=\"553\" data-end=\"616\">Komplettl\u00f6sung zum Testen von Rauch- und W\u00e4rmemeldern<\/h3>\n<p data-start=\"617\" data-end=\"906\">Das Solo 311 \u2013 Solo 365 Kit wurde f\u00fcr die sichere und zuverl\u00e4ssige Funktionspr\u00fcfung von Rauch- und W\u00e4rmemeldern in Geb\u00e4uden mit hohen Decken entwickelt.<\/p>\n<p data-start=\"617\" data-end=\"906\">Durch die Durchf\u00fchrung von Tests vom Boden aus wird der Bedarf an Leitern und Hebeb\u00fchnen minimiert, was die Sicherheit und Effizienz bei Servicearbeiten verbessert.<\/p>\n<h3 data-start=\"908\" data-end=\"950\">Realistische Pr\u00fcfung von Rauch und Hitze<\/h3>\n<p data-start=\"951\" data-end=\"1240\">Der Rauchmeldertester Solo 365 wird in Verbindung mit der Rauchpatrone ES3 verwendet, um ein kontrolliertes Testaerosol zu erzeugen, das Rauchmelder auf realistische Weise aktiviert.<\/p>\n<p data-start=\"951\" data-end=\"1240\">F\u00fcr W\u00e4rmemelder wird das W\u00e4rmemelder-Pr\u00fcfger\u00e4t Solo 461 verwendet, mit dem es m\u00f6glich ist, zwei Meldertypen mit demselben System zu testen.<\/p>\n<h3 data-start=\"1242\" data-end=\"1275\">Reichweite bis zu 7,3 Meter<\/h3>\n<p data-start=\"1276\" data-end=\"1516\">Die Kombination aus der Teleskopstange Solo 108 und drei Teststangenverl\u00e4ngerungen Solo 101 erm\u00f6glicht eine maximale Testh\u00f6he von ca. 7,3 Metern.<\/p>\n<p data-start=\"1276\" data-end=\"1516\">Dadurch eignet sich das Set hervorragend f\u00fcr gr\u00f6\u00dfere R\u00e4umlichkeiten wie Lagerhallen, Industriegeb\u00e4ude, Sporthallen und \u00f6ffentliche Bereiche.<\/p>\n<h3 data-start=\"1518\" data-end=\"1561\">F\u00fcr die professionelle Wartung geeignet<\/h3>\n<p data-start=\"1562\" data-end=\"1735\">Solo 610 Tragetaschen sind im Lieferumfang enthalten, um den sicheren Transport und die Aufbewahrung der Ausr\u00fcstung zu gew\u00e4hrleisten.<\/p>\n<p data-start=\"1562\" data-end=\"1735\">Die zus\u00e4tzliche ES3-Rauchkartusche erm\u00f6glicht eine l\u00e4ngere Betriebsdauer und reduziert Unterbrechungen bei umfangreichen Testarbeiten.<\/p>\n<p data-start=\"1742\" data-end=\"1773\"><strong data-start=\"1742\" data-end=\"1771\">TECHNISCHE DATEN:<\/strong><\/p>\n<ul data-start=\"1774\" data-end=\"2004\">\n<li data-start=\"1774\" data-end=\"1804\">\n<p data-start=\"1776\" data-end=\"1804\">Pr\u00fcfh\u00f6he: ca. 7,3 m<\/p>\n<\/li>\n<li data-start=\"1805\" data-end=\"1848\">\n<p data-start=\"1807\" data-end=\"1848\">Detektortypen: Rauch- und W\u00e4rmemelder<\/p>\n<\/li>\n<li data-start=\"1849\" data-end=\"1873\">\n<p data-start=\"1851\" data-end=\"1873\">Rauchtester: Solo 365<\/p>\n<\/li>\n<li data-start=\"1874\" data-end=\"1900\">\n<p data-start=\"1876\" data-end=\"1900\">W\u00e4rmepr\u00fcfger\u00e4t: Solo 461<\/p>\n<\/li>\n<li data-start=\"1901\" data-end=\"1937\">\n<p data-start=\"1903\" data-end=\"1937\">Ruten: Solo 108 + 3 \u00d7 Solo 101<\/p>\n<\/li>\n<li data-start=\"1938\" data-end=\"1970\">\n<p data-start=\"1940\" data-end=\"1970\">Rauchpatrone: ES3 (zus\u00e4tzliche Patrone enthalten)<\/p>\n<\/li>\n<li data-start=\"1971\" data-end=\"2004\">\n<p data-start=\"1973\" data-end=\"2004\">Aufbewahrung: Tragetaschen Solo 610<\/p>\n<\/li>\n<\/ul>","protected":false},"excerpt":{"rendered":"<p>Der Bausatz Solo 311 - Solo 365 ist ein kompletter Pr\u00fcfsatz zur Pr\u00fcfung von Rauch- und W\u00e4rmemeldern bis zu einer H\u00f6he von ca. 7,3 Metern.<\/p>\n<p>Das Kit ist f\u00fcr die professionelle Pr\u00fcfung vom Boden aus in gr\u00f6\u00dferen und h\u00f6heren R\u00e4umen vorgesehen.<\/p>\n<p>Lieferung mit Teleskopstangen, Hitzetester, Tragetaschen und zus\u00e4tzlicher Rauchpatrone.<\/p>","protected":false},"featured_media":162208,"template":"","meta":{"_acf_changed":false},"product_brand":[],"product_cat":[5072,5073],"product_tag":[],"class_list":{"0":"post-162209","1":"product","2":"type-product","3":"status-publish","4":"has-post-thumbnail","6":"product_cat-solo-365","7":"product_cat-solo-365-kit","8":"tm-no-options","10":"first","11":"instock","12":"taxable","13":"shipping-taxable","14":"purchasable","15":"product-type-simple"},"acf":[],"_links":{"self":[{"href":"https:\/\/secureus.se\/de\/wp-json\/wp\/v2\/product\/162209","targetHints":{"allow":["GET"]}}],"collection":[{"href":"https:\/\/secureus.se\/de\/wp-json\/wp\/v2\/product"}],"about":[{"href":"https:\/\/secureus.se\/de\/wp-json\/wp\/v2\/types\/product"}],"wp:featuredmedia":[{"embeddable":true,"href":"https:\/\/secureus.se\/de\/wp-json\/wp\/v2\/media\/162208"}],"wp:attachment":[{"href":"https:\/\/secureus.se\/de\/wp-json\/wp\/v2\/media?parent=162209"}],"wp:term":[{"taxonomy":"product_brand","embeddable":true,"href":"https:\/\/secureus.se\/de\/wp-json\/wp\/v2\/product_brand?post=162209"},{"taxonomy":"product_cat","embeddable":true,"href":"https:\/\/secureus.se\/de\/wp-json\/wp\/v2\/product_cat?post=162209"},{"taxonomy":"product_tag","embeddable":true,"href":"https:\/\/secureus.se\/de\/wp-json\/wp\/v2\/product_tag?post=162209"}],"curies":[{"name":"wp","href":"https:\/\/api.w.org\/{rel}","templated":true}]}}