{"id":162211,"date":"2025-11-21T14:04:57","date_gmt":"2025-11-21T13:04:57","guid":{"rendered":"https:\/\/secureus.se\/solo-312-provningshojd-73-m-rok-varme-extra-es3-nedtagare-vaskor\/"},"modified":"2026-04-08T16:05:20","modified_gmt":"2026-04-08T14:05:20","slug":"solo-312-provningshojd-73-m-rok-varme-extra-es3-nedtagare-vaskor","status":"publish","type":"product","link":"https:\/\/secureus.se\/de\/solo-312-provningshojd-73-m-rok-varme-extra-es3-nedtagare-vaskor\/","title":{"rendered":"Solo 312 Testh\u00f6he 7,3 m \u2013 Rauch + Hitze \u2013 Extra ES3, Downpipes &amp; Bags"},"content":{"rendered":"<h1>Solo 312 Testh\u00f6he 7,3 m \u2013 Rauch + Hitze \u2013 Extra ES3, Downpipes &amp; Bags<\/h1>\n<h3 data-start=\"486\" data-end=\"548\">Komplett ausgestattetes Testset f\u00fcr Rauch- und W\u00e4rmemelder<\/h3>\n<p data-start=\"549\" data-end=\"797\">Solo 312 wurde f\u00fcr die sichere und effiziente Funktionspr\u00fcfung von Rauch- und W\u00e4rmemeldern in Geb\u00e4uden mit hohen Decken konzipiert.<\/p>\n<p data-start=\"549\" data-end=\"797\">Durch die Durchf\u00fchrung von Tests vom Boden aus verringert sich der Bedarf an Leitern und Hebeb\u00fchnen, was die Arbeitsbedingungen und die Sicherheit verbessert.<\/p>\n<h3 data-start=\"799\" data-end=\"842\">Realistische Tests mit Rauch und Hitze<\/h3>\n<p data-start=\"843\" data-end=\"1096\">Der Rauchmeldertester Solo 365 mit ES3-Rauchkartusche erzeugt ein kontrolliertes Testaerosol, das Rauchmelder auf realistische Weise aktiviert.<\/p>\n<p data-start=\"843\" data-end=\"1096\">Die W\u00e4rmemelder werden mit dem W\u00e4rmemelder-Tester Solo 461 gepr\u00fcft, wodurch sich das Set f\u00fcr kombinierte Pr\u00fcfanforderungen eignet.<\/p>\n<h3 data-start=\"1098\" data-end=\"1148\">Reichweite und Flexibilit\u00e4t bis zu 7,3 Meter<\/h3>\n<p data-start=\"1149\" data-end=\"1386\">Die Teleskopstange Solo 108 bietet zusammen mit drei Teststangenverl\u00e4ngerungen Solo 101 eine maximale Testh\u00f6he von ca. 7,3 Metern.<\/p>\n<p data-start=\"1149\" data-end=\"1386\">Der Detektorentferner Solo 200 erm\u00f6glicht bei Bedarf die einfache Demontage der Detektoren und erleichtert so Wartungsarbeiten und den Batteriewechsel.<\/p>\n<h3 data-start=\"1388\" data-end=\"1432\">Professioneller Transport und Nutzung<\/h3>\n<p data-start=\"1433\" data-end=\"1719\">F\u00fcr sicheren Transport und Lagerung sind Solo 610 Tragetaschen im Lieferumfang enthalten. Die zus\u00e4tzliche ES3-Rauchkartusche erm\u00f6glicht l\u00e4ngere Laufzeiten und minimiert Unterbrechungen bei umfangreichen Testmissionen.<\/p>\n<p data-start=\"1433\" data-end=\"1719\">Das Set eignet sich ideal f\u00fcr Installateure, Servicepersonal und Hausverwalter in B\u00fcros, Schulen, Lagerhallen und \u00f6ffentlichen Geb\u00e4uden.<\/p>\n<p data-start=\"1726\" data-end=\"1757\"><strong data-start=\"1726\" data-end=\"1755\">TECHNISCHE DATEN:<\/strong><\/p>\n<ul data-start=\"1758\" data-end=\"2012\">\n<li data-start=\"1758\" data-end=\"1788\">\n<p data-start=\"1760\" data-end=\"1788\">Pr\u00fcfh\u00f6he: ca. 7,3 m<\/p>\n<\/li>\n<li data-start=\"1789\" data-end=\"1832\">\n<p data-start=\"1791\" data-end=\"1832\">Detektortypen: Rauch- und W\u00e4rmemelder<\/p>\n<\/li>\n<li data-start=\"1833\" data-end=\"1857\">\n<p data-start=\"1835\" data-end=\"1857\">Rauchtester: Solo 365<\/p>\n<\/li>\n<li data-start=\"1858\" data-end=\"1884\">\n<p data-start=\"1860\" data-end=\"1884\">W\u00e4rmepr\u00fcfger\u00e4t: Solo 461<\/p>\n<\/li>\n<li data-start=\"1885\" data-end=\"1921\">\n<p data-start=\"1887\" data-end=\"1921\">Ruten: Solo 108 + 3 \u00d7 Solo 101<\/p>\n<\/li>\n<li data-start=\"1922\" data-end=\"1945\">\n<p data-start=\"1924\" data-end=\"1945\">Downer: Solo 200<\/p>\n<\/li>\n<li data-start=\"1946\" data-end=\"1978\">\n<p data-start=\"1948\" data-end=\"1978\">Rauchpatrone: ES3 (zus\u00e4tzliche Patrone enthalten)<\/p>\n<\/li>\n<li data-start=\"1979\" data-end=\"2012\">\n<p data-start=\"1981\" data-end=\"2012\">Aufbewahrung: Tragetaschen Solo 610<\/p>\n<\/li>\n<\/ul>","protected":false},"excerpt":{"rendered":"<p>Solo 312 ist ein komplettes Testkit f\u00fcr Rauch- und W\u00e4rmemelder bis zu einer H\u00f6he von ca. 7,3 Metern.<\/p>\n<p>Das Set ist f\u00fcr professionelle Tests und Servicearbeiten konzipiert und beinhaltet Teleskopstangen, Demontagevorrichtungen, Tragetaschen und eine zus\u00e4tzliche ES3-Rauchkartusche.<\/p>\n<p>Ideal f\u00fcr das Arbeiten in gr\u00f6\u00dferen R\u00e4umen.<\/p>","protected":false},"featured_media":162210,"template":"","meta":{"_acf_changed":false},"product_brand":[],"product_cat":[5072,5073],"product_tag":[],"class_list":{"0":"post-162211","1":"product","2":"type-product","3":"status-publish","4":"has-post-thumbnail","6":"product_cat-solo-365","7":"product_cat-solo-365-kit","8":"tm-no-options","10":"first","11":"instock","12":"taxable","13":"shipping-taxable","14":"purchasable","15":"product-type-simple"},"acf":[],"_links":{"self":[{"href":"https:\/\/secureus.se\/de\/wp-json\/wp\/v2\/product\/162211","targetHints":{"allow":["GET"]}}],"collection":[{"href":"https:\/\/secureus.se\/de\/wp-json\/wp\/v2\/product"}],"about":[{"href":"https:\/\/secureus.se\/de\/wp-json\/wp\/v2\/types\/product"}],"wp:featuredmedia":[{"embeddable":true,"href":"https:\/\/secureus.se\/de\/wp-json\/wp\/v2\/media\/162210"}],"wp:attachment":[{"href":"https:\/\/secureus.se\/de\/wp-json\/wp\/v2\/media?parent=162211"}],"wp:term":[{"taxonomy":"product_brand","embeddable":true,"href":"https:\/\/secureus.se\/de\/wp-json\/wp\/v2\/product_brand?post=162211"},{"taxonomy":"product_cat","embeddable":true,"href":"https:\/\/secureus.se\/de\/wp-json\/wp\/v2\/product_cat?post=162211"},{"taxonomy":"product_tag","embeddable":true,"href":"https:\/\/secureus.se\/de\/wp-json\/wp\/v2\/product_tag?post=162211"}],"curies":[{"name":"wp","href":"https:\/\/api.w.org\/{rel}","templated":true}]}}