{"id":162213,"date":"2025-11-21T14:04:53","date_gmt":"2025-11-21T13:04:53","guid":{"rendered":"https:\/\/secureus.se\/solo-323-provningshojd-93-m-rok-extra-es3-nedtagare-vaskor\/"},"modified":"2026-04-23T12:56:48","modified_gmt":"2026-04-23T10:56:48","slug":"solo-323-provningshojd-93-m-rok-extra-es3-nedtagare-vaskor","status":"publish","type":"product","link":"https:\/\/secureus.se\/de\/solo-323-provningshojd-93-m-rok-extra-es3-nedtagare-vaskor\/","title":{"rendered":"Solo 323 Testh\u00f6he 9,3 m \u2013 Rauch \u2013 Extra ES3, Downpipes &amp; Bags"},"content":{"rendered":"<h1>Solo 323 Testh\u00f6he 9,3 m \u2013 Rauch \u2013 Extra ES3, Downpipes &amp; Bags<\/h1>\n<h3 data-start=\"470\" data-end=\"520\">Sichere und effiziente Pr\u00fcfung von Rauchmeldern<\/h3>\n<p data-start=\"521\" data-end=\"794\">Solo 323 wurde f\u00fcr zuverl\u00e4ssige Funktionspr\u00fcfungen von Rauchmeldern in Geb\u00e4uden mit hohen Decken, wie z. B. Lagerhallen, Industriehallen und Sporthallen, entwickelt.<\/p>\n<p data-start=\"521\" data-end=\"794\">Die Pr\u00fcfungen werden vom Boden aus mit Teleskopstangen durchgef\u00fchrt, wodurch der Bedarf an Leitern und Hebeb\u00fchnen minimiert und die Sicherheit w\u00e4hrend der Wartung erh\u00f6ht wird.<\/p>\n<h3 data-start=\"796\" data-end=\"838\">Realistische Rauchtests mit zus\u00e4tzlichem ES3<\/h3>\n<p data-start=\"839\" data-end=\"1078\">Der Rauchmeldertester Solo 365 erzeugt zusammen mit der Rauchpatrone ES3 ein kontrolliertes Testaerosol, das die Melder auf realistische Weise aktiviert.<\/p>\n<p data-start=\"839\" data-end=\"1078\">Die zus\u00e4tzliche ES3-Kassette erm\u00f6glicht l\u00e4ngere Laufzeiten und reduziert Unterbrechungen bei umfangreichen Tests.<\/p>\n<h3 data-start=\"1080\" data-end=\"1113\">Reichweite bis zu 9,3 Meter<\/h3>\n<p data-start=\"1114\" data-end=\"1353\">Mit der Teleskopstange Solo 108 und drei Teststangenverl\u00e4ngerungen Solo 101 sind Tests bis zu einer H\u00f6he von ca. 9,3 Metern m\u00f6glich.<\/p>\n<p data-start=\"1114\" data-end=\"1353\">Der Solo 200 Demontageapparat ist im Lieferumfang enthalten, um bei Bedarf die Detektoren einfach demontieren zu k\u00f6nnen und so Service und Wartung zu erleichtern.<\/p>\n<h3 data-start=\"1355\" data-end=\"1399\">Professioneller Transport und Nutzung<\/h3>\n<p data-start=\"1400\" data-end=\"1611\">Solo 610 Tragetaschen sind im Lieferumfang enthalten, um den sicheren Transport und die Aufbewahrung der Ausr\u00fcstung zu gew\u00e4hrleisten.<\/p>\n<p data-start=\"1400\" data-end=\"1611\">Das Set ist ideal f\u00fcr Installateure, Brandschutzingenieure und Geb\u00e4udeverwalter, die eine Komplettl\u00f6sung f\u00fcr h\u00f6here Geb\u00e4ude ben\u00f6tigen.<\/p>\n<p data-start=\"1618\" data-end=\"1649\"><strong data-start=\"1618\" data-end=\"1647\">TECHNISCHE DATEN:<\/strong><\/p>\n<ul data-start=\"1650\" data-end=\"1864\">\n<li data-start=\"1650\" data-end=\"1680\">\n<p data-start=\"1652\" data-end=\"1680\">Pr\u00fcfh\u00f6he: ca. 9,3 m<\/p>\n<\/li>\n<li data-start=\"1681\" data-end=\"1711\">\n<p data-start=\"1683\" data-end=\"1711\">Detektortyp: Rauchmelder<\/p>\n<\/li>\n<li data-start=\"1712\" data-end=\"1736\">\n<p data-start=\"1714\" data-end=\"1736\">Rauchtester: Solo 365<\/p>\n<\/li>\n<li data-start=\"1737\" data-end=\"1773\">\n<p data-start=\"1739\" data-end=\"1773\">Ruten: Solo 108 + 3 \u00d7 Solo 101<\/p>\n<\/li>\n<li data-start=\"1774\" data-end=\"1797\">\n<p data-start=\"1776\" data-end=\"1797\">Downer: Solo 200<\/p>\n<\/li>\n<li data-start=\"1798\" data-end=\"1830\">\n<p data-start=\"1800\" data-end=\"1830\">Rauchpatrone: ES3 (zus\u00e4tzliche Patrone enthalten)<\/p>\n<\/li>\n<li data-start=\"1831\" data-end=\"1864\">\n<p data-start=\"1833\" data-end=\"1864\">Aufbewahrung: Tragetaschen Solo 610<\/p>\n<\/li>\n<\/ul>","protected":false},"excerpt":{"rendered":"<p>Das Solo 323 \u2013 Solo 365 Kit ist ein komplettes Testkit f\u00fcr Rauchmelder bis zu einer H\u00f6he von ca. 9,3 Metern.<\/p>\n<p>Das Set ist f\u00fcr professionelle Tests in gr\u00f6\u00dferen H\u00f6hen gedacht und beinhaltet Teleskopstangen, Verl\u00e4ngerungen f\u00fcr die Teststangen, Downrigger, Tragetaschen und eine zus\u00e4tzliche ES3-Rauchkartusche.<\/p>","protected":false},"featured_media":162212,"template":"","meta":{"_acf_changed":false},"product_brand":[],"product_cat":[5072,5073],"product_tag":[],"class_list":{"0":"post-162213","1":"product","2":"type-product","3":"status-publish","4":"has-post-thumbnail","6":"product_cat-solo-365","7":"product_cat-solo-365-kit","8":"tm-no-options","10":"first","11":"instock","12":"taxable","13":"shipping-taxable","14":"purchasable","15":"product-type-simple"},"acf":[],"_links":{"self":[{"href":"https:\/\/secureus.se\/de\/wp-json\/wp\/v2\/product\/162213","targetHints":{"allow":["GET"]}}],"collection":[{"href":"https:\/\/secureus.se\/de\/wp-json\/wp\/v2\/product"}],"about":[{"href":"https:\/\/secureus.se\/de\/wp-json\/wp\/v2\/types\/product"}],"wp:featuredmedia":[{"embeddable":true,"href":"https:\/\/secureus.se\/de\/wp-json\/wp\/v2\/media\/162212"}],"wp:attachment":[{"href":"https:\/\/secureus.se\/de\/wp-json\/wp\/v2\/media?parent=162213"}],"wp:term":[{"taxonomy":"product_brand","embeddable":true,"href":"https:\/\/secureus.se\/de\/wp-json\/wp\/v2\/product_brand?post=162213"},{"taxonomy":"product_cat","embeddable":true,"href":"https:\/\/secureus.se\/de\/wp-json\/wp\/v2\/product_cat?post=162213"},{"taxonomy":"product_tag","embeddable":true,"href":"https:\/\/secureus.se\/de\/wp-json\/wp\/v2\/product_tag?post=162213"}],"curies":[{"name":"wp","href":"https:\/\/api.w.org\/{rel}","templated":true}]}}