{"id":162217,"date":"2025-11-21T14:04:53","date_gmt":"2025-11-21T13:04:53","guid":{"rendered":"https:\/\/secureus.se\/solo-305-solo-365-kit-provningshojd-6-m-provning-rok\/"},"modified":"2026-03-26T12:24:16","modified_gmt":"2026-03-26T11:24:16","slug":"solo-305-solo-365-kit-provningshojd-6-m-provning-rok","status":"publish","type":"product","link":"https:\/\/secureus.se\/de\/solo-305-solo-365-kit-provningshojd-6-m-provning-rok\/","title":{"rendered":"Solo 305 \u2013 Solo 365 Kit Testh\u00f6he 6 m \u2013 Rauchtest"},"content":{"rendered":"<h1>Solo 305 \u2013 Solo 365 Kit Testh\u00f6he 6 m \u2013 Rauchtest<\/h1>\n<h3 data-start=\"429\" data-end=\"479\">Sichere und effiziente Pr\u00fcfung von Rauchmeldern<\/h3>\n<p data-start=\"480\" data-end=\"732\">Das Solo 305 \u2013 Solo 365 Kit wurde f\u00fcr zuverl\u00e4ssige Funktionstests von Rauchmeldern in Geb\u00e4uden mit mittlerer Deckenh\u00f6he entwickelt.<\/p>\n<p data-start=\"480\" data-end=\"732\">Durch die Pr\u00fcfung vom Boden aus verringert sich der Bedarf an Leitern und Hebeb\u00fchnen, was die Sicherheit bei Wartungs- und Instandhaltungsarbeiten verbessert.<\/p>\n<h3 data-start=\"734\" data-end=\"762\">Realistische Rauchtests<\/h3>\n<p data-start=\"763\" data-end=\"980\">Der Rauchmeldertester Solo 365 erzeugt ein kontrolliertes Testaerosol, das die Melder auf realistische Weise aktiviert.<\/p>\n<p data-start=\"763\" data-end=\"980\">Dadurch wird sichergestellt, dass Rauchmelder bei regelm\u00e4\u00dfigen Tests und Inspektionen korrekt reagieren.<\/p>\n<h3 data-start=\"982\" data-end=\"1013\">Reichweite bis zu 6 Meter<\/h3>\n<p data-start=\"1014\" data-end=\"1229\">Mit dem Solo 100 Extender k\u00f6nnen Rauchmelder bis zu einer H\u00f6he von ca. 6 Metern gepr\u00fcft werden.<\/p>\n<p data-start=\"1014\" data-end=\"1229\">Das Set ist leicht und einfach zu handhaben und eignet sich daher f\u00fcr B\u00fcros, Schulen, Lagerhallen und andere \u00f6ffentliche Geb\u00e4ude.<\/p>\n<p data-start=\"1236\" data-end=\"1267\"><strong data-start=\"1236\" data-end=\"1265\">TECHNISCHE DATEN:<\/strong><\/p>\n<ul data-start=\"1268\" data-end=\"1416\">\n<li data-start=\"1268\" data-end=\"1296\">\n<p data-start=\"1270\" data-end=\"1296\">Pr\u00fcfh\u00f6he: ca. 6 m<\/p>\n<\/li>\n<li data-start=\"1297\" data-end=\"1327\">\n<p data-start=\"1299\" data-end=\"1327\">Detektortyp: Rauchmelder<\/p>\n<\/li>\n<li data-start=\"1328\" data-end=\"1352\">\n<p data-start=\"1330\" data-end=\"1352\">Rauchtester: Solo 365<\/p>\n<\/li>\n<li data-start=\"1353\" data-end=\"1377\">\n<p data-start=\"1355\" data-end=\"1377\">Extender: Solo 100<\/p>\n<\/li>\n<\/ul>","protected":false},"excerpt":{"rendered":"<p>Das Solo 305 \u2013 Solo 365 Kit ist ein Testkit f\u00fcr Rauchmelder bis zu einer H\u00f6he von ca. 6 Metern.<\/p>\n<p>Das Set wird vom Boden aus verwendet und beinhaltet den Rauchmeldertester Solo 365 und die Erweiterung Solo 100.<\/p>\n<p>Ideal f\u00fcr die Wartung von Rauchmeldern in R\u00e4umen mittlerer H\u00f6he.<\/p>","protected":false},"featured_media":162216,"template":"","meta":{"_acf_changed":false},"product_brand":[],"product_cat":[5072,5073],"product_tag":[],"class_list":{"0":"post-162217","1":"product","2":"type-product","3":"status-publish","4":"has-post-thumbnail","6":"product_cat-solo-365","7":"product_cat-solo-365-kit","8":"tm-no-options","10":"first","11":"onbackorder","12":"taxable","13":"shipping-taxable","14":"purchasable","15":"product-type-simple"},"acf":[],"_links":{"self":[{"href":"https:\/\/secureus.se\/de\/wp-json\/wp\/v2\/product\/162217","targetHints":{"allow":["GET"]}}],"collection":[{"href":"https:\/\/secureus.se\/de\/wp-json\/wp\/v2\/product"}],"about":[{"href":"https:\/\/secureus.se\/de\/wp-json\/wp\/v2\/types\/product"}],"wp:featuredmedia":[{"embeddable":true,"href":"https:\/\/secureus.se\/de\/wp-json\/wp\/v2\/media\/162216"}],"wp:attachment":[{"href":"https:\/\/secureus.se\/de\/wp-json\/wp\/v2\/media?parent=162217"}],"wp:term":[{"taxonomy":"product_brand","embeddable":true,"href":"https:\/\/secureus.se\/de\/wp-json\/wp\/v2\/product_brand?post=162217"},{"taxonomy":"product_cat","embeddable":true,"href":"https:\/\/secureus.se\/de\/wp-json\/wp\/v2\/product_cat?post=162217"},{"taxonomy":"product_tag","embeddable":true,"href":"https:\/\/secureus.se\/de\/wp-json\/wp\/v2\/product_tag?post=162217"}],"curies":[{"name":"wp","href":"https:\/\/api.w.org\/{rel}","templated":true}]}}