{"id":162222,"date":"2025-11-21T12:45:42","date_gmt":"2025-11-21T11:45:42","guid":{"rendered":"https:\/\/secureus.se\/testifire-cha-laddningsvagga-till-xtr2\/"},"modified":"2026-04-08T16:05:39","modified_gmt":"2026-04-08T14:05:39","slug":"testifire-cha-laddningsvagga-till-xtr2","status":"publish","type":"product","link":"https:\/\/secureus.se\/de\/testifire-cha-laddningsvagga-till-xtr2\/","title":{"rendered":"Testifire-CHA Ladeschale f\u00fcr XTR2"},"content":{"rendered":"<h1>Testifire-CHA Ladeschale f\u00fcr XTR2<\/h1>\n<h3 data-start=\"342\" data-end=\"381\">Ladeschale f\u00fcr Testifire XTR2<\/h3>\n<p data-start=\"382\" data-end=\"594\">Die Testifire-CHA Ladeschale sorgt daf\u00fcr, dass der Rauchgenerator im Testifire XTR2 immer geladen und bereit f\u00fcr die Tests ist.<\/p>\n<p data-start=\"382\" data-end=\"594\">Dank der Halterung l\u00e4sst sich das Testger\u00e4t ohne komplizierte Verbindungen einfach in den Lademodus versetzen.<\/p>\n<h3 data-start=\"596\" data-end=\"630\">Einfache und schnelle Installation<\/h3>\n<p data-start=\"631\" data-end=\"817\">Die Installation ist so einfach wie das Auswechseln der Rauchkartusche oder der Batterie.<\/p>\n<p data-start=\"631\" data-end=\"817\">Testifire-CHA wird direkt an den Testifire XTR2 angeschlossen und sorgt f\u00fcr ein sicheres und effizientes Laden des Akkus im Rauchgenerator.<\/p>\n<h3 data-start=\"819\" data-end=\"856\">Ideal f\u00fcr den professionellen Einsatz<\/h3>\n<p data-start=\"857\" data-end=\"1056\">Die Ladeschale ist ideal f\u00fcr Installateure und Servicetechniker, die regelm\u00e4\u00dfig Rauchtests durchf\u00fchren.<\/p>\n<p data-start=\"857\" data-end=\"1056\">Es eignet sich besonders f\u00fcr die t\u00e4gliche Wartung in B\u00fcros, Lagerhallen, Schulen oder \u00f6ffentlichen Geb\u00e4uden.<\/p>\n<p data-start=\"1063\" data-end=\"1094\"><strong data-start=\"1063\" data-end=\"1092\">TECHNISCHE DATEN:<\/strong><\/p>\n<ul data-start=\"1095\" data-end=\"1268\">\n<li data-start=\"1095\" data-end=\"1120\">\n<p data-start=\"1097\" data-end=\"1120\">Modell: Testifire-CHA<\/p>\n<\/li>\n<li data-start=\"1121\" data-end=\"1162\">\n<p data-start=\"1123\" data-end=\"1162\">Verwendung: Testifire XTR2 Rauchpr\u00fcfger\u00e4t<\/p>\n<\/li>\n<li data-start=\"1163\" data-end=\"1208\">\n<p data-start=\"1165\" data-end=\"1208\">Funktion: Laden der Batterie des Rauchgenerators<\/p>\n<\/li>\n<li data-start=\"1163\" data-end=\"1208\">Einfache Installation: Austauschbar als Rauchkartusche oder Batterie<\/li>\n<\/ul>","protected":false},"excerpt":{"rendered":"<p>Die Testifire-CHA ist eine Ladeschale f\u00fcr den Testifire XTR2, die das Aufladen des Rauchgenerators vereinfacht.<\/p>\n<p>Das Set ersetzt den Batteriebetrieb und erm\u00f6glicht reibungslose und zuverl\u00e4ssige Tests.<\/p>","protected":false},"featured_media":162220,"template":"","meta":{"_acf_changed":false},"product_brand":[],"product_cat":[2946,4757],"product_tag":[],"class_list":{"0":"post-162222","1":"product","2":"type-product","3":"status-publish","4":"has-post-thumbnail","6":"product_cat-testifire","7":"product_cat-xtr2","8":"tm-no-options","10":"first","11":"instock","12":"taxable","13":"shipping-taxable","14":"purchasable","15":"product-type-simple"},"acf":[],"_links":{"self":[{"href":"https:\/\/secureus.se\/de\/wp-json\/wp\/v2\/product\/162222","targetHints":{"allow":["GET"]}}],"collection":[{"href":"https:\/\/secureus.se\/de\/wp-json\/wp\/v2\/product"}],"about":[{"href":"https:\/\/secureus.se\/de\/wp-json\/wp\/v2\/types\/product"}],"wp:featuredmedia":[{"embeddable":true,"href":"https:\/\/secureus.se\/de\/wp-json\/wp\/v2\/media\/162220"}],"wp:attachment":[{"href":"https:\/\/secureus.se\/de\/wp-json\/wp\/v2\/media?parent=162222"}],"wp:term":[{"taxonomy":"product_brand","embeddable":true,"href":"https:\/\/secureus.se\/de\/wp-json\/wp\/v2\/product_brand?post=162222"},{"taxonomy":"product_cat","embeddable":true,"href":"https:\/\/secureus.se\/de\/wp-json\/wp\/v2\/product_cat?post=162222"},{"taxonomy":"product_tag","embeddable":true,"href":"https:\/\/secureus.se\/de\/wp-json\/wp\/v2\/product_tag?post=162222"}],"curies":[{"name":"wp","href":"https:\/\/api.w.org\/{rel}","templated":true}]}}