{"id":162225,"date":"2025-11-21T12:45:44","date_gmt":"2025-11-21T11:45:44","guid":{"rendered":"https:\/\/secureus.se\/testifire-chak-laddningskit-till-xtr2\/"},"modified":"2026-03-26T12:24:38","modified_gmt":"2026-03-26T11:24:38","slug":"testifire-chak-laddningskit-till-xtr2","status":"publish","type":"product","link":"https:\/\/secureus.se\/de\/testifire-chak-laddningskit-till-xtr2\/","title":{"rendered":"Testifire-CHAK Ladekit f\u00fcr XTR2"},"content":{"rendered":"<h1>Testifire-CHAK Ladekit f\u00fcr XTR2<\/h1>\n<h3 data-start=\"374\" data-end=\"411\">Ladekit f\u00fcr Testifire XTR2<\/h3>\n<p data-start=\"412\" data-end=\"628\">Das Testifire-CHAK-Ladekit sorgt f\u00fcr eine zuverl\u00e4ssige Stromversorgung des Testifire XTR2 und erm\u00f6glicht l\u00e4ngere Arbeitsschichten ohne Unterbrechung.<\/p>\n<p data-start=\"412\" data-end=\"628\">Das Set stellt sicher, dass der Rauchgenerator immer vollst\u00e4ndig aufgeladen und testbereit ist.<\/p>\n<h3 data-start=\"630\" data-end=\"654\">Einfache Installation<\/h3>\n<p data-start=\"655\" data-end=\"837\">Die Installation ist so einfach wie das Auswechseln der Rauchkartusche oder der Batterie.<\/p>\n<p data-start=\"655\" data-end=\"837\">Das Ladekit wird direkt an den Testifire XTR2 angeschlossen und erm\u00f6glicht ein schnelles und sicheres Laden des Akkus im Tester.<\/p>\n<h3 data-start=\"839\" data-end=\"868\">F\u00fcr den professionellen Einsatz<\/h3>\n<p data-start=\"869\" data-end=\"1060\">Dieses Ladekit ist ideal f\u00fcr Servicepersonal, Installateure und Hausverwalter, die regelm\u00e4\u00dfig Rauchmelder testen.<\/p>\n<p data-start=\"869\" data-end=\"1060\">Ideal f\u00fcr B\u00fcros, Schulen, Lagerhallen und \u00f6ffentliche Geb\u00e4ude.<\/p>\n<p data-start=\"1067\" data-end=\"1098\"><strong data-start=\"1067\" data-end=\"1096\">TECHNISCHE DATEN:<\/strong><\/p>\n<ul data-start=\"1099\" data-end=\"1273\">\n<li data-start=\"1099\" data-end=\"1125\">\n<p data-start=\"1101\" data-end=\"1125\">Modell: Testifire-CHAK<\/p>\n<\/li>\n<li data-start=\"1126\" data-end=\"1167\">\n<p data-start=\"1128\" data-end=\"1167\">Verwendung: Testifire XTR2 Rauchpr\u00fcfger\u00e4t<\/p>\n<\/li>\n<li data-start=\"1168\" data-end=\"1213\">\n<p data-start=\"1170\" data-end=\"1213\">Funktion: Laden der Batterie des Rauchgenerators<\/p>\n<\/li>\n<li data-start=\"1214\" data-end=\"1273\">\n<p data-start=\"1216\" data-end=\"1273\">Einfache Installation: Austauschbar als Rauchkartusche oder Batterie<\/p>\n<\/li>\n<\/ul>","protected":false},"excerpt":{"rendered":"<p data-start=\"118\" data-end=\"343\">Testifire-CHAK ist ein Ladekit f\u00fcr den Testifire XTR2, das sicherstellt, dass der Rauchgenerator immer einsatzbereit ist.<\/p>\n<p data-start=\"118\" data-end=\"343\">Das Set ist einfach zu bedienen und ersetzt den Batteriebetrieb f\u00fcr l\u00e4ngere Arbeitszeiten.<\/p>","protected":false},"featured_media":162224,"template":"","meta":{"_acf_changed":false},"product_brand":[],"product_cat":[4757,2946],"product_tag":[],"class_list":{"0":"post-162225","1":"product","2":"type-product","3":"status-publish","4":"has-post-thumbnail","6":"product_cat-xtr2","7":"product_cat-testifire","8":"tm-no-options","10":"first","11":"instock","12":"taxable","13":"shipping-taxable","14":"purchasable","15":"product-type-simple"},"acf":[],"_links":{"self":[{"href":"https:\/\/secureus.se\/de\/wp-json\/wp\/v2\/product\/162225","targetHints":{"allow":["GET"]}}],"collection":[{"href":"https:\/\/secureus.se\/de\/wp-json\/wp\/v2\/product"}],"about":[{"href":"https:\/\/secureus.se\/de\/wp-json\/wp\/v2\/types\/product"}],"wp:featuredmedia":[{"embeddable":true,"href":"https:\/\/secureus.se\/de\/wp-json\/wp\/v2\/media\/162224"}],"wp:attachment":[{"href":"https:\/\/secureus.se\/de\/wp-json\/wp\/v2\/media?parent=162225"}],"wp:term":[{"taxonomy":"product_brand","embeddable":true,"href":"https:\/\/secureus.se\/de\/wp-json\/wp\/v2\/product_brand?post=162225"},{"taxonomy":"product_cat","embeddable":true,"href":"https:\/\/secureus.se\/de\/wp-json\/wp\/v2\/product_cat?post=162225"},{"taxonomy":"product_tag","embeddable":true,"href":"https:\/\/secureus.se\/de\/wp-json\/wp\/v2\/product_tag?post=162225"}],"curies":[{"name":"wp","href":"https:\/\/api.w.org\/{rel}","templated":true}]}}