{"id":162227,"date":"2025-11-21T12:45:37","date_gmt":"2025-11-21T11:45:37","guid":{"rendered":"https:\/\/secureus.se\/flerkriterie-detektorprovare-testifire-xtr2-rok-varme\/"},"modified":"2026-04-08T16:00:22","modified_gmt":"2026-04-08T14:00:22","slug":"flerkriterie-detektorprovare-testifire-xtr2-rok-varme","status":"publish","type":"product","link":"https:\/\/secureus.se\/de\/flerkriterie-detektorprovare-testifire-xtr2-rok-varme\/","title":{"rendered":"Testifire-XTR2 Multi-Kriterien-Detektor-Tester-Starterkit (Rauch\/W\u00e4rme)"},"content":{"rendered":"<h1>Multikriterien-Detektortester Testifire-XTR2 (Rauch\/W\u00e4rme)<\/h1>\n<h3 data-start=\"335\" data-end=\"381\">Testwerkzeuge f\u00fcr die ordnungsgem\u00e4\u00dfe Detektorpr\u00fcfung<\/h3>\n<p data-start=\"382\" data-end=\"654\">Testifire-XTR2 ist ein Multikriterien-Detektortester f\u00fcr die Funktionspr\u00fcfung von Rauch- und W\u00e4rmemeldern in Brandmeldeanlagen.<\/p>\n<p data-start=\"382\" data-end=\"654\">Es ist f\u00fcr den professionellen Einsatz bei Installation, Service und regelm\u00e4\u00dfiger Wartung konzipiert, um sicherzustellen, dass die Detektoren ordnungsgem\u00e4\u00df funktionieren.<\/p>\n<h3 data-start=\"656\" data-end=\"695\">Alles, was Sie f\u00fcr Vor-Ort-Tests ben\u00f6tigen<\/h3>\n<p data-start=\"696\" data-end=\"925\">Das Ger\u00e4t wird komplett mit wiederaufladbarem Akku, Ladeger\u00e4t und einer Rauchpatrone (TES3) f\u00fcr realistische Tests von Rauchmeldern geliefert.<\/p>\n<p data-start=\"696\" data-end=\"925\">Die Tests k\u00f6nnen schnell und effizient durchgef\u00fchrt werden, ohne dass ein tats\u00e4chlicher Brand entsteht oder Ger\u00e4te gef\u00e4hrdet werden.<\/p>\n<h3 data-start=\"927\" data-end=\"971\">Echtzeitberichterstattung und Dokumentation<\/h3>\n<p data-start=\"972\" data-end=\"1177\">Testifire-XTR2 unterst\u00fctzt eine App und ein Cloud-Portal, in dem Testergebnisse automatisch protokolliert und zur Dokumentation und Pr\u00fcfung gespeichert werden k\u00f6nnen.<\/p>\n<p data-start=\"972\" data-end=\"1177\">Dies erleichtert die Einhaltung gesetzlicher Vorschriften und die Selbstkontrolle gem\u00e4\u00df den Brandschutzbestimmungen.<\/p>\n<h3 data-start=\"1179\" data-end=\"1212\">Vorteile von Testifire-XTR2<\/h3>\n<ul data-start=\"1213\" data-end=\"1496\">\n<li data-start=\"1213\" data-end=\"1272\">\n<p data-start=\"1215\" data-end=\"1272\">Multikriterienpr\u00fcfung f\u00fcr Rauch- und W\u00e4rmemelder<\/p>\n<\/li>\n<li data-start=\"1273\" data-end=\"1329\">\n<p data-start=\"1275\" data-end=\"1329\">Inklusive Akku und Ladeger\u00e4t f\u00fcr den mobilen Einsatz<\/p>\n<\/li>\n<li data-start=\"1330\" data-end=\"1386\">\n<p data-start=\"1332\" data-end=\"1386\">Beinhaltet die Rauchkartusche TES3 f\u00fcr realistische Rauchtests<\/p>\n<\/li>\n<li data-start=\"1387\" data-end=\"1447\">\n<p data-start=\"1389\" data-end=\"1447\">Automatische Protokollierung und Berichtserstellung \u00fcber App\/Portal<\/p>\n<\/li>\n<li data-start=\"1448\" data-end=\"1496\">\n<p data-start=\"1450\" data-end=\"1496\">Klare Dokumentation f\u00fcr Service und Inspektion<\/p>\n<\/li>\n<\/ul>\n<p data-start=\"1498\" data-end=\"1525\">TECHNISCHE DATEN:<\/p>\n<ul data-start=\"1526\" data-end=\"1886\">\n<li data-start=\"1526\" data-end=\"1568\">\n<p data-start=\"1528\" data-end=\"1568\">Produkt: Multikriterien-Detektor-Tester<\/p>\n<\/li>\n<li data-start=\"1569\" data-end=\"1595\">\n<p data-start=\"1571\" data-end=\"1595\">Modell: Testifire-XTR2<\/p>\n<\/li>\n<li data-start=\"1596\" data-end=\"1642\">\n<p data-start=\"1598\" data-end=\"1642\">Funktionen: Pr\u00fcfung von Rauch- und W\u00e4rmemeldern<\/p>\n<\/li>\n<li data-start=\"1643\" data-end=\"1694\">\n<p data-start=\"1645\" data-end=\"1694\">Lieferumfang: Akku, Ladeger\u00e4t, TES3-Rauchkartusche<\/p>\n<\/li>\n<li data-start=\"1695\" data-end=\"1773\">\n<p data-start=\"1697\" data-end=\"1773\">Kompatibilit\u00e4t: Optische und ionisierende Rauchmelder sowie W\u00e4rmemelder<\/p>\n<\/li>\n<li data-start=\"1774\" data-end=\"1839\">\n<p data-start=\"1776\" data-end=\"1839\">Dokumentation: Automatische Berichterstellung \u00fcber App und Cloud-Portal<\/p>\n<\/li>\n<li data-start=\"1840\" data-end=\"1886\">\n<p data-start=\"1842\" data-end=\"1886\">Stromversorgung: Wiederaufladbarer Akku<\/p>\n<\/li>\n<\/ul>\n<ul class=\"mainfeatureslist\">\n<li>Funktioniert mit der DT Connect App<\/li>\n<li>Beinhaltet eine 6-monatige Testversion von DT Connect<\/li>\n<li>Automatische Testberichtserstellung<\/li>\n<\/ul>\n<p><strong>Enth\u00e4lt<\/strong>:<\/p>\n<p>1 x Testifire-XTR2-HEAD-001<br \/>\n1 x Testifire-BP-001 Lithium-Ionen-Akku<br \/>\n1 x Testifire-GEN-001 Rauchgenerator<br \/>\n1 x Testifire-CHAK-001 Ladekit<br \/>\n1 x TES3 Rauchpatrone<\/p>","protected":false},"excerpt":{"rendered":"<p>Der Multikriterien-Detektortester Testifire-XTR2 ist ein fortschrittliches Werkzeug f\u00fcr die Funktionspr\u00fcfung von Rauch- und W\u00e4rmemeldern.<\/p>\n<p>Es wird mit Akku, Ladeger\u00e4t und TES3-Rauchkartusche geliefert und erm\u00f6glicht so ein einfaches Testen und Dokumentieren der Ergebnisse.<\/p>\n<p>Geeignet f\u00fcr Installateure, Servicepersonal und Immobilieneigent\u00fcmer.<\/p>","protected":false},"featured_media":162226,"template":"","meta":{"_acf_changed":false},"product_brand":[],"product_cat":[2946,4757],"product_tag":[],"class_list":{"0":"post-162227","1":"product","2":"type-product","3":"status-publish","4":"has-post-thumbnail","6":"product_cat-testifire","7":"product_cat-xtr2","8":"tm-no-options","10":"first","11":"instock","12":"taxable","13":"shipping-taxable","14":"purchasable","15":"product-type-simple"},"acf":[],"_links":{"self":[{"href":"https:\/\/secureus.se\/de\/wp-json\/wp\/v2\/product\/162227","targetHints":{"allow":["GET"]}}],"collection":[{"href":"https:\/\/secureus.se\/de\/wp-json\/wp\/v2\/product"}],"about":[{"href":"https:\/\/secureus.se\/de\/wp-json\/wp\/v2\/types\/product"}],"wp:featuredmedia":[{"embeddable":true,"href":"https:\/\/secureus.se\/de\/wp-json\/wp\/v2\/media\/162226"}],"wp:attachment":[{"href":"https:\/\/secureus.se\/de\/wp-json\/wp\/v2\/media?parent=162227"}],"wp:term":[{"taxonomy":"product_brand","embeddable":true,"href":"https:\/\/secureus.se\/de\/wp-json\/wp\/v2\/product_brand?post=162227"},{"taxonomy":"product_cat","embeddable":true,"href":"https:\/\/secureus.se\/de\/wp-json\/wp\/v2\/product_cat?post=162227"},{"taxonomy":"product_tag","embeddable":true,"href":"https:\/\/secureus.se\/de\/wp-json\/wp\/v2\/product_tag?post=162227"}],"curies":[{"name":"wp","href":"https:\/\/api.w.org\/{rel}","templated":true}]}}