{"id":162229,"date":"2025-11-21T12:34:02","date_gmt":"2025-11-21T11:34:02","guid":{"rendered":"https:\/\/secureus.se\/ir-fjarrkontroll-testifire-25-till-testifire-1001-2001\/"},"modified":"2026-03-26T12:25:26","modified_gmt":"2026-03-26T11:25:26","slug":"ir-fjarrkontroll-testifire-25-till-testifire-1001-2001","status":"publish","type":"product","link":"https:\/\/secureus.se\/de\/ir-fjarrkontroll-testifire-25-till-testifire-1001-2001\/","title":{"rendered":"IR-Fernbedienung Testifire 25 f\u00fcr Testifire 1001\/2001"},"content":{"rendered":"<h1>IR-Fernbedienung Testifire 25 f\u00fcr Testifire 1001\/2001<\/h1>\n<h3 data-start=\"291\" data-end=\"340\">Praktische Fernbedienung f\u00fcr die Testifire-Serie<\/h3>\n<p data-start=\"341\" data-end=\"650\">Die IR-Fernbedienung Testifire 25 ist ein Zubeh\u00f6rteil, das entwickelt wurde, um Funktionstests mit Testifire-Testern (wie Testifire 1001 und 2001) zu erleichtern.<\/p>\n<p data-start=\"341\" data-end=\"650\">Wenn sich ein Detektor in einer Kuppel befindet, in der der Pr\u00fcfer die Fotozelle nicht direkt mit seiner Linse besch\u00e4digen kann, erm\u00f6glicht diese Fernbedienung die Steuerung des Tests aus der Ferne.<\/p>\n<h3 data-start=\"652\" data-end=\"689\">Einfache Steuerung in schwer zug\u00e4nglichen Bereichen<\/h3>\n<p data-start=\"690\" data-end=\"991\">Bei einigen Anlagen sind die Detektoren in Kuppeln oder in gro\u00dfen H\u00f6hen montiert, wo die optische Sichtblockierung des Testinstruments nicht effektiv funktioniert.<\/p>\n<p data-start=\"690\" data-end=\"991\">Mit Testifire 25 k\u00f6nnen Sie das Testger\u00e4t per Infrarotsignal aktivieren oder deaktivieren, ohne dass eine direkte Sichtverbindung erforderlich ist. Das spart Zeit und vereinfacht den Arbeitsablauf.<\/p>\n<h3 data-start=\"993\" data-end=\"1024\">Vorteile von Testifire 25<\/h3>\n<ul data-start=\"1025\" data-end=\"1255\">\n<li data-start=\"1025\" data-end=\"1084\">\n<p data-start=\"1027\" data-end=\"1084\">Benutzerfreundliche Infrarot-Fernbedienung f\u00fcr Testifire-Tester<\/p>\n<\/li>\n<li data-start=\"1085\" data-end=\"1137\">\n<p data-start=\"1087\" data-end=\"1137\">Aktiviert\/deaktiviert Tests mit eingeschr\u00e4nkter Sichtbarkeit<\/p>\n<\/li>\n<li data-start=\"1138\" data-end=\"1202\">\n<p data-start=\"1140\" data-end=\"1202\">Verbessert die Effizienz beim Testen schwer zug\u00e4nglicher Detektoren<\/p>\n<\/li>\n<li data-start=\"1203\" data-end=\"1255\">\n<p data-start=\"1205\" data-end=\"1255\">Kompatibel mit Testifire 1001 und Testifire 2001<\/p>\n<\/li>\n<\/ul>\n<p data-start=\"1257\" data-end=\"1284\">TECHNISCHE DATEN:<\/p>\n<ul data-start=\"1285\" data-end=\"1508\">\n<li data-start=\"1285\" data-end=\"1314\">\n<p data-start=\"1287\" data-end=\"1314\">Produkt: Infrarot-Fernbedienung<\/p>\n<\/li>\n<li data-start=\"1315\" data-end=\"1339\">\n<p data-start=\"1317\" data-end=\"1339\">Modell: Testifire 25<\/p>\n<\/li>\n<li data-start=\"1340\" data-end=\"1397\">\n<p data-start=\"1342\" data-end=\"1397\">Funktion: Aktivierung\/Deaktivierung des Testifire-Testers per Infrarot<\/p>\n<\/li>\n<li data-start=\"1398\" data-end=\"1448\">\n<p data-start=\"1400\" data-end=\"1448\">Kompatibilit\u00e4t: Testifire 1001, Testifire 2001<\/p>\n<\/li>\n<li data-start=\"1449\" data-end=\"1508\">\n<p data-start=\"1451\" data-end=\"1508\">Anwendung: F\u00fcr Tests, bei denen keine direkte Sichtbarkeit m\u00f6glich ist.<\/p>\n<\/li>\n<\/ul>","protected":false},"excerpt":{"rendered":"<p>Die IR-Fernbedienung des Testifire 25 ist eine einfache Fernbedienung zum Ein- und Ausschalten der Testifire-Pr\u00fcfger\u00e4te, wenn die Fotozelle schwer zu erreichen ist.<\/p>\n<p>Es vereinfacht die Pr\u00fcfung von Meldern, bei denen eine direkte Sicht nicht m\u00f6glich ist. Geeignet f\u00fcr Installateure und Servicepersonal.<\/p>","protected":false},"featured_media":162228,"template":"","meta":{"_acf_changed":false},"product_brand":[],"product_cat":[2946],"product_tag":[],"class_list":{"0":"post-162229","1":"product","2":"type-product","3":"status-publish","4":"has-post-thumbnail","6":"product_cat-testifire","7":"tm-no-options","9":"first","10":"instock","11":"taxable","12":"shipping-taxable","13":"purchasable","14":"product-type-simple"},"acf":[],"_links":{"self":[{"href":"https:\/\/secureus.se\/de\/wp-json\/wp\/v2\/product\/162229","targetHints":{"allow":["GET"]}}],"collection":[{"href":"https:\/\/secureus.se\/de\/wp-json\/wp\/v2\/product"}],"about":[{"href":"https:\/\/secureus.se\/de\/wp-json\/wp\/v2\/types\/product"}],"wp:featuredmedia":[{"embeddable":true,"href":"https:\/\/secureus.se\/de\/wp-json\/wp\/v2\/media\/162228"}],"wp:attachment":[{"href":"https:\/\/secureus.se\/de\/wp-json\/wp\/v2\/media?parent=162229"}],"wp:term":[{"taxonomy":"product_brand","embeddable":true,"href":"https:\/\/secureus.se\/de\/wp-json\/wp\/v2\/product_brand?post=162229"},{"taxonomy":"product_cat","embeddable":true,"href":"https:\/\/secureus.se\/de\/wp-json\/wp\/v2\/product_cat?post=162229"},{"taxonomy":"product_tag","embeddable":true,"href":"https:\/\/secureus.se\/de\/wp-json\/wp\/v2\/product_tag?post=162229"}],"curies":[{"name":"wp","href":"https:\/\/api.w.org\/{rel}","templated":true}]}}