{"id":162231,"date":"2025-11-21T12:45:41","date_gmt":"2025-11-21T11:45:41","guid":{"rendered":"https:\/\/secureus.se\/rokgenerator-testifire-gen-1pk-till-xtr2\/"},"modified":"2026-05-05T17:34:28","modified_gmt":"2026-05-05T15:34:28","slug":"rokgenerator-testifire-gen-1pk-till-xtr2","status":"publish","type":"product","link":"https:\/\/secureus.se\/de\/rokgenerator-testifire-gen-1pk-till-xtr2\/","title":{"rendered":"Rauchgenerator Testifire-Gen-1PK f\u00fcr XTR2"},"content":{"rendered":"<h1>Rauchgenerator Testifire-Gen-1PK f\u00fcr XTR2<\/h1>\n<h3 data-start=\"351\" data-end=\"399\">Ersatz-Rauchgenerator f\u00fcr Testifire XTR2<\/h3>\n<p data-start=\"400\" data-end=\"602\">Der Testifire-Gen-1PK ist als Ersatz f\u00fcr den vorhandenen Rauchgenerator im Testifire XTR2 konzipiert.<\/p>\n<p data-start=\"400\" data-end=\"602\">Es gew\u00e4hrleistet eine stabile und zuverl\u00e4ssige Produktion von Testrauch und somit die korrekte Pr\u00fcfung von Rauchmeldern.<\/p>\n<h3 data-start=\"604\" data-end=\"628\">Einfache Installation<\/h3>\n<p data-start=\"629\" data-end=\"838\">Der Austausch ist genauso einfach wie der Wechsel einer Rauchpatrone oder einer Batterie.<\/p>\n<p data-start=\"629\" data-end=\"838\">Der Rauchgenerator wird direkt in den Testifire XTR2 eingebaut und ist in Sekundenschnelle einsatzbereit, was Service und Wartung effizient und sicher macht.<\/p>\n<h3 data-start=\"840\" data-end=\"874\">F\u00fcr den professionellen Einsatz<\/h3>\n<p data-start=\"875\" data-end=\"1067\">Der Rauchgenerator eignet sich ideal f\u00fcr Installateure, Brandschutztechniker und Servicepersonal, die regelm\u00e4\u00dfig Pr\u00fcfungen von Rauchmeldern durchf\u00fchren.<\/p>\n<p data-start=\"875\" data-end=\"1067\">Ideal f\u00fcr B\u00fcros, Lagerhallen, Schulen und \u00f6ffentliche Geb\u00e4ude.<\/p>\n<p data-start=\"1074\" data-end=\"1105\"><strong data-start=\"1074\" data-end=\"1103\">TECHNISCHE DATEN:<\/strong><\/p>\n<ul data-start=\"1106\" data-end=\"1275\">\n<li data-start=\"1106\" data-end=\"1135\">\n<p data-start=\"1108\" data-end=\"1135\">Modell: Testifire-Gen-1PK<\/p>\n<\/li>\n<li data-start=\"1136\" data-end=\"1177\">\n<p data-start=\"1138\" data-end=\"1177\">Verwendung: Testifire XTR2 Rauchpr\u00fcfger\u00e4t<\/p>\n<\/li>\n<li data-start=\"1178\" data-end=\"1215\">\n<p data-start=\"1180\" data-end=\"1215\">Funktion: Ersatz-Rauchgenerator<\/p>\n<\/li>\n<li data-start=\"1216\" data-end=\"1275\">\n<p data-start=\"1218\" data-end=\"1275\">Einfache Installation: Austauschbar als Batterie oder Rauchkartusche<\/p>\n<\/li>\n<\/ul>","protected":false},"excerpt":{"rendered":"<p data-start=\"121\" data-end=\"320\">Der Rauchgenerator Testifire-Gen-1PK ist ein Ersatzgenerator f\u00fcr den Testifire XTR2.<\/p>\n<p data-start=\"121\" data-end=\"320\">Dadurch l\u00e4sst sich der Rauchgenerator leicht austauschen und eine zuverl\u00e4ssige Rauchpr\u00fcfung wird jedes Mal gew\u00e4hrleistet.<\/p>","protected":false},"featured_media":162230,"template":"","meta":{"_acf_changed":false},"product_brand":[],"product_cat":[4757,2946],"product_tag":[],"class_list":{"0":"post-162231","1":"product","2":"type-product","3":"status-publish","4":"has-post-thumbnail","6":"product_cat-xtr2","7":"product_cat-testifire","8":"tm-no-options","10":"first","11":"onbackorder","12":"sale","13":"taxable","14":"shipping-taxable","15":"purchasable","16":"product-type-simple"},"acf":[],"_links":{"self":[{"href":"https:\/\/secureus.se\/de\/wp-json\/wp\/v2\/product\/162231","targetHints":{"allow":["GET"]}}],"collection":[{"href":"https:\/\/secureus.se\/de\/wp-json\/wp\/v2\/product"}],"about":[{"href":"https:\/\/secureus.se\/de\/wp-json\/wp\/v2\/types\/product"}],"wp:featuredmedia":[{"embeddable":true,"href":"https:\/\/secureus.se\/de\/wp-json\/wp\/v2\/media\/162230"}],"wp:attachment":[{"href":"https:\/\/secureus.se\/de\/wp-json\/wp\/v2\/media?parent=162231"}],"wp:term":[{"taxonomy":"product_brand","embeddable":true,"href":"https:\/\/secureus.se\/de\/wp-json\/wp\/v2\/product_brand?post=162231"},{"taxonomy":"product_cat","embeddable":true,"href":"https:\/\/secureus.se\/de\/wp-json\/wp\/v2\/product_cat?post=162231"},{"taxonomy":"product_tag","embeddable":true,"href":"https:\/\/secureus.se\/de\/wp-json\/wp\/v2\/product_tag?post=162231"}],"curies":[{"name":"wp","href":"https:\/\/api.w.org\/{rel}","templated":true}]}}