{"id":162235,"date":"2025-11-21T12:27:45","date_gmt":"2025-11-21T11:27:45","guid":{"rendered":"https:\/\/secureus.se\/es3-rokkassett-for-solo-365-provare-for-rokdetektorer\/"},"modified":"2026-03-26T12:25:39","modified_gmt":"2026-03-26T11:25:39","slug":"es3-rokkassett-for-solo-365-provare-for-rokdetektorer","status":"publish","type":"product","link":"https:\/\/secureus.se\/de\/es3-rokkassett-for-solo-365-provare-for-rokdetektorer\/","title":{"rendered":"ES3 Rauchkassette f\u00fcr Solo 365 Rauchmelder-Tester"},"content":{"rendered":"<h1>ES3 Rauchkassette f\u00fcr Solo 365 Rauchmelder-Tester<\/h1>\n<h3 data-start=\"296\" data-end=\"336\">Testen von Rauchmeldern mit Solo 365<\/h3>\n<p data-start=\"337\" data-end=\"611\">Die ES3-Rauchkassette ist f\u00fcr den Einsatz im Solo 365 konzipiert \u2013 einem Rauchmelder-Tester f\u00fcr die Funktionspr\u00fcfung von Brandmeldern.<\/p>\n<p data-start=\"337\" data-end=\"611\">Durch die Erzeugung von definiertem Testrauch l\u00e4sst sich \u00fcberpr\u00fcfen, ob die Rauchmelder wie vorgesehen reagieren, was f\u00fcr die Aufrechterhaltung des Brandschutzes in Geb\u00e4uden wichtig ist.<\/p>\n<h3 data-start=\"613\" data-end=\"655\">Kontrollierte und sichere Raucherzeugung<\/h3>\n<p data-start=\"656\" data-end=\"926\">Bei Verwendung im Solo 365 erzeugt die ES3-Kartusche kontrollierten Rauch, der Rauchmelder effektiv aktiviert, ohne ein tats\u00e4chliches Feuer oder gef\u00e4hrliche Zust\u00e4nde hervorzurufen.<\/p>\n<p data-start=\"656\" data-end=\"926\">Der Rauch verschwindet nach dem Test und hinterl\u00e4sst keine sch\u00e4dlichen R\u00fcckst\u00e4nde im Detektor, wodurch der Bedarf an Nacharbeiten reduziert wird.<\/p>\n<h3 data-start=\"928\" data-end=\"958\">Reibungsloser Test vor Ort<\/h3>\n<p data-start=\"959\" data-end=\"1211\">Diese Rauchkassette erm\u00f6glicht die schnelle und sichere Durchf\u00fchrung von Funktionstests, sei es w\u00e4hrend der Installation, bei Servicearbeiten oder bei wiederkehrenden Wartungsarbeiten.<\/p>\n<p data-start=\"959\" data-end=\"1211\">Mit Solo 365 und der ES3-Kassette erhalten Sie eine kosteng\u00fcnstige und zuverl\u00e4ssige L\u00f6sung f\u00fcr die Pr\u00fcfung von Rauchmeldern.<\/p>\n<h3 data-start=\"1213\" data-end=\"1246\">Vorteile der ES3-Rauchkartusche<\/h3>\n<ul data-start=\"1247\" data-end=\"1489\">\n<li data-start=\"1247\" data-end=\"1291\">\n<p data-start=\"1249\" data-end=\"1291\">Entwickelt f\u00fcr den Rauchmeldertester Solo 365<\/p>\n<\/li>\n<li data-start=\"1292\" data-end=\"1342\">\n<p data-start=\"1294\" data-end=\"1342\">Erzeugt kontrollierten und realistischen Testrauch<\/p>\n<\/li>\n<li data-start=\"1343\" data-end=\"1379\">\n<p data-start=\"1345\" data-end=\"1379\">Sicher in der Anwendung, keine Brandgefahr<\/p>\n<\/li>\n<li data-start=\"1380\" data-end=\"1434\">\n<p data-start=\"1382\" data-end=\"1434\">Nach der Pr\u00fcfung waren keine Beeintr\u00e4chtigungen oder R\u00fcckst\u00e4nde im Detektor festzustellen.<\/p>\n<\/li>\n<li data-start=\"1435\" data-end=\"1489\">\n<p data-start=\"1437\" data-end=\"1489\">Geeignet f\u00fcr Installation, Wartung und Selbstpr\u00fcfung<\/p>\n<\/li>\n<\/ul>\n<p data-start=\"1491\" data-end=\"1518\">TECHNISCHE DATEN:<\/p>\n<ul data-start=\"1519\" data-end=\"1745\">\n<li data-start=\"1519\" data-end=\"1554\">\n<p data-start=\"1521\" data-end=\"1554\">Produkt: Rauchkassette \/ Rauchpatrone<\/p>\n<\/li>\n<li data-start=\"1555\" data-end=\"1570\">\n<p data-start=\"1557\" data-end=\"1570\">Modell: ES3<\/p>\n<\/li>\n<li data-start=\"1571\" data-end=\"1611\">\n<p data-start=\"1573\" data-end=\"1611\">Zur Verwendung mit: Solo 365 Pr\u00fcfger\u00e4t<\/p>\n<\/li>\n<li data-start=\"1612\" data-end=\"1666\">\n<p data-start=\"1614\" data-end=\"1666\">Funktion: Erzeugung von Testrauch f\u00fcr Rauchmelder<\/p>\n<\/li>\n<li data-start=\"1667\" data-end=\"1694\">\n<p data-start=\"1669\" data-end=\"1694\">R\u00fcckst\u00e4nde nach der Pr\u00fcfung: Keine<\/p>\n<\/li>\n<li data-start=\"1695\" data-end=\"1745\">\n<p data-start=\"1697\" data-end=\"1745\">Sicherheit: Kontrollierte und sichere Raucherzeugung<\/p>\n<\/li>\n<\/ul>","protected":false},"excerpt":{"rendered":"<p>Die ES3-Rauchkartusche ist eine Rauchkartusche f\u00fcr Solo 365-Tester, die kontrollierten Testrauch f\u00fcr Funktionstests von Rauchmeldern erzeugt.<\/p>\n<p>Es stellt sicher, dass der Rauchmelder auch ohne tats\u00e4chlichen Brand korrekt reagiert.<\/p>\n<p>Geeignet f\u00fcr Installateure, Servicepersonal und Immobilieneigent\u00fcmer.<\/p>","protected":false},"featured_media":162234,"template":"","meta":{"_acf_changed":false},"product_brand":[],"product_cat":[5072,5069,5089],"product_tag":[],"class_list":{"0":"post-162235","1":"product","2":"type-product","3":"status-publish","4":"has-post-thumbnail","6":"product_cat-solo-365","7":"product_cat-kassetter-rok-co","8":"product_cat-solo-365-solo-365","9":"tm-no-options","11":"first","12":"instock","13":"taxable","14":"shipping-taxable","15":"purchasable","16":"product-type-simple"},"acf":[],"_links":{"self":[{"href":"https:\/\/secureus.se\/de\/wp-json\/wp\/v2\/product\/162235","targetHints":{"allow":["GET"]}}],"collection":[{"href":"https:\/\/secureus.se\/de\/wp-json\/wp\/v2\/product"}],"about":[{"href":"https:\/\/secureus.se\/de\/wp-json\/wp\/v2\/types\/product"}],"wp:featuredmedia":[{"embeddable":true,"href":"https:\/\/secureus.se\/de\/wp-json\/wp\/v2\/media\/162234"}],"wp:attachment":[{"href":"https:\/\/secureus.se\/de\/wp-json\/wp\/v2\/media?parent=162235"}],"wp:term":[{"taxonomy":"product_brand","embeddable":true,"href":"https:\/\/secureus.se\/de\/wp-json\/wp\/v2\/product_brand?post=162235"},{"taxonomy":"product_cat","embeddable":true,"href":"https:\/\/secureus.se\/de\/wp-json\/wp\/v2\/product_cat?post=162235"},{"taxonomy":"product_tag","embeddable":true,"href":"https:\/\/secureus.se\/de\/wp-json\/wp\/v2\/product_tag?post=162235"}],"curies":[{"name":"wp","href":"https:\/\/api.w.org\/{rel}","templated":true}]}}