{"id":162237,"date":"2025-11-21T12:45:40","date_gmt":"2025-11-21T11:45:40","guid":{"rendered":"https:\/\/secureus.se\/batteri-testifire-bp-till-xtr2\/"},"modified":"2026-04-08T15:59:59","modified_gmt":"2026-04-08T13:59:59","slug":"batteri-testifire-bp-till-xtr2","status":"publish","type":"product","link":"https:\/\/secureus.se\/de\/batteri-testifire-bp-till-xtr2\/","title":{"rendered":"Batterie Testifire-BP f\u00fcr XTR2"},"content":{"rendered":"<h1>Batterie Testifire-BP f\u00fcr XTR2<\/h1>\n<h3 data-start=\"352\" data-end=\"405\">Wiederaufladbarer Akku f\u00fcr Testifire XTR2<\/h3>\n<p data-start=\"406\" data-end=\"653\">Der Battery Testifire-BP ist ein leistungsstarker und kompakter Akku, der eine zuverl\u00e4ssige Stromversorgung f\u00fcr Testifire XTR2 gew\u00e4hrleistet.<\/p>\n<p data-start=\"406\" data-end=\"653\">Der wiederaufladbare Akku erm\u00f6glicht l\u00e4ngere Arbeitsperioden ohne Unterbrechung und gew\u00e4hrleistet einen stabilen Betrieb des Rauchgenerators.<\/p>\n<h3 data-start=\"655\" data-end=\"685\">Schnelles und einfaches Aufladen<\/h3>\n<p data-start=\"686\" data-end=\"894\">Der Akku wird \u00fcber USB-C geladen und ist in einer kurzen Ladezeit von 60\u201390 Minuten verf\u00fcgbar.<\/p>\n<p data-start=\"686\" data-end=\"894\">Dadurch kann der Akku zwischen den Testsitzungen schnell wieder aufgeladen werden, was Ausfallzeiten reduziert und die Serviceeffizienz erh\u00f6ht.<\/p>\n<h3 data-start=\"896\" data-end=\"920\">Einfache Installation<\/h3>\n<p data-start=\"921\" data-end=\"1088\">Die Installation ist schnell und einfach. Der Akku wird direkt an die Testifire XTR2 angeschlossen und kann bei Bedarf genauso einfach ausgetauscht werden wie die Rauchkartuschen und das Netzteil.<\/p>\n<h3 data-start=\"1090\" data-end=\"1127\">Ideal f\u00fcr den professionellen Einsatz<\/h3>\n<p data-start=\"1128\" data-end=\"1312\">Die Batterie eignet sich ideal f\u00fcr Installateure, Servicepersonal und Hausverwalter, die regelm\u00e4\u00dfig Rauchmelder in B\u00fcros, Schulen, Lagerhallen oder \u00f6ffentlichen Geb\u00e4uden testen.<\/p>\n<p data-start=\"1319\" data-end=\"1350\"><strong data-start=\"1319\" data-end=\"1348\">TECHNISCHE DATEN:<\/strong><\/p>\n<ul data-start=\"1351\" data-end=\"1573\">\n<li data-start=\"1351\" data-end=\"1375\">\n<p data-start=\"1353\" data-end=\"1375\">Modell: Testifire-BP<\/p>\n<\/li>\n<li data-start=\"1376\" data-end=\"1397\">\n<p data-start=\"1378\" data-end=\"1397\">Anschluss: USB-C<\/p>\n<\/li>\n<li data-start=\"1398\" data-end=\"1429\">\n<p data-start=\"1400\" data-end=\"1429\">Ladezeit: 60\u201390 Minuten<\/p>\n<\/li>\n<li data-start=\"1430\" data-end=\"1471\">\n<p data-start=\"1432\" data-end=\"1471\">Verwendung: Testifire XTR2 Rauchpr\u00fcfger\u00e4t<\/p>\n<\/li>\n<li data-start=\"1472\" data-end=\"1513\">\n<p data-start=\"1474\" data-end=\"1513\">Typ: Wiederaufladbarer Akku<\/p>\n<\/li>\n<\/ul>","protected":false},"excerpt":{"rendered":"<p>Testifire-BP ist ein wiederaufladbarer Akku mit USB-C-Anschluss f\u00fcr die Testifire XTR2.<\/p>\n<p>Durch die Schnellladefunktion in 60\u201390 Minuten ist sichergestellt, dass der Rauchgenerator jederzeit f\u00fcr Tests bereit ist.<\/p>","protected":false},"featured_media":162236,"template":"","meta":{"_acf_changed":false},"product_brand":[],"product_cat":[2946,4757],"product_tag":[],"class_list":{"0":"post-162237","1":"product","2":"type-product","3":"status-publish","4":"has-post-thumbnail","6":"product_cat-testifire","7":"product_cat-xtr2","8":"tm-no-options","10":"first","11":"instock","12":"taxable","13":"shipping-taxable","14":"purchasable","15":"product-type-simple"},"acf":[],"_links":{"self":[{"href":"https:\/\/secureus.se\/de\/wp-json\/wp\/v2\/product\/162237","targetHints":{"allow":["GET"]}}],"collection":[{"href":"https:\/\/secureus.se\/de\/wp-json\/wp\/v2\/product"}],"about":[{"href":"https:\/\/secureus.se\/de\/wp-json\/wp\/v2\/types\/product"}],"wp:featuredmedia":[{"embeddable":true,"href":"https:\/\/secureus.se\/de\/wp-json\/wp\/v2\/media\/162236"}],"wp:attachment":[{"href":"https:\/\/secureus.se\/de\/wp-json\/wp\/v2\/media?parent=162237"}],"wp:term":[{"taxonomy":"product_brand","embeddable":true,"href":"https:\/\/secureus.se\/de\/wp-json\/wp\/v2\/product_brand?post=162237"},{"taxonomy":"product_cat","embeddable":true,"href":"https:\/\/secureus.se\/de\/wp-json\/wp\/v2\/product_cat?post=162237"},{"taxonomy":"product_tag","embeddable":true,"href":"https:\/\/secureus.se\/de\/wp-json\/wp\/v2\/product_tag?post=162237"}],"curies":[{"name":"wp","href":"https:\/\/api.w.org\/{rel}","templated":true}]}}