{"id":162241,"date":"2025-11-21T12:34:00","date_gmt":"2025-11-21T11:34:00","guid":{"rendered":"https:\/\/secureus.se\/rokkassett-testifire-ts3\/"},"modified":"2026-04-23T12:58:07","modified_gmt":"2026-04-23T10:58:07","slug":"rokkassett-testifire-ts3","status":"publish","type":"product","link":"https:\/\/secureus.se\/de\/rokkassett-testifire-ts3\/","title":{"rendered":"Rauchpatrone Testifire TS3"},"content":{"rendered":"<h1>Rauchpatrone Testifire TS3<\/h1>\n<h3 data-start=\"296\" data-end=\"332\">Funktionspr\u00fcfung von Rauchmeldern<\/h3>\n<p data-start=\"333\" data-end=\"613\">Die Rauchkassette Testifire TS3 ist f\u00fcr die Pr\u00fcfung von Rauchmeldern zusammen mit den Pr\u00fcfger\u00e4ten Testifire 1001 und Testifire 2001 vorgesehen.<\/p>\n<p data-start=\"333\" data-end=\"613\">Durch die Erzeugung von definiertem Testrauch kann sichergestellt werden, dass der Rauchmelder korrekt reagiert, was f\u00fcr die Brandsicherheit in Geb\u00e4uden von entscheidender Bedeutung ist.<\/p>\n<h3 data-start=\"615\" data-end=\"645\">Einfaches und sicheres Testen<\/h3>\n<p data-start=\"646\" data-end=\"974\">Die TS3-Kartusche erzeugt Rauch, der bei Verwendung in kompatiblen Testern sowohl optische als auch andere Arten von Rauchmeldern effektiv aktiviert.<\/p>\n<p data-start=\"646\" data-end=\"974\">Das Produkt ist so konzipiert, dass es f\u00fcr den Benutzer und die Ausr\u00fcstung sicher ist und gleichzeitig jegliche Brandgefahr vermeidet.<\/p>\n<p data-start=\"646\" data-end=\"974\">Nach dem Test wird der Rauch abgeleitet, ohne dass sch\u00e4dliche R\u00fcckst\u00e4nde im Detektor zur\u00fcckbleiben.<\/p>\n<h3 data-start=\"976\" data-end=\"1008\">Vorteile von Testifire TS3<\/h3>\n<ul data-start=\"1009\" data-end=\"1211\">\n<li data-start=\"1009\" data-end=\"1059\">\n<p data-start=\"1011\" data-end=\"1059\">Entwickelt f\u00fcr Testifire 1001 und Testifire 2001<\/p>\n<\/li>\n<li data-start=\"1060\" data-end=\"1122\">\n<p data-start=\"1062\" data-end=\"1122\">Liefert kontrollierten, realistischen Rauch f\u00fcr zuverl\u00e4ssige Tests<\/p>\n<\/li>\n<li data-start=\"1123\" data-end=\"1164\">\n<p data-start=\"1125\" data-end=\"1164\">Sicher in der Anwendung, keine Brandgefahr<\/p>\n<\/li>\n<li data-start=\"1165\" data-end=\"1211\">\n<p data-start=\"1167\" data-end=\"1211\">Keine Auswirkungen auf den Detektor nach dem Test<\/p>\n<\/li>\n<\/ul>\n<h3 data-start=\"1213\" data-end=\"1237\">Einsatzgebiete<\/h3>\n<ul data-start=\"1238\" data-end=\"1400\">\n<li data-start=\"1238\" data-end=\"1293\">\n<p data-start=\"1240\" data-end=\"1293\">Funktionspr\u00fcfung bei der Installation von Rauchmeldern<\/p>\n<\/li>\n<li data-start=\"1294\" data-end=\"1331\">\n<p data-start=\"1296\" data-end=\"1331\">Regelm\u00e4\u00dfige Wartung und Instandhaltung<\/p>\n<\/li>\n<li data-start=\"1332\" data-end=\"1400\">\n<p data-start=\"1334\" data-end=\"1400\">Selbst\u00fcberwachung in Privathaushalten, B\u00fcros, der Industrie und im \u00f6ffentlichen Raum<\/p>\n<\/li>\n<\/ul>\n<p data-start=\"1402\" data-end=\"1429\">TECHNISCHE DATEN:<\/p>\n<ul data-start=\"1430\" data-end=\"1721\">\n<li data-start=\"1430\" data-end=\"1465\">\n<p data-start=\"1432\" data-end=\"1465\">Produkt: Rauchkassette \/ Rauchpatrone<\/p>\n<\/li>\n<li data-start=\"1466\" data-end=\"1485\">\n<p data-start=\"1468\" data-end=\"1485\">Modell: TS3-001<\/p>\n<\/li>\n<li data-start=\"1486\" data-end=\"1533\">\n<p data-start=\"1488\" data-end=\"1533\">Kompatibel mit: Testifire 1001, Testifire 2001<\/p>\n<\/li>\n<li data-start=\"1534\" data-end=\"1590\">\n<p data-start=\"1536\" data-end=\"1590\">Funktion: Erzeugung von Testrauch f\u00fcr die Pr\u00fcfung von Rauchmeldern<\/p>\n<\/li>\n<li data-start=\"1591\" data-end=\"1642\">\n<p data-start=\"1593\" data-end=\"1642\">Kompatibilit\u00e4t: Optische und andere Rauchmelder<\/p>\n<\/li>\n<li data-start=\"1643\" data-end=\"1670\">\n<p data-start=\"1645\" data-end=\"1670\">R\u00fcckst\u00e4nde nach der Pr\u00fcfung: Keine<\/p>\n<\/li>\n<li data-start=\"1671\" data-end=\"1721\">\n<p data-start=\"1673\" data-end=\"1721\">Sicherheit: Kontrollierte und sichere Raucherzeugung<\/p>\n<\/li>\n<\/ul>","protected":false},"excerpt":{"rendered":"<p>Die Rauchpatrone Testifire TS3 ist eine Rauchpatrone f\u00fcr Funktionstests von Rauchmeldern mit Testifire 1001 und Testifire 2001.<\/p>\n<p>Es erzeugt kontrollierten Testrauch, der Rauchmelder aktiviert, ohne dass ein tats\u00e4chliches Feuer entsteht.<\/p>\n<p>Geeignet f\u00fcr Installateure, Servicepersonal und Immobilieneigent\u00fcmer.<\/p>","protected":false},"featured_media":162240,"template":"","meta":{"_acf_changed":false},"product_brand":[],"product_cat":[2946,5069],"product_tag":[],"class_list":{"0":"post-162241","1":"product","2":"type-product","3":"status-publish","4":"has-post-thumbnail","6":"product_cat-testifire","7":"product_cat-kassetter-rok-co","8":"tm-no-options","10":"first","11":"instock","12":"taxable","13":"shipping-taxable","14":"purchasable","15":"product-type-simple"},"acf":[],"_links":{"self":[{"href":"https:\/\/secureus.se\/de\/wp-json\/wp\/v2\/product\/162241","targetHints":{"allow":["GET"]}}],"collection":[{"href":"https:\/\/secureus.se\/de\/wp-json\/wp\/v2\/product"}],"about":[{"href":"https:\/\/secureus.se\/de\/wp-json\/wp\/v2\/types\/product"}],"wp:featuredmedia":[{"embeddable":true,"href":"https:\/\/secureus.se\/de\/wp-json\/wp\/v2\/media\/162240"}],"wp:attachment":[{"href":"https:\/\/secureus.se\/de\/wp-json\/wp\/v2\/media?parent=162241"}],"wp:term":[{"taxonomy":"product_brand","embeddable":true,"href":"https:\/\/secureus.se\/de\/wp-json\/wp\/v2\/product_brand?post=162241"},{"taxonomy":"product_cat","embeddable":true,"href":"https:\/\/secureus.se\/de\/wp-json\/wp\/v2\/product_cat?post=162241"},{"taxonomy":"product_tag","embeddable":true,"href":"https:\/\/secureus.se\/de\/wp-json\/wp\/v2\/product_tag?post=162241"}],"curies":[{"name":"wp","href":"https:\/\/api.w.org\/{rel}","templated":true}]}}