{"id":162243,"date":"2025-11-21T12:27:42","date_gmt":"2025-11-21T11:27:42","guid":{"rendered":"https:\/\/secureus.se\/solo-370-batteri-for-solo-365-roka-webbutik\/"},"modified":"2026-04-08T16:00:52","modified_gmt":"2026-04-08T14:00:52","slug":"solo-370-batteri-for-solo-365-roka-webbutik","status":"publish","type":"product","link":"https:\/\/secureus.se\/de\/solo-370-batteri-for-solo-365-roka-webbutik\/","title":{"rendered":"Solo 370 Akku f\u00fcr Solo 365 - ROKA Online-Shop"},"content":{"rendered":"<h1>Solo 370 Akku f\u00fcr Solo 365 - ROKA Online-Shop<\/h1>\n<h3 data-start=\"232\" data-end=\"269\">Ersatzbatterie f\u00fcr Solo 365<\/h3>\n<p data-start=\"270\" data-end=\"500\">Die Batterie des Solo 370 ist eine spezielle Stromquelle f\u00fcr das Rauchmelderpr\u00fcfger\u00e4t Solo 365.<\/p>\n<p data-start=\"270\" data-end=\"500\">Eine funktionierende Batterie ist Voraussetzung daf\u00fcr, dass das Pr\u00fcfger\u00e4t Testrauch erzeugt und zuverl\u00e4ssige Funktionstests von Rauchmeldern in Brandmeldeanlagen durchf\u00fchrt.<\/p>\n<h3 data-start=\"502\" data-end=\"548\">Lange Lebensdauer f\u00fcr kontinuierliche Tests<\/h3>\n<p data-start=\"549\" data-end=\"827\">Diese Batterie wurde entwickelt, um einen stabilen und lang anhaltenden Betrieb des Solo 365 zu gew\u00e4hrleisten und das Risiko von Unterbrechungen w\u00e4hrend der Testarbeit zu verringern.<\/p>\n<p data-start=\"549\" data-end=\"827\">Ein regelm\u00e4\u00dfiger Batteriewechsel stellt sicher, dass das Pr\u00fcfger\u00e4t bei der Installation, Wartung oder Instandhaltung immer einsatzbereit ist.<\/p>\n<h3 data-start=\"829\" data-end=\"853\">Einfache Installation<\/h3>\n<p data-start=\"854\" data-end=\"991\">Solo 370 l\u00e4sst sich einfach und ohne Spezialwerkzeug in Solo 365 installieren und austauschen.<\/p>\n<p data-start=\"854\" data-end=\"991\">Das macht den Batteriewechsel auch vor Ort einfach.<\/p>\n<h3 data-start=\"993\" data-end=\"1020\">Vorteile des Solo 370<\/h3>\n<ul data-start=\"1021\" data-end=\"1144\">\n<li data-start=\"1021\" data-end=\"1059\">\n<p data-start=\"1023\" data-end=\"1059\">Ersatzbatterie f\u00fcr das Pr\u00fcfger\u00e4t Solo 365<\/p>\n<\/li>\n<li data-start=\"1060\" data-end=\"1103\">\n<p data-start=\"1062\" data-end=\"1103\">Gew\u00e4hrleistet zuverl\u00e4ssige Funktionstests<\/p>\n<\/li>\n<li data-start=\"1104\" data-end=\"1125\">\n<p data-start=\"1106\" data-end=\"1125\">Leicht zu ersetzen<\/p>\n<\/li>\n<li data-start=\"1126\" data-end=\"1144\">\n<p data-start=\"1128\" data-end=\"1144\">Lange Betriebszeit<\/p>\n<\/li>\n<\/ul>\n<p data-start=\"1146\" data-end=\"1173\">TECHNISCHE DATEN:<\/p>\n<ul data-start=\"1174\" data-end=\"1337\">\n<li data-start=\"1174\" data-end=\"1194\">\n<p data-start=\"1176\" data-end=\"1194\">Produkt: Batterie<\/p>\n<\/li>\n<li data-start=\"1195\" data-end=\"1215\">\n<p data-start=\"1197\" data-end=\"1215\">Modell: Solo 370<\/p>\n<\/li>\n<li data-start=\"1216\" data-end=\"1267\">\n<p data-start=\"1218\" data-end=\"1267\">Zur Verwendung mit: Solo 365 Rauchmelder-Tester<\/p>\n<\/li>\n<li data-start=\"1268\" data-end=\"1308\">\n<p data-start=\"1270\" data-end=\"1308\">Funktion: Stromquelle f\u00fcr Pr\u00fcfger\u00e4te<\/p>\n<\/li>\n<li data-start=\"1309\" data-end=\"1337\">\n<p data-start=\"1311\" data-end=\"1337\">Kompatibilit\u00e4t: Solo 365<\/p>\n<\/li>\n<\/ul>","protected":false},"excerpt":{"rendered":"<p>Solo 370 ist eine Ersatzbatterie f\u00fcr das Rauchmelderpr\u00fcfger\u00e4t Solo 365.<\/p>\n<p>Sie gew\u00e4hrleistet den Betrieb des Pr\u00fcfger\u00e4ts f\u00fcr zuverl\u00e4ssige Funktionstests.<\/p>\n<p>Geeignet f\u00fcr Servicetechniker, Installateure und Wartungspersonal.<\/p>","protected":false},"featured_media":162242,"template":"","meta":{"_acf_changed":false},"product_brand":[],"product_cat":[5072,5089,5074],"product_tag":[],"class_list":{"0":"post-162243","1":"product","2":"type-product","3":"status-publish","4":"has-post-thumbnail","6":"product_cat-solo-365","7":"product_cat-solo-365-solo-365","8":"product_cat-stromforsorjning-professionella-verktyg-for-prov-och-underhall","9":"tm-no-options","11":"first","12":"instock","13":"taxable","14":"shipping-taxable","15":"purchasable","16":"product-type-simple"},"acf":[],"_links":{"self":[{"href":"https:\/\/secureus.se\/de\/wp-json\/wp\/v2\/product\/162243","targetHints":{"allow":["GET"]}}],"collection":[{"href":"https:\/\/secureus.se\/de\/wp-json\/wp\/v2\/product"}],"about":[{"href":"https:\/\/secureus.se\/de\/wp-json\/wp\/v2\/types\/product"}],"wp:featuredmedia":[{"embeddable":true,"href":"https:\/\/secureus.se\/de\/wp-json\/wp\/v2\/media\/162242"}],"wp:attachment":[{"href":"https:\/\/secureus.se\/de\/wp-json\/wp\/v2\/media?parent=162243"}],"wp:term":[{"taxonomy":"product_brand","embeddable":true,"href":"https:\/\/secureus.se\/de\/wp-json\/wp\/v2\/product_brand?post=162243"},{"taxonomy":"product_cat","embeddable":true,"href":"https:\/\/secureus.se\/de\/wp-json\/wp\/v2\/product_cat?post=162243"},{"taxonomy":"product_tag","embeddable":true,"href":"https:\/\/secureus.se\/de\/wp-json\/wp\/v2\/product_tag?post=162243"}],"curies":[{"name":"wp","href":"https:\/\/api.w.org\/{rel}","templated":true}]}}