{"id":162245,"date":"2025-11-21T12:27:37","date_gmt":"2025-11-21T11:27:37","guid":{"rendered":"https:\/\/secureus.se\/solo-371-rokgenerator-for-solo-365\/"},"modified":"2026-03-26T12:26:06","modified_gmt":"2026-03-26T11:26:06","slug":"solo-371-rokgenerator-for-solo-365","status":"publish","type":"product","link":"https:\/\/secureus.se\/de\/solo-371-rokgenerator-for-solo-365\/","title":{"rendered":"Solo 371 Raucherzeuger f\u00fcr Solo 365"},"content":{"rendered":"<h1>Solo 371 Raucherzeuger f\u00fcr Solo 365<\/h1>\n<h3 data-start=\"283\" data-end=\"331\">Ersatzteil f\u00fcr Solo 365 Rauchmelder-Tester<\/h3>\n<p data-start=\"332\" data-end=\"576\">Der Rauchgenerator Solo 371 ist ein Ersatzmodul f\u00fcr den Solo 365 und funktioniert mit der Rauchkartusche ES3.<\/p>\n<p data-start=\"332\" data-end=\"576\">Der Rauchgenerator ist der Teil des Testger\u00e4ts, in dem die Rauchpatrone eingesetzt wird und in dem Testrauch erzeugt wird, um die Funktion des Rauchmelders zu \u00fcberpr\u00fcfen.<\/p>\n<h3 data-start=\"578\" data-end=\"611\">Effizientes und sicheres Testen<\/h3>\n<p data-start=\"612\" data-end=\"911\">Wenn die ES3-Rauchpatrone im Solo 371 installiert wird, erhitzt sich die Rauchpatrone und erzeugt kontrollierten Rauch, der die Rauchmelder aktiviert.<\/p>\n<p data-start=\"612\" data-end=\"911\">Dies erm\u00f6glicht Funktionstests ohne tats\u00e4chliches Brandrisiko. Das Produkt ist robust und zuverl\u00e4ssig konstruiert und beeintr\u00e4chtigt den Detektor nach dem Test nur minimal.<\/p>\n<h3 data-start=\"913\" data-end=\"951\">Einfache Installation und Wartung<\/h3>\n<p data-start=\"952\" data-end=\"1204\">Der Solo 371 l\u00e4sst sich problemlos im Solo 365 Tester austauschen, sodass die Ger\u00e4te f\u00fcr wiederkehrende Vor-Ort-Tests stets in gutem Zustand gehalten werden k\u00f6nnen.<\/p>\n<p data-start=\"952\" data-end=\"1204\">Ein funktionierender Rauchgenerator gew\u00e4hrleistet, dass das Testger\u00e4t konsistente und zuverl\u00e4ssige Ergebnisse liefert.<\/p>\n<h3 data-start=\"1206\" data-end=\"1233\">Vorteile des Solo 371<\/h3>\n<ul data-start=\"1234\" data-end=\"1402\">\n<li data-start=\"1234\" data-end=\"1276\">\n<p data-start=\"1236\" data-end=\"1276\">Ersatzger\u00e4t f\u00fcr Solo 365 Rauchgenerator<\/p>\n<\/li>\n<li data-start=\"1277\" data-end=\"1319\">\n<p data-start=\"1279\" data-end=\"1319\">Wird zusammen mit der ES3-Rauchpatrone verwendet<\/p>\n<\/li>\n<li data-start=\"1320\" data-end=\"1362\">\n<p data-start=\"1322\" data-end=\"1362\">Erzeugt kontrollierten Testrauch sicher<\/p>\n<\/li>\n<li data-start=\"1363\" data-end=\"1402\">\n<p data-start=\"1365\" data-end=\"1402\">Einfach zu installieren und zu warten<\/p>\n<\/li>\n<\/ul>\n<p data-start=\"1404\" data-end=\"1431\">TECHNISCHE DATEN:<\/p>\n<ul data-start=\"1432\" data-end=\"1626\">\n<li data-start=\"1432\" data-end=\"1472\">\n<p data-start=\"1434\" data-end=\"1472\">Produkt: Rauchgenerator \/ Ersatzger\u00e4t<\/p>\n<\/li>\n<li data-start=\"1473\" data-end=\"1493\">\n<p data-start=\"1475\" data-end=\"1493\">Modell: Solo 371<\/p>\n<\/li>\n<li data-start=\"1494\" data-end=\"1534\">\n<p data-start=\"1496\" data-end=\"1534\">Zur Verwendung mit: Solo 365 Pr\u00fcfger\u00e4t<\/p>\n<\/li>\n<li data-start=\"1535\" data-end=\"1569\">\n<p data-start=\"1537\" data-end=\"1569\">Kompatibel mit: ES3-Rauchkartusche<\/p>\n<\/li>\n<li data-start=\"1570\" data-end=\"1626\">\n<p data-start=\"1572\" data-end=\"1626\">Funktion: Erzeugung von Testrauch f\u00fcr die Pr\u00fcfung von Rauchmeldern<\/p>\n<\/li>\n<\/ul>","protected":false},"excerpt":{"rendered":"<p>Der Rauchgenerator Solo 371 ist ein Ersatzger\u00e4t f\u00fcr das Rauchmelderpr\u00fcfger\u00e4t Solo 365, in das die Rauchkassette ES3 zur Erzeugung von Testrauch eingesetzt wird.<\/p>\n<p>Es macht die Funktionspr\u00fcfung von Rauchmeldern einfacher und zuverl\u00e4ssiger. Geeignet f\u00fcr Servicetechniker und Installateure.<\/p>","protected":false},"featured_media":162244,"template":"","meta":{"_acf_changed":false},"product_brand":[],"product_cat":[5072,5089],"product_tag":[],"class_list":{"0":"post-162245","1":"product","2":"type-product","3":"status-publish","4":"has-post-thumbnail","6":"product_cat-solo-365","7":"product_cat-solo-365-solo-365","8":"tm-no-options","10":"first","11":"instock","12":"taxable","13":"shipping-taxable","14":"purchasable","15":"product-type-simple"},"acf":[],"_links":{"self":[{"href":"https:\/\/secureus.se\/de\/wp-json\/wp\/v2\/product\/162245","targetHints":{"allow":["GET"]}}],"collection":[{"href":"https:\/\/secureus.se\/de\/wp-json\/wp\/v2\/product"}],"about":[{"href":"https:\/\/secureus.se\/de\/wp-json\/wp\/v2\/types\/product"}],"wp:featuredmedia":[{"embeddable":true,"href":"https:\/\/secureus.se\/de\/wp-json\/wp\/v2\/media\/162244"}],"wp:attachment":[{"href":"https:\/\/secureus.se\/de\/wp-json\/wp\/v2\/media?parent=162245"}],"wp:term":[{"taxonomy":"product_brand","embeddable":true,"href":"https:\/\/secureus.se\/de\/wp-json\/wp\/v2\/product_brand?post=162245"},{"taxonomy":"product_cat","embeddable":true,"href":"https:\/\/secureus.se\/de\/wp-json\/wp\/v2\/product_cat?post=162245"},{"taxonomy":"product_tag","embeddable":true,"href":"https:\/\/secureus.se\/de\/wp-json\/wp\/v2\/product_tag?post=162245"}],"curies":[{"name":"wp","href":"https:\/\/api.w.org\/{rel}","templated":true}]}}