{"id":162247,"date":"2025-11-21T12:27:37","date_gmt":"2025-11-21T11:27:37","guid":{"rendered":"https:\/\/secureus.se\/solo-365-provning-rokdetektor-punkt-samplande\/"},"modified":"2026-04-08T16:01:05","modified_gmt":"2026-04-08T14:01:05","slug":"solo-365-provning-rokdetektor-punkt-samplande","status":"publish","type":"product","link":"https:\/\/secureus.se\/de\/solo-365-provning-rokdetektor-punkt-samplande\/","title":{"rendered":"Solo 365 - Rauchmeldertest (Punkt- und Stichprobenpr\u00fcfung)"},"content":{"rendered":"<h1>Solo 365 - Rauchmeldertest (Punkt- und Stichprobenpr\u00fcfung)<\/h1>\n<h3 data-start=\"272\" data-end=\"312\">Effektives Testen von Rauchmeldern<\/h3>\n<p data-start=\"313\" data-end=\"577\">Solo 365 ist ein professionelles Testger\u00e4t f\u00fcr die Funktionspr\u00fcfung von Punkt- und Stichprobenrauchmeldern.<\/p>\n<p data-start=\"313\" data-end=\"577\">Durch die Verwendung von drucklosen Rauchpatronen wird ein realistischer Testrauch erzeugt, der die Detektoren auf sichere und kontrollierte Weise aktiviert, ohne dass ein reales Brandrisiko besteht.<\/p>\n<h3 data-start=\"579\" data-end=\"605\">Komplette Testl\u00f6sung<\/h3>\n<p data-start=\"606\" data-end=\"818\">Mit Solo 365 lassen sich Tests dank seines benutzerfreundlichen Designs schnell und einfach durchf\u00fchren.<\/p>\n<p data-start=\"606\" data-end=\"818\">Es ist mit einer Vielzahl von Rauchmeldern kompatibel und eignet sich f\u00fcr Installation, Service und regelm\u00e4\u00dfige Wartung.<\/p>\n<h3 data-start=\"820\" data-end=\"839\">Im Lieferumfang enthalten<\/h3>\n<ul data-start=\"840\" data-end=\"1017\">\n<li data-start=\"840\" data-end=\"895\">\n<p data-start=\"842\" data-end=\"895\">Testkopf mit Becher auf korrekte Rauchverteilung<\/p>\n<\/li>\n<li data-start=\"896\" data-end=\"932\">\n<p data-start=\"898\" data-end=\"932\">Solo 370 Akku f\u00fcr sicheren Betrieb<\/p>\n<\/li>\n<li data-start=\"933\" data-end=\"977\">\n<p data-start=\"935\" data-end=\"977\">ES3-Rauchkassette f\u00fcr kontrollierten Testrauch<\/p>\n<\/li>\n<li data-start=\"978\" data-end=\"1005\">\n<p data-start=\"980\" data-end=\"1005\">Rauchgenerator (Solo 371)<\/p>\n<\/li>\n<li data-start=\"1006\" data-end=\"1017\">\n<p data-start=\"1008\" data-end=\"1017\">Ladeger\u00e4t<\/p>\n<\/li>\n<\/ul>\n<h3 data-start=\"1019\" data-end=\"1046\">Vorteile von Solo 365<\/h3>\n<ul data-start=\"1047\" data-end=\"1290\">\n<li data-start=\"1047\" data-end=\"1088\">\n<p data-start=\"1049\" data-end=\"1088\">Sicherer und zuverl\u00e4ssiger Rauchmeldertester<\/p>\n<\/li>\n<li data-start=\"1089\" data-end=\"1136\">\n<p data-start=\"1091\" data-end=\"1136\">Passend f\u00fcr Punkt- und Abtastdetektoren<\/p>\n<\/li>\n<li data-start=\"1137\" data-end=\"1194\">\n<p data-start=\"1139\" data-end=\"1194\">Schnellere und einfachere Tests im Vergleich zu \u00e4lteren Methoden<\/p>\n<\/li>\n<li data-start=\"1195\" data-end=\"1238\">\n<p data-start=\"1197\" data-end=\"1238\">Komplettes Set f\u00fcr Funktionstests vor Ort<\/p>\n<\/li>\n<li data-start=\"1239\" data-end=\"1290\">\n<p data-start=\"1241\" data-end=\"1290\">Es besteht kein Risiko einer Besch\u00e4digung der Detektoren oder der Umwelt.<\/p>\n<\/li>\n<\/ul>\n<p data-start=\"1292\" data-end=\"1319\">TECHNISCHE DATEN:<\/p>\n<ul data-start=\"1320\" data-end=\"1668\">\n<li data-start=\"1320\" data-end=\"1351\">\n<p data-start=\"1322\" data-end=\"1351\">Produkt: Rauchmelder-Tester<\/p>\n<\/li>\n<li data-start=\"1352\" data-end=\"1372\">\n<p data-start=\"1354\" data-end=\"1372\">Modell: Solo 365<\/p>\n<\/li>\n<li data-start=\"1373\" data-end=\"1429\">\n<p data-start=\"1375\" data-end=\"1429\">Funktion: Pr\u00fcfung von Punkt- und Stichprobenrauchmeldern<\/p>\n<\/li>\n<li data-start=\"1430\" data-end=\"1476\">\n<p data-start=\"1432\" data-end=\"1476\">Testmedium: Drucklose Rauchpatrone (ES3)<\/p>\n<\/li>\n<li data-start=\"1477\" data-end=\"1532\">\n<p data-start=\"1479\" data-end=\"1532\">Stromversorgung: Wiederaufladbarer Akku Solo 370<\/p>\n<\/li>\n<li data-start=\"1533\" data-end=\"1611\">\n<p data-start=\"1535\" data-end=\"1611\">Lieferumfang: Testkopf mit Becher, Rauchkartusche, Rauchgenerator, Akku, Ladeger\u00e4t<\/p>\n<\/li>\n<li data-start=\"1612\" data-end=\"1668\">\n<p data-start=\"1614\" data-end=\"1668\">Sicherheitshinweis: Kontrollierter Testrauch, kein echtes Feuer<\/p>\n<\/li>\n<\/ul>\n<p>&nbsp;<\/p>\n<p>&nbsp;<\/p>","protected":false},"excerpt":{"rendered":"<p>Solo 365 ist ein Rauchmelder-Pr\u00fcfger\u00e4t f\u00fcr Punkt- und Probenahmemelder.<\/p>\n<p>Es verwendet drucklose Rauchkassetten f\u00fcr sichere und effektive Tests.<\/p>\n<p>Komplett mit Pr\u00fcfkopf, Batterie, ES3 Rauchkassette, Rauchgenerator und Ladeger\u00e4t.<\/p>","protected":false},"featured_media":162246,"template":"","meta":{"_acf_changed":false},"product_brand":[],"product_cat":[5072,5089],"product_tag":[],"class_list":{"0":"post-162247","1":"product","2":"type-product","3":"status-publish","4":"has-post-thumbnail","6":"product_cat-solo-365","7":"product_cat-solo-365-solo-365","8":"tm-no-options","10":"first","11":"instock","12":"taxable","13":"shipping-taxable","14":"purchasable","15":"product-type-simple"},"acf":[],"_links":{"self":[{"href":"https:\/\/secureus.se\/de\/wp-json\/wp\/v2\/product\/162247","targetHints":{"allow":["GET"]}}],"collection":[{"href":"https:\/\/secureus.se\/de\/wp-json\/wp\/v2\/product"}],"about":[{"href":"https:\/\/secureus.se\/de\/wp-json\/wp\/v2\/types\/product"}],"wp:featuredmedia":[{"embeddable":true,"href":"https:\/\/secureus.se\/de\/wp-json\/wp\/v2\/media\/162246"}],"wp:attachment":[{"href":"https:\/\/secureus.se\/de\/wp-json\/wp\/v2\/media?parent=162247"}],"wp:term":[{"taxonomy":"product_brand","embeddable":true,"href":"https:\/\/secureus.se\/de\/wp-json\/wp\/v2\/product_brand?post=162247"},{"taxonomy":"product_cat","embeddable":true,"href":"https:\/\/secureus.se\/de\/wp-json\/wp\/v2\/product_cat?post=162247"},{"taxonomy":"product_tag","embeddable":true,"href":"https:\/\/secureus.se\/de\/wp-json\/wp\/v2\/product_tag?post=162247"}],"curies":[{"name":"wp","href":"https:\/\/api.w.org\/{rel}","templated":true}]}}