{"id":162249,"date":"2025-11-21T12:27:37","date_gmt":"2025-11-21T11:27:37","guid":{"rendered":"https:\/\/secureus.se\/solo-372-asd-samplings-adapter-for-solo-365\/"},"modified":"2026-05-05T17:34:10","modified_gmt":"2026-05-05T15:34:10","slug":"solo-372-asd-samplings-adapter-for-solo-365","status":"publish","type":"product","link":"https:\/\/secureus.se\/de\/solo-372-asd-samplings-adapter-for-solo-365\/","title":{"rendered":"Solo 372 ASD\/Sampling-Adapter f\u00fcr Solo 365"},"content":{"rendered":"<h1>Solo 372 ASD\/Sampling-Adapter f\u00fcr Solo 365<\/h1>\n<h3 data-start=\"308\" data-end=\"354\">Adapter f\u00fcr Probenahme-\/Aspirationssystem<\/h3>\n<p data-start=\"355\" data-end=\"675\">Der Solo 372 ASD\/Sampling Adapter ist ein Spezialadapter f\u00fcr den Solo 365 Rauchmeldertester, der die Funktionspr\u00fcfung von Sampling\/Aspirating-Rauchmeldersystemen (ASD\/ASSD) erm\u00f6glicht.<\/p>\n<p data-start=\"355\" data-end=\"675\">Durch den Austausch des Standardbechers gegen den Solo 372 erhalten Sie die korrekte Verbindung und Abdichtung, um den Testrauch direkt in den Probenahmekanal des Systems zu leiten.<\/p>\n<h3 data-start=\"677\" data-end=\"702\">Verwendung mit Solo 365<\/h3>\n<p data-start=\"703\" data-end=\"1026\">Wenn der Adapter montiert ist, wird das Solo 365 zusammen mit der ES3-Rauchkartusche und dem Rauchgenerator verwendet, um kontrollierten Testrauch zu erzeugen, der in das Probenahmesystem transportiert wird.<\/p>\n<p data-start=\"703\" data-end=\"1026\">Dies erm\u00f6glicht einen realistischen Test der Reaktionsf\u00e4higkeit des Detektors ohne das Risiko eines echten Brandes, was f\u00fcr Sicherheits\u00fcberpr\u00fcfungen und die regelm\u00e4\u00dfige Wartung wichtig ist.<\/p>\n<h3 data-start=\"1028\" data-end=\"1055\">Vorteile des Solo 372<\/h3>\n<ul data-start=\"1056\" data-end=\"1270\">\n<li data-start=\"1056\" data-end=\"1116\">\n<p data-start=\"1058\" data-end=\"1116\">Macht Solo 365 mit Probenahme-\/Aspirationssystemen kompatibel<\/p>\n<\/li>\n<li data-start=\"1117\" data-end=\"1166\">\n<p data-start=\"1119\" data-end=\"1166\">Einfach zu installieren anstelle der Standardbecher<\/p>\n<\/li>\n<li data-start=\"1167\" data-end=\"1223\">\n<p data-start=\"1169\" data-end=\"1223\">Gew\u00e4hrleistet eine ordnungsgem\u00e4\u00dfe Abdichtung und Rauchverteilung f\u00fcr ASD\/ASSD<\/p>\n<\/li>\n<li data-start=\"1224\" data-end=\"1270\">\n<p data-start=\"1226\" data-end=\"1270\">Sichere Funktionspr\u00fcfung ohne echtes Feuer<\/p>\n<\/li>\n<\/ul>\n<h3 data-start=\"1272\" data-end=\"1296\">Einsatzgebiete<\/h3>\n<ul data-start=\"1297\" data-end=\"1435\">\n<li data-start=\"1297\" data-end=\"1350\">\n<p data-start=\"1299\" data-end=\"1350\">Installationstest von Probenahme-\/Ansaugsystemen<\/p>\n<\/li>\n<li data-start=\"1351\" data-end=\"1389\">\n<p data-start=\"1353\" data-end=\"1389\">Service und vorbeugende Wartung<\/p>\n<\/li>\n<li data-start=\"1390\" data-end=\"1435\">\n<p data-start=\"1392\" data-end=\"1435\">Selbstinspektion f\u00fcr Immobilien mit ASD\/ASSD<\/p>\n<\/li>\n<\/ul>\n<p data-start=\"1437\" data-end=\"1464\">TECHNISCHE DATEN:<\/p>\n<ul data-start=\"1465\" data-end=\"1714\">\n<li data-start=\"1465\" data-end=\"1499\">\n<p data-start=\"1467\" data-end=\"1499\">Produkt: ASD\/Sampling-Adapter<\/p>\n<\/li>\n<li data-start=\"1500\" data-end=\"1520\">\n<p data-start=\"1502\" data-end=\"1520\">Modell: Solo 372<\/p>\n<\/li>\n<li data-start=\"1521\" data-end=\"1561\">\n<p data-start=\"1523\" data-end=\"1561\">Zur Verwendung mit: Solo 365 Pr\u00fcfger\u00e4t<\/p>\n<\/li>\n<li data-start=\"1562\" data-end=\"1639\">\n<p data-start=\"1564\" data-end=\"1639\">Funktion: Adapter zum Testen von Ansaug-\/Sampling-Rauchmeldesystemen<\/p>\n<\/li>\n<li data-start=\"1640\" data-end=\"1678\">\n<p data-start=\"1642\" data-end=\"1678\">Ersetzt: Standardbecher beim Solo 365<\/p>\n<\/li>\n<li data-start=\"1679\" data-end=\"1714\">\n<p data-start=\"1681\" data-end=\"1714\">Kompatibilit\u00e4t: ASD\/ASSD-System<\/p>\n<\/li>\n<\/ul>","protected":false},"excerpt":{"rendered":"<p>Der Solo 372 ASD\/Sampling Adapter ist ein Zubeh\u00f6rteil f\u00fcr den Solo 365, das Funktionstests von Sampling\/Aspirating-Rauchmeldersystemen (ASD\/ASSD) erm\u00f6glicht.<\/p>\n<p>Er ersetzt den Standardbecher, passt zu diesen Systemen und erleichtert das Testen.<\/p>\n<p>Geeignet f\u00fcr Installateure und Servicepersonal.<\/p>","protected":false},"featured_media":162248,"template":"","meta":{"_acf_changed":false},"product_brand":[],"product_cat":[5072,5089],"product_tag":[],"class_list":{"0":"post-162249","1":"product","2":"type-product","3":"status-publish","4":"has-post-thumbnail","6":"product_cat-solo-365","7":"product_cat-solo-365-solo-365","8":"tm-no-options","10":"first","11":"instock","12":"sale","13":"taxable","14":"shipping-taxable","15":"purchasable","16":"product-type-simple"},"acf":[],"_links":{"self":[{"href":"https:\/\/secureus.se\/de\/wp-json\/wp\/v2\/product\/162249","targetHints":{"allow":["GET"]}}],"collection":[{"href":"https:\/\/secureus.se\/de\/wp-json\/wp\/v2\/product"}],"about":[{"href":"https:\/\/secureus.se\/de\/wp-json\/wp\/v2\/types\/product"}],"wp:featuredmedia":[{"embeddable":true,"href":"https:\/\/secureus.se\/de\/wp-json\/wp\/v2\/media\/162248"}],"wp:attachment":[{"href":"https:\/\/secureus.se\/de\/wp-json\/wp\/v2\/media?parent=162249"}],"wp:term":[{"taxonomy":"product_brand","embeddable":true,"href":"https:\/\/secureus.se\/de\/wp-json\/wp\/v2\/product_brand?post=162249"},{"taxonomy":"product_cat","embeddable":true,"href":"https:\/\/secureus.se\/de\/wp-json\/wp\/v2\/product_cat?post=162249"},{"taxonomy":"product_tag","embeddable":true,"href":"https:\/\/secureus.se\/de\/wp-json\/wp\/v2\/product_tag?post=162249"}],"curies":[{"name":"wp","href":"https:\/\/api.w.org\/{rel}","templated":true}]}}