{"id":162251,"date":"2025-11-21T12:21:25","date_gmt":"2025-11-21T11:21:25","guid":{"rendered":"https:\/\/secureus.se\/vd-provare-solo-424-natdriven-230-volt\/"},"modified":"2026-04-08T16:01:13","modified_gmt":"2026-04-08T14:01:13","slug":"vd-provare-solo-424-natdriven-230-volt","status":"publish","type":"product","link":"https:\/\/secureus.se\/de\/vd-provare-solo-424-natdriven-230-volt\/","title":{"rendered":"VD-Tester Solo 424, netzbetrieben, 230 Volt"},"content":{"rendered":"<h1>VD-Tester Solo 424, netzbetrieben, 230 Volt<\/h1>\n<h3 data-start=\"317\" data-end=\"360\">Netzbetriebene Pr\u00fcfung von W\u00e4rmemeldern<\/h3>\n<p data-start=\"361\" data-end=\"634\">Der VD-Tester Solo 424 ist ein professionelles Testger\u00e4t f\u00fcr die Funktionspr\u00fcfung von W\u00e4rmemeldern in Brandmeldeanlagen.<\/p>\n<p data-start=\"361\" data-end=\"634\">Durch den direkten Anschluss an das 230-V-Netzstromnetz erhalten Sie w\u00e4hrend der Tests eine stabile und kontinuierliche W\u00e4rmezufuhr, wodurch der Bedarf an Batterien und Aufladung entf\u00e4llt.<\/p>\n<h3 data-start=\"636\" data-end=\"666\">Einfache und genaue Pr\u00fcfung<\/h3>\n<p data-start=\"667\" data-end=\"1123\">Das Werkzeug wird zusammen mit den Zugangsstangen Solo 101, Solo 108 und\/oder Solo 100 verwendet, um Detektoren bis zu einer H\u00f6he von ca. 9,3 m \u00fcber der Decke zu erreichen.<\/p>\n<p data-start=\"667\" data-end=\"1123\">Der transparente Testbecher wird \u00fcber den Detektor gest\u00fclpt und erw\u00e4rmt sich kontrolliert, sodass man die Indikator-LED sehen und sich vergewissern kann, dass der Detektor korrekt reagiert.<\/p>\n<p data-start=\"667\" data-end=\"1123\">Dies ist wichtig, um einen funktionierenden Brandschutz w\u00e4hrend der Installation, der Wartung und der regelm\u00e4\u00dfigen Inspektion zu gew\u00e4hrleisten.<\/p>\n<h3 data-start=\"1125\" data-end=\"1152\">Vorteile des Solo 424<\/h3>\n<ul data-start=\"1153\" data-end=\"1512\">\n<li data-start=\"1153\" data-end=\"1202\">\n<p data-start=\"1155\" data-end=\"1202\">Netzbetriebenes Ger\u00e4t, das f\u00fcr den Dauerbetrieb geeignet ist<\/p>\n<\/li>\n<li data-start=\"1203\" data-end=\"1296\">\n<p data-start=\"1205\" data-end=\"1296\">Pr\u00fcft station\u00e4re Temperatur-, Anstiegsgeschwindigkeits- und kombinierte W\u00e4rmedetektoren bis ca. 90 \u00b0C<\/p>\n<\/li>\n<li data-start=\"1297\" data-end=\"1353\">\n<p data-start=\"1299\" data-end=\"1353\">Lieferung inklusive 5 m Kabel (verl\u00e4ngerbar mit Solo 425)<\/p>\n<\/li>\n<li data-start=\"1354\" data-end=\"1415\">\n<p data-start=\"1356\" data-end=\"1415\">Einfache Handhabung mit Solo-Zugangsstangen f\u00fcr Arbeiten in der H\u00f6he<\/p>\n<\/li>\n<li data-start=\"1416\" data-end=\"1512\">\n<p data-start=\"1418\" data-end=\"1512\">Klare und sichere Testergebnisse dank LED-Sichtbarkeit im Becher<\/p>\n<\/li>\n<\/ul>\n<h3 data-start=\"1514\" data-end=\"1538\">Einsatzgebiete<\/h3>\n<p data-start=\"1539\" data-end=\"1754\">Der Solo 424 ist ideal f\u00fcr Techniker, die Funktionstests an W\u00e4rmemeldern w\u00e4hrend der Installation, der regelm\u00e4\u00dfigen Wartung oder bei Serviceeins\u00e4tzen in Geb\u00e4uden mit unterschiedlichen Deckenh\u00f6hen durchf\u00fchren.<\/p>\n<p data-start=\"1756\" data-end=\"1783\">TECHNISCHE DATEN:<\/p>\n<ul data-start=\"1784\" data-end=\"2219\">\n<li data-start=\"1784\" data-end=\"1827\">\n<p data-start=\"1786\" data-end=\"1827\">Produkt: Netzbetriebener W\u00e4rmedetektor-Tester<\/p>\n<\/li>\n<li data-start=\"1828\" data-end=\"1848\">\n<p data-start=\"1830\" data-end=\"1848\">Modell: Solo 424<\/p>\n<\/li>\n<li data-start=\"1849\" data-end=\"1888\">\n<p data-start=\"1851\" data-end=\"1888\">Stromversorgung: 230 V Wechselstromnetz<\/p>\n<\/li>\n<li data-start=\"1889\" data-end=\"1939\">\n<p data-start=\"1891\" data-end=\"1939\">Funktion: Funktionspr\u00fcfung von W\u00e4rmemeldern<\/p>\n<\/li>\n<li data-start=\"1940\" data-end=\"2018\">\n<p data-start=\"1942\" data-end=\"2018\">Detektortypen: Festtemperatur-, Anstiegsgeschwindigkeits- und Kombinationsdetektoren<\/p>\n<\/li>\n<li data-start=\"2019\" data-end=\"2060\">\n<p data-start=\"2021\" data-end=\"2060\">Maximale Probentemperatur: Bis zu ca. 90 \u00b0C<\/p>\n<\/li>\n<li data-start=\"2061\" data-end=\"2122\">\n<p data-start=\"2063\" data-end=\"2122\">Kabel: 5 m f\u00fcr Netzanschluss (kann mit Solo 425 verl\u00e4ngert werden)<\/p>\n<\/li>\n<li data-start=\"2123\" data-end=\"2219\">\n<p data-start=\"2125\" data-end=\"2219\">Kompatibel mit: Solo 101, Solo 108, Solo 100 Zugangsstangen<\/p>\n<\/li>\n<\/ul>","protected":false},"excerpt":{"rendered":"<p>Der VD-Tester Solo 424 ist ein netzbetriebenes Pr\u00fcfger\u00e4t zur Funktionspr\u00fcfung von W\u00e4rmemeldern in Brandmeldeanlagen bis zu einer Deckenh\u00f6he von ca. 9 m.<\/p>\n<p>Es wird direkt an 230 V angeschlossen und erm\u00f6glicht schnelle und zuverl\u00e4ssige Tests mit einer \u00fcbersichtlichen LED-Anzeige.<\/p>\n<p>Geeignet f\u00fcr Installateure, Servicepersonal und Wartungsarbeiter.<\/p>","protected":false},"featured_media":162250,"template":"","meta":{"_acf_changed":false},"product_brand":[],"product_cat":[2945,5088],"product_tag":[],"class_list":{"0":"post-162251","1":"product","2":"type-product","3":"status-publish","4":"has-post-thumbnail","6":"product_cat-solo","7":"product_cat-solo-solo","8":"tm-no-options","10":"first","11":"instock","12":"taxable","13":"shipping-taxable","14":"purchasable","15":"product-type-simple"},"acf":[],"_links":{"self":[{"href":"https:\/\/secureus.se\/de\/wp-json\/wp\/v2\/product\/162251","targetHints":{"allow":["GET"]}}],"collection":[{"href":"https:\/\/secureus.se\/de\/wp-json\/wp\/v2\/product"}],"about":[{"href":"https:\/\/secureus.se\/de\/wp-json\/wp\/v2\/types\/product"}],"wp:featuredmedia":[{"embeddable":true,"href":"https:\/\/secureus.se\/de\/wp-json\/wp\/v2\/media\/162250"}],"wp:attachment":[{"href":"https:\/\/secureus.se\/de\/wp-json\/wp\/v2\/media?parent=162251"}],"wp:term":[{"taxonomy":"product_brand","embeddable":true,"href":"https:\/\/secureus.se\/de\/wp-json\/wp\/v2\/product_brand?post=162251"},{"taxonomy":"product_cat","embeddable":true,"href":"https:\/\/secureus.se\/de\/wp-json\/wp\/v2\/product_cat?post=162251"},{"taxonomy":"product_tag","embeddable":true,"href":"https:\/\/secureus.se\/de\/wp-json\/wp\/v2\/product_tag?post=162251"}],"curies":[{"name":"wp","href":"https:\/\/api.w.org\/{rel}","templated":true}]}}