{"id":162253,"date":"2025-11-21T12:21:23","date_gmt":"2025-11-21T11:21:23","guid":{"rendered":"https:\/\/secureus.se\/vd-provare-solo-461-batteridriven\/"},"modified":"2026-03-26T12:26:34","modified_gmt":"2026-03-26T11:26:34","slug":"vd-provare-solo-461-batteridriven","status":"publish","type":"product","link":"https:\/\/secureus.se\/de\/vd-provare-solo-461-batteridriven\/","title":{"rendered":"VD-Tester Solo 461, batteriebetrieben"},"content":{"rendered":"<h1>VD-Tester Solo 461, batteriebetrieben<\/h1>\n<h3 data-start=\"335\" data-end=\"404\">Batteriebetriebener W\u00e4rmedetektortester f\u00fcr den professionellen Einsatz<\/h3>\n<p data-start=\"405\" data-end=\"704\">Solo 461 ist ein kabelloser und batteriebetriebener VD-Tester, der f\u00fcr Funktionspr\u00fcfungen von W\u00e4rmemeldern in Brandmeldeanlagen eingesetzt wird.<\/p>\n<p data-start=\"405\" data-end=\"704\">Es eignet sich besonders f\u00fcr Techniker, die eine mobile und flexible Testl\u00f6sung ben\u00f6tigen, ohne w\u00e4hrend der Arbeit auf Netzstrom angewiesen zu sein.<\/p>\n<h3 data-start=\"706\" data-end=\"739\">Effizientes und sicheres Testen<\/h3>\n<p data-start=\"740\" data-end=\"1104\">Mit Solo 461 wird Hei\u00dfluft erzeugt, die W\u00e4rmemelder mit Ausl\u00f6setemperaturen von bis zu ca. 90 \u00b0C aktiviert.<\/p>\n<p data-start=\"740\" data-end=\"1104\">Die patentierte Konstruktion gew\u00e4hrleistet, dass die W\u00e4rme effektiv auf den Sensor des Detektors gerichtet wird und somit eine schnelle und zuverl\u00e4ssige Aktivierung erm\u00f6glicht.<\/p>\n<p data-start=\"740\" data-end=\"1104\">Der Test startet automatisch, sobald der Detektor den Infrarotsensor der Testabdeckung durchbricht.<\/p>\n<h3 data-start=\"1106\" data-end=\"1144\">Kompakt, flexibel und einfach zu bedienen<\/h3>\n<p data-start=\"1145\" data-end=\"1438\">Der Solo 461 ist einfach mit einer Hand oder in Verbindung mit Zugangsstangen (wie dem Solo 101, Solo 108 oder Solo 100) zu bedienen, um Detektoren in Decken bis zu einer H\u00f6he von ca. 9,3 m zu erreichen.<\/p>\n<p data-start=\"1145\" data-end=\"1438\">Der Batteriebetrieb erm\u00f6glicht es, Tests an verschiedenen Orten durchzuf\u00fchren, ohne dass ein Netzanschluss erforderlich ist.<\/p>\n<h3 data-start=\"1440\" data-end=\"1472\">Was ist enthalten und welche Vorteile bietet es?<\/h3>\n<ul data-start=\"1473\" data-end=\"1905\">\n<li data-start=\"1473\" data-end=\"1537\">\n<p data-start=\"1475\" data-end=\"1537\">Zwei wiederaufladbare Batterien (Solo 770) f\u00fcr lange Betriebsdauer<\/p>\n<\/li>\n<li data-start=\"1538\" data-end=\"1617\">\n<p data-start=\"1540\" data-end=\"1617\">Schnellladeger\u00e4t (Solo 727), das an das Stromnetz oder die 12-V-Steckdose des Autos angeschlossen werden kann.<\/p>\n<\/li>\n<li data-start=\"1618\" data-end=\"1690\">\n<p data-start=\"1620\" data-end=\"1690\">Der transparente Testbecher erm\u00f6glicht eine klare Sicht auf die LED-Anzeige des Detektors.<\/p>\n<\/li>\n<li data-start=\"1691\" data-end=\"1770\">\n<p data-start=\"1693\" data-end=\"1770\">Kabelloses Design f\u00fcr Flexibilit\u00e4t bei Arbeiten in der H\u00f6he oder auf engstem Raum<\/p>\n<\/li>\n<li data-start=\"1771\" data-end=\"1905\">\n<p data-start=\"1773\" data-end=\"1905\">Geeignet f\u00fcr Festtemperatur-, Differenztemperatur- und Kombinationsw\u00e4rmemelder bis ca. 90 \u00b0C<\/p>\n<\/li>\n<\/ul>\n<p data-start=\"1907\" data-end=\"1934\">TECHNISCHE DATEN:<\/p>\n<ul data-start=\"1935\" data-end=\"2394\">\n<li data-start=\"1935\" data-end=\"1982\">\n<p data-start=\"1937\" data-end=\"1982\">Produkt: Batteriebetriebener W\u00e4rmedetektor-Tester<\/p>\n<\/li>\n<li data-start=\"1983\" data-end=\"2023\">\n<p data-start=\"1985\" data-end=\"2023\">Modell: Solo 461 (ehemals Solo 460)<\/p>\n<\/li>\n<li data-start=\"2024\" data-end=\"2117\">\n<p data-start=\"2026\" data-end=\"2117\">Stromversorgung: Batteriebetrieben, inklusive 2 Solo 770-Akkus und Solo 727-Schnellladeger\u00e4t<\/p>\n<\/li>\n<li data-start=\"2118\" data-end=\"2168\">\n<p data-start=\"2120\" data-end=\"2168\">Funktion: Funktionspr\u00fcfung von W\u00e4rmemeldern<\/p>\n<\/li>\n<li data-start=\"2169\" data-end=\"2212\">\n<p data-start=\"2171\" data-end=\"2212\">Temperatur: Bis zu ca. 90 \u00b0C Ausl\u00f6sung<\/p>\n<\/li>\n<li data-start=\"2213\" data-end=\"2294\">\n<p data-start=\"2215\" data-end=\"2294\">Kompatibilit\u00e4t: Punkt-\/W\u00e4rmemelder mit zerbrechlicher Fotozelle, verschiedene Marken<\/p>\n<\/li>\n<li data-start=\"2295\" data-end=\"2394\">\n<p data-start=\"2297\" data-end=\"2394\">Verwendung mit: Solo-Zugstangen f\u00fcr H\u00f6hen bis ca. 9,3 m<\/p>\n<\/li>\n<\/ul>","protected":false},"excerpt":{"rendered":"<p>Solo 461 ist ein batteriebetriebenes VD-Testger\u00e4t f\u00fcr Funktionspr\u00fcfungen von W\u00e4rmemeldern bis ca. 90 \u00b0C.<\/p>\n<p>Es ist kabellos und wird mit zwei Akkus und einem Schnellladeger\u00e4t f\u00fcr eine einfache und zuverl\u00e4ssige Nutzung geliefert.<\/p>\n<p>Geeignet f\u00fcr Installateure, Techniker und Servicepersonal.<\/p>","protected":false},"featured_media":162252,"template":"","meta":{"_acf_changed":false},"product_brand":[],"product_cat":[2945,5088],"product_tag":[],"class_list":{"0":"post-162253","1":"product","2":"type-product","3":"status-publish","4":"has-post-thumbnail","6":"product_cat-solo","7":"product_cat-solo-solo","8":"tm-no-options","10":"first","11":"instock","12":"taxable","13":"shipping-taxable","14":"purchasable","15":"product-type-simple"},"acf":[],"_links":{"self":[{"href":"https:\/\/secureus.se\/de\/wp-json\/wp\/v2\/product\/162253","targetHints":{"allow":["GET"]}}],"collection":[{"href":"https:\/\/secureus.se\/de\/wp-json\/wp\/v2\/product"}],"about":[{"href":"https:\/\/secureus.se\/de\/wp-json\/wp\/v2\/types\/product"}],"wp:featuredmedia":[{"embeddable":true,"href":"https:\/\/secureus.se\/de\/wp-json\/wp\/v2\/media\/162252"}],"wp:attachment":[{"href":"https:\/\/secureus.se\/de\/wp-json\/wp\/v2\/media?parent=162253"}],"wp:term":[{"taxonomy":"product_brand","embeddable":true,"href":"https:\/\/secureus.se\/de\/wp-json\/wp\/v2\/product_brand?post=162253"},{"taxonomy":"product_cat","embeddable":true,"href":"https:\/\/secureus.se\/de\/wp-json\/wp\/v2\/product_cat?post=162253"},{"taxonomy":"product_tag","embeddable":true,"href":"https:\/\/secureus.se\/de\/wp-json\/wp\/v2\/product_tag?post=162253"}],"curies":[{"name":"wp","href":"https:\/\/api.w.org\/{rel}","templated":true}]}}