{"id":162255,"date":"2025-11-21T12:21:21","date_gmt":"2025-11-21T11:21:21","guid":{"rendered":"https:\/\/secureus.se\/detektorprovare-solo-332-rok-co-for-solo-a5-och-solo-c3\/"},"modified":"2026-04-08T16:01:26","modified_gmt":"2026-04-08T14:01:26","slug":"detektorprovare-solo-332-rok-co-for-solo-a5-och-solo-c3","status":"publish","type":"product","link":"https:\/\/secureus.se\/de\/detektorprovare-solo-332-rok-co-for-solo-a5-och-solo-c3\/","title":{"rendered":"Detektortester Solo 332 (Rauch\/CO) f\u00fcr Solo A5 und Solo C3"},"content":{"rendered":"<h1>Detektortester Solo 332 (Rauch\/CO) f\u00fcr Solo A5 und Solo C3<\/h1>\n<h3 data-start=\"375\" data-end=\"426\">Professionelle Funktionspr\u00fcfung von Detektoren<\/h3>\n<p data-start=\"427\" data-end=\"772\">Der Detektortester Solo 332 ist ein praktisches Testinstrument zur \u00dcberpr\u00fcfung der korrekten Funktion von Rauch- und CO-Meldern.<\/p>\n<p data-start=\"427\" data-end=\"772\">Es ist so konzipiert, dass es dem Detektorsensor kontrolliertes Probengas direkt zuf\u00fchrt, was ein wichtiger Bestandteil der monatlichen\/viertelj\u00e4hrlichen oder periodischen Funktionspr\u00fcfung gem\u00e4\u00df den Brandschutzvorschriften ist.<\/p>\n<h3 data-start=\"774\" data-end=\"814\">Verwendung mit Solo A5 und Solo C3<\/h3>\n<p data-start=\"815\" data-end=\"1098\">Solo 332 wird zusammen mit den Testgasen Solo A5 (f\u00fcr Rauchmelder) und Solo C3 (f\u00fcr CO-Melder) verwendet.<\/p>\n<p data-start=\"815\" data-end=\"1098\">Wenn die Testgasflasche im Testger\u00e4t montiert ist, wird das Gas in den Testbecher und um den Detektor herum verspr\u00fcht, was ein schnelles und zuverl\u00e4ssiges Testen erm\u00f6glicht.<\/p>\n<h3 data-start=\"1100\" data-end=\"1131\">Flexibles Testen in der H\u00f6he<\/h3>\n<p data-start=\"1132\" data-end=\"1407\">Das Messger\u00e4t kann in der Hand gehalten oder an Solo-Teleskopstangen (Solo 101, Solo 108 und\/oder Solo 100) montiert werden, um Messungen bis zu einer Deckenh\u00f6he von ca. 9,3 m durchzuf\u00fchren.<\/p>\n<p data-start=\"1132\" data-end=\"1407\">Der transparente Becher erm\u00f6glicht eine gute Sicht auf die LED-Anzeigen des Detektors w\u00e4hrend der Pr\u00fcfung.<\/p>\n<h3 data-start=\"1409\" data-end=\"1436\">Vorteile des Solo 332<\/h3>\n<ul data-start=\"1437\" data-end=\"1838\">\n<li data-start=\"1437\" data-end=\"1543\">\n<p data-start=\"1439\" data-end=\"1543\">Konzipiert f\u00fcr Rauch- und CO-Melder mit breiter Kompatibilit\u00e4t<\/p>\n<\/li>\n<li data-start=\"1544\" data-end=\"1656\">\n<p data-start=\"1546\" data-end=\"1656\">Durch den gr\u00f6\u00dferen Becher eignet er sich f\u00fcr Detektoren mit einem Durchmesser von bis zu ca. 133 mm.<\/p>\n<\/li>\n<li data-start=\"1657\" data-end=\"1751\">\n<p data-start=\"1659\" data-end=\"1751\">Kann zur H\u00f6henpr\u00fcfung an Verl\u00e4ngerungsstangen montiert werden.<\/p>\n<\/li>\n<li data-start=\"1752\" data-end=\"1838\">\n<p data-start=\"1754\" data-end=\"1838\">Der transparente Becher erm\u00f6glicht eine klare \u00dcbersicht w\u00e4hrend des Tests.<\/p>\n<\/li>\n<\/ul>\n<h3 data-start=\"1840\" data-end=\"1864\">Einsatzgebiete<\/h3>\n<p data-start=\"1865\" data-end=\"2089\">Der Solo 332 eignet sich ideal f\u00fcr Installationspr\u00fcfungen, Servicearbeiten und die routinem\u00e4\u00dfige Wartung von Brandmeldeanlagen in B\u00fcros, Industrieanlagen, \u00f6ffentlichen Geb\u00e4uden und Wohngebieten, wo eine genaue Detektorpr\u00fcfung erforderlich ist.<\/p>\n<p data-start=\"2091\" data-end=\"2118\">TECHNISCHE DATEN:<\/p>\n<ul data-start=\"2119\" data-end=\"2700\">\n<li data-start=\"2119\" data-end=\"2156\">\n<p data-start=\"2121\" data-end=\"2156\">Produkt: Detektortester (Rauch\/CO)<\/p>\n<\/li>\n<li data-start=\"2157\" data-end=\"2177\">\n<p data-start=\"2159\" data-end=\"2177\">Modell: Solo 332<\/p>\n<\/li>\n<li data-start=\"2178\" data-end=\"2273\">\n<p data-start=\"2180\" data-end=\"2273\">Funktion: Funktionspr\u00fcfung von Rauch- und Kohlenmonoxidmeldern<\/p>\n<\/li>\n<li data-start=\"2274\" data-end=\"2371\">\n<p data-start=\"2276\" data-end=\"2371\">Kompatibel mit folgenden Probengasen: Solo A5 (Rauch), Solo C3 (CO)<\/p>\n<\/li>\n<li data-start=\"2372\" data-end=\"2456\">\n<p data-start=\"2374\" data-end=\"2456\">Maximaler Detektordurchmesser: Bis zu ca. 133 mm<\/p>\n<\/li>\n<li data-start=\"2457\" data-end=\"2595\">\n<p data-start=\"2459\" data-end=\"2595\">Verwendung mit: Solo Teleskopstangen Solo 101, Solo 108, Solo 100 f\u00fcr Tests bis zu ca. 9,3 m<\/p>\n<\/li>\n<li data-start=\"2596\" data-end=\"2700\">\n<p data-start=\"2598\" data-end=\"2700\">Becher: Transparent mit schwenkbarer Aufh\u00e4ngung f\u00fcr Tests aus verschiedenen Winkeln<\/p>\n<\/li>\n<\/ul>","protected":false},"excerpt":{"rendered":"<p>Der Detektortester Solo 332 ist ein robustes Werkzeug f\u00fcr die Funktionspr\u00fcfung von Rauch- und CO-Meldern in Brandmeldeanlagen.<\/p>\n<p>Es wird mit den Pr\u00fcfgasen Solo A5 (Rauch) und Solo C3 (CO) verwendet und kann zur Pr\u00fcfung bis zu einer Deckenh\u00f6he von ca. 9,3 m an Teleskopstangen montiert werden.<\/p>\n<p>Geeignet f\u00fcr Installateure, Techniker und Servicepersonal.<\/p>","protected":false},"featured_media":162254,"template":"","meta":{"_acf_changed":false},"product_brand":[],"product_cat":[2945,5088],"product_tag":[],"class_list":{"0":"post-162255","1":"product","2":"type-product","3":"status-publish","4":"has-post-thumbnail","6":"product_cat-solo","7":"product_cat-solo-solo","8":"tm-no-options","10":"first","11":"instock","12":"taxable","13":"shipping-taxable","14":"purchasable","15":"product-type-simple"},"acf":[],"_links":{"self":[{"href":"https:\/\/secureus.se\/de\/wp-json\/wp\/v2\/product\/162255","targetHints":{"allow":["GET"]}}],"collection":[{"href":"https:\/\/secureus.se\/de\/wp-json\/wp\/v2\/product"}],"about":[{"href":"https:\/\/secureus.se\/de\/wp-json\/wp\/v2\/types\/product"}],"wp:featuredmedia":[{"embeddable":true,"href":"https:\/\/secureus.se\/de\/wp-json\/wp\/v2\/media\/162254"}],"wp:attachment":[{"href":"https:\/\/secureus.se\/de\/wp-json\/wp\/v2\/media?parent=162255"}],"wp:term":[{"taxonomy":"product_brand","embeddable":true,"href":"https:\/\/secureus.se\/de\/wp-json\/wp\/v2\/product_brand?post=162255"},{"taxonomy":"product_cat","embeddable":true,"href":"https:\/\/secureus.se\/de\/wp-json\/wp\/v2\/product_cat?post=162255"},{"taxonomy":"product_tag","embeddable":true,"href":"https:\/\/secureus.se\/de\/wp-json\/wp\/v2\/product_tag?post=162255"}],"curies":[{"name":"wp","href":"https:\/\/api.w.org\/{rel}","templated":true}]}}