{"id":162261,"date":"2025-11-21T12:16:48","date_gmt":"2025-11-21T11:16:48","guid":{"rendered":"https:\/\/secureus.se\/batteristav-solo-770-for-solo-461-testifire-1001-testifire-2001\/"},"modified":"2026-04-08T16:01:36","modified_gmt":"2026-04-08T14:01:36","slug":"batteristav-solo-770-for-solo-461-testifire-1001-testifire-2001","status":"publish","type":"product","link":"https:\/\/secureus.se\/de\/batteristav-solo-770-for-solo-461-testifire-1001-testifire-2001\/","title":{"rendered":"Batteriestab Solo 770 f\u00fcr Solo 461, Testifire 1001, Testifire 2001"},"content":{"rendered":"<h1>Batteriestab Solo 770 f\u00fcr Solo 461, Testifire 1001, Testifire 2001<\/h1>\n<h3 data-start=\"292\" data-end=\"339\">Langlebiger Akku f\u00fcr Testger\u00e4te<\/h3>\n<p data-start=\"340\" data-end=\"660\">Der Solo 770 Akku ist ein wiederaufladbarer Akku, der speziell f\u00fcr den Einsatz in tragbaren Testger\u00e4ten wie dem Solo 461, Testifire 1001 und Testifire 2001 entwickelt wurde.<\/p>\n<p data-start=\"340\" data-end=\"660\">Die Batterie ist so konzipiert, dass sie einen stabilen und lang anhaltenden Betrieb w\u00e4hrend der Funktionspr\u00fcfung des Detektors gew\u00e4hrleistet und ist daher eine unverzichtbare Komponente f\u00fcr Techniker und Servicepersonal.<\/p>\n<h3 data-start=\"662\" data-end=\"697\">Kompatibilit\u00e4t und Verwendung<\/h3>\n<p data-start=\"698\" data-end=\"989\">Solo 770 ist standardm\u00e4\u00dfig in den Kits f\u00fcr die Multikriterien-Pr\u00fcfger\u00e4te Testifire 1000\/1001 und Testifire 2000\/2001 sowie im W\u00e4rmemelder-Pr\u00fcfger\u00e4t Solo 461 enthalten.<\/p>\n<p data-start=\"698\" data-end=\"989\">Dadurch wird der Batteriestab zu einer vielseitigen L\u00f6sung f\u00fcr verschiedene Arten von Detektortests, egal ob Sie Rauch-, W\u00e4rme- oder Multikriterien-Detektoren testen.<\/p>\n<h3 data-start=\"991\" data-end=\"1023\">Aufladen und alle Vorteile<\/h3>\n<p data-start=\"1024\" data-end=\"1276\">Der Akku-Zauberstab kann nur mit dem Schnellladeger\u00e4t aufgeladen werden. <strong data-start=\"1074\" data-end=\"1086\">Solo 727<\/strong>, wodurch eine optimale Ladekontrolle und Sicherheit gew\u00e4hrleistet werden.<\/p>\n<p data-start=\"1024\" data-end=\"1276\">Mit dem richtigen Ladeger\u00e4t l\u00e4sst sich die Akkukapazit\u00e4t zwischen den Arbeitsschichten schnell wiederherstellen, wodurch Ausfallzeiten auf der Baustelle reduziert werden.<\/p>\n<h3 data-start=\"1278\" data-end=\"1305\">Vorteile der Solo 770<\/h3>\n<ul data-start=\"1306\" data-end=\"1527\">\n<li data-start=\"1306\" data-end=\"1364\">\n<p data-start=\"1308\" data-end=\"1364\">Wiederaufladbarer Akku f\u00fcr Pr\u00fcfger\u00e4te mit langer Betriebsdauer<\/p>\n<\/li>\n<li data-start=\"1365\" data-end=\"1419\">\n<p data-start=\"1367\" data-end=\"1419\">Passend f\u00fcr Solo 461, Testifire 1001 und Testifire 2001<\/p>\n<\/li>\n<li data-start=\"1420\" data-end=\"1470\">\n<p data-start=\"1422\" data-end=\"1470\">In mehreren Testkits von Solo\/Testifire enthalten<\/p>\n<\/li>\n<li data-start=\"1471\" data-end=\"1527\">\n<p data-start=\"1473\" data-end=\"1527\">F\u00fcr optimale Leistung mit dem Solo 727 Schnellladeger\u00e4t aufladen.<\/p>\n<\/li>\n<\/ul>\n<p data-start=\"1529\" data-end=\"1556\"><strong>TECHNISCHE DATEN:<\/strong><\/p>\n<ul data-start=\"1557\" data-end=\"1820\">\n<li data-start=\"1557\" data-end=\"1598\">\n<p data-start=\"1559\" data-end=\"1598\">Produkt: Akku-Zauberstab, wiederaufladbar<\/p>\n<\/li>\n<li data-start=\"1599\" data-end=\"1619\">\n<p data-start=\"1601\" data-end=\"1619\">Modell: Solo 770<\/p>\n<\/li>\n<li data-start=\"1620\" data-end=\"1680\">\n<p data-start=\"1622\" data-end=\"1680\">Kompatibel mit: Solo 461, Testifire 1001, Testifire 2001<\/p>\n<\/li>\n<li data-start=\"1681\" data-end=\"1721\">\n<p data-start=\"1683\" data-end=\"1721\">Im Lieferumfang enthalten: Solo\/Testifire-Testkit<\/p>\n<\/li>\n<li data-start=\"1722\" data-end=\"1768\">\n<p data-start=\"1724\" data-end=\"1768\">Laden: Nur mit dem Solo 727 Schnellladeger\u00e4t<\/p>\n<\/li>\n<li data-start=\"1769\" data-end=\"1820\">\n<p data-start=\"1771\" data-end=\"1820\">Anwendung: Stromversorgung f\u00fcr Pr\u00fcfdetektoren<\/p>\n<\/li>\n<\/ul>","protected":false},"excerpt":{"rendered":"<p>Die Batterieleiste Solo 770 ist eine wiederaufladbare Batterie f\u00fcr Solo 461, Testifire 1001 und Testifire 2001.<\/p>\n<p>Es ist im Lieferumfang des Pr\u00fcfger\u00e4ts f\u00fcr Multikriterien und W\u00e4rmemelder enthalten und bietet eine zuverl\u00e4ssige Stromversorgung f\u00fcr Pr\u00fcfungen vor Ort.<\/p>\n<p>Kann nur mit dem Schnellladeger\u00e4t Solo 727 geladen werden.<\/p>","protected":false},"featured_media":162260,"template":"","meta":{"_acf_changed":false},"product_brand":[],"product_cat":[2945,5088,5074,2946],"product_tag":[],"class_list":{"0":"post-162261","1":"product","2":"type-product","3":"status-publish","4":"has-post-thumbnail","6":"product_cat-solo","7":"product_cat-solo-solo","8":"product_cat-stromforsorjning-professionella-verktyg-for-prov-och-underhall","9":"product_cat-testifire","10":"tm-no-options","12":"first","13":"instock","14":"taxable","15":"shipping-taxable","16":"purchasable","17":"product-type-simple"},"acf":[],"_links":{"self":[{"href":"https:\/\/secureus.se\/de\/wp-json\/wp\/v2\/product\/162261","targetHints":{"allow":["GET"]}}],"collection":[{"href":"https:\/\/secureus.se\/de\/wp-json\/wp\/v2\/product"}],"about":[{"href":"https:\/\/secureus.se\/de\/wp-json\/wp\/v2\/types\/product"}],"wp:featuredmedia":[{"embeddable":true,"href":"https:\/\/secureus.se\/de\/wp-json\/wp\/v2\/media\/162260"}],"wp:attachment":[{"href":"https:\/\/secureus.se\/de\/wp-json\/wp\/v2\/media?parent=162261"}],"wp:term":[{"taxonomy":"product_brand","embeddable":true,"href":"https:\/\/secureus.se\/de\/wp-json\/wp\/v2\/product_brand?post=162261"},{"taxonomy":"product_cat","embeddable":true,"href":"https:\/\/secureus.se\/de\/wp-json\/wp\/v2\/product_cat?post=162261"},{"taxonomy":"product_tag","embeddable":true,"href":"https:\/\/secureus.se\/de\/wp-json\/wp\/v2\/product_tag?post=162261"}],"curies":[{"name":"wp","href":"https:\/\/api.w.org\/{rel}","templated":true}]}}