{"id":162267,"date":"2025-11-21T12:16:48","date_gmt":"2025-11-21T11:16:48","guid":{"rendered":"https:\/\/secureus.se\/forlangningskabel-5-m-solo-425\/"},"modified":"2026-04-23T12:46:59","modified_gmt":"2026-04-23T10:46:59","slug":"forlangningskabel-5-m-solo-425","status":"publish","type":"product","link":"https:\/\/secureus.se\/de\/forlangningskabel-5-m-solo-425\/","title":{"rendered":"Verl\u00e4ngerungskabel 5 m Solo 425"},"content":{"rendered":"<h1>Verl\u00e4ngerungskabel 5 m Solo 425<\/h1>\n<h3 data-start=\"277\" data-end=\"313\">Verl\u00e4ngerungskabel f\u00fcr Solo 424<\/h3>\n<p data-start=\"314\" data-end=\"560\">Solo 425 ist ein 5 Meter langes Verl\u00e4ngerungskabel, das f\u00fcr netzbetriebene Spannungspr\u00fcfger\u00e4te Solo 424 vorgesehen ist.<\/p>\n<p data-start=\"314\" data-end=\"560\">Wenn Sie beim Testen von W\u00e4rmemeldern eine gr\u00f6\u00dfere Reichweite ben\u00f6tigen, erleichtert Ihnen dieses Kabel das Erreichen mehrerer Testpunkte, ohne dass Sie die Stromverbindung st\u00e4ndig umstecken m\u00fcssen.<\/p>\n<h3 data-start=\"562\" data-end=\"596\">Flexible Nutzung vor Ort<\/h3>\n<p data-start=\"597\" data-end=\"826\">Das Verl\u00e4ngerungskabel bietet Ihnen mehr Flexibilit\u00e4t beim Arbeiten in gr\u00f6\u00dferen R\u00e4umen oder Geb\u00e4uden mit wenigen Steckdosen.<\/p>\n<p data-start=\"597\" data-end=\"826\">Es funktioniert zusammen mit Solo 424 und erm\u00f6glicht es, den Tester dort zu platzieren, wo er ben\u00f6tigt wird, auch wenn die Wandsteckdose etwas entfernt ist.<\/p>\n<h3 data-start=\"828\" data-end=\"855\">Vorteile des Solo 425<\/h3>\n<ul data-start=\"856\" data-end=\"999\">\n<li data-start=\"856\" data-end=\"893\">\n<p data-start=\"858\" data-end=\"893\">5 m zus\u00e4tzliches Kabel f\u00fcr gr\u00f6\u00dfere Reichweite<\/p>\n<\/li>\n<li data-start=\"894\" data-end=\"924\">\n<p data-start=\"896\" data-end=\"924\">Passend f\u00fcr Solo 424 VD-Tester<\/p>\n<\/li>\n<li data-start=\"925\" data-end=\"958\">\n<p data-start=\"927\" data-end=\"958\">Einfach zu bedienen und zu verbinden<\/p>\n<\/li>\n<li data-start=\"959\" data-end=\"999\">\n<p data-start=\"961\" data-end=\"999\">Verbessert die Effizienz beim Testen<\/p>\n<\/li>\n<\/ul>\n<p data-start=\"1001\" data-end=\"1028\"><strong>TECHNISCHE DATEN:<\/strong><\/p>\n<ul data-start=\"1029\" data-end=\"1178\">\n<li data-start=\"1029\" data-end=\"1059\">\n<p data-start=\"1031\" data-end=\"1059\">Produkt: Verl\u00e4ngerungskabel<\/p>\n<\/li>\n<li data-start=\"1060\" data-end=\"1080\">\n<p data-start=\"1062\" data-end=\"1080\">Modell: Solo 425<\/p>\n<\/li>\n<li data-start=\"1081\" data-end=\"1095\">\n<p data-start=\"1083\" data-end=\"1095\">L\u00e4nge: 5 m<\/p>\n<\/li>\n<li data-start=\"1096\" data-end=\"1132\">\n<p data-start=\"1098\" data-end=\"1132\">Verwendet mit: Solo 424 VD-Tester<\/p>\n<\/li>\n<li data-start=\"1133\" data-end=\"1178\">\n<p data-start=\"1135\" data-end=\"1178\">Funktion: Erh\u00f6ht die Reichweite der Netzwerkverbindung<\/p>\n<\/li>\n<\/ul>","protected":false},"excerpt":{"rendered":"<p>Das Verl\u00e4ngerungskabel Solo 425 ist ein 5 m langes Netzkabel, das die Reichweite des VD-Testers Solo 424 beim Testen der Funktion von W\u00e4rmemeldern erh\u00f6ht.<\/p>\n<p>Es bietet zus\u00e4tzliche Flexibilit\u00e4t bei der Bearbeitung gr\u00f6\u00dferer Fl\u00e4chen. Geeignet f\u00fcr Monteure und Servicepersonal.<\/p>","protected":false},"featured_media":162266,"template":"","meta":{"_acf_changed":false},"product_brand":[],"product_cat":[2945,5088,5074],"product_tag":[],"class_list":{"0":"post-162267","1":"product","2":"type-product","3":"status-publish","4":"has-post-thumbnail","6":"product_cat-solo","7":"product_cat-solo-solo","8":"product_cat-stromforsorjning-professionella-verktyg-for-prov-och-underhall","9":"tm-no-options","11":"first","12":"instock","13":"taxable","14":"shipping-taxable","15":"purchasable","16":"product-type-simple"},"acf":[],"_links":{"self":[{"href":"https:\/\/secureus.se\/de\/wp-json\/wp\/v2\/product\/162267","targetHints":{"allow":["GET"]}}],"collection":[{"href":"https:\/\/secureus.se\/de\/wp-json\/wp\/v2\/product"}],"about":[{"href":"https:\/\/secureus.se\/de\/wp-json\/wp\/v2\/types\/product"}],"wp:featuredmedia":[{"embeddable":true,"href":"https:\/\/secureus.se\/de\/wp-json\/wp\/v2\/media\/162266"}],"wp:attachment":[{"href":"https:\/\/secureus.se\/de\/wp-json\/wp\/v2\/media?parent=162267"}],"wp:term":[{"taxonomy":"product_brand","embeddable":true,"href":"https:\/\/secureus.se\/de\/wp-json\/wp\/v2\/product_brand?post=162267"},{"taxonomy":"product_cat","embeddable":true,"href":"https:\/\/secureus.se\/de\/wp-json\/wp\/v2\/product_cat?post=162267"},{"taxonomy":"product_tag","embeddable":true,"href":"https:\/\/secureus.se\/de\/wp-json\/wp\/v2\/product_tag?post=162267"}],"curies":[{"name":"wp","href":"https:\/\/api.w.org\/{rel}","templated":true}]}}