{"id":162269,"date":"2025-11-21T12:16:48","date_gmt":"2025-11-21T11:16:48","guid":{"rendered":"https:\/\/secureus.se\/snabbladdare-solo-727-for-batteri-solo-770\/"},"modified":"2026-04-08T16:01:46","modified_gmt":"2026-04-08T14:01:46","slug":"snabbladdare-solo-727-for-batteri-solo-770","status":"publish","type":"product","link":"https:\/\/secureus.se\/de\/snabbladdare-solo-727-for-batteri-solo-770\/","title":{"rendered":"Solo 727 Schnellladeger\u00e4t f\u00fcr Solo 770 Akku"},"content":{"rendered":"<h1>Solo 727 Schnellladeger\u00e4t f\u00fcr Solo 770 Akku<\/h1>\n<h3 data-start=\"360\" data-end=\"403\">Schnellladeger\u00e4t f\u00fcr Solo 770 Akku-Zauberstab<\/h3>\n<p data-start=\"404\" data-end=\"802\">Das Solo 727 ist ein Schnellladeger\u00e4t, das speziell f\u00fcr die wiederaufladbaren Akku-Zauberst\u00e4be Solo 770 entwickelt wurde.<\/p>\n<p data-start=\"404\" data-end=\"802\">Diese Batterien werden in tragbaren Detektortestern wie dem Solo 461 (W\u00e4rmedetektortester) und in Multikriterientestern verwendet. <strong data-start=\"610\" data-end=\"633\">Testifire 1000\/1001<\/strong> Und <strong data-start=\"638\" data-end=\"661\">Testfire 2000\/2001<\/strong>Damit ist der Solo 727 ein unverzichtbares Zubeh\u00f6r, um Ihre Testger\u00e4te stets einsatzbereit zu halten.<\/p>\n<h3 data-start=\"804\" data-end=\"837\">Schnelles und flexibles Laden<\/h3>\n<p data-start=\"838\" data-end=\"1183\">Das Ladeger\u00e4t kann direkt an eine Standard-230-V-Wandsteckdose oder an eine 12-V-Fahrzeugsteckdose angeschlossen werden und bietet somit Flexibilit\u00e4t am Arbeitsplatz.<\/p>\n<p data-start=\"838\" data-end=\"1183\">Es ist so konzipiert, dass es ein schnelles und sicheres Laden des Solo 770 erm\u00f6glicht, und die rote Markierung auf dem Kabel erleichtert das Erkennen des richtigen Anschlusses f\u00fcr den Akku.<\/p>\n<h3 data-start=\"1185\" data-end=\"1237\">Benutzerfreundliches und zuverl\u00e4ssiges Netzteil<\/h3>\n<p data-start=\"1238\" data-end=\"1525\">Mit Solo 727 erhalten Sie eine stabile Ladel\u00f6sung, die Ausfallzeiten minimiert und sicherstellt, dass Ihre Batterien einsatzbereit sind, wenn Sie sie brauchen.<\/p>\n<p data-start=\"1238\" data-end=\"1525\">Dadurch k\u00f6nnen Rauch-, W\u00e4rme- und CO-Melder bei der Installation, Wartung oder Instandhaltung problemlos getestet werden.<\/p>\n<p data-start=\"1527\" data-end=\"1554\">TECHNISCHE DATEN:<\/p>\n<ul data-start=\"1555\" data-end=\"1946\">\n<li data-start=\"1555\" data-end=\"1596\">\n<p data-start=\"1557\" data-end=\"1596\">Produkt: Akkuladeger\u00e4t\/Schnellladeger\u00e4t<\/p>\n<\/li>\n<li data-start=\"1597\" data-end=\"1621\">\n<p data-start=\"1599\" data-end=\"1621\">Modell: Solo 727\u2009001<\/p>\n<\/li>\n<li data-start=\"1622\" data-end=\"1686\">\n<p data-start=\"1624\" data-end=\"1686\">Lieferumfang: Solo 727 Schnellladeger\u00e4t f\u00fcr Solo 770<\/p>\n<\/li>\n<li data-start=\"1687\" data-end=\"1727\">\n<p data-start=\"1689\" data-end=\"1727\">Kompatibilit\u00e4t: Solo 770 Akku-Stick<\/p>\n<\/li>\n<li data-start=\"1728\" data-end=\"1792\">\n<p data-start=\"1730\" data-end=\"1792\">Stromversorgung: 230-V-Wandanschluss und 12-V-Kfz-Steckdose<\/p>\n<\/li>\n<li data-start=\"1793\" data-end=\"1859\">\n<p data-start=\"1795\" data-end=\"1859\">Funktion: Laden des Solo 770-Akkus f\u00fcr Testger\u00e4te<\/p>\n<\/li>\n<li data-start=\"1860\" data-end=\"1946\">\n<p data-start=\"1862\" data-end=\"1946\">Verwendung: L\u00e4dt nur den Solo 770 Akku-Zauberstab auf.<\/p>\n<\/li>\n<\/ul>","protected":false},"excerpt":{"rendered":"<p data-start=\"0\" data-end=\"338\">Das Schnellladeger\u00e4t Solo 727 ist ein Batterieladeger\u00e4t f\u00fcr die Solo 770-Batterieleiste, die in Pr\u00fcfger\u00e4ten wie dem Solo 461 und der Testifire-Serie verwendet wird.<\/p>\n<p data-start=\"0\" data-end=\"338\">Es l\u00e4dt die Batterie schnell mit 230 V oder 12 V auf.<\/p>\n<p data-start=\"0\" data-end=\"338\">Geeignet f\u00fcr Techniker und Servicepersonal, die eine schnelle und zuverl\u00e4ssige Stromversorgung ben\u00f6tigen.<\/p>\n<p data-start=\"340\" data-end=\"359\">","protected":false},"featured_media":162268,"template":"","meta":{"_acf_changed":false},"product_brand":[],"product_cat":[2945,5088,5074,2946],"product_tag":[],"class_list":{"0":"post-162269","1":"product","2":"type-product","3":"status-publish","4":"has-post-thumbnail","6":"product_cat-solo","7":"product_cat-solo-solo","8":"product_cat-stromforsorjning-professionella-verktyg-for-prov-och-underhall","9":"product_cat-testifire","10":"tm-no-options","12":"first","13":"instock","14":"taxable","15":"shipping-taxable","16":"purchasable","17":"product-type-simple"},"acf":[],"_links":{"self":[{"href":"https:\/\/secureus.se\/de\/wp-json\/wp\/v2\/product\/162269","targetHints":{"allow":["GET"]}}],"collection":[{"href":"https:\/\/secureus.se\/de\/wp-json\/wp\/v2\/product"}],"about":[{"href":"https:\/\/secureus.se\/de\/wp-json\/wp\/v2\/types\/product"}],"wp:featuredmedia":[{"embeddable":true,"href":"https:\/\/secureus.se\/de\/wp-json\/wp\/v2\/media\/162268"}],"wp:attachment":[{"href":"https:\/\/secureus.se\/de\/wp-json\/wp\/v2\/media?parent=162269"}],"wp:term":[{"taxonomy":"product_brand","embeddable":true,"href":"https:\/\/secureus.se\/de\/wp-json\/wp\/v2\/product_brand?post=162269"},{"taxonomy":"product_cat","embeddable":true,"href":"https:\/\/secureus.se\/de\/wp-json\/wp\/v2\/product_cat?post=162269"},{"taxonomy":"product_tag","embeddable":true,"href":"https:\/\/secureus.se\/de\/wp-json\/wp\/v2\/product_tag?post=162269"}],"curies":[{"name":"wp","href":"https:\/\/api.w.org\/{rel}","templated":true}]}}