{"id":162273,"date":"2025-11-21T12:10:21","date_gmt":"2025-11-21T11:10:21","guid":{"rendered":"https:\/\/secureus.se\/teleskopstang-45-m-solo-100-for-solo-och-testifire-produkterna\/"},"modified":"2026-04-23T12:47:16","modified_gmt":"2026-04-23T10:47:16","slug":"teleskopstang-45-m-solo-100-for-solo-och-testifire-produkterna","status":"publish","type":"product","link":"https:\/\/secureus.se\/de\/teleskopstang-45-m-solo-100-for-solo-och-testifire-produkterna\/","title":{"rendered":"Teleskopstange 4,5 m Solo 100 f\u00fcr Solo- und Testifire-Produkte"},"content":{"rendered":"<h1>Teleskopstange 4,5 m Solo 100 f\u00fcr Solo- und Testifire-Produkte<\/h1>\n<h3 data-start=\"357\" data-end=\"406\">Flexible Teleskopstange f\u00fcr Tests in der H\u00f6he<\/h3>\n<p data-start=\"407\" data-end=\"656\">Die Teleskopstange Solo 100 ist eine professionelle und einfach zu bedienende Fiberglas-Zugangsstange f\u00fcr Funktionstests und Wartungsarbeiten an Detektoren in Brandmeldeanlagen.<\/p>\n<p data-start=\"407\" data-end=\"656\">Es erm\u00f6glicht Ihnen eine stabile Reichweite ohne Leiter und erleichtert die Durchf\u00fchrung von Tests an deckenmontierten Detektoren.<\/p>\n<h3 data-start=\"658\" data-end=\"689\">Design und Nutzung<\/h3>\n<p data-start=\"690\" data-end=\"1085\">Solo 100 besteht aus vier Teleskopsegmenten, die auf 4,5 m ausgefahren werden k\u00f6nnen und somit eine Reichweite bieten, die typischerweise Detektoren erreicht, die bis zu ca. 6 m \u00fcber dem Boden montiert sind.<\/p>\n<p data-start=\"690\" data-end=\"1085\">Befestigen Sie Ihr Solo- oder Testifire-Werkzeug an der Spitze der Stange, um Rauch-, W\u00e4rme- oder CO-Meldertests durchzuf\u00fchren, ohne auf Leitern steigen zu m\u00fcssen.<\/p>\n<h3 data-start=\"1087\" data-end=\"1121\">Kombinieren Sie dies f\u00fcr noch h\u00f6here Decken<\/h3>\n<p data-start=\"1122\" data-end=\"1402\">Falls Sie h\u00f6here H\u00f6hen erreichen m\u00fcssen, kann die Solo 100 mit bis zu drei Solo 101 Verl\u00e4ngerungsstangen kombiniert werden, um eine Gesamtpr\u00fcfh\u00f6he von bis zu ca. 9,3 m zu erreichen.<\/p>\n<p data-start=\"1122\" data-end=\"1402\">Dadurch eignet es sich ideal f\u00fcr gro\u00dfe R\u00e4umlichkeiten, B\u00fcros und andere Geb\u00e4ude mit hohen Decken.<\/p>\n<h3 data-start=\"1404\" data-end=\"1431\">Vorteile von Solo 100<\/h3>\n<ul data-start=\"1432\" data-end=\"1718\">\n<li data-start=\"1432\" data-end=\"1487\">\n<p data-start=\"1434\" data-end=\"1487\">Vierteilige Teleskopstange f\u00fcr flexible L\u00e4nge<\/p>\n<\/li>\n<li data-start=\"1488\" data-end=\"1529\">\n<p data-start=\"1490\" data-end=\"1529\">Reichweite bis zu ca. 6 m (alleine)<\/p>\n<\/li>\n<li data-start=\"1530\" data-end=\"1597\">\n<p data-start=\"1532\" data-end=\"1597\">Kann mit Solo 101 Verl\u00e4ngerungsstangen auf ca. 9,3 m verl\u00e4ngert werden.<\/p>\n<\/li>\n<li data-start=\"1598\" data-end=\"1662\">\n<p data-start=\"1600\" data-end=\"1662\">Leichtes und nichtleitendes Fiberglas-Design f\u00fcr sichere Anwendung<\/p>\n<\/li>\n<li data-start=\"1663\" data-end=\"1718\">\n<p data-start=\"1665\" data-end=\"1718\">Kompatibel mit den Testtools Solo und Testifire.<\/p>\n<\/li>\n<\/ul>\n<p data-start=\"1720\" data-end=\"1747\">TECHNISCHE DATEN:<\/p>\n<ul data-start=\"1748\" data-end=\"2212\">\n<li data-start=\"1748\" data-end=\"1774\">\n<p data-start=\"1750\" data-end=\"1774\">Produkt: Teleskopstange<\/p>\n<\/li>\n<li data-start=\"1775\" data-end=\"1795\">\n<p data-start=\"1777\" data-end=\"1795\">Modell: Solo 100<\/p>\n<\/li>\n<li data-start=\"1796\" data-end=\"1820\">\n<p data-start=\"1798\" data-end=\"1820\">Abschnitte: 4 Teile<\/p>\n<\/li>\n<li data-start=\"1821\" data-end=\"1846\">\n<p data-start=\"1823\" data-end=\"1846\">Ausgezogene L\u00e4nge: 4,5 m<\/p>\n<\/li>\n<li data-start=\"1847\" data-end=\"1939\">\n<p data-start=\"1849\" data-end=\"1939\">Reichweite: Bis zu ca. 6 m Deckenh\u00f6he ohne Erweiterung<\/p>\n<\/li>\n<li data-start=\"1940\" data-end=\"2033\">\n<p data-start=\"1942\" data-end=\"2033\">Kompatibel mit: Solo- und Testifire-Testtools<\/p>\n<\/li>\n<li data-start=\"2034\" data-end=\"2134\">\n<p data-start=\"2036\" data-end=\"2134\">Erweiterbar mit: Bis zu 3\u00d7 Solo 101 f\u00fcr eine Gesamth\u00f6he von ca. 9,3 m<\/p>\n<\/li>\n<li data-start=\"2135\" data-end=\"2212\">\n<p data-start=\"2137\" data-end=\"2212\">Material: Glasfaser, nichtleitend<\/p>\n<\/li>\n<\/ul>","protected":false},"excerpt":{"rendered":"<p>Die Teleskopstange Solo 100 ist eine robuste, 4,5 m lange, vierteilige Stange, die den Zugang zu Detektoren bis zu einer Deckenh\u00f6he von ca. 6 m erm\u00f6glicht.<\/p>\n<p>Es ist mit den Pr\u00fcfger\u00e4ten Solo und Testifire kompatibel und kann mit Verl\u00e4ngerungsstangen f\u00fcr eine gr\u00f6\u00dfere H\u00f6he erweitert werden.<\/p>\n<p>Geeignet f\u00fcr Installateure und Servicepersonal.<\/p>","protected":false},"featured_media":162272,"template":"","meta":{"_acf_changed":false},"product_brand":[],"product_cat":[2945,5070,5088,5089,5072,2946],"product_tag":[],"class_list":{"0":"post-162273","1":"product","2":"type-product","3":"status-publish","4":"has-post-thumbnail","6":"product_cat-solo","7":"product_cat-provstanger","8":"product_cat-solo-solo","9":"product_cat-solo-365-solo-365","10":"product_cat-solo-365","11":"product_cat-testifire","12":"tm-no-options","14":"first","15":"instock","16":"taxable","17":"shipping-taxable","18":"purchasable","19":"product-type-simple"},"acf":[],"_links":{"self":[{"href":"https:\/\/secureus.se\/de\/wp-json\/wp\/v2\/product\/162273","targetHints":{"allow":["GET"]}}],"collection":[{"href":"https:\/\/secureus.se\/de\/wp-json\/wp\/v2\/product"}],"about":[{"href":"https:\/\/secureus.se\/de\/wp-json\/wp\/v2\/types\/product"}],"wp:featuredmedia":[{"embeddable":true,"href":"https:\/\/secureus.se\/de\/wp-json\/wp\/v2\/media\/162272"}],"wp:attachment":[{"href":"https:\/\/secureus.se\/de\/wp-json\/wp\/v2\/media?parent=162273"}],"wp:term":[{"taxonomy":"product_brand","embeddable":true,"href":"https:\/\/secureus.se\/de\/wp-json\/wp\/v2\/product_brand?post=162273"},{"taxonomy":"product_cat","embeddable":true,"href":"https:\/\/secureus.se\/de\/wp-json\/wp\/v2\/product_cat?post=162273"},{"taxonomy":"product_tag","embeddable":true,"href":"https:\/\/secureus.se\/de\/wp-json\/wp\/v2\/product_tag?post=162273"}],"curies":[{"name":"wp","href":"https:\/\/api.w.org\/{rel}","templated":true}]}}