{"id":162275,"date":"2025-11-21T12:10:19","date_gmt":"2025-11-21T11:10:19","guid":{"rendered":"https:\/\/secureus.se\/teleskopstang-25-m-solo-108\/"},"modified":"2026-03-26T12:23:27","modified_gmt":"2026-03-26T11:23:27","slug":"teleskopstang-25-m-solo-108","status":"publish","type":"product","link":"https:\/\/secureus.se\/de\/teleskopstang-25-m-solo-108\/","title":{"rendered":"Teleskopstange 2,5 m \u2013 Solo 108"},"content":{"rendered":"<h1>Teleskopstange 2,5 m \u2013 Solo 108<\/h1>\n<h3 data-start=\"270\" data-end=\"321\">Verstellbare Teleskopstange f\u00fcr effizientes Testen<\/h3>\n<p data-start=\"322\" data-end=\"568\">Die Teleskopstange Solo 108 ist f\u00fcr die einfache und sichere Pr\u00fcfung von Rauch-, W\u00e4rme- und CO-Meldern in mittleren H\u00f6hen konzipiert.<\/p>\n<p data-start=\"322\" data-end=\"568\">Durch die zweiteilige Konstruktion l\u00e4sst es sich schnell einstellen und einfach handhaben, was Wartung und Installation vor Ort erleichtert.<\/p>\n<h3 data-start=\"570\" data-end=\"611\">Flexible L\u00e4nge und einfache Handhabung<\/h3>\n<p data-start=\"612\" data-end=\"869\">Mit dem Solo 108 l\u00e4sst sich die L\u00e4nge der Messstange von 1,27 m bis 2,5 m verstellen. Es ist kompakt f\u00fcr Transport und Lagerung und bietet gleichzeitig ausreichend Reichweite f\u00fcr Pr\u00fcfungen ohne Leiter.<\/p>\n<p data-start=\"612\" data-end=\"869\">Der Stab ist mit den Pr\u00fcfger\u00e4ten Solo und Testifire kompatibel.<\/p>\n<h3 data-start=\"871\" data-end=\"898\">Vorteile der Solo 108<\/h3>\n<ul data-start=\"899\" data-end=\"1059\">\n<li data-start=\"899\" data-end=\"945\">\n<p data-start=\"901\" data-end=\"945\">Zwei Segmente f\u00fcr eine einstellbare L\u00e4nge von 1,27\u20132,5 m<\/p>\n<\/li>\n<li data-start=\"946\" data-end=\"972\">\n<p data-start=\"948\" data-end=\"972\">Leichtes und agiles Design<\/p>\n<\/li>\n<li data-start=\"973\" data-end=\"1011\">\n<p data-start=\"975\" data-end=\"1011\">Passend f\u00fcr Solo- und Testifire-Tester<\/p>\n<\/li>\n<li data-start=\"1012\" data-end=\"1059\">\n<p data-start=\"1014\" data-end=\"1059\">Erh\u00f6ht die Sicherheit und Effizienz beim Testen<\/p>\n<\/li>\n<\/ul>\n<p data-start=\"1061\" data-end=\"1088\">TECHNISCHE DATEN:<\/p>\n<ul data-start=\"1089\" data-end=\"1303\">\n<li data-start=\"1089\" data-end=\"1115\">\n<p data-start=\"1091\" data-end=\"1115\">Produkt: Teleskopstange<\/p>\n<\/li>\n<li data-start=\"1116\" data-end=\"1136\">\n<p data-start=\"1118\" data-end=\"1136\">Modell: Solo 108<\/p>\n<\/li>\n<li data-start=\"1137\" data-end=\"1159\">\n<p data-start=\"1139\" data-end=\"1159\">Segmente: 2 St\u00fcck<\/p>\n<\/li>\n<li data-start=\"1160\" data-end=\"1191\">\n<p data-start=\"1162\" data-end=\"1191\">Verstellbare L\u00e4nge: 1,27\u20132,5 m<\/p>\n<\/li>\n<li data-start=\"1192\" data-end=\"1247\">\n<p data-start=\"1194\" data-end=\"1247\">Kompatibel mit: Solo- und Testifire-Testtools<\/p>\n<\/li>\n<li data-start=\"1248\" data-end=\"1303\">\n<p data-start=\"1250\" data-end=\"1303\">Anwendung: Zum Testen von Detektoren in mittlerer H\u00f6he<\/p>\n<\/li>\n<\/ul>","protected":false},"excerpt":{"rendered":"<p>Die Teleskopstange Solo 108 ist eine kompakte Stange mit 2 Segmenten, die von 1,27 m bis 2,5 m verstellbar ist.<\/p>\n<p>Es wird in Verbindung mit Solo- und Testifire-Testern verwendet, um Detektoren in mittleren H\u00f6hen ohne Leiter zu erreichen.<\/p>\n<p>Geeignet f\u00fcr Techniker und Servicepersonal.<\/p>","protected":false},"featured_media":162274,"template":"","meta":{"_acf_changed":false},"product_brand":[],"product_cat":[2945,5070,5088,5089,5072,2946],"product_tag":[],"class_list":{"0":"post-162275","1":"product","2":"type-product","3":"status-publish","4":"has-post-thumbnail","6":"product_cat-solo","7":"product_cat-provstanger","8":"product_cat-solo-solo","9":"product_cat-solo-365-solo-365","10":"product_cat-solo-365","11":"product_cat-testifire","12":"tm-no-options","14":"first","15":"instock","16":"taxable","17":"shipping-taxable","18":"purchasable","19":"product-type-simple"},"acf":[],"_links":{"self":[{"href":"https:\/\/secureus.se\/de\/wp-json\/wp\/v2\/product\/162275","targetHints":{"allow":["GET"]}}],"collection":[{"href":"https:\/\/secureus.se\/de\/wp-json\/wp\/v2\/product"}],"about":[{"href":"https:\/\/secureus.se\/de\/wp-json\/wp\/v2\/types\/product"}],"wp:featuredmedia":[{"embeddable":true,"href":"https:\/\/secureus.se\/de\/wp-json\/wp\/v2\/media\/162274"}],"wp:attachment":[{"href":"https:\/\/secureus.se\/de\/wp-json\/wp\/v2\/media?parent=162275"}],"wp:term":[{"taxonomy":"product_brand","embeddable":true,"href":"https:\/\/secureus.se\/de\/wp-json\/wp\/v2\/product_brand?post=162275"},{"taxonomy":"product_cat","embeddable":true,"href":"https:\/\/secureus.se\/de\/wp-json\/wp\/v2\/product_cat?post=162275"},{"taxonomy":"product_tag","embeddable":true,"href":"https:\/\/secureus.se\/de\/wp-json\/wp\/v2\/product_tag?post=162275"}],"curies":[{"name":"wp","href":"https:\/\/api.w.org\/{rel}","templated":true}]}}