{"id":162277,"date":"2025-11-21T12:10:19","date_gmt":"2025-11-21T11:10:19","guid":{"rendered":"https:\/\/secureus.se\/provstangsforlangare-113-m-solo-101-for-solo-och-testifire-produkterna\/"},"modified":"2026-04-23T12:47:27","modified_gmt":"2026-04-23T10:47:27","slug":"provstangsforlangare-113-m-solo-101-for-solo-och-testifire-produkterna","status":"publish","type":"product","link":"https:\/\/secureus.se\/de\/provstangsforlangare-113-m-solo-101-for-solo-och-testifire-produkterna\/","title":{"rendered":"Teststabverl\u00e4ngerung 1,13 m \u2013 Solo 101 f\u00fcr Solo- und Testifire-Produkte"},"content":{"rendered":"<h1>Teststabverl\u00e4ngerung 1,13 m \u2013 Solo 101 f\u00fcr Solo- und Testifire-Produkte<\/h1>\n<h3 data-start=\"262\" data-end=\"312\">Verl\u00e4ngern Sie Ihre Teleskopstange f\u00fcr eine gr\u00f6\u00dfere Reichweite<\/h3>\n<p data-start=\"313\" data-end=\"507\">Der Solo 101 Teststab-Verl\u00e4ngerungssatz wurde entwickelt, um beim Testen von Rauch-, W\u00e4rme- und CO-Meldern eine gr\u00f6\u00dfere Reichweite zu erm\u00f6glichen.<\/p>\n<p data-start=\"313\" data-end=\"507\">Es passt in erster Linie zum Solo 110, kann aber auch mit dem Solo 108 und dem Solo 100 verwendet werden.<\/p>\n<h3 data-start=\"509\" data-end=\"534\">Flexibler Einsatz<\/h3>\n<p data-start=\"535\" data-end=\"782\">Jedes Verl\u00e4ngerungsst\u00fcck ist 0,5 m lang und kann mit bis zu drei St\u00fccken verbunden werden, wodurch eine zus\u00e4tzliche Gesamth\u00f6he von 1,5 m erreicht wird.<\/p>\n<p data-start=\"535\" data-end=\"782\">Dadurch k\u00f6nnen hoch angebrachte Detektoren problemlos ohne Leiter erreicht werden, was die Effizienz bei Wartung und Installation erh\u00f6ht.<\/p>\n<h3 data-start=\"784\" data-end=\"811\">Vorteile von Solo 101<\/h3>\n<ul data-start=\"812\" data-end=\"1030\">\n<li data-start=\"812\" data-end=\"861\">\n<p data-start=\"814\" data-end=\"861\">Verl\u00e4ngert Teleskopstangen um 0,5 m pro Einheit<\/p>\n<\/li>\n<li data-start=\"862\" data-end=\"912\">\n<p data-start=\"864\" data-end=\"912\">Kompatibel mit Solo 110, Solo 108 und Solo 100<\/p>\n<\/li>\n<li data-start=\"913\" data-end=\"981\">\n<p data-start=\"915\" data-end=\"981\">Bis zu 3 St\u00fcck k\u00f6nnen miteinander verbunden werden, um die Reichweite um insgesamt 1,5 m zu erh\u00f6hen.<\/p>\n<\/li>\n<li data-start=\"982\" data-end=\"1030\">\n<p data-start=\"984\" data-end=\"1030\">Einfach und bequem im Arbeitsalltag zu verwenden.<\/p>\n<\/li>\n<\/ul>\n<p data-start=\"1032\" data-end=\"1059\">TECHNISCHE DATEN:<\/p>\n<ul data-start=\"1060\" data-end=\"1309\">\n<li data-start=\"1060\" data-end=\"1093\">\n<p data-start=\"1062\" data-end=\"1093\">Produkt: Teststabverl\u00e4ngerung<\/p>\n<\/li>\n<li data-start=\"1094\" data-end=\"1114\">\n<p data-start=\"1096\" data-end=\"1114\">Modell: Solo 101<\/p>\n<\/li>\n<li data-start=\"1115\" data-end=\"1141\">\n<p data-start=\"1117\" data-end=\"1141\">L\u00e4nge pro Einheit: 0,5 m<\/p>\n<\/li>\n<li data-start=\"1142\" data-end=\"1190\">\n<p data-start=\"1144\" data-end=\"1190\">Kompatibel mit: Solo 110, Solo 108, Solo 100<\/p>\n<\/li>\n<li data-start=\"1191\" data-end=\"1240\">\n<p data-start=\"1193\" data-end=\"1240\">Maximale Anzahl anschlie\u00dfbar: 3 St\u00fcck (insgesamt 1,5 m)<\/p>\n<\/li>\n<li data-start=\"1241\" data-end=\"1309\">\n<p data-start=\"1243\" data-end=\"1309\">Verwendung: Verl\u00e4ngert Teleskopstangen beim Testen von Detektoren<\/p>\n<\/li>\n<\/ul>","protected":false},"excerpt":{"rendered":"<p>Der Solo 101 Probenstangenverl\u00e4ngerer ist eine 0,5 m lange Verl\u00e4ngerung f\u00fcr Teleskopstangen wie die Solo 110, Solo 108 und Solo 100.<\/p>\n<p>Dadurch k\u00f6nnen beim Testen von Detektoren h\u00f6here Decken erreicht werden und es k\u00f6nnen bis zu drei Ger\u00e4te angeschlossen werden.<\/p>","protected":false},"featured_media":162276,"template":"","meta":{"_acf_changed":false},"product_brand":[],"product_cat":[2945,5070,5088,5072,5089,2946],"product_tag":[],"class_list":{"0":"post-162277","1":"product","2":"type-product","3":"status-publish","4":"has-post-thumbnail","6":"product_cat-solo","7":"product_cat-provstanger","8":"product_cat-solo-solo","9":"product_cat-solo-365","10":"product_cat-solo-365-solo-365","11":"product_cat-testifire","12":"tm-no-options","14":"first","15":"instock","16":"taxable","17":"shipping-taxable","18":"purchasable","19":"product-type-simple"},"acf":[],"_links":{"self":[{"href":"https:\/\/secureus.se\/de\/wp-json\/wp\/v2\/product\/162277","targetHints":{"allow":["GET"]}}],"collection":[{"href":"https:\/\/secureus.se\/de\/wp-json\/wp\/v2\/product"}],"about":[{"href":"https:\/\/secureus.se\/de\/wp-json\/wp\/v2\/types\/product"}],"wp:featuredmedia":[{"embeddable":true,"href":"https:\/\/secureus.se\/de\/wp-json\/wp\/v2\/media\/162276"}],"wp:attachment":[{"href":"https:\/\/secureus.se\/de\/wp-json\/wp\/v2\/media?parent=162277"}],"wp:term":[{"taxonomy":"product_brand","embeddable":true,"href":"https:\/\/secureus.se\/de\/wp-json\/wp\/v2\/product_brand?post=162277"},{"taxonomy":"product_cat","embeddable":true,"href":"https:\/\/secureus.se\/de\/wp-json\/wp\/v2\/product_cat?post=162277"},{"taxonomy":"product_tag","embeddable":true,"href":"https:\/\/secureus.se\/de\/wp-json\/wp\/v2\/product_tag?post=162277"}],"curies":[{"name":"wp","href":"https:\/\/api.w.org\/{rel}","templated":true}]}}