{"id":162406,"date":"2026-02-16T12:44:28","date_gmt":"2026-02-16T11:44:28","guid":{"rendered":"https:\/\/secureus.se\/?post_type=product&#038;p=162406"},"modified":"2026-04-23T12:59:15","modified_gmt":"2026-04-23T10:59:15","slug":"smd-976-powerg-plus-tradlos-rok-varmedetektor","status":"publish","type":"product","link":"https:\/\/secureus.se\/de\/smd-976-powerg-plus-tradlos-rok-varmedetektor\/","title":{"rendered":"Visonic Rauch- und W\u00e4rmemelder SMD-976 PG2+ PowerG Wireless \u2013 ersetzt SMD-429"},"content":{"rendered":"<h2>Visonic SMD-976 PGP \u2013 PowerG Rauch- und W\u00e4rmemelder<\/h2>\n<p><strong>Visonic SMD-976 PGP<\/strong> ist ein drahtloser Brandmelder f\u00fcr Visonic PowerMaster-Systeme, der mehrere Sensortypen kombiniert, um Br\u00e4nde so fr\u00fch wie m\u00f6glich zu erkennen. Er enth\u00e4lt sowohl <strong>optischer Rauchmelder, station\u00e4rer Temperatursensor und Erkennung eines schnellen Temperaturanstiegs<\/strong>.<\/p>\n<p>Der Detektor verwendet <strong>PowerG-Funktechnologie<\/strong> das eine stabile und sichere Kommunikation mit dem Alarmsystem gew\u00e4hrleistet.<\/p>\n<hr \/>\n<h2>Ersetzt Vorg\u00e4ngermodelle<\/h2>\n<p>Der SMD-976 PGP ist die n\u00e4chste Generation von PowerG-Brandmeldern und kann in vielen Installationen fr\u00fchere Modelle ersetzen, wie zum Beispiel <strong>Visonic SMD-429<\/strong>.<\/p>\n<p>Das neue Modell bietet verbesserte Diagnosefunktionen, eine l\u00e4ngere Akkulaufzeit und moderne PowerG-Kommunikation.<\/p>\n<hr \/>\n<h2>Erweiterte Diagnostik<\/h2>\n<p>Der Detektor bietet mehrere Funktionen, die Service und Wartung vereinfachen:<\/p>\n<ul>\n<li>Echtzeit-Anzeige des Batteriestands \u00fcber das Alarmpanel<\/li>\n<li>Staub\u00fcberwachung der Rauchkammer (mit kompatiblen PowerG+-Panels)<\/li>\n<li>einfacher Zugang zur Rauchkammer zur Reinigung<\/li>\n<\/ul>\n<p>Diese Merkmale tragen dazu bei, die optimale Leistung \u00fcber die Zeit aufrechtzuerhalten.<\/p>\n<hr \/>\n<h2>PowerG-Technologie<\/h2>\n<p>PowerG ist die fortschrittliche drahtlose Technologie von Visonics f\u00fcr Sicherheitsprodukte und bietet Folgendes:<\/p>\n<ul>\n<li>hohe Betriebssicherheit<\/li>\n<li>stabile Kommunikation<\/li>\n<li>gro\u00dfe Reichweite<\/li>\n<li>bidirektionale Kommunikation zwischen Sensor und Zentrale<\/li>\n<\/ul>\n<hr \/>\n<h2>Kompatibilit\u00e4t<\/h2>\n<p>SMD-976 PGP ist kompatibel mit <strong>Visonic PowerMaster-Bedienfelder ab Firmware-Version 20.xxx<\/strong>.<\/p>\n<p>Es liegen aktuell Berichte vor, dass einige \u00e4ltere PowerMaster-Zentralen mit \u00e4lterer Firmware m\u00f6glicherweise Verbindungsprobleme mit diesem Modell haben. Laut Hersteller ist eine aktualisierte Version des Produkts verf\u00fcgbar. <strong>Johnson Controls (JCI)<\/strong> wird derzeit f\u00fcr eine bessere Kompatibilit\u00e4t mit \u00e4lteren Systemen weiterentwickelt.<\/p>\n<p>Wenn Sie sich nicht sicher sind, welche Firmware Ihr Bedienfeld verwendet, empfehlen wir Ihnen, sich vor dem Kauf mit uns in Verbindung zu setzen.<\/p>\n<hr \/>\n<h2>Installation<\/h2>\n<p>Der Melder wird \u00fcblicherweise an der Decke montiert und ist batteriebetrieben. Die eingebaute piezoelektrische Sirene dient im Brandfall als lokaler Alarm.<\/p>\n<hr \/>\n<h2>Hauptmerkmale<\/h2>\n<ul>\n<li>Drahtloser Rauch- und W\u00e4rmemelder<\/li>\n<li>Optischer Rauchmelder<\/li>\n<li>Feste Temperaturerfassung<\/li>\n<li>Erkennung eines raschen Temperaturanstiegs<\/li>\n<li>PowerG-Funktechnologie<\/li>\n<li>Eingebaute Sirene<\/li>\n<li>Echtzeit-Akkustandsanzeige<\/li>\n<li>Staub\u00fcberwachung der Rauchkammer<\/li>\n<li>Ersetzt das Vorg\u00e4ngermodell SMD-429<\/li>\n<\/ul>\n<hr \/>\n<h2>Hinzuf\u00fcgen des Detektors zu PowerMaster<\/h2>\n<ol>\n<li>Gehen Sie im PowerMaster-Bedienfeld zum Installationsmen\u00fc.<\/li>\n<li>W\u00e4hlen <strong>Ger\u00e4t registrieren \/ Ger\u00e4t hinzuf\u00fcgen<\/strong>.<\/li>\n<li>Aktivieren Sie den Detektor, indem Sie die Batterie einlegen oder die Batterielasche entfernen.<\/li>\n<li>Das Bedienfeld findet das Ger\u00e4t automatisch und Sie k\u00f6nnen es speichern.<\/li>\n<\/ol>","protected":false},"excerpt":{"rendered":"<p><strong>Visonic SMD-976 PGP<\/strong> ist ein drahtloses <strong>PowerG Rauch- und W\u00e4rmemelder<\/strong> f\u00fcr Visonic PowerMaster-Systeme. Es erkennt sowohl Rauch, konstante Temperaturen als auch schnelle Temperaturanstiege und verf\u00fcgt \u00fcber eine eingebaute Sirene zur lokalen Alarmierung.<\/p>\n<p>Der Detektor ist kompatibel mit <strong>Intelligenzquotient und<\/strong>\u00a0<strong>PowerMaster-Panels ab Firmware-Version 20.xxx<\/strong> und sp\u00e4ter. Es kann als Ersatz f\u00fcr \u00e4ltere Modelle wie beispielsweise verwendet werden. <strong>SMD-429<\/strong>.<\/p>","protected":false},"featured_media":162405,"template":"","meta":{"_acf_changed":false},"product_brand":[],"product_cat":[3383],"product_tag":[],"class_list":{"0":"post-162406","1":"product","2":"type-product","3":"status-publish","4":"has-post-thumbnail","6":"product_cat-visonic-brandvarnare-vattendetektor-temperatur","7":"pa_brands-5visonic","8":"tm-no-options","10":"first","11":"instock","12":"sale","13":"taxable","14":"shipping-taxable","15":"purchasable","16":"product-type-simple"},"acf":[],"_links":{"self":[{"href":"https:\/\/secureus.se\/de\/wp-json\/wp\/v2\/product\/162406","targetHints":{"allow":["GET"]}}],"collection":[{"href":"https:\/\/secureus.se\/de\/wp-json\/wp\/v2\/product"}],"about":[{"href":"https:\/\/secureus.se\/de\/wp-json\/wp\/v2\/types\/product"}],"wp:featuredmedia":[{"embeddable":true,"href":"https:\/\/secureus.se\/de\/wp-json\/wp\/v2\/media\/162405"}],"wp:attachment":[{"href":"https:\/\/secureus.se\/de\/wp-json\/wp\/v2\/media?parent=162406"}],"wp:term":[{"taxonomy":"product_brand","embeddable":true,"href":"https:\/\/secureus.se\/de\/wp-json\/wp\/v2\/product_brand?post=162406"},{"taxonomy":"product_cat","embeddable":true,"href":"https:\/\/secureus.se\/de\/wp-json\/wp\/v2\/product_cat?post=162406"},{"taxonomy":"product_tag","embeddable":true,"href":"https:\/\/secureus.se\/de\/wp-json\/wp\/v2\/product_tag?post=162406"}],"curies":[{"name":"wp","href":"https:\/\/api.w.org\/{rel}","templated":true}]}}