{"id":162487,"date":"2026-02-19T16:01:28","date_gmt":"2026-02-19T15:01:28","guid":{"rendered":"https:\/\/secureus.se\/ajax-curtain-outdoor-jeweller-vit\/"},"modified":"2026-03-09T20:38:10","modified_gmt":"2026-03-09T19:38:10","slug":"ajax-curtain-outdoor-jeweller-vit","status":"publish","type":"product","link":"https:\/\/secureus.se\/de\/ajax-curtain-outdoor-jeweller-vit\/","title":{"rendered":"Ajax Vorhang f\u00fcr den Au\u00dfenbereich, Wei\u00df"},"content":{"rendered":"<h1>Ajax Vorhang Outdoor Juwelier Wei\u00df<\/h1>\n<p data-start=\"256\" data-end=\"584\">Der Ajax Curtain Outdoor Jeweller ist ein professioneller, drahtloser Vorhangbewegungsmelder, der f\u00fcr die pr\u00e4zise Perimeter\u00fcberwachung im Innen- und Au\u00dfenbereich entwickelt wurde.<\/p>\n<p data-start=\"256\" data-end=\"584\">Es ist so konzipiert, dass es die empfindlichsten Bereiche des Grundst\u00fccks sch\u00fctzt \u2013 Fenster, T\u00fcren, Tore, Z\u00e4une, Durchg\u00e4nge und andere \u00d6ffnungen \u2013, wo die fr\u00fchzeitige Erkennung eines Eindringens von entscheidender Bedeutung ist.<\/p>\n<p data-start=\"586\" data-end=\"964\">Im Gegensatz zu herk\u00f6mmlichen Bewegungsmeldern arbeitet Curtain Outdoor Jeweller mit einer schmalen und gerichteten Erfassungszone. Dadurch ist es m\u00f6glich, einen effektiven Schutz entlang der Geb\u00e4udegrenze zu schaffen, ohne die Bewegungsfreiheit innerhalb des Bereichs einzuschr\u00e4nken.<\/p>\n<p data-start=\"586\" data-end=\"964\">Dadurch eignet es sich ideal f\u00fcr Wohnh\u00e4user, Gewerbeimmobilien, Lagerhallen, B\u00fcros und andere sicherheitskritische Umgebungen, in denen Perimeteralarme erforderlich sind.<\/p>\n<h3 data-section-id=\"wllvvg\" data-start=\"971\" data-end=\"1015\">Pr\u00e4zise Vorhangerkennung f\u00fcr Perimeteralarm<\/h3>\n<p data-start=\"1016\" data-end=\"1323\">Curtain Outdoor Jeweller nutzt einen engen Erfassungswinkel von nur etwa 8\u00b0, wodurch eine pr\u00e4zise und kontrollierte \u00dcberwachungszone entlang von W\u00e4nden, Fenstern oder Durchg\u00e4ngen geschaffen wird.<\/p>\n<p data-start=\"1016\" data-end=\"1323\">Dadurch ist es m\u00f6glich, Eindringlinge bereits zu erkennen, bevor jemand das Geb\u00e4ude betritt, und somit einen wirksamen Schutz f\u00fcr das Eigentum zu gew\u00e4hrleisten.<\/p>\n<p data-start=\"1325\" data-end=\"1567\">Je nach Installationsh\u00f6he und Einstellungen kann eine Bewegung bis zu einer Entfernung von 12 Metern erkannt werden.<\/p>\n<p data-start=\"1325\" data-end=\"1567\">Der Sensor kann an unterschiedliche Entfernungen und Umgebungen angepasst werden und bietet somit eine hohe Flexibilit\u00e4t bei der Installation.<\/p>\n<p data-start=\"1569\" data-end=\"1602\">Dadurch eignet es sich besonders f\u00fcr:<\/p>\n<ul data-start=\"1604\" data-end=\"1752\">\n<li data-section-id=\"1xft39\" data-start=\"1604\" data-end=\"1631\">\n<p data-start=\"1606\" data-end=\"1631\">Fassaden und Au\u00dfenw\u00e4nde<\/p>\n<\/li>\n<li data-section-id=\"1cgn0ty\" data-start=\"1632\" data-end=\"1657\">\n<p data-start=\"1634\" data-end=\"1657\">Eing\u00e4nge und Hintert\u00fcren<\/p>\n<\/li>\n<li data-section-id=\"1o408z9\" data-start=\"1658\" data-end=\"1674\">\n<p data-start=\"1660\" data-end=\"1674\">Garagentore<\/p>\n<\/li>\n<li data-section-id=\"1g65czz\" data-start=\"1675\" data-end=\"1693\">\n<p data-start=\"1677\" data-end=\"1693\">Fensterabschnitte<\/p>\n<\/li>\n<li data-section-id=\"9ybatx\" data-start=\"1694\" data-end=\"1716\">\n<p data-start=\"1696\" data-end=\"1716\">Tore und Z\u00e4une<\/p>\n<\/li>\n<li data-section-id=\"w2qid0\" data-start=\"1717\" data-end=\"1752\">\n<p data-start=\"1719\" data-end=\"1752\">Gehwege und enge R\u00e4ume<\/p>\n<\/li>\n<\/ul>\n<h3 data-start=\"1719\" data-end=\"1752\">Duale Technologie f\u00fcr maximale Zuverl\u00e4ssigkeit<\/h3>\n<p data-start=\"1803\" data-end=\"2042\">Um eine h\u00f6chstm\u00f6gliche Betriebssicherheit zu gew\u00e4hrleisten, verwendet Ajax Curtain Outdoor Jeweller eine fortschrittliche duale Bewegungserkennung.<\/p>\n<p data-start=\"1803\" data-end=\"2042\">Das Ger\u00e4t kombiniert zwei PIR-Sensoren mit einem K-Band-Mikrowellensensor, die zusammenarbeiten, um Bewegungen zu analysieren.<\/p>\n<p data-start=\"2044\" data-end=\"2225\">Wenn die PIR-Sensoren Temperatur\u00e4nderungen registrieren, wird das Signal anschlie\u00dfend vom Mikrowellensensor weiter analysiert.<\/p>\n<p data-start=\"2044\" data-end=\"2225\">Dadurch kann das System reale Eingriffe von Umwelteinfl\u00fcssen wie beispielsweise Folgendem unterscheiden:<\/p>\n<ul data-start=\"2227\" data-end=\"2364\">\n<li data-section-id=\"1g0hmau\" data-start=\"2227\" data-end=\"2243\">\n<p data-start=\"2229\" data-end=\"2243\">Windbewegungen<\/p>\n<\/li>\n<li data-section-id=\"7d6fv2\" data-start=\"2244\" data-end=\"2284\">\n<p data-start=\"2246\" data-end=\"2284\">Luftstr\u00f6me aus der L\u00fcftung oder Klimaanlage<\/p>\n<\/li>\n<li data-section-id=\"1gm22ep\" data-start=\"2285\" data-end=\"2318\">\n<p data-start=\"2287\" data-end=\"2318\">Schnelle Temperatur\u00e4nderungen<\/p>\n<\/li>\n<li data-section-id=\"nr5uo0\" data-start=\"2319\" data-end=\"2342\">\n<p data-start=\"2321\" data-end=\"2342\">Sonnenlichtreflexionen<\/p>\n<\/li>\n<li data-section-id=\"uf3obh\" data-start=\"2343\" data-end=\"2364\">\n<p data-start=\"2345\" data-end=\"2364\">Bewegliche Pflanzenteile<\/p>\n<\/li>\n<\/ul>\n<p data-start=\"2366\" data-end=\"2634\">Der integrierte SmartDetect-Algorithmus analysiert zudem die W\u00e4rmesignatur, die Objektgr\u00f6\u00dfe und Bewegungsmuster, bevor ein Alarm ausgel\u00f6st wird.<\/p>\n<p data-start=\"2366\" data-end=\"2634\">Das Ergebnis ist eine sehr hohe Genauigkeit und minimale Fehlalarme, selbst in anspruchsvollen Au\u00dfenumgebungen.<\/p>\n<h3 data-section-id=\"sjcg9y\" data-start=\"2641\" data-end=\"2679\">Intelligente Filterung von Fehlalarmen<\/h3>\n<p data-start=\"2680\" data-end=\"2938\">Curtain Outdoor Jeweller verwendet eine Korrelationsanalyse zwischen Sensoren, um Bewegungen zu best\u00e4tigen, bevor ein Alarm ausgel\u00f6st wird.<\/p>\n<p data-start=\"2680\" data-end=\"2938\">Das System aktiviert den Mikrowellensensor nur dann, wenn die PIR-Sensoren \u00fcbereinstimmende Signale registrieren, was die Genauigkeit weiter verbessert.<\/p>\n<p data-start=\"2940\" data-end=\"3149\">Dar\u00fcber hinaus gibt es eine Temperaturkompensation, die eine korrekte Funktion auch dann gew\u00e4hrleistet, wenn die Umgebungstemperatur nahe an der K\u00f6rpertemperatur liegt, beispielsweise an hei\u00dfen Sommertagen.<\/p>\n<h3 data-section-id=\"cv1b6d\" data-start=\"3156\" data-end=\"3193\">Immunit\u00e4t f\u00fcr Haustiere f\u00fcr einen sicheren Alltag<\/h3>\n<p data-start=\"3194\" data-end=\"3410\">Bei korrekter Installation und Konfiguration reagiert der Detektor nicht auf Haustiere bis zu einer H\u00f6he von etwa 1 Meter.<\/p>\n<p data-start=\"3194\" data-end=\"3410\">Dadurch eignet es sich ideal f\u00fcr H\u00e4user und Grundst\u00fccke, auf denen sich Tiere in der N\u00e4he von Schutzgebieten frei bewegen k\u00f6nnen.<\/p>\n<p data-start=\"3412\" data-end=\"3615\">Durch Anpassen der Installationsh\u00f6he und des Erfassungsmodus kann der Sensor so optimiert werden, dass er kleinere Tiere ignoriert und gleichzeitig eine hohe Empfindlichkeit gegen\u00fcber Menschen beibeh\u00e4lt.<\/p>","protected":false},"excerpt":{"rendered":"<p>Ajax Curtain Outdoor Jeweller ist ein fortschrittlicher, drahtloser Vorhangbewegungsmelder f\u00fcr den Innen- und Au\u00dfenbereich.<\/p>\n<p>Es wurde entwickelt, um Fenster, T\u00fcren, Tore und andere Durchg\u00e4nge durch pr\u00e4zise Perimeter\u00fcberwachung zu sch\u00fctzen.<\/p>\n<p>Mit dualer Detektionstechnologie, einer Reichweite von bis zu 12 Metern und intelligenter Filterung von Fehlalarmen bietet es zuverl\u00e4ssige Sicherheit in allen Umgebungen.<\/p>\n<p>Das Ger\u00e4t ist wetterfest, tierimmun und hat eine Batterielebensdauer von bis zu 3 Jahren, wodurch es sich ideal f\u00fcr professionelle Alarmanlagen eignet.<\/p>","protected":false},"featured_media":162485,"template":"","meta":{"_acf_changed":false},"product_brand":[],"product_cat":[3156,3157],"product_tag":[],"class_list":{"0":"post-162487","1":"product","2":"type-product","3":"status-publish","4":"has-post-thumbnail","6":"product_cat-rorelse-och-kamera","7":"product_cat-utomhussakerhet","8":"pa_brands-ajax-systems","9":"pa_farg-vit","10":"tm-no-options","12":"first","13":"instock","14":"taxable","15":"shipping-taxable","16":"purchasable","17":"product-type-simple"},"acf":[],"_links":{"self":[{"href":"https:\/\/secureus.se\/de\/wp-json\/wp\/v2\/product\/162487","targetHints":{"allow":["GET"]}}],"collection":[{"href":"https:\/\/secureus.se\/de\/wp-json\/wp\/v2\/product"}],"about":[{"href":"https:\/\/secureus.se\/de\/wp-json\/wp\/v2\/types\/product"}],"wp:featuredmedia":[{"embeddable":true,"href":"https:\/\/secureus.se\/de\/wp-json\/wp\/v2\/media\/162485"}],"wp:attachment":[{"href":"https:\/\/secureus.se\/de\/wp-json\/wp\/v2\/media?parent=162487"}],"wp:term":[{"taxonomy":"product_brand","embeddable":true,"href":"https:\/\/secureus.se\/de\/wp-json\/wp\/v2\/product_brand?post=162487"},{"taxonomy":"product_cat","embeddable":true,"href":"https:\/\/secureus.se\/de\/wp-json\/wp\/v2\/product_cat?post=162487"},{"taxonomy":"product_tag","embeddable":true,"href":"https:\/\/secureus.se\/de\/wp-json\/wp\/v2\/product_tag?post=162487"}],"curies":[{"name":"wp","href":"https:\/\/api.w.org\/{rel}","templated":true}]}}