{"id":162542,"date":"2026-02-12T12:10:09","date_gmt":"2026-02-12T11:10:09","guid":{"rendered":"https:\/\/secureus.se\/?post_type=product&#038;p=162542"},"modified":"2026-04-09T15:33:43","modified_gmt":"2026-04-09T13:33:43","slug":"magnetfasta-for-motion-eye-pro-och-andra-tillampningar","status":"publish","type":"product","link":"https:\/\/secureus.se\/de\/magnetfasta-for-motion-eye-pro-och-andra-tillampningar\/","title":{"rendered":"Magnetische Halterung f\u00fcr Motion Eye Pro und andere Anwendungen"},"content":{"rendered":"<h2 data-start=\"148\" data-end=\"208\">Magnetische Wandhalterung \u2013 f\u00fcr MotionEye Pro und andere Ger\u00e4te<\/h2>\n<p data-start=\"210\" data-end=\"452\">Praktische und stabile Magnethalterung, mit der Sie Ihr Ger\u00e4t einfach und pr\u00e4zise an der gew\u00fcnschten Stelle befestigen k\u00f6nnen. Perfekt als Zubeh\u00f6r f\u00fcr <strong data-start=\"350\" data-end=\"375\">SecureX MotionEye Pro<\/strong>, funktioniert aber genauso gut f\u00fcr viele andere Produkte im Haushalt oder B\u00fcro.<\/p>\n<hr data-start=\"454\" data-end=\"457\" \/>\n<h2 data-start=\"459\" data-end=\"492\">Besonders starke Doppelmagnettechnologie<\/h2>\n<p data-start=\"494\" data-end=\"675\">Die Halterung verwendet leistungsstarke N52-Magnete mit direktem magnetischem Kontakt f\u00fcr maximalen Halt.<br data-start=\"578\" data-end=\"581\" \/>Ein einzelner Magnet kann bis zu 250 Gramm tragen \u2013 und die L\u00f6sung mit zwei Magneten bietet noch mehr Stabilit\u00e4t.<\/p>\n<p data-start=\"677\" data-end=\"787\">Das Ergebnis ist eine sichere und zuverl\u00e4ssige Halterung, die das Ger\u00e4t fest an seinem Platz h\u00e4lt, ohne zu verrutschen oder sich zu lockern.<\/p>\n<hr data-start=\"789\" data-end=\"792\" \/>\n<h2 data-start=\"794\" data-end=\"835\">Sch\u00fctzendes Silikon f\u00fcr sichere Anwendung<\/h2>\n<p data-start=\"837\" data-end=\"892\">Die Magnete sind weich in strapazierf\u00e4higes Silikon eingebettet, das:<\/p>\n<ul data-start=\"894\" data-end=\"1017\">\n<li data-start=\"894\" data-end=\"935\">\n<p data-start=\"896\" data-end=\"935\">Sch\u00fctzt W\u00e4nde und Ger\u00e4te vor Kratzern<\/p>\n<\/li>\n<li data-start=\"936\" data-end=\"974\">\n<p data-start=\"938\" data-end=\"974\">Bietet einen stabilen und sanften Halt<\/p>\n<\/li>\n<li data-start=\"975\" data-end=\"1017\">\n<p data-start=\"977\" data-end=\"1017\">Verhindert ein versehentliches Herunterfallen des Ger\u00e4ts.<\/p>\n<\/li>\n<\/ul>\n<p data-start=\"1019\" data-end=\"1098\">Das intelligente Design sorgt daf\u00fcr, dass alles auch bei t\u00e4glichem Gebrauch sicher an seinem Platz bleibt.<\/p>\n<hr data-start=\"1100\" data-end=\"1103\" \/>\n<h2 data-start=\"1105\" data-end=\"1147\">Schnelle Installation \u2013 kein Bohren erforderlich<\/h2>\n<p data-start=\"1149\" data-end=\"1189\">L\u00e4sst sich ohne Werkzeug in Sekundenschnelle montieren.<\/p>\n<ol data-start=\"1191\" data-end=\"1262\">\n<li data-start=\"1191\" data-end=\"1216\">\n<p data-start=\"1194\" data-end=\"1216\">Entfernen Sie die Schutzfolie<\/p>\n<\/li>\n<li data-start=\"1217\" data-end=\"1251\">\n<p data-start=\"1220\" data-end=\"1251\">Platzieren Sie die Halterung auf einer glatten Oberfl\u00e4che.<\/p>\n<\/li>\n<li data-start=\"1252\" data-end=\"1262\">\n<p data-start=\"1255\" data-end=\"1262\">Klar<\/p>\n<\/li>\n<\/ol>\n<p data-start=\"1264\" data-end=\"1367\">Der starke Acrylklebstoff bietet eine sehr gute Haftung und l\u00e4sst sich r\u00fcckstandsfrei entfernen.<\/p>\n<hr data-start=\"1369\" data-end=\"1372\" \/>\n<h2 data-start=\"1374\" data-end=\"1397\">Vielseitig einsetzbar<\/h2>\n<p data-start=\"1399\" data-end=\"1490\">Die Halterung kann auf den meisten glatten Oberfl\u00e4chen verwendet werden und eignet sich f\u00fcr weit mehr als nur Sensoren.<\/p>\n<p data-start=\"1492\" data-end=\"1514\">Anwendungsbeispiel:<\/p>\n<ul data-start=\"1515\" data-end=\"1703\">\n<li data-start=\"1515\" data-end=\"1549\">\n<p data-start=\"1517\" data-end=\"1549\">Bewegungsmelder und Sensoren<\/p>\n<\/li>\n<li data-start=\"1550\" data-end=\"1569\">\n<p data-start=\"1552\" data-end=\"1569\">Fernbedienungen<\/p>\n<\/li>\n<li data-start=\"1570\" data-end=\"1592\">\n<p data-start=\"1572\" data-end=\"1592\">Smart-Home-Ger\u00e4te<\/p>\n<\/li>\n<li data-start=\"1593\" data-end=\"1617\">\n<p data-start=\"1595\" data-end=\"1617\">Ladeger\u00e4te und Adapter<\/p>\n<\/li>\n<li data-start=\"1618\" data-end=\"1649\">\n<p data-start=\"1620\" data-end=\"1649\">Schl\u00fcssel oder kleine Accessoires<\/p>\n<\/li>\n<li data-start=\"1650\" data-end=\"1703\">\n<p data-start=\"1652\" data-end=\"1703\">Andere leichte Ger\u00e4te, die einen festen Standort ben\u00f6tigen<\/p>\n<\/li>\n<\/ul>\n<hr data-start=\"1705\" data-end=\"1708\" \/>\n<h2 data-start=\"1710\" data-end=\"1751\">Einfache Platzierung \u2013 flexible Nutzung<\/h2>\n<p data-start=\"1753\" data-end=\"1918\">Ger\u00e4te lassen sich einfach montieren, versetzen oder justieren \u2013 ganz ohne Schrauben oder dauerhafte Installationen. Ideal f\u00fcr eine saubere Installation mit maximaler Flexibilit\u00e4t.<\/p>","protected":false},"excerpt":{"rendered":"<p><strong>Magnetische Wandhalterung mit starker Doppelmagnettechnologie f\u00fcr sichere und flexible Montage. <\/strong><\/p>\n<p><strong>Ideal als Zubeh\u00f6r f\u00fcr SecureX MotionEye Pro, kann aber auch f\u00fcr andere Sensoren, Fernbedienungen oder kleine Ger\u00e4te verwendet werden. <\/strong><\/p>\n<p><strong>L\u00e4sst sich dank starker Selbstklebefl\u00e4che schnell und ohne Bohren montieren.<\/strong><\/p>","protected":false},"featured_media":162541,"template":"","meta":{"_acf_changed":false},"product_brand":[],"product_cat":[5065],"product_tag":[],"class_list":{"0":"post-162542","1":"product","2":"type-product","3":"status-publish","4":"has-post-thumbnail","6":"product_cat-securex-tillbehor","7":"pa_brands-securex","8":"tm-no-options","10":"first","11":"instock","12":"sale","13":"taxable","14":"shipping-taxable","15":"purchasable","16":"product-type-simple"},"acf":[],"_links":{"self":[{"href":"https:\/\/secureus.se\/de\/wp-json\/wp\/v2\/product\/162542","targetHints":{"allow":["GET"]}}],"collection":[{"href":"https:\/\/secureus.se\/de\/wp-json\/wp\/v2\/product"}],"about":[{"href":"https:\/\/secureus.se\/de\/wp-json\/wp\/v2\/types\/product"}],"wp:featuredmedia":[{"embeddable":true,"href":"https:\/\/secureus.se\/de\/wp-json\/wp\/v2\/media\/162541"}],"wp:attachment":[{"href":"https:\/\/secureus.se\/de\/wp-json\/wp\/v2\/media?parent=162542"}],"wp:term":[{"taxonomy":"product_brand","embeddable":true,"href":"https:\/\/secureus.se\/de\/wp-json\/wp\/v2\/product_brand?post=162542"},{"taxonomy":"product_cat","embeddable":true,"href":"https:\/\/secureus.se\/de\/wp-json\/wp\/v2\/product_cat?post=162542"},{"taxonomy":"product_tag","embeddable":true,"href":"https:\/\/secureus.se\/de\/wp-json\/wp\/v2\/product_tag?post=162542"}],"curies":[{"name":"wp","href":"https:\/\/api.w.org\/{rel}","templated":true}]}}