{"id":162548,"date":"2025-10-02T12:23:02","date_gmt":"2025-10-02T10:23:02","guid":{"rendered":"https:\/\/secureus.se\/?post_type=product&#038;p=162548"},"modified":"2026-04-09T15:43:14","modified_gmt":"2026-04-09T13:43:14","slug":"solpanel-for-sirenguard-pro","status":"publish","type":"product","link":"https:\/\/secureus.se\/de\/solpanel-for-sirenguard-pro\/","title":{"rendered":"Solarpanel \u2013 f\u00fcr SirenGuard Pro &amp; Smart Produkte"},"content":{"rendered":"<h2 data-start=\"42\" data-end=\"110\">Solarpanel \u2013 f\u00fcr SirenGuard Pro und andere Smart-Produkte<\/h2>\n<p data-start=\"112\" data-end=\"404\">Dieses hier <strong data-start=\"118\" data-end=\"143\">hocheffizientes Solarpanel<\/strong> ist eine zuverl\u00e4ssige Stromquelle f\u00fcr <strong data-start=\"174\" data-end=\"215\"><span class=\"hover:entity-accent entity-underline inline cursor-pointer align-baseline\"><span class=\"whitespace-normal\">SecureX SirenGuard Pro<\/span><\/span><\/strong> und anderen kompatiblen Smart-Produkten. Das Panel ist f\u00fcr <strong data-start=\"280\" data-end=\"309\">kontinuierlicher Au\u00dfenbetrieb<\/strong> und reduziert die Notwendigkeit von Batteriewechseln, sodass Ihr Sicherheitssystem das ganze Jahr \u00fcber aktiv ist.<\/p>\n<p data-start=\"406\" data-end=\"639\">Mit <strong data-start=\"410\" data-end=\"440\">monokristalline Solarzellen<\/strong> Und <strong data-start=\"445\" data-end=\"463\">PET-Laminierung<\/strong> Das Panel bietet auch bei Teilverschattung einen hohen Wirkungsgrad. <strong data-start=\"531\" data-end=\"564\">wetterfestes ABS+PC-Geh\u00e4use<\/strong> widersteht rauen Klimazonen und es <strong data-start=\"591\" data-end=\"615\">3 Meter langes Kabel<\/strong> bietet flexible Einsatzm\u00f6glichkeiten.<\/p>\n<hr data-start=\"641\" data-end=\"644\" \/>\n<h3 data-start=\"646\" data-end=\"665\">Hauptfunktionen<\/h3>\n<ul data-start=\"666\" data-end=\"1017\">\n<li data-start=\"666\" data-end=\"750\">\n<p data-start=\"668\" data-end=\"750\"><strong data-start=\"668\" data-end=\"686\">Autonomer Betrieb:<\/strong> L\u00e4dt Au\u00dfensirenen und Smart-Ger\u00e4te direkt mit Solarenergie auf<\/p>\n<\/li>\n<li data-start=\"751\" data-end=\"815\">\n<p data-start=\"753\" data-end=\"815\"><strong data-start=\"753\" data-end=\"774\">Hohe Effizienz:<\/strong> Monokristallines Silizium + PET-Laminierung<\/p>\n<\/li>\n<li data-start=\"816\" data-end=\"873\">\n<p data-start=\"818\" data-end=\"873\"><strong data-start=\"818\" data-end=\"842\">Robuste Konstruktion:<\/strong> Wetterfestes ABS+PC-Geh\u00e4use<\/p>\n<\/li>\n<li data-start=\"874\" data-end=\"949\">\n<p data-start=\"876\" data-end=\"949\"><strong data-start=\"876\" data-end=\"902\">Flexible Installation:<\/strong> St\u00e4nder und Schraubenset f\u00fcr Wand-, Decken- oder Bodenmontage<\/p>\n<\/li>\n<li data-start=\"950\" data-end=\"1017\">\n<p data-start=\"952\" data-end=\"1017\"><strong data-start=\"952\" data-end=\"972\">Lange Kabell\u00e4nge:<\/strong> 3 m f\u00fcr einfache Platzierung an optimaler Sonnenposition<\/p>\n<\/li>\n<\/ul>\n<hr data-start=\"1019\" data-end=\"1022\" \/>\n<h3 data-start=\"1024\" data-end=\"1042\">Kompatibilit\u00e4t<\/h3>\n<ul data-start=\"1043\" data-end=\"1232\">\n<li data-start=\"1043\" data-end=\"1086\">\n<p data-start=\"1045\" data-end=\"1086\"><strong data-start=\"1045\" data-end=\"1071\">SecureX SirenGuard Pro<\/strong> Au\u00dfensirene<\/p>\n<\/li>\n<li data-start=\"1087\" data-end=\"1156\">\n<p data-start=\"1089\" data-end=\"1156\">Andere Smart-Home-Produkte mit <strong data-start=\"1120\" data-end=\"1154\">5V-Ladeschnittstelle (U-Typ)<\/strong><\/p>\n<\/li>\n<li data-start=\"1157\" data-end=\"1232\">\n<p data-start=\"1159\" data-end=\"1232\">Perfekt f\u00fcr <strong data-start=\"1171\" data-end=\"1207\">Sommerh\u00e4user, Garagen, G\u00e4rten<\/strong> und Orte ohne festen Stromanschluss<\/p>\n<\/li>\n<\/ul>\n<hr data-start=\"1234\" data-end=\"1237\" \/>\n<h3 data-start=\"1239\" data-end=\"1251\">Vorteile<\/h3>\n<ul data-start=\"1252\" data-end=\"1500\">\n<li data-start=\"1252\" data-end=\"1313\">\n<p data-start=\"1254\" data-end=\"1313\"><strong data-start=\"1254\" data-end=\"1270\">Umweltfreundlich:<\/strong> Erneuerbare Energien mit geringerer Klimabelastung<\/p>\n<\/li>\n<li data-start=\"1314\" data-end=\"1383\">\n<p data-start=\"1316\" data-end=\"1383\"><strong data-start=\"1316\" data-end=\"1337\">Kosteng\u00fcnstig:<\/strong> Keine laufenden Stromkosten f\u00fcr Au\u00dfenger\u00e4te<\/p>\n<\/li>\n<li data-start=\"1384\" data-end=\"1442\">\n<p data-start=\"1386\" data-end=\"1442\"><strong data-start=\"1386\" data-end=\"1399\">Zuverl\u00e4ssig:<\/strong> Funktioniert auch im Halbschatten<\/p>\n<\/li>\n<li data-start=\"1443\" data-end=\"1500\">\n<p data-start=\"1445\" data-end=\"1500\"><strong data-start=\"1445\" data-end=\"1463\">Wartungsfrei:<\/strong> Keine beweglichen Teile, lange Lebensdauer<\/p>\n<\/li>\n<\/ul>\n<hr data-start=\"1502\" data-end=\"1505\" \/>\n<h2 data-start=\"1507\" data-end=\"1531\">Technische Spezifikation f\u00fcr Solarpanel \u2013 f\u00fcr SirenGuard Pro.<\/h2>\n<ul data-start=\"1532\" data-end=\"1829\">\n<li data-start=\"1532\" data-end=\"1578\">\n<p data-start=\"1534\" data-end=\"1578\"><strong data-start=\"1534\" data-end=\"1554\">Solarzellenmaterial:<\/strong> Monokristallines Silizium<\/p>\n<\/li>\n<li data-start=\"1579\" data-end=\"1609\">\n<p data-start=\"1581\" data-end=\"1609\"><strong data-start=\"1581\" data-end=\"1597\">Panel-Effekt:<\/strong> 4 W \/ 6 V<\/p>\n<\/li>\n<li data-start=\"1610\" data-end=\"1637\">\n<p data-start=\"1612\" data-end=\"1637\"><strong data-start=\"1612\" data-end=\"1631\">Betriebsspannung:<\/strong> 5V<\/p>\n<\/li>\n<li data-start=\"1638\" data-end=\"1665\">\n<p data-start=\"1640\" data-end=\"1665\"><strong data-start=\"1640\" data-end=\"1656\">Maximaler Ausgangsstrom:<\/strong> 580 mA<\/p>\n<\/li>\n<li data-start=\"1666\" data-end=\"1707\">\n<p data-start=\"1668\" data-end=\"1707\"><strong data-start=\"1668\" data-end=\"1690\">Produktionstechnologie:<\/strong> PET-Laminierung<\/p>\n<\/li>\n<li data-start=\"1708\" data-end=\"1731\">\n<p data-start=\"1710\" data-end=\"1731\"><strong data-start=\"1710\" data-end=\"1720\">Abdeckung:<\/strong> ABS + PC<\/p>\n<\/li>\n<li data-start=\"1732\" data-end=\"1766\">\n<p data-start=\"1734\" data-end=\"1766\"><strong data-start=\"1734\" data-end=\"1758\">Ladeschnittstelle:<\/strong> U-f\u00f6rmig<\/p>\n<\/li>\n<li data-start=\"1767\" data-end=\"1790\">\n<p data-start=\"1769\" data-end=\"1790\"><strong data-start=\"1769\" data-end=\"1784\">Kabell\u00e4nge:<\/strong> 3 m<\/p>\n<\/li>\n<li data-start=\"1791\" data-end=\"1829\">\n<p data-start=\"1793\" data-end=\"1829\"><strong data-start=\"1793\" data-end=\"1809\">Produktabmessungen:<\/strong> 175 \u00d7 120 \u00d7 15 mm<\/p>\n<\/li>\n<\/ul>\n<hr data-start=\"1831\" data-end=\"1834\" \/>\n<h2 data-start=\"1836\" data-end=\"1868\">Lieferumfang (Teileliste)<\/h2>\n<ul data-start=\"1869\" data-end=\"1934\">\n<li data-start=\"1869\" data-end=\"1891\">\n<p data-start=\"1871\" data-end=\"1891\">Solarpanel: <strong data-start=\"1881\" data-end=\"1889\">1 Stk<\/strong><\/p>\n<\/li>\n<li data-start=\"1892\" data-end=\"1912\">\n<p data-start=\"1894\" data-end=\"1912\">Stand: <strong data-start=\"1902\" data-end=\"1910\">1 Stk<\/strong><\/p>\n<\/li>\n<li data-start=\"1913\" data-end=\"1934\">\n<p data-start=\"1915\" data-end=\"1934\">Schraubensatz: <strong data-start=\"1925\" data-end=\"1934\">1 Satz<\/strong><\/p>\n<\/li>\n<\/ul>\n<p data-start=\"1936\" data-end=\"1975\"><strong data-start=\"1936\" data-end=\"1957\">Verpackungsabmessungen:<\/strong> 198 \u00d7 128 \u00d7 62 mm<\/p>","protected":false},"excerpt":{"rendered":"<p>Hocheffizientes Solarpanel f\u00fcr SecureX SirenGuard Pro und andere 5V-Ger\u00e4te.<\/p>\n<p>Monokristalline Zelle, wetterfestes Design und flexible Montage.<\/p>\n<p>3 m Kabel im Lieferumfang enthalten.<\/p>","protected":false},"featured_media":162543,"template":"","meta":{"_acf_changed":false},"product_brand":[],"product_cat":[5064,5065],"product_tag":[],"class_list":{"0":"post-162548","1":"product","2":"type-product","3":"status-publish","4":"has-post-thumbnail","6":"product_cat-securex-sirener","7":"product_cat-securex-tillbehor","8":"pa_brands-securex","9":"tm-no-options","11":"first","12":"instock","13":"sale","14":"taxable","15":"shipping-taxable","16":"purchasable","17":"product-type-simple"},"acf":[],"_links":{"self":[{"href":"https:\/\/secureus.se\/de\/wp-json\/wp\/v2\/product\/162548","targetHints":{"allow":["GET"]}}],"collection":[{"href":"https:\/\/secureus.se\/de\/wp-json\/wp\/v2\/product"}],"about":[{"href":"https:\/\/secureus.se\/de\/wp-json\/wp\/v2\/types\/product"}],"wp:featuredmedia":[{"embeddable":true,"href":"https:\/\/secureus.se\/de\/wp-json\/wp\/v2\/media\/162543"}],"wp:attachment":[{"href":"https:\/\/secureus.se\/de\/wp-json\/wp\/v2\/media?parent=162548"}],"wp:term":[{"taxonomy":"product_brand","embeddable":true,"href":"https:\/\/secureus.se\/de\/wp-json\/wp\/v2\/product_brand?post=162548"},{"taxonomy":"product_cat","embeddable":true,"href":"https:\/\/secureus.se\/de\/wp-json\/wp\/v2\/product_cat?post=162548"},{"taxonomy":"product_tag","embeddable":true,"href":"https:\/\/secureus.se\/de\/wp-json\/wp\/v2\/product_tag?post=162548"}],"curies":[{"name":"wp","href":"https:\/\/api.w.org\/{rel}","templated":true}]}}