{"id":162575,"date":"2025-09-15T11:16:44","date_gmt":"2025-09-15T09:16:44","guid":{"rendered":"https:\/\/secureus.se\/?post_type=product&#038;p=162575"},"modified":"2026-04-09T15:42:43","modified_gmt":"2026-04-09T13:42:43","slug":"securex-doorsense-garage-larm","status":"publish","type":"product","link":"https:\/\/secureus.se\/de\/securex-doorsense-garage-larm\/","title":{"rendered":"SecureX DoorSense Garage \u2013 Kabellose L\u00f6sung f\u00fcr Rolltore und Industrietore"},"content":{"rendered":"<h2 data-start=\"238\" data-end=\"323\">SecureX DoorSense Garage \u2013 drahtloser Sensor f\u00fcr Garagentore und Industrietore<\/h2>\n<p data-start=\"325\" data-end=\"653\">SecureX DoorSense Garage ist ein <strong data-start=\"356\" data-end=\"396\">robuster und zuverl\u00e4ssiger drahtloser Sensor<\/strong> Entwickelt zur \u00dcberwachung von Garagentoren, Rolltoren, Industrietoren und Einfahrtstoren. Der Sensor registriert sofort, wenn ein Tor ge\u00f6ffnet oder manipuliert wird, und sendet einen Alarm direkt an <strong data-start=\"593\" data-end=\"611\">SecureX Hub<\/strong>, das den Alarm zentral im System verarbeitet.<\/p>\n<p data-start=\"655\" data-end=\"811\">\u00dcber <strong data-start=\"659\" data-end=\"685\">Die Stonehouse Smart App<\/strong> Sie erhalten Push-Benachrichtigungen in Echtzeit und einen vollst\u00e4ndigen \u00dcberblick \u00fcber den Status der Ports \u2013 unabh\u00e4ngig davon, ob Sie vor Ort oder remote arbeiten.<\/p>\n<hr data-start=\"813\" data-end=\"816\" \/>\n<h3 data-start=\"818\" data-end=\"858\">Zuverl\u00e4ssiger Schutz f\u00fcr anspruchsvolle Umgebungen<\/h3>\n<p data-start=\"859\" data-end=\"1110\">DoorSense Garage ist f\u00fcr den Einsatz in privaten und industriellen Umgebungen konzipiert. Es h\u00e4lt hoher Luftfeuchtigkeit stand (bis zu 95 % relative Luftfeuchtigkeit ohne Kondensation) und ist f\u00fcr einen stabilen Betrieb auch in Garagen, Lagerhallen und Werkst\u00e4tten ausgelegt, wo Temperatur und Umgebungsbedingungen schwanken k\u00f6nnen.<\/p>\n<p data-start=\"1112\" data-end=\"1251\">Dank des kompakten und unauff\u00e4lligen Designs l\u00e4sst sich der Sensor auch an gr\u00f6\u00dferen Toren und T\u00fcren problemlos montieren, ohne Funktion oder Aussehen zu beeintr\u00e4chtigen.<\/p>\n<hr data-start=\"1253\" data-end=\"1256\" \/>\n<h3 data-start=\"1258\" data-end=\"1300\">Stabile Kommunikation und lange Akkulaufzeit<\/h3>\n<p data-start=\"1301\" data-end=\"1541\">Der Sensor kommuniziert drahtlos \u00fcber <strong data-start=\"1335\" data-end=\"1355\">433 MHz (EV1527)<\/strong> DoorSense Garage ist mit dem SecureX-Hub ausgestattet und f\u00fcr das SecureX-System codiert, um eine sichere und stabile \u00dcbertragung zu gew\u00e4hrleisten. DoorSense Garage wird von einem <strong data-start=\"1472\" data-end=\"1491\">23A 12V Batterie<\/strong>, was eine lange Betriebszeit und einen minimalen Wartungsaufwand erm\u00f6glicht.<\/p>\n<hr data-start=\"1543\" data-end=\"1546\" \/>\n<h3 data-start=\"1548\" data-end=\"1578\">Teil des SecureX-Systems<\/h3>\n<p data-start=\"1579\" data-end=\"1679\">SecureX DoorSense Garage ist ein Sensor f\u00fcr SecureX und wird immer zusammen mit dem SecureX-Hub verwendet.<\/p>\n<ul data-start=\"1681\" data-end=\"1862\">\n<li data-start=\"1681\" data-end=\"1720\">\n<p data-start=\"1683\" data-end=\"1720\">Der Sensor wird an den SecureX-Hub angeschlossen.<\/p>\n<\/li>\n<li data-start=\"1721\" data-end=\"1758\">\n<p data-start=\"1723\" data-end=\"1758\">Die gesamte Alarmbehandlung erfolgt \u00fcber die Zentrale.<\/p>\n<\/li>\n<li data-start=\"1759\" data-end=\"1821\">\n<p data-start=\"1761\" data-end=\"1821\">Kompatibilit\u00e4t mit <strong data-start=\"1780\" data-end=\"1819\">Tuya und Smart Life werden \u00fcber den Hub gesteuert.<\/strong><\/p>\n<\/li>\n<li data-start=\"1822\" data-end=\"1862\">\n<p data-start=\"1824\" data-end=\"1862\">Der Sensor kann nicht eigenst\u00e4ndig verwendet werden.<\/p>\n<\/li>\n<\/ul>\n<p data-start=\"1864\" data-end=\"1921\">Dies gilt f\u00fcr dieses Produkt und alle SecureX-Sensoren.<\/p>\n<hr data-start=\"1923\" data-end=\"1926\" \/>\n<h3 data-start=\"1928\" data-end=\"1950\">Vorteile im \u00dcberblick<\/h3>\n<ul data-start=\"1951\" data-end=\"2283\">\n<li data-start=\"1951\" data-end=\"2016\">\n<p data-start=\"1953\" data-end=\"2016\">Geeignet f\u00fcr Garagentore, Rolltore und Industrietore<\/p>\n<\/li>\n<li data-start=\"2017\" data-end=\"2056\">\n<p data-start=\"2019\" data-end=\"2056\">Alarm bei \u00d6ffnung oder Manipulation<\/p>\n<\/li>\n<li data-start=\"2057\" data-end=\"2096\">\n<p data-start=\"2059\" data-end=\"2096\">Vollst\u00e4ndige Integration mit dem SecureX-Hub<\/p>\n<\/li>\n<li data-start=\"2097\" data-end=\"2137\">\n<p data-start=\"2099\" data-end=\"2137\">Push-Benachrichtigungen in der Stonehouse Smart App<\/p>\n<\/li>\n<li data-start=\"2138\" data-end=\"2180\">\n<p data-start=\"2140\" data-end=\"2180\">Stabile drahtlose Kommunikation (433 MHz)<\/p>\n<\/li>\n<li data-start=\"2181\" data-end=\"2224\">\n<p data-start=\"2183\" data-end=\"2224\">Robuste Konstruktion f\u00fcr anspruchsvolle Umgebungen<\/p>\n<\/li>\n<li data-start=\"2225\" data-end=\"2260\">\n<p data-start=\"2227\" data-end=\"2260\">Batteriebetrieb f\u00fcr lange Lebensdauer<\/p>\n<\/li>\n<li data-start=\"2261\" data-end=\"2283\">\n<p data-start=\"2263\" data-end=\"2283\">Einfache Installation<\/p>\n<\/li>\n<\/ul>\n<hr data-start=\"2285\" data-end=\"2288\" \/>\n<h3 data-start=\"2290\" data-end=\"2320\">Typische Anwendungen<\/h3>\n<ul data-start=\"2321\" data-end=\"2456\">\n<li data-start=\"2321\" data-end=\"2365\">\n<p data-start=\"2323\" data-end=\"2365\">Garagentore in Villen und Mehrfamilienh\u00e4usern<\/p>\n<\/li>\n<li data-start=\"2366\" data-end=\"2405\">\n<p data-start=\"2368\" data-end=\"2405\">Industrietore und Rolll\u00e4den<\/p>\n<\/li>\n<li data-start=\"2406\" data-end=\"2423\">\n<p data-start=\"2408\" data-end=\"2423\">Staur\u00e4ume<\/p>\n<\/li>\n<li data-start=\"2424\" data-end=\"2456\">\n<p data-start=\"2426\" data-end=\"2456\">Werkst\u00e4tten und Einzelhandelsfl\u00e4chen<\/p>\n<\/li>\n<\/ul>\n<hr data-start=\"2458\" data-end=\"2461\" \/>\n<h3 data-start=\"2463\" data-end=\"2488\">Technische Spezifikation<\/h3>\n<ul data-start=\"2489\" data-end=\"2704\">\n<li data-start=\"2489\" data-end=\"2506\">\n<p data-start=\"2491\" data-end=\"2506\">Modell: SS010<\/p>\n<\/li>\n<li data-start=\"2507\" data-end=\"2544\">\n<p data-start=\"2509\" data-end=\"2544\">Stromversorgung: 23A 12V Batterie<\/p>\n<\/li>\n<li data-start=\"2545\" data-end=\"2599\">\n<p data-start=\"2547\" data-end=\"2599\">Kommunikation: 433 MHz (EV1527), kodiert f\u00fcr SecureX<\/p>\n<\/li>\n<li data-start=\"2600\" data-end=\"2647\">\n<p data-start=\"2602\" data-end=\"2647\">Relative Luftfeuchtigkeit: &lt;95% (nicht kondensierend)<\/p>\n<\/li>\n<li data-start=\"2648\" data-end=\"2668\">\n<p data-start=\"2650\" data-end=\"2668\">Gewicht: ca. 0,05 kg<\/p>\n<\/li>\n<li data-start=\"2669\" data-end=\"2704\">\n<p data-start=\"2671\" data-end=\"2704\">Verpackungsma\u00dfe: 10 \u00d7 8 \u00d7 6 cm<\/p>\n<\/li>\n<\/ul>\n<hr data-start=\"2706\" data-end=\"2709\" \/>\n<h3 data-start=\"2711\" data-end=\"2731\">Lieferinhalt<\/h3>\n<ul data-start=\"2732\" data-end=\"2818\">\n<li data-start=\"2732\" data-end=\"2773\">\n<p data-start=\"2734\" data-end=\"2773\">SecureX DoorSense Garagentorsensor: 1 St\u00fcck<\/p>\n<\/li>\n<li data-start=\"2774\" data-end=\"2801\">\n<p data-start=\"2776\" data-end=\"2801\">Befestigungsschrauben: 4 St\u00fcck<\/p>\n<\/li>\n<li data-start=\"2802\" data-end=\"2818\">\n<p data-start=\"2804\" data-end=\"2818\">Anleitung: 1 St\u00fcck<\/p>\n<\/li>\n<\/ul>","protected":false},"excerpt":{"rendered":"<p>SecureX DoorSense f\u00fcr Rolltore und Industrietore ist ein drahtloser Magnetkontakt, der eine zuverl\u00e4ssige \u00dcberwachung \u00fcber WLAN und 433 MHz erm\u00f6glicht.<\/p>\n<p>Vollst\u00e4ndig in den SecureX-Hub integriert, angepasst an die Stonehouse Smart App und kompatibel mit Tuya\/Smart Life.<\/p>\n<p>Einfache Installation und lange Lebensdauer dank 23A 12V Batterie.<\/p>","protected":false},"featured_media":162571,"template":"","meta":{"_acf_changed":false},"product_brand":[],"product_cat":[5061],"product_tag":[],"class_list":{"0":"post-162575","1":"product","2":"type-product","3":"status-publish","4":"has-post-thumbnail","6":"product_cat-securex-larmsensorer","7":"pa_brands-securex-connect-pro","8":"pa_brands-stonehouse-smart","9":"tm-no-options","11":"first","12":"instock","13":"sale","14":"taxable","15":"shipping-taxable","16":"purchasable","17":"product-type-simple"},"acf":[],"_links":{"self":[{"href":"https:\/\/secureus.se\/de\/wp-json\/wp\/v2\/product\/162575","targetHints":{"allow":["GET"]}}],"collection":[{"href":"https:\/\/secureus.se\/de\/wp-json\/wp\/v2\/product"}],"about":[{"href":"https:\/\/secureus.se\/de\/wp-json\/wp\/v2\/types\/product"}],"wp:featuredmedia":[{"embeddable":true,"href":"https:\/\/secureus.se\/de\/wp-json\/wp\/v2\/media\/162571"}],"wp:attachment":[{"href":"https:\/\/secureus.se\/de\/wp-json\/wp\/v2\/media?parent=162575"}],"wp:term":[{"taxonomy":"product_brand","embeddable":true,"href":"https:\/\/secureus.se\/de\/wp-json\/wp\/v2\/product_brand?post=162575"},{"taxonomy":"product_cat","embeddable":true,"href":"https:\/\/secureus.se\/de\/wp-json\/wp\/v2\/product_cat?post=162575"},{"taxonomy":"product_tag","embeddable":true,"href":"https:\/\/secureus.se\/de\/wp-json\/wp\/v2\/product_tag?post=162575"}],"curies":[{"name":"wp","href":"https:\/\/api.w.org\/{rel}","templated":true}]}}