{"id":162594,"date":"2025-09-15T11:16:43","date_gmt":"2025-09-15T09:16:43","guid":{"rendered":"https:\/\/secureus.se\/?post_type=product&#038;p=162594"},"modified":"2026-04-09T15:44:58","modified_gmt":"2026-04-09T13:44:58","slug":"securex-linkbridge-tradlos-omvandlare","status":"publish","type":"product","link":"https:\/\/secureus.se\/de\/securex-linkbridge-tradlos-omvandlare\/","title":{"rendered":"SecureX LinkBridge \u2013 Drahtloser Konverter f\u00fcr kabelgebundene Alarmsensoren."},"content":{"rendered":"<h2 data-start=\"175\" data-end=\"253\">SecureX LinkBridge \u2013 drahtloser Konverter f\u00fcr kabelgebundene Alarmanlagen (Hybridl\u00f6sung)<\/h2>\n<p data-start=\"255\" data-end=\"554\">SecureX LinkBridge ist ein <strong data-start=\"280\" data-end=\"312\">leistungsstarker drahtloser Konverter<\/strong> Dadurch wird es m\u00f6glich, bestehende kabelgebundene Alarmsensoren an das SecureX-System anzuschlie\u00dfen. Das Ergebnis ist ein <strong data-start=\"419\" data-end=\"439\">Hybrid-Alarmsystem<\/strong> wo zuverl\u00e4ssige kabelgebundene Sensoren mit moderner drahtloser Technologie, App-Steuerung und zentraler Alarmverwaltung kombiniert werden.<\/p>\n<p data-start=\"556\" data-end=\"802\">Mit Unterst\u00fctzung f\u00fcr <strong data-start=\"569\" data-end=\"601\">bis zu 16 verkabelte Zonen<\/strong> \u00c4ltere Alarmanlagen k\u00f6nnen ohne aufwendige Renovierungsarbeiten wiederverwendet und modernisiert werden. Gleichzeitig erhalten Sie Zugriff auf Echtzeitbenachrichtigungen, Fernsteuerung und vollst\u00e4ndige \u00dcbersicht via <strong data-start=\"775\" data-end=\"801\">Die Stonehouse Smart App<\/strong>.<\/p>\n<hr data-start=\"804\" data-end=\"807\" \/>\n<h3 data-start=\"809\" data-end=\"859\">Robuste Konstruktion f\u00fcr einen sicheren und stabilen Betrieb<\/h3>\n<p data-start=\"860\" data-end=\"1116\">SecureX LinkBridge wird in einer <strong data-start=\"894\" data-end=\"918\">robustes Metallgeh\u00e4use<\/strong> mit externer Antenne, die f\u00fcr Stabilit\u00e4t und gro\u00dfe Reichweite am Geh\u00e4use montiert ist. Jede Zone verf\u00fcgt \u00fcber eine <strong data-start=\"1002\" data-end=\"1032\">klare LED-Statusanzeige<\/strong> direkt auf der Karte, was sowohl die Installation als auch die Konfiguration und die Fehlersuche vereinfacht.<\/p>\n<p data-start=\"1118\" data-end=\"1398\">Das Ger\u00e4t wird mit Strom versorgt \u00fcber <strong data-start=\"1136\" data-end=\"1163\">Gleichstrom 15 V aus 220-V-Wechselstromnetz<\/strong> (Netzteil im Lieferumfang enthalten und im Geh\u00e4use montiert) und Halterungen <strong data-start=\"1229\" data-end=\"1273\">externe Backup-Batterie (12V 7Ah, optional)<\/strong> F\u00fcr den Weiterbetrieb bei Stromausfall. Eingebaut <strong data-start=\"1319\" data-end=\"1336\">Manipulationsschutz<\/strong> Und <strong data-start=\"1341\" data-end=\"1368\">Anzeige f\u00fcr Stromausfall<\/strong> erh\u00f6ht die Sicherheit zus\u00e4tzlich.<\/p>\n<hr data-start=\"1400\" data-end=\"1403\" \/>\n<h3 data-start=\"1405\" data-end=\"1451\">Flexible Zonen &amp; Unterst\u00fctzung f\u00fcr kabelgebundene Sirenen<\/h3>\n<p data-start=\"1452\" data-end=\"1556\">SecureX LinkBridge ist f\u00fcr den flexiblen Einsatz sowohl in privaten als auch in professionellen Installationen konzipiert.<\/p>\n<ul data-start=\"1558\" data-end=\"1776\">\n<li data-start=\"1558\" data-end=\"1614\">\n<p data-start=\"1560\" data-end=\"1614\"><strong data-start=\"1560\" data-end=\"1583\">16 verkabelte Zonen<\/strong>individuell konfigurierbar<\/p>\n<\/li>\n<li data-start=\"1615\" data-end=\"1655\">\n<p data-start=\"1617\" data-end=\"1655\">Unterst\u00fctzung f\u00fcr <strong data-start=\"1626\" data-end=\"1645\">C\/NC oder C\/NO<\/strong> pro Zone<\/p>\n<\/li>\n<li data-start=\"1656\" data-end=\"1722\">\n<p data-start=\"1658\" data-end=\"1722\">M\u00f6glichkeit zur Verbindung <strong data-start=\"1680\" data-end=\"1720\">Kabelgebundene Sirene (bis zu 15 V\/3 A)<\/strong><\/p>\n<\/li>\n<li data-start=\"1723\" data-end=\"1776\">\n<p data-start=\"1725\" data-end=\"1776\">Zonen k\u00f6nnen <strong data-start=\"1735\" data-end=\"1774\">Aktivierung und Deaktivierung erfolgen \u00fcber die App.<\/strong><\/p>\n<\/li>\n<\/ul>\n<p data-start=\"1778\" data-end=\"1867\">Dadurch eignet sich LinkBridge ideal f\u00fcr Aufr\u00fcstungen, bei denen bereits eine bestehende Verkabelung vorhanden ist.<\/p>\n<hr data-start=\"1869\" data-end=\"1872\" \/>\n<h3 data-start=\"1874\" data-end=\"1904\">Teil des SecureX-Systems<\/h3>\n<p data-start=\"1905\" data-end=\"2068\">SecureX LinkBridge ist eine Systemkomponente f\u00fcr SecureX und wird immer zusammen mit <strong data-start=\"1993\" data-end=\"2011\">SecureX Hub<\/strong>, das die gesamte Kommunikation, Logik und Alarmsteuerung \u00fcbernimmt.<\/p>\n<ul data-start=\"2070\" data-end=\"2234\">\n<li data-start=\"2070\" data-end=\"2125\">\n<p data-start=\"2072\" data-end=\"2125\">Verwaltung und Benachrichtigungen erfolgen \u00fcber <strong data-start=\"2103\" data-end=\"2123\">Stonehouse Smart<\/strong><\/p>\n<\/li>\n<li data-start=\"2126\" data-end=\"2196\">\n<p data-start=\"2128\" data-end=\"2196\">Kompatibilit\u00e4t mit <strong data-start=\"2147\" data-end=\"2194\">Tuya und Smart Life werden \u00fcber den SecureX-Hub realisiert.<\/strong><\/p>\n<\/li>\n<li data-start=\"2197\" data-end=\"2234\">\n<p data-start=\"2199\" data-end=\"2234\">LinkBridge ist <strong data-start=\"2213\" data-end=\"2232\">nicht unabh\u00e4ngig<\/strong><\/p>\n<\/li>\n<\/ul>\n<hr data-start=\"2236\" data-end=\"2239\" \/>\n<h3 data-start=\"2241\" data-end=\"2263\">Vorteile im \u00dcberblick<\/h3>\n<ul data-start=\"2264\" data-end=\"2656\">\n<li data-start=\"2264\" data-end=\"2339\">\n<p data-start=\"2266\" data-end=\"2339\">Umrechnet bis zu <strong data-start=\"2285\" data-end=\"2308\">16 verkabelte Zonen<\/strong> zum SecureX-Funksystem<\/p>\n<\/li>\n<li data-start=\"2340\" data-end=\"2375\">\n<p data-start=\"2342\" data-end=\"2375\">Hybridl\u00f6sung: Kabel + drahtlos<\/p>\n<\/li>\n<li data-start=\"2376\" data-end=\"2410\">\n<p data-start=\"2378\" data-end=\"2410\">W\u00e4hlbar C\/NC oder C\/NO pro Zone<\/p>\n<\/li>\n<li data-start=\"2411\" data-end=\"2448\">\n<p data-start=\"2413\" data-end=\"2448\">LED-Statusanzeige f\u00fcr jede Zone<\/p>\n<\/li>\n<li data-start=\"2449\" data-end=\"2491\">\n<p data-start=\"2451\" data-end=\"2491\">Robustes Metallgeh\u00e4use mit externer Antenne<\/p>\n<\/li>\n<li data-start=\"2492\" data-end=\"2532\">\n<p data-start=\"2494\" data-end=\"2532\">Unterst\u00fctzung f\u00fcr kabelgebundene Sirene (15V\/3A)<\/p>\n<\/li>\n<li data-start=\"2533\" data-end=\"2565\">\n<p data-start=\"2535\" data-end=\"2565\">Zonensteuerung per App (Ein\/Aus)<\/p>\n<\/li>\n<li data-start=\"2566\" data-end=\"2611\">\n<p data-start=\"2568\" data-end=\"2611\">Manipulationsschutz und Stromausfallanzeige<\/p>\n<\/li>\n<li data-start=\"2612\" data-end=\"2656\">\n<p data-start=\"2614\" data-end=\"2656\">Unterst\u00fctzung f\u00fcr externe Notstrombatterie (optional)<\/p>\n<\/li>\n<\/ul>\n<hr data-start=\"2658\" data-end=\"2661\" \/>\n<h3 data-start=\"2663\" data-end=\"2693\">Typische Anwendungen<\/h3>\n<ul data-start=\"2694\" data-end=\"2896\">\n<li data-start=\"2694\" data-end=\"2741\">\n<p data-start=\"2696\" data-end=\"2741\">Modernisierung \u00e4lterer kabelgebundener Alarmanlagen<\/p>\n<\/li>\n<li data-start=\"2742\" data-end=\"2785\">\n<p data-start=\"2744\" data-end=\"2785\">Hybridinstallationen (kabelgebunden + drahtlos)<\/p>\n<\/li>\n<li data-start=\"2786\" data-end=\"2815\">\n<p data-start=\"2788\" data-end=\"2815\">Villen und Mehrfamilienh\u00e4user<\/p>\n<\/li>\n<li data-start=\"2816\" data-end=\"2854\">\n<p data-start=\"2818\" data-end=\"2854\">Unternehmen, Lagerhallen und industrielle Umgebungen<\/p>\n<\/li>\n<li data-start=\"2855\" data-end=\"2896\">\n<p data-start=\"2857\" data-end=\"2896\">Projekte, bei denen bereits Verkabelung vorhanden ist<\/p>\n<\/li>\n<\/ul>\n<hr data-start=\"2898\" data-end=\"2901\" \/>\n<h3 data-start=\"2903\" data-end=\"2928\">Technische Spezifikation<\/h3>\n<ul data-start=\"2929\" data-end=\"3236\">\n<li data-start=\"2929\" data-end=\"2985\">\n<p data-start=\"2931\" data-end=\"2985\">Stromversorgung: DC 15V \/ 5,0A (\u00fcber 220 VAC, im Lieferumfang enthalten)<\/p>\n<\/li>\n<li data-start=\"2986\" data-end=\"3037\">\n<p data-start=\"2988\" data-end=\"3037\">Backup-Batterie: 12V 7Ah (optional, nicht im Lieferumfang enthalten)<\/p>\n<\/li>\n<li data-start=\"3038\" data-end=\"3092\">\n<p data-start=\"3040\" data-end=\"3092\">Kommunikation: 433 MHz (EV1527), kodiert f\u00fcr SecureX<\/p>\n<\/li>\n<li data-start=\"3093\" data-end=\"3136\">\n<p data-start=\"3095\" data-end=\"3136\">Reichweite: Bis zu ca. 150 m (im Freien)<\/p>\n<\/li>\n<li data-start=\"3137\" data-end=\"3167\">\n<p data-start=\"3139\" data-end=\"3167\">Anzahl der Zonen: 16 verkabelt<\/p>\n<\/li>\n<li data-start=\"3168\" data-end=\"3208\">\n<p data-start=\"3170\" data-end=\"3208\">Betriebstemperatur: \u221220 \u00b0C bis +55 \u00b0C<\/p>\n<\/li>\n<li data-start=\"3209\" data-end=\"3236\">\n<p data-start=\"3211\" data-end=\"3236\">Abmessungen: 165 \u00d7 100 \u00d7 18 mm<\/p>\n<\/li>\n<\/ul>\n<hr data-start=\"3238\" data-end=\"3241\" \/>\n<h3 data-start=\"3243\" data-end=\"3263\">Lieferinhalt<\/h3>\n<ul data-start=\"3264\" data-end=\"3432\">\n<li data-start=\"3264\" data-end=\"3309\">\n<p data-start=\"3266\" data-end=\"3309\">SecureX LinkBridge im Metallgeh\u00e4use: 1 St\u00fcck<\/p>\n<\/li>\n<li data-start=\"3310\" data-end=\"3371\">\n<p data-start=\"3312\" data-end=\"3371\">Netzteil 220 VAC \u2192 DC 15V (im Geh\u00e4use montiert): 1 St\u00fcck.<\/p>\n<\/li>\n<li data-start=\"3372\" data-end=\"3415\">\n<p data-start=\"3374\" data-end=\"3415\">Externe Antenne (am Geh\u00e4use montiert): 1 St\u00fcck<\/p>\n<\/li>\n<li data-start=\"3416\" data-end=\"3432\">\n<p data-start=\"3418\" data-end=\"3432\">Anleitung: 1 St\u00fcck<\/p>\n<\/li>\n<\/ul>","protected":false},"excerpt":{"rendered":"<p>Drahtloser Konverter zur Anbindung von bis zu 16 kabelgebundenen Alarmzonen an das SecureX-System. Metallgeh\u00e4use, externe Antenne, App-Steuerung und Unterst\u00fctzung f\u00fcr kabelgebundene Sirenen.<\/p>\n<p>Lieferung in einem Metallgeh\u00e4use mit eingebautem Netzteil f\u00fcr den Netzanschluss (220 V AC).<\/p>","protected":false},"featured_media":162590,"template":"","meta":{"_acf_changed":false},"product_brand":[],"product_cat":[5066],"product_tag":[],"class_list":{"0":"post-162594","1":"product","2":"type-product","3":"status-publish","4":"has-post-thumbnail","6":"product_cat-securex-repeater-wire-to-wireless","7":"pa_brands-securex-connect-pro","8":"pa_brands-stonehouse-smart","9":"tm-no-options","11":"first","12":"instock","13":"sale","14":"taxable","15":"shipping-taxable","16":"purchasable","17":"product-type-simple"},"acf":[],"_links":{"self":[{"href":"https:\/\/secureus.se\/de\/wp-json\/wp\/v2\/product\/162594","targetHints":{"allow":["GET"]}}],"collection":[{"href":"https:\/\/secureus.se\/de\/wp-json\/wp\/v2\/product"}],"about":[{"href":"https:\/\/secureus.se\/de\/wp-json\/wp\/v2\/types\/product"}],"wp:featuredmedia":[{"embeddable":true,"href":"https:\/\/secureus.se\/de\/wp-json\/wp\/v2\/media\/162590"}],"wp:attachment":[{"href":"https:\/\/secureus.se\/de\/wp-json\/wp\/v2\/media?parent=162594"}],"wp:term":[{"taxonomy":"product_brand","embeddable":true,"href":"https:\/\/secureus.se\/de\/wp-json\/wp\/v2\/product_brand?post=162594"},{"taxonomy":"product_cat","embeddable":true,"href":"https:\/\/secureus.se\/de\/wp-json\/wp\/v2\/product_cat?post=162594"},{"taxonomy":"product_tag","embeddable":true,"href":"https:\/\/secureus.se\/de\/wp-json\/wp\/v2\/product_tag?post=162594"}],"curies":[{"name":"wp","href":"https:\/\/api.w.org\/{rel}","templated":true}]}}