{"id":162610,"date":"2025-09-15T11:16:43","date_gmt":"2025-09-15T09:16:43","guid":{"rendered":"https:\/\/secureus.se\/?post_type=product&#038;p=162610"},"modified":"2026-04-09T15:46:35","modified_gmt":"2026-04-09T13:46:35","slug":"securex-sirenguard-inomhussiren-110-db","status":"publish","type":"product","link":"https:\/\/secureus.se\/de\/securex-sirenguard-inomhussiren-110-db\/","title":{"rendered":"SecureX SirenGuard \u2013 Innensirene 110 dB mit Blitzlicht (gro\u00dfe Reichweite)"},"content":{"rendered":"<h2 data-start=\"191\" data-end=\"269\">SecureX SirenGuard \u2013 leistungsstarke Innensirene mit gro\u00dfer Reichweite (bis zu 500 m)<\/h2>\n<p data-start=\"271\" data-end=\"574\">SecureX SirenGuard ist ein <strong data-start=\"296\" data-end=\"335\">leistungsstarke und flexible Innensirene<\/strong> das Ihr SecureX-Alarmsystem um einen klaren und effektiven akustischen Alarm von bis zu <strong data-start=\"426\" data-end=\"436\">110 dB<\/strong>Die Sirene wurde sowohl f\u00fcr Wohn- als auch f\u00fcr Gewerbegebiete entwickelt, in denen hohe Lautst\u00e4rke, stabile Kommunikation und Betriebssicherheit von entscheidender Bedeutung sind.<\/p>\n<p data-start=\"576\" data-end=\"850\">Mit <strong data-start=\"580\" data-end=\"601\">Langstreckentechnologie<\/strong> Sie erhalten eine stabile drahtlose Kommunikation mit bis zu <strong data-start=\"651\" data-end=\"685\">500 Meter Reichweite bei freier Sichtlinie<\/strong>Dadurch eignet sich SirenGuard auch ideal f\u00fcr gr\u00f6\u00dfere Grundst\u00fccke. Das System unterst\u00fctzt bis zu <strong data-start=\"771\" data-end=\"785\">10 Sirenen<\/strong>damit der Alarm im Falle eines Zwischenfalls in der gesamten Anlage deutlich zu h\u00f6ren ist.<\/p>\n<hr data-start=\"852\" data-end=\"855\" \/>\n<h3 data-start=\"857\" data-end=\"897\">Anpassungsf\u00e4hig an Umgebung und Bed\u00fcrfnisse<\/h3>\n<p data-start=\"898\" data-end=\"993\">SecureX SirenGuard l\u00e4sst sich problemlos an verschiedene Installationsarten und Umgebungen anpassen.<\/p>\n<p data-start=\"995\" data-end=\"1015\">Sie k\u00f6nnen zwischen folgenden Optionen w\u00e4hlen:<\/p>\n<ul data-start=\"1016\" data-end=\"1096\">\n<li data-start=\"1016\" data-end=\"1035\">\n<p data-start=\"1018\" data-end=\"1035\"><strong data-start=\"1018\" data-end=\"1035\">5 Lautst\u00e4rkestufen<\/strong><\/p>\n<\/li>\n<li data-start=\"1036\" data-end=\"1062\">\n<p data-start=\"1038\" data-end=\"1062\"><strong data-start=\"1038\" data-end=\"1062\">2 verschiedene Alarmsignale<\/strong><\/p>\n<\/li>\n<li data-start=\"1063\" data-end=\"1096\">\n<p data-start=\"1065\" data-end=\"1096\"><strong data-start=\"1065\" data-end=\"1096\">4 Weckzeiteinstellungen<\/strong><\/p>\n<\/li>\n<li data-start=\"1063\" data-end=\"1096\"><strong>Die Sirene verf\u00fcgt \u00fcber ein eingebautes Blitzlicht zur optischen Anzeige.<\/strong><\/li>\n<\/ul>\n<p data-start=\"1098\" data-end=\"1193\">Dadurch eignet sich die Sirene gleicherma\u00dfen f\u00fcr Villen und Wohnungen wie f\u00fcr Gesch\u00e4fte, Lagerhallen und B\u00fcrogeb\u00e4ude.<\/p>\n<hr data-start=\"1195\" data-end=\"1198\" \/>\n<h3 data-start=\"1200\" data-end=\"1236\">Akku-Backup f\u00fcr zus\u00e4tzliche Sicherheit<\/h3>\n<p data-start=\"1237\" data-end=\"1435\">SirenGuard ist ausgestattet mit einem <strong data-start=\"1268\" data-end=\"1305\">eingebauter 1000-mAh-Lithium-Akku<\/strong>Dadurch wird sichergestellt, dass die Sirene auch bei einem Stromausfall weiterhin funktioniert. Der Ladevorgang erfolgt reibungslos \u00fcber <strong data-start=\"1407\" data-end=\"1434\">USB Typ-C (DC 5V \/ 1A)<\/strong>.<\/p>\n<p data-start=\"1437\" data-end=\"1589\">Die Sirene ist f\u00fcr einen stabilen Betrieb bei Temperaturen von <strong data-start=\"1497\" data-end=\"1519\">-20 \u00b0C bis +50 \u00b0C<\/strong> und verf\u00fcgt \u00fcber ein kompaktes und unauff\u00e4lliges Design, das in die meisten Umgebungen passt.<\/p>\n<hr data-start=\"1591\" data-end=\"1594\" \/>\n<h3 data-start=\"1596\" data-end=\"1626\">Teil des SecureX-Systems<\/h3>\n<p data-start=\"1627\" data-end=\"1734\">SecureX SirenGuard ist eine Systemkomponente f\u00fcr SecureX und wird immer zusammen mit <strong data-start=\"1715\" data-end=\"1733\">SecureX Hub<\/strong>.<\/p>\n<ul data-start=\"1736\" data-end=\"1930\">\n<li data-start=\"1736\" data-end=\"1775\">\n<p data-start=\"1738\" data-end=\"1775\">Die Sirene ist mit dem SecureX-Hub verbunden.<\/p>\n<\/li>\n<li data-start=\"1776\" data-end=\"1813\">\n<p data-start=\"1778\" data-end=\"1813\">Die gesamte Alarmbehandlung erfolgt \u00fcber die Zentrale.<\/p>\n<\/li>\n<li data-start=\"1814\" data-end=\"1894\">\n<p data-start=\"1816\" data-end=\"1894\">Kompatibilit\u00e4t mit <strong data-start=\"1835\" data-end=\"1892\">Stonehouse Smart, Tuya und Smart Life werden \u00fcber den Hub gesteuert.<\/strong><\/p>\n<\/li>\n<li data-start=\"1895\" data-end=\"1930\">\n<p data-start=\"1897\" data-end=\"1930\">Die Sirene wird nicht eigenst\u00e4ndig verwendet.<\/p>\n<\/li>\n<\/ul>\n<hr data-start=\"1932\" data-end=\"1935\" \/>\n<h3 data-start=\"1937\" data-end=\"1959\">Vorteile im \u00dcberblick<\/h3>\n<ul data-start=\"1960\" data-end=\"2253\">\n<li data-start=\"1960\" data-end=\"1997\">\n<p data-start=\"1962\" data-end=\"1997\">Lauter Alarmton bis zu 110 dB<\/p>\n<\/li>\n<li data-start=\"1998\" data-end=\"2054\">\n<p data-start=\"2000\" data-end=\"2054\">Kommunikation \u00fcber gro\u00dfe Entfernungen mit bis zu 500 m Reichweite<\/p>\n<\/li>\n<li data-start=\"2055\" data-end=\"2083\">\n<p data-start=\"2057\" data-end=\"2083\">5 einstellbare Lautst\u00e4rkestufen<\/p>\n<\/li>\n<li data-start=\"2084\" data-end=\"2118\">\n<p data-start=\"2086\" data-end=\"2118\">2 Alarmsignale und 4 Alarmzeiten<\/p>\n<\/li>\n<li data-start=\"2119\" data-end=\"2166\">\n<p data-start=\"2121\" data-end=\"2166\">Unterst\u00fctzung f\u00fcr bis zu 10 Sirenen im selben System<\/p>\n<\/li>\n<li data-start=\"2167\" data-end=\"2204\">\n<p data-start=\"2169\" data-end=\"2204\">Eingebauter 1000-mAh-Akku (Notstromversorgung)<\/p>\n<\/li>\n<li data-start=\"2205\" data-end=\"2223\">\n<p data-start=\"2207\" data-end=\"2223\">USB-C-Ladefunktion<\/p>\n<\/li>\n<li data-start=\"2224\" data-end=\"2253\">\n<p data-start=\"2226\" data-end=\"2253\">Kompaktes und robustes Design<\/p>\n<\/li>\n<\/ul>\n<hr data-start=\"2255\" data-end=\"2258\" \/>\n<h3 data-start=\"2260\" data-end=\"2290\">Typische Anwendungen<\/h3>\n<ul data-start=\"2291\" data-end=\"2401\">\n<li data-start=\"2291\" data-end=\"2316\">\n<p data-start=\"2293\" data-end=\"2316\">Villen und Apartments<\/p>\n<\/li>\n<li data-start=\"2317\" data-end=\"2345\">\n<p data-start=\"2319\" data-end=\"2345\">Gewerbeimmobilien<\/p>\n<\/li>\n<li data-start=\"2346\" data-end=\"2367\">\n<p data-start=\"2348\" data-end=\"2367\">Gesch\u00e4fte und Lagerh\u00e4user<\/p>\n<\/li>\n<li data-start=\"2368\" data-end=\"2401\">\n<p data-start=\"2370\" data-end=\"2401\">Erweiterte Alarmanlagen<\/p>\n<\/li>\n<\/ul>\n<hr data-start=\"2403\" data-end=\"2406\" \/>\n<h3 data-start=\"2408\" data-end=\"2433\">Technische Spezifikation<\/h3>\n<ul data-start=\"2434\" data-end=\"2786\">\n<li data-start=\"2434\" data-end=\"2479\">\n<p data-start=\"2436\" data-end=\"2479\">Stromversorgung: DC 5V\/1A (USB Typ-C)<\/p>\n<\/li>\n<li data-start=\"2480\" data-end=\"2516\">\n<p data-start=\"2482\" data-end=\"2516\">Akku: 3,7 V \/ 1000 mAh Lithium<\/p>\n<\/li>\n<li data-start=\"2517\" data-end=\"2548\">\n<p data-start=\"2519\" data-end=\"2548\">Schallpegel: Bis zu 110 dB<\/p>\n<\/li>\n<li data-start=\"2549\" data-end=\"2570\">\n<p data-start=\"2551\" data-end=\"2570\">Lautst\u00e4rkestufen: 5 St\u00fcck<\/p>\n<\/li>\n<li data-start=\"2571\" data-end=\"2598\">\n<p data-start=\"2573\" data-end=\"2598\">Alarmmodi: 4 Optionen<\/p>\n<\/li>\n<li data-start=\"2599\" data-end=\"2622\">\n<p data-start=\"2601\" data-end=\"2622\">T\u00f6ne: 2 Optionen<\/p>\n<\/li>\n<li data-start=\"2623\" data-end=\"2672\">\n<p data-start=\"2625\" data-end=\"2672\">Drahtlose Technologie: Gro\u00dfe Reichweite, SecureX-Verschl\u00fcsselung<\/p>\n<\/li>\n<li data-start=\"2673\" data-end=\"2715\">\n<p data-start=\"2675\" data-end=\"2715\">Reichweite: Bis zu ca. 500 m (Sichtlinie)<\/p>\n<\/li>\n<li data-start=\"2716\" data-end=\"2756\">\n<p data-start=\"2718\" data-end=\"2756\">Betriebstemperatur: \u221220 \u00b0C bis +50 \u00b0C<\/p>\n<\/li>\n<li data-start=\"2757\" data-end=\"2786\">\n<p data-start=\"2759\" data-end=\"2786\">Abmessungen: 135 \u00d7 100 \u00d7 27,5 mm<\/p>\n<\/li>\n<\/ul>\n<hr data-start=\"2788\" data-end=\"2791\" \/>\n<h3 data-start=\"2793\" data-end=\"2813\">Lieferinhalt<\/h3>\n<ul data-start=\"2814\" data-end=\"2966\">\n<li data-start=\"2814\" data-end=\"2855\">\n<p data-start=\"2816\" data-end=\"2855\">SecureX SirenGuard Innensirene: 1 St\u00fcck<\/p>\n<\/li>\n<li data-start=\"2856\" data-end=\"2886\">\n<p data-start=\"2858\" data-end=\"2886\">Wandmontageplatte: 1 St\u00fcck<\/p>\n<\/li>\n<li data-start=\"2887\" data-end=\"2904\">\n<p data-start=\"2889\" data-end=\"2904\">Schrauben: 4 St\u00fcck<\/p>\n<\/li>\n<li data-start=\"2905\" data-end=\"2920\">\n<p data-start=\"2907\" data-end=\"2920\">Stecker: 4 St\u00fcck<\/p>\n<\/li>\n<li data-start=\"2921\" data-end=\"2949\">\n<p data-start=\"2923\" data-end=\"2949\">USB-C-Netzteil: 1 St\u00fcck<\/p>\n<\/li>\n<li data-start=\"2950\" data-end=\"2966\">\n<p data-start=\"2952\" data-end=\"2966\">Anleitung: 1 St\u00fcck<\/p>\n<\/li>\n<\/ul>","protected":false},"excerpt":{"rendered":"<p>Die SecureX-Innensirene mit Long-Range-Protokoll bietet einen kraftvollen Schallpegel von 110 dB und verf\u00fcgt \u00fcber eine in f\u00fcnf Stufen einstellbare Lautst\u00e4rke.<\/p>\n<p>Die Sirene verf\u00fcgt \u00fcber ein eingebautes Blitzlicht zur optischen Anzeige.<\/p>\n<p>Ausgestattet mit einem wiederaufladbaren Akku, mehreren Alarmmodi und zuverl\u00e4ssiger Fernkommunikation.<\/p>","protected":false},"featured_media":162607,"template":"","meta":{"_acf_changed":false},"product_brand":[],"product_cat":[5064],"product_tag":[],"class_list":{"0":"post-162610","1":"product","2":"type-product","3":"status-publish","4":"has-post-thumbnail","6":"product_cat-securex-sirener","7":"pa_brands-securex-connect-pro","8":"pa_brands-stonehouse-smart","9":"tm-no-options","11":"first","12":"instock","13":"sale","14":"taxable","15":"shipping-taxable","16":"purchasable","17":"product-type-simple"},"acf":[],"_links":{"self":[{"href":"https:\/\/secureus.se\/de\/wp-json\/wp\/v2\/product\/162610","targetHints":{"allow":["GET"]}}],"collection":[{"href":"https:\/\/secureus.se\/de\/wp-json\/wp\/v2\/product"}],"about":[{"href":"https:\/\/secureus.se\/de\/wp-json\/wp\/v2\/types\/product"}],"wp:featuredmedia":[{"embeddable":true,"href":"https:\/\/secureus.se\/de\/wp-json\/wp\/v2\/media\/162607"}],"wp:attachment":[{"href":"https:\/\/secureus.se\/de\/wp-json\/wp\/v2\/media?parent=162610"}],"wp:term":[{"taxonomy":"product_brand","embeddable":true,"href":"https:\/\/secureus.se\/de\/wp-json\/wp\/v2\/product_brand?post=162610"},{"taxonomy":"product_cat","embeddable":true,"href":"https:\/\/secureus.se\/de\/wp-json\/wp\/v2\/product_cat?post=162610"},{"taxonomy":"product_tag","embeddable":true,"href":"https:\/\/secureus.se\/de\/wp-json\/wp\/v2\/product_tag?post=162610"}],"curies":[{"name":"wp","href":"https:\/\/api.w.org\/{rel}","templated":true}]}}