{"id":162620,"date":"2025-09-15T11:16:42","date_gmt":"2025-09-15T09:16:42","guid":{"rendered":"https:\/\/secureus.se\/?post_type=product&#038;p=162620"},"modified":"2026-04-20T10:13:50","modified_gmt":"2026-04-20T08:13:50","slug":"securex-doorsense-pro-dorr-fonstersensor","status":"publish","type":"product","link":"https:\/\/secureus.se\/de\/securex-doorsense-pro-dorr-fonstersensor\/","title":{"rendered":"SecureX DoorSense Pro \u2013 T\u00fcr- und Fenstersensor, 5 Jahre Lebensdauer &amp; 500 Meter Reichweite"},"content":{"rendered":"<h2>SecureX DoorSense Pro \u2013 T\u00fcr- und Fenstersensor mit gr\u00f6\u00dferer Reichweite (bis zu 500 m)<\/h2>\n<p>SecureX DoorSense Pro ist ein zuverl\u00e4ssiger Magnetkontakt, der \u00fcberwacht <strong>T\u00fcren, Fenster und andere \u00d6ffnungen<\/strong>. Mit <strong>Langstreckenfunk 868 MHz (LoRa)<\/strong> Sie erhalten eine stabile drahtlose Kommunikation mit bis zu <strong>500 Meter Reichweite bei freier Sichtlinie<\/strong> \u2013 perfekt f\u00fcr Unterk\u00fcnfte, in denen WLAN nicht ausreicht oder in denen Sie ein besonders starkes Signal w\u00fcnschen.<\/p>\n<p>Wenn eine T\u00fcr oder ein Fenster ge\u00f6ffnet wird, wird das Ereignis sofort erfasst und gesendet per \u2026 <strong>SecureX Hub<\/strong>Du bekommst <strong>Echtzeitbenachrichtigungen<\/strong> In <strong>Die Stonehouse Smart App<\/strong> (iOS\/Android), wo alle SecureX-Ger\u00e4te zentral verwaltet werden. Kompatibilit\u00e4t mit <strong>Tuya<\/strong> Und <strong>Intelligentes Leben<\/strong> findet \u00fcber den Hub statt.<\/p>\n<hr \/>\n<h3>Wichtig \u2013 System &amp; Kompatibilit\u00e4t<\/h3>\n<ul>\n<li>DoorSense Pro wird in Verbindung mit <strong>SecureX Hub<\/strong><\/li>\n<li>Benachrichtigungen und Einstellungen werden verwaltet in <strong>Die Stonehouse Smart App<\/strong><\/li>\n<li><strong>Tuya &amp; Smart Life<\/strong> unterst\u00fctzt <strong>\u00fcber den Hub<\/strong><\/li>\n<li>Der Sensor ist <strong>nicht unabh\u00e4ngig<\/strong><\/li>\n<\/ul>\n<hr \/>\n<h3>Unauff\u00e4lliges Design und lange Akkulaufzeit<\/h3>\n<p>DoorSense Pro zeichnet sich durch ein kompaktes, unauff\u00e4lliges Design aus, das sich harmonisch in die Umgebung einf\u00fcgt. Es wird mit Strom versorgt von <strong>2 \u00d7 CR2450 Batterien<\/strong> und hat einen sehr geringen Stromverbrauch (<strong>\u226410 \u00b5A im Standby-Modus<\/strong>), was ein ergibt <strong>Gesch\u00e4tzte Batterielebensdauer von bis zu 5 Jahren<\/strong> bei normalem Gebrauch.<\/p>\n<p>Die Installation ist einfach und eignet sich sowohl f\u00fcr Neuinstallationen als auch f\u00fcr bestehende Installationen in Wohnh\u00e4usern, Ferienh\u00e4usern und Gewerbebetrieben.<\/p>\n<hr \/>\n<h3>Vorteile und Funktionen<\/h3>\n<ul>\n<li><strong>Long Range\/LoRa 868 MHz<\/strong> mit bis zu <strong>500 m Reichweite<\/strong> (klare Sicht)<\/li>\n<li>Vollst\u00e4ndige Integration \u00fcber <strong>SecureX Hub<\/strong><\/li>\n<li>Echtzeitbenachrichtigungen in <strong>Die Stonehouse Smart App<\/strong><\/li>\n<li>Tuya &amp; Smart Life unterst\u00fctzten <strong>\u00fcber den Hub<\/strong><\/li>\n<li>Einfache Montage an T\u00fcren und Fenstern<\/li>\n<li>Sehr geringer Verbrauch f\u00fcr <strong>lange Akkulaufzeit<\/strong><\/li>\n<li>Diskretes und kompaktes Design<\/li>\n<\/ul>\n<hr \/>\n<h3>Einsatzgebiete<\/h3>\n<ul>\n<li>Villen und Apartments<\/li>\n<li>Sommerh\u00e4user und Ferienwohnungen<\/li>\n<li>Abstellraum, Garage und Keller<\/li>\n<li>B\u00fcro- und Einzelhandelsfl\u00e4chen<\/li>\n<\/ul>\n<hr \/>\n<h3>Technische Spezifikation<\/h3>\n<ul>\n<li><strong>Batterie:<\/strong> CR2450 \u00d7 2<\/li>\n<li><strong>Gesch\u00e4tzte Akkulaufzeit:<\/strong> bis zu 5 Jahre<\/li>\n<li><strong>Standby-Leistung:<\/strong> \u226410 \u00b5A<\/li>\n<li><strong>Alarmstrom:<\/strong> &lt;80 mA<\/li>\n<li><strong>Drahtlose Technologie:<\/strong> Langstreckenfunk 868 MHz<\/li>\n<li><strong>Umfang:<\/strong> bis zu 500 m (Sichtlinie)<\/li>\n<li><strong>Messen:<\/strong>\n<ul>\n<li>Sensor: 70 \u00d7 31,5 \u00d7 15,5 mm<\/li>\n<li>Magnet: 70 \u00d7 11 \u00d7 15,5 mm<\/li>\n<\/ul>\n<\/li>\n<li><strong>App-Unterst\u00fctzung:<\/strong> Stonehouse Smart (iOS\/Android), Tuya &amp; Smart Life \u00fcber Hub<\/li>\n<\/ul>","protected":false},"excerpt":{"rendered":"<p>T\u00fcr- und Fenstersensor mit LoRa f\u00fcr extra gro\u00dfe Reichweiten bis zu 500 m.<\/p>\n<p>Beim \u00d6ffnen wird sofort ein Alarm ausgel\u00f6st und \u00fcber den SecureX-Hub werden Benachrichtigungen an die Stonehouse Smart App gesendet.<\/p>\n<p>&nbsp;<\/p>","protected":false},"featured_media":162616,"template":"","meta":{"_acf_changed":false},"product_brand":[],"product_cat":[5061],"product_tag":[],"class_list":{"0":"post-162620","1":"product","2":"type-product","3":"status-publish","4":"has-post-thumbnail","6":"product_cat-securex-larmsensorer","7":"pa_brands-securex-connect-pro","8":"pa_brands-stonehouse-smart","9":"tm-no-options","11":"first","12":"instock","13":"sale","14":"taxable","15":"shipping-taxable","16":"purchasable","17":"product-type-simple"},"acf":[],"_links":{"self":[{"href":"https:\/\/secureus.se\/de\/wp-json\/wp\/v2\/product\/162620","targetHints":{"allow":["GET"]}}],"collection":[{"href":"https:\/\/secureus.se\/de\/wp-json\/wp\/v2\/product"}],"about":[{"href":"https:\/\/secureus.se\/de\/wp-json\/wp\/v2\/types\/product"}],"wp:featuredmedia":[{"embeddable":true,"href":"https:\/\/secureus.se\/de\/wp-json\/wp\/v2\/media\/162616"}],"wp:attachment":[{"href":"https:\/\/secureus.se\/de\/wp-json\/wp\/v2\/media?parent=162620"}],"wp:term":[{"taxonomy":"product_brand","embeddable":true,"href":"https:\/\/secureus.se\/de\/wp-json\/wp\/v2\/product_brand?post=162620"},{"taxonomy":"product_cat","embeddable":true,"href":"https:\/\/secureus.se\/de\/wp-json\/wp\/v2\/product_cat?post=162620"},{"taxonomy":"product_tag","embeddable":true,"href":"https:\/\/secureus.se\/de\/wp-json\/wp\/v2\/product_tag?post=162620"}],"curies":[{"name":"wp","href":"https:\/\/api.w.org\/{rel}","templated":true}]}}