{"id":162644,"date":"2025-09-15T11:16:42","date_gmt":"2025-09-15T09:16:42","guid":{"rendered":"https:\/\/secureus.se\/?post_type=product&#038;p=162644"},"modified":"2026-03-27T14:47:23","modified_gmt":"2026-03-27T13:47:23","slug":"securex-keyaccess-knappsats-rfid","status":"publish","type":"product","link":"https:\/\/secureus.se\/de\/securex-keyaccess-knappsats-rfid\/","title":{"rendered":"SecureX KeyAccess \u2013 Tastatur mit RFID-Langstreckenfunktion (500 Meter)"},"content":{"rendered":"<h2 data-start=\"0\" data-end=\"76\">SecureX KeyAccess \u2013 zus\u00e4tzliche Tastatur mit RFID f\u00fcr SecureX Pro (Long Range)<\/h2>\n<p data-start=\"78\" data-end=\"419\">SecureX KeyAccess ist ein zus\u00e4tzliches Tastenfeld f\u00fcr SecureX Pro, das die Steuerung der Alarmanlage vereinfacht. <strong data-start=\"174\" data-end=\"215\">Code, RFID-Tags oder Tastendruck<\/strong>. Mit <strong data-start=\"221\" data-end=\"243\">Langstreckenfunk 868 MHz<\/strong> Sie erhalten eine stabile drahtlose Verbindung mit bis zu <strong data-start=\"293\" data-end=\"327\">500 Meter Reichweite bei freier Sichtlinie<\/strong>, was perfekt f\u00fcr gr\u00f6\u00dfere Anwesen oder \u00fcberall dort geeignet ist, wo Sie eine besonders sichere Kommunikation w\u00fcnschen.<\/p>\n<p data-start=\"421\" data-end=\"637\">Das Tastenfeld ist f\u00fcr den reibungslosen und sicheren t\u00e4glichen Gebrauch konzipiert. Es unterst\u00fctzt mehrere Benutzer, RFID, intelligente Anwesenheitserkennung und automatische Hintergrundbeleuchtung \u2013 f\u00fcr eine stets klare und einfache Bedienung.<\/p>\n<p data-start=\"639\" data-end=\"806\">Die gesamte Abwicklung erfolgt \u00fcber <strong data-start=\"662\" data-end=\"680\">SecureX Hub<\/strong> und Sie sehen Status und Ereignisse in <strong data-start=\"715\" data-end=\"741\">Die Stonehouse Smart App<\/strong>Kompatibilit\u00e4t mit <strong data-start=\"762\" data-end=\"770\">Tuya<\/strong> Und <strong data-start=\"775\" data-end=\"789\">Intelligentes Leben<\/strong> findet \u00fcber den Hub statt.<\/p>\n<hr data-start=\"808\" data-end=\"811\" \/>\n<h3 data-start=\"813\" data-end=\"851\">Intelligente Funktionen f\u00fcr einen einfacheren Alltag<\/h3>\n<ul data-start=\"852\" data-end=\"1161\">\n<li data-start=\"852\" data-end=\"911\">\n<p data-start=\"854\" data-end=\"911\"><strong data-start=\"854\" data-end=\"889\">RFID-Unterst\u00fctzung (bis zu 10 Tags)<\/strong> \u2013 schnell und sicher<\/p>\n<\/li>\n<li data-start=\"912\" data-end=\"952\">\n<p data-start=\"914\" data-end=\"952\"><strong data-start=\"914\" data-end=\"950\">Mehrbenutzercodes<\/strong><\/p>\n<\/li>\n<li data-start=\"953\" data-end=\"1007\">\n<p data-start=\"955\" data-end=\"1007\"><strong data-start=\"955\" data-end=\"974\">Mikrowellensensor<\/strong> Weckt das Tastenfeld auf, wenn vorhanden<\/p>\n<\/li>\n<li data-start=\"1008\" data-end=\"1068\">\n<p data-start=\"1010\" data-end=\"1068\"><strong data-start=\"1010\" data-end=\"1024\">Lichtsensor<\/strong> passt die Hintergrundbeleuchtung automatisch an<\/p>\n<\/li>\n<li data-start=\"1069\" data-end=\"1115\">\n<p data-start=\"1071\" data-end=\"1115\"><strong data-start=\"1071\" data-end=\"1090\">T\u00fcrklingelknopf<\/strong> f\u00fcr zus\u00e4tzlichen Komfort<\/p>\n<\/li>\n<li data-start=\"1116\" data-end=\"1161\">\n<p data-start=\"1118\" data-end=\"1161\"><strong data-start=\"1118\" data-end=\"1135\">Manipulationsalarm<\/strong> im Falle von Manipulationsversuchen<\/p>\n<\/li>\n<\/ul>\n<hr data-start=\"1163\" data-end=\"1166\" \/>\n<h3 data-start=\"1168\" data-end=\"1195\">Batteriebetrieb und Laden<\/h3>\n<p data-start=\"1196\" data-end=\"1369\">KeyAccess verf\u00fcgt \u00fcber eine integrierte Funktion <strong data-start=\"1222\" data-end=\"1256\">3,7 V \/ 1500 mAh Lithium-Batterie<\/strong> und wird geladen \u00fcber <strong data-start=\"1272\" data-end=\"1291\">USB-C (5V\/1A)<\/strong>Der geringe Stromverbrauch erm\u00f6glicht auch bei h\u00e4ufiger Nutzung eine lange Betriebsdauer.<\/p>\n<hr data-start=\"1371\" data-end=\"1374\" \/>\n<h3 data-start=\"1376\" data-end=\"1413\">Wichtig \u2013 System &amp; Kompatibilit\u00e4t<\/h3>\n<ul data-start=\"1414\" data-end=\"1576\">\n<li data-start=\"1414\" data-end=\"1465\">\n<p data-start=\"1416\" data-end=\"1465\">Dies ist ein <strong data-start=\"1428\" data-end=\"1463\">zus\u00e4tzliche Tastatur f\u00fcr SecureX Pro<\/strong><\/p>\n<\/li>\n<li data-start=\"1466\" data-end=\"1524\">\n<p data-start=\"1468\" data-end=\"1524\"><strong data-start=\"1468\" data-end=\"1491\">Erfordert SecureX-Hub<\/strong> (Kann nicht eigenst\u00e4ndig verwendet werden)<\/p>\n<\/li>\n<li data-start=\"1525\" data-end=\"1576\">\n<p data-start=\"1527\" data-end=\"1576\">App-Steuerung und -Integration werden durchgef\u00fchrt <strong data-start=\"1560\" data-end=\"1574\">\u00fcber den Hub<\/strong><\/p>\n<\/li>\n<\/ul>\n<hr data-start=\"1578\" data-end=\"1581\" \/>\n<h3 data-start=\"1583\" data-end=\"1608\">Vorteile und Funktionen<\/h3>\n<ul data-start=\"1609\" data-end=\"2028\">\n<li data-start=\"1609\" data-end=\"1678\">\n<p data-start=\"1611\" data-end=\"1678\"><strong data-start=\"1611\" data-end=\"1633\">Langstreckenfunk 868 MHz<\/strong> mit bis zu <strong data-start=\"1647\" data-end=\"1665\">500 m Reichweite<\/strong> (klare Sicht)<\/p>\n<\/li>\n<li data-start=\"1679\" data-end=\"1725\">\n<p data-start=\"1681\" data-end=\"1725\">Im Lieferumfang enthalten <strong data-start=\"1695\" data-end=\"1723\">3 SecureX RFID-Tags<\/strong><\/p>\n<\/li>\n<li data-start=\"1726\" data-end=\"1769\">\n<p data-start=\"1728\" data-end=\"1769\">Vollst\u00e4ndige Integration \u00fcber <strong data-start=\"1749\" data-end=\"1767\">SecureX Hub<\/strong><\/p>\n<\/li>\n<li data-start=\"1770\" data-end=\"1817\">\n<p data-start=\"1772\" data-end=\"1817\">Echtzeitstatus in <strong data-start=\"1789\" data-end=\"1815\">Die Stonehouse Smart App<\/strong><\/p>\n<\/li>\n<li data-start=\"1818\" data-end=\"1858\">\n<p data-start=\"1820\" data-end=\"1858\"><strong data-start=\"1820\" data-end=\"1841\">Tuya &amp; Smart Life<\/strong> Unterst\u00fctzt \u00fcber Hub<\/p>\n<\/li>\n<li data-start=\"1859\" data-end=\"1900\">\n<p data-start=\"1861\" data-end=\"1900\">Unterst\u00fctzung f\u00fcr bis zu <strong data-start=\"1879\" data-end=\"1898\">10 RFID-Tags<\/strong><\/p>\n<\/li>\n<li data-start=\"1901\" data-end=\"1921\">\n<p data-start=\"1903\" data-end=\"1921\">Mehrbenutzercodes<\/p>\n<\/li>\n<li data-start=\"1922\" data-end=\"1971\">\n<p data-start=\"1924\" data-end=\"1971\">T\u00fcrklingelknopf, Mikrowellensensor und Lichtsensor<\/p>\n<\/li>\n<li data-start=\"1972\" data-end=\"1989\">\n<p data-start=\"1974\" data-end=\"1989\">Manipulationsalarm<\/p>\n<\/li>\n<li data-start=\"1990\" data-end=\"2028\">\n<p data-start=\"1992\" data-end=\"2028\">USB-C-Ladeanschluss und eingebauter Akku<\/p>\n<\/li>\n<\/ul>\n<hr data-start=\"2030\" data-end=\"2033\" \/>\n<h3 data-start=\"2035\" data-end=\"2057\">Einsatzgebiete<\/h3>\n<ul data-start=\"2058\" data-end=\"2192\">\n<li data-start=\"2058\" data-end=\"2083\">\n<p data-start=\"2060\" data-end=\"2083\">Villen und Apartments<\/p>\n<\/li>\n<li data-start=\"2084\" data-end=\"2113\">\n<p data-start=\"2086\" data-end=\"2113\">Unternehmen und Einzelhandelsfl\u00e4chen<\/p>\n<\/li>\n<li data-start=\"2114\" data-end=\"2141\">\n<p data-start=\"2116\" data-end=\"2141\">Sommerh\u00e4user und Garagen<\/p>\n<\/li>\n<li data-start=\"2142\" data-end=\"2192\">\n<p data-start=\"2144\" data-end=\"2192\">Industrieumgebungen mit Anforderungen an einen stabilen Zugang<\/p>\n<\/li>\n<\/ul>\n<hr data-start=\"2194\" data-end=\"2197\" \/>\n<h3 data-start=\"2199\" data-end=\"2224\">Technische Spezifikation<\/h3>\n<ul data-start=\"2225\" data-end=\"2619\">\n<li data-start=\"2225\" data-end=\"2269\">\n<p data-start=\"2227\" data-end=\"2269\"><strong data-start=\"2227\" data-end=\"2248\">Stromversorgung:<\/strong> Gleichstrom 5V \/ 1A (USB-C)<\/p>\n<\/li>\n<li data-start=\"2270\" data-end=\"2310\">\n<p data-start=\"2272\" data-end=\"2310\"><strong data-start=\"2272\" data-end=\"2284\">Batterie:<\/strong> 3,7 V\/1500 mAh Lithium-Ionen-Akku<\/p>\n<\/li>\n<li data-start=\"2311\" data-end=\"2340\">\n<p data-start=\"2313\" data-end=\"2340\"><strong data-start=\"2313\" data-end=\"2330\">Standby-Leistung:<\/strong> &lt;100 \u00b5A<\/p>\n<\/li>\n<li data-start=\"2341\" data-end=\"2368\">\n<p data-start=\"2343\" data-end=\"2368\"><strong data-start=\"2343\" data-end=\"2359\">Betriebsstrom:<\/strong> &lt;10 mA<\/p>\n<\/li>\n<li data-start=\"2369\" data-end=\"2410\">\n<p data-start=\"2371\" data-end=\"2410\"><strong data-start=\"2371\" data-end=\"2389\">Kommunikation:<\/strong> Langstreckenfunk 868 MHz<\/p>\n<\/li>\n<li data-start=\"2411\" data-end=\"2454\">\n<p data-start=\"2413\" data-end=\"2454\"><strong data-start=\"2413\" data-end=\"2426\">Umfang:<\/strong> bis zu 500 m (Sichtlinie)<\/p>\n<\/li>\n<li data-start=\"2455\" data-end=\"2499\">\n<p data-start=\"2457\" data-end=\"2499\"><strong data-start=\"2457\" data-end=\"2478\">Arbeitstemperatur:<\/strong> -10 \u00b0C bis +50 \u00b0C<\/p>\n<\/li>\n<li data-start=\"2500\" data-end=\"2547\">\n<p data-start=\"2502\" data-end=\"2547\"><strong data-start=\"2502\" data-end=\"2524\">Relative Luftfeuchtigkeit:<\/strong> &lt;95 % (ohne Kondensation)<\/p>\n<\/li>\n<li data-start=\"2548\" data-end=\"2586\">\n<p data-start=\"2550\" data-end=\"2586\"><strong data-start=\"2550\" data-end=\"2564\">RFID-Unterst\u00fctzung:<\/strong> bis zu 10 Fliesen<\/p>\n<\/li>\n<li data-start=\"2587\" data-end=\"2619\">\n<p data-start=\"2589\" data-end=\"2619\"><strong data-start=\"2589\" data-end=\"2598\">Messen:<\/strong> ca. 90 \u00d7 90 \u00d7 45 mm<\/p>\n<\/li>\n<\/ul>\n<hr data-start=\"2621\" data-end=\"2624\" \/>\n<h3 data-start=\"2626\" data-end=\"2646\">Lieferinhalt<\/h3>\n<ul data-start=\"2647\" data-end=\"2792\">\n<li data-start=\"2647\" data-end=\"2684\">\n<p data-start=\"2649\" data-end=\"2684\">SecureX KeyAccess-Tastatur: 1 St\u00fcck<\/p>\n<\/li>\n<li data-start=\"2685\" data-end=\"2714\">\n<p data-start=\"2687\" data-end=\"2714\">RFID SecureX-Tags: 3 St\u00fcck<\/p>\n<\/li>\n<li data-start=\"2715\" data-end=\"2740\">\n<p data-start=\"2717\" data-end=\"2740\">USB-C-Ladekabel: 1 St\u00fcck<\/p>\n<\/li>\n<li data-start=\"2741\" data-end=\"2781\">\n<p data-start=\"2743\" data-end=\"2781\">Montagematerialien (Schrauben und D\u00fcbel)<\/p>\n<\/li>\n<li data-start=\"2782\" data-end=\"2792\">\n<p data-start=\"2784\" data-end=\"2792\">Handbuch<\/p>\n<\/li>\n<\/ul>","protected":false},"excerpt":{"rendered":"<p class=\"\" data-start=\"307\" data-end=\"466\">Tastatur mit extra gro\u00dfer Reichweite (868 MHz) und RFID-Funktion f\u00fcr SecureX Pro.<\/p>\n<p class=\"\" data-start=\"307\" data-end=\"466\">Reichweite bis zu 500 m, Mehrbenutzercodes, Sabotagealarm und USB-C-Ladefunktion.<\/p>\n<p class=\"\" data-start=\"307\" data-end=\"466\">3 RFID-Tags enthalten.<\/p>","protected":false},"featured_media":162734,"template":"","meta":{"_acf_changed":false},"product_brand":[],"product_cat":[5067],"product_tag":[],"class_list":{"0":"post-162644","1":"product","2":"type-product","3":"status-publish","4":"has-post-thumbnail","6":"product_cat-securex-knappsatser","7":"pa_brands-securex-connect-pro","8":"pa_brands-stonehouse-smart","9":"tm-no-options","11":"first","12":"instock","13":"sale","14":"taxable","15":"shipping-taxable","16":"purchasable","17":"product-type-simple"},"acf":[],"_links":{"self":[{"href":"https:\/\/secureus.se\/de\/wp-json\/wp\/v2\/product\/162644","targetHints":{"allow":["GET"]}}],"collection":[{"href":"https:\/\/secureus.se\/de\/wp-json\/wp\/v2\/product"}],"about":[{"href":"https:\/\/secureus.se\/de\/wp-json\/wp\/v2\/types\/product"}],"wp:featuredmedia":[{"embeddable":true,"href":"https:\/\/secureus.se\/de\/wp-json\/wp\/v2\/media\/162734"}],"wp:attachment":[{"href":"https:\/\/secureus.se\/de\/wp-json\/wp\/v2\/media?parent=162644"}],"wp:term":[{"taxonomy":"product_brand","embeddable":true,"href":"https:\/\/secureus.se\/de\/wp-json\/wp\/v2\/product_brand?post=162644"},{"taxonomy":"product_cat","embeddable":true,"href":"https:\/\/secureus.se\/de\/wp-json\/wp\/v2\/product_cat?post=162644"},{"taxonomy":"product_tag","embeddable":true,"href":"https:\/\/secureus.se\/de\/wp-json\/wp\/v2\/product_tag?post=162644"}],"curies":[{"name":"wp","href":"https:\/\/api.w.org\/{rel}","templated":true}]}}