{"id":162654,"date":"2025-09-15T11:16:40","date_gmt":"2025-09-15T09:16:40","guid":{"rendered":"https:\/\/secureus.se\/?post_type=product&#038;p=162654"},"modified":"2026-04-09T15:49:42","modified_gmt":"2026-04-09T13:49:42","slug":"securex-multiknapp-dorrklocka","status":"publish","type":"product","link":"https:\/\/secureus.se\/de\/securex-multiknapp-dorrklocka\/","title":{"rendered":"SecureX Mehrfach-T\u00fcrklingel \u2013 Verbindung zu SecureX"},"content":{"rendered":"<h2>SecureX Multi-Tasten-T\u00fcrklingel<\/h2>\n<p>SecureX Multi-Button \u2013 T\u00fcrklingel ist ein rechteckiger, drahtloser Knopf, der in Ihrem SecureX-System eine praktische T\u00fcrklingelfunktion bietet. Durch einfaches Dr\u00fccken wird das Signal gesendet an <strong>SecureX Hub<\/strong>, wodurch die T\u00fcrklingel aktiviert und eine Nachricht gesendet wird <strong>Echtzeit-Push-Benachrichtigungen<\/strong> auf Ihr Mobiltelefon.<\/p>\n<p>Alle Ereignisse werden angezeigt in <strong>Die Stonehouse Smart App<\/strong> (iOS\/Android). F\u00fcr zus\u00e4tzliche Flexibilit\u00e4t ist die Kompatibilit\u00e4t mit \u2026 gegeben. <strong>Tuya<\/strong> Und <strong>Intelligentes Leben<\/strong> \u00fcber den Hub.<\/p>\n<p>Die Multifunktionstaste kann auch als Alarmsender\/-sensor programmiert werden, d. h. sie kann sowohl stumme als auch akustische Alarme ausl\u00f6sen. Optional kann ein Text hinzugef\u00fcgt werden, um die Funktion oder den Standort in Ihrem Geb\u00e4ude deutlicher zu kennzeichnen.<\/p>\n<hr \/>\n<h3>Einfache Montage \u2013 diskretes Design<\/h3>\n<p>Die Multifunktionstaste ist kompakt und unauff\u00e4llig (<strong>48 \u00d7 76 \u00d7 11 mm<\/strong>und l\u00e4sst sich schnell zusammenbauen mit <strong>doppelseitiges Klebeband<\/strong> (inklusive). F\u00fcr eine dauerhaftere Installation gibt es <strong>zwei Befestigungsl\u00f6cher<\/strong> f\u00fcr Schraube (Schraube nicht im Lieferumfang enthalten).<\/p>\n<p>Es wird angetrieben von <strong>1 \u00d7 23A 12V Batterie<\/strong> und zeichnet sich durch einen geringen Stromverbrauch aus, was eine lange Akkulaufzeit erm\u00f6glicht.<\/p>\n<hr \/>\n<h3>Stabile drahtlose Kommunikation<\/h3>\n<p>Der Knopf verwendet <strong>433 MHz (eV1527)<\/strong> und ist f\u00fcr SecureX codiert, was eine stabile Funktion sowohl in privaten als auch in gewerblichen Umgebungen gew\u00e4hrleistet.<\/p>\n<hr \/>\n<h3>Wichtig \u2013 System &amp; Kompatibilit\u00e4t<\/h3>\n<ul>\n<li>Die Multifunktionstaste wird in Verbindung mit <strong>SecureX Hub<\/strong><\/li>\n<li>Benachrichtigungen und Funktionen werden verwaltet in <strong>Die Stonehouse Smart App<\/strong><\/li>\n<li><strong>Tuya &amp; Smart Life<\/strong> unterst\u00fctzt <strong>\u00fcber den Hub<\/strong><\/li>\n<li>Der Knopf ist <strong>nicht unabh\u00e4ngig<\/strong><\/li>\n<\/ul>\n<hr \/>\n<h3>Vorteile und Funktionen<\/h3>\n<ul>\n<li>Drahtloser T\u00fcrklingelknopf (rechteckig)<\/li>\n<li>Vollst\u00e4ndige Integration \u00fcber den SecureX-Hub<\/li>\n<li>Echtzeitbenachrichtigungen in der Stonehouse Smart App<\/li>\n<li>Tuya &amp; Smart Life \u00fcber Hub<\/li>\n<li>Einfache Montage mit Klebeband oder Schrauben<\/li>\n<li>Lange Akkulaufzeit dank geringem Stromverbrauch<\/li>\n<li>Kompaktes und unauff\u00e4lliges Design<\/li>\n<\/ul>\n<hr \/>\n<h3>Einsatzgebiete<\/h3>\n<ul>\n<li>T\u00fcrklingel f\u00fcr Villen und Wohnungen<\/li>\n<li>Eing\u00e4nge zu Gesch\u00e4ften und B\u00fcros<\/li>\n<li>Ferienh\u00e4user und Pensionen<\/li>\n<li>Zus\u00e4tzliche T\u00fcrklingel an den Seiten- oder Hintert\u00fcren<\/li>\n<\/ul>\n<hr \/>\n<h3>Technische Spezifikation<\/h3>\n<ul>\n<li><strong>Batterie:<\/strong> 23A 12V \u00d7 1<\/li>\n<li><strong>Standby-Leistung:<\/strong> 0mA<\/li>\n<li><strong>Betriebsstrom:<\/strong> &lt;40 mA<\/li>\n<li><strong>Funkfrequenz:<\/strong> 433 MHz (eV1527) kodiert f\u00fcr SecureX<\/li>\n<li><strong>Messen:<\/strong> 48 \u00d7 76 \u00d7 11 mm<\/li>\n<li><strong>Arbeitstemperatur:<\/strong> -10 \u00b0C bis +50 \u00b0C<\/li>\n<li><strong>Relative Luftfeuchtigkeit:<\/strong> &lt;95 % (ohne Kondensation)<\/li>\n<li><strong>Montage:<\/strong> doppelseitiges Klebeband (im Lieferumfang enthalten) oder Verschraubung \u00fcber 2 Schraubenl\u00f6cher (Schrauben nicht im Lieferumfang enthalten)<\/li>\n<\/ul>\n<hr \/>\n<h3>Lieferinhalt<\/h3>\n<ul>\n<li>SecureX Mehrfach-T\u00fcrklingel: 1 St\u00fcck<\/li>\n<li>Doppelseitiges Klebeband<\/li>\n<li>Handbuch<\/li>\n<\/ul>","protected":false},"excerpt":{"rendered":"<p>SecureX Multi-Button \u2013 Doorbell ist ein drahtloser Knopf, der in Ihrem Alarmsystem als T\u00fcrklingel fungiert.<\/p>\n<p>Vollst\u00e4ndig integriert in den SecureX Hub und die Stonehouse Smart App, kompatibel mit Tuya &amp; Smart Life.<\/p>\n<p>Sie k\u00f6nnen den Multifunktionsknopf auch als Alarmsensor mit ausgew\u00e4hlten Funktionen programmieren.<\/p>\n<p>Einfache Montage mit doppelseitigem Klebeband oder Schrauben.<\/p>","protected":false},"featured_media":162650,"template":"","meta":{"_acf_changed":false},"product_brand":[],"product_cat":[5063],"product_tag":[],"class_list":{"0":"post-162654","1":"product","2":"type-product","3":"status-publish","4":"has-post-thumbnail","6":"product_cat-securex-knappar-nod","7":"pa_brands-securex","8":"tm-no-options","10":"first","11":"instock","12":"sale","13":"taxable","14":"shipping-taxable","15":"purchasable","16":"product-type-simple"},"acf":[],"_links":{"self":[{"href":"https:\/\/secureus.se\/de\/wp-json\/wp\/v2\/product\/162654","targetHints":{"allow":["GET"]}}],"collection":[{"href":"https:\/\/secureus.se\/de\/wp-json\/wp\/v2\/product"}],"about":[{"href":"https:\/\/secureus.se\/de\/wp-json\/wp\/v2\/types\/product"}],"wp:featuredmedia":[{"embeddable":true,"href":"https:\/\/secureus.se\/de\/wp-json\/wp\/v2\/media\/162650"}],"wp:attachment":[{"href":"https:\/\/secureus.se\/de\/wp-json\/wp\/v2\/media?parent=162654"}],"wp:term":[{"taxonomy":"product_brand","embeddable":true,"href":"https:\/\/secureus.se\/de\/wp-json\/wp\/v2\/product_brand?post=162654"},{"taxonomy":"product_cat","embeddable":true,"href":"https:\/\/secureus.se\/de\/wp-json\/wp\/v2\/product_cat?post=162654"},{"taxonomy":"product_tag","embeddable":true,"href":"https:\/\/secureus.se\/de\/wp-json\/wp\/v2\/product_tag?post=162654"}],"curies":[{"name":"wp","href":"https:\/\/api.w.org\/{rel}","templated":true}]}}