{"id":162659,"date":"2025-09-15T11:16:39","date_gmt":"2025-09-15T09:16:39","guid":{"rendered":"https:\/\/secureus.se\/?post_type=product&#038;p=162659"},"modified":"2026-04-09T15:50:04","modified_gmt":"2026-04-09T13:50:04","slug":"securex-multiknapp-sos","status":"publish","type":"product","link":"https:\/\/secureus.se\/de\/securex-multiknapp-sos\/","title":{"rendered":"SecureX Multi-Tasten-SOS zur Verbindung mit dem SecureX-Hub."},"content":{"rendered":"<h2>SecureX Mehrfachtaste \u2013 SOS<\/h2>\n<p>SecureX Multi-Button \u2013 SOS ist ein rechteckiger, drahtloser Notrufknopf mit einem gut sichtbaren SOS-Symbol, der entwickelt wurde, um in kritischen Situationen schnell Hilfe zu rufen. Mit einem einzigen Tastendruck wird ein SOS-Signal gesendet. <strong>SecureX Hub<\/strong>, wodurch sofort der Alarm aktiviert und eine Nachricht gesendet wird. <strong>Echtzeit-Push-Benachrichtigungen<\/strong> zum Mobiltelefon.<\/p>\n<p>Alle Ereignisse werden angezeigt in <strong>Die Stonehouse Smart App<\/strong> (iOS\/Android). F\u00fcr zus\u00e4tzliche Flexibilit\u00e4t ist die Kompatibilit\u00e4t mit \u2026 gegeben. <strong>Tuya<\/strong> Und <strong>Intelligentes Leben<\/strong> \u00fcber den Hub.<\/p>\n<p>Die Multifunktionstaste kann auch als Alarmsender\/-sensor programmiert werden, d. h. sie kann sowohl stumme als auch akustische Alarme ausl\u00f6sen. Optional kann ein Text hinzugef\u00fcgt werden, um die Funktion oder den Standort in Ihrem Geb\u00e4ude deutlicher zu kennzeichnen.<\/p>\n<hr \/>\n<h3>Einfache Platzierung \u2013 immer griffbereit<\/h3>\n<p>Der Knopf ist kompakt (<strong>48 \u00d7 76 \u00d7 11 mm<\/strong>und kann schnell zusammengebaut werden mit <strong>doppelseitiges Klebeband<\/strong> (inklusive). F\u00fcr eine dauerhaftere Installation gibt es <strong>zwei Befestigungsl\u00f6cher<\/strong> f\u00fcr Schrauben. Das deutliche SOS-Symbol sorgt daf\u00fcr, dass der Knopf auch unter Stress leicht erkennbar und bedienbar ist.<\/p>\n<p>Es wird angetrieben von <strong>1 \u00d7 23A 12V Batterie<\/strong> und zeichnet sich durch einen geringen Stromverbrauch aus, was eine lange Batterielebensdauer und einen zuverl\u00e4ssigen Betrieb gew\u00e4hrleistet.<\/p>\n<hr \/>\n<h3>Stabile drahtlose Kommunikation<\/h3>\n<p>Mehrfach-Tasten \u2013 SOS-Nutzung <strong>433 MHz (eV1527)<\/strong> und ist f\u00fcr SecureX codiert, das in vielen Umgebungen \u2013 wie etwa in Privathaushalten, B\u00fcros und Gesundheitseinrichtungen \u2013 f\u00fcr einen stabilen Betrieb sorgt.<\/p>\n<hr \/>\n<h3>Wichtig \u2013 System &amp; Kompatibilit\u00e4t<\/h3>\n<ul>\n<li>Die SOS-Taste wird in Verbindung mit <strong>SecureX Hub<\/strong><\/li>\n<li>Alarme und Benachrichtigungen werden in <strong>Die Stonehouse Smart App<\/strong><\/li>\n<li><strong>Tuya &amp; Smart Life<\/strong> unterst\u00fctzt <strong>\u00fcber den Hub<\/strong><\/li>\n<li>Das Produkt ist <strong>nicht unabh\u00e4ngig<\/strong><\/li>\n<\/ul>\n<hr \/>\n<h3>Vorteile und Funktionen<\/h3>\n<ul>\n<li>Schnelle SOS-Aktivierung im Notfall<\/li>\n<li>Drahtloser Betrieb mit stabilem Signal<\/li>\n<li>Vollst\u00e4ndige Integration \u00fcber <strong>SecureX Hub<\/strong><\/li>\n<li>Echtzeitbenachrichtigungen in <strong>Die Stonehouse Smart App<\/strong><\/li>\n<li>Tuya &amp; Smart Life werden \u00fcber einen Hub unterst\u00fctzt.<\/li>\n<li>Einfache Montage mit Klebeband oder Schrauben<\/li>\n<li>Geringer Stromverbrauch f\u00fcr lange Akkulaufzeit<\/li>\n<li>Kompakt, diskret und deutlich mit SOS gekennzeichnet<\/li>\n<\/ul>\n<hr \/>\n<h3>Einsatzgebiete<\/h3>\n<ul>\n<li>Heim- und Familienschutz<\/li>\n<li>Pflegeheime und Altenpflege<\/li>\n<li>Gesch\u00e4fte, B\u00fcros und Arbeitspl\u00e4tze<\/li>\n<li>Personenschutz in gef\u00e4hrdeten Umgebungen<\/li>\n<\/ul>\n<hr \/>\n<h3>Technische Spezifikation<\/h3>\n<ul>\n<li><strong>Batterie:<\/strong> 23A 12V \u00d7 1<\/li>\n<li><strong>Standby-Leistung:<\/strong> 0mA<\/li>\n<li><strong>Betriebsstrom:<\/strong> &lt;40 mA<\/li>\n<li><strong>Frequenz:<\/strong> 433 MHz (eV1527) und SecureX-Codierung<\/li>\n<li><strong>Messen:<\/strong> 48 \u00d7 76 \u00d7 11 mm<\/li>\n<li><strong>Arbeitstemperatur:<\/strong> -10 \u00b0C bis +50 \u00b0C<\/li>\n<li><strong>Relative Luftfeuchtigkeit:<\/strong> &lt;95 % (ohne Kondensation)<\/li>\n<\/ul>\n<hr \/>\n<h3>Lieferinhalt<\/h3>\n<ul>\n<li>SecureX Mehrfachtaste \u2013 SOS: 1 St\u00fcck<\/li>\n<li>Doppelseitiges Klebeband<\/li>\n<li>Schrauben<\/li>\n<li>Handbuch<\/li>\n<\/ul>","protected":false},"excerpt":{"rendered":"<p>Rechteckiger drahtloser SOS-Knopf f\u00fcr das SecureX-System.<\/p>\n<p>Ein einziger Tastendruck sendet Notfallwarnungen und Push-Benachrichtigungen \u00fcber den SecureX-Hub.<\/p>\n<p>Sie k\u00f6nnen den Multifunktionsknopf auch als Alarmsensor mit ausgew\u00e4hlten Funktionen programmieren.<\/p>\n<p>Einfache Montage und lange Akkulaufzeit.<\/p>","protected":false},"featured_media":162655,"template":"","meta":{"_acf_changed":false},"product_brand":[],"product_cat":[5063],"product_tag":[],"class_list":{"0":"post-162659","1":"product","2":"type-product","3":"status-publish","4":"has-post-thumbnail","6":"product_cat-securex-knappar-nod","7":"pa_brands-securex","8":"tm-no-options","10":"first","11":"instock","12":"sale","13":"taxable","14":"shipping-taxable","15":"purchasable","16":"product-type-simple"},"acf":[],"_links":{"self":[{"href":"https:\/\/secureus.se\/de\/wp-json\/wp\/v2\/product\/162659","targetHints":{"allow":["GET"]}}],"collection":[{"href":"https:\/\/secureus.se\/de\/wp-json\/wp\/v2\/product"}],"about":[{"href":"https:\/\/secureus.se\/de\/wp-json\/wp\/v2\/types\/product"}],"wp:featuredmedia":[{"embeddable":true,"href":"https:\/\/secureus.se\/de\/wp-json\/wp\/v2\/media\/162655"}],"wp:attachment":[{"href":"https:\/\/secureus.se\/de\/wp-json\/wp\/v2\/media?parent=162659"}],"wp:term":[{"taxonomy":"product_brand","embeddable":true,"href":"https:\/\/secureus.se\/de\/wp-json\/wp\/v2\/product_brand?post=162659"},{"taxonomy":"product_cat","embeddable":true,"href":"https:\/\/secureus.se\/de\/wp-json\/wp\/v2\/product_cat?post=162659"},{"taxonomy":"product_tag","embeddable":true,"href":"https:\/\/secureus.se\/de\/wp-json\/wp\/v2\/product_tag?post=162659"}],"curies":[{"name":"wp","href":"https:\/\/api.w.org\/{rel}","templated":true}]}}