{"id":162717,"date":"2026-02-16T10:35:17","date_gmt":"2026-02-16T09:35:17","guid":{"rendered":"https:\/\/secureus.se\/securex-rfid-tagg-for-larmstyrning\/"},"modified":"2026-04-02T13:03:28","modified_gmt":"2026-04-02T11:03:28","slug":"securex-rfid-tagg-for-larmstyrning","status":"publish","type":"product","link":"https:\/\/secureus.se\/de\/securex-rfid-tagg-for-larmstyrning\/","title":{"rendered":"SecureX RFID-Tag zur Alarmsteuerung"},"content":{"rendered":"<p data-start=\"286\" data-end=\"532\">SecureX RFID-Tags sind eine einfache und sichere L\u00f6sung zur Identifizierung und Zutrittskontrolle im SecureX-System. Durch kurzes Ber\u00fchren des Leseger\u00e4ts k\u00f6nnen Benutzer die Alarmanlage deaktivieren, Zutritt erhalten oder sich im System identifizieren \u2013 ganz ohne Code oder App.<\/p>\n<p data-start=\"534\" data-end=\"765\">Die f\u00fcr den t\u00e4glichen Gebrauch konzipierten Etiketten sind robust und widerstandsf\u00e4hig gegen Abnutzung. Sie eignen sich ideal f\u00fcr Unternehmen, Immobilien, Mitarbeiter, Besucher und andere Umgebungen, in denen ein reibungsloser und kontrollierter Zugang wichtig ist.<\/p>\n<p data-start=\"767\" data-end=\"978\">Als propriet\u00e4res SecureX-Produkt k\u00f6nnen die RFID-Tags auch mit Ihrem eigenen Text\/Logo individuell gestaltet werden.<\/p>\n<p data-start=\"767\" data-end=\"978\">Dadurch entsteht ein einheitlicher und professioneller Eindruck, und die Etiketten sind leicht erkennbar und mit Ihrem Unternehmen in Verbindung zu bringen.<\/p>\n<p data-start=\"980\" data-end=\"993\"><strong data-start=\"980\" data-end=\"993\">Vorteile:<\/strong><\/p>\n<ul data-start=\"994\" data-end=\"1195\">\n<li data-start=\"994\" data-end=\"1027\">\n<p data-start=\"996\" data-end=\"1027\">Schnelle und einfache Identifizierung<\/p>\n<\/li>\n<li data-start=\"1028\" data-end=\"1070\">\n<p data-start=\"1030\" data-end=\"1070\">Einfache Bedienung ohne Code oder Mobiltelefon<\/p>\n<\/li>\n<li data-start=\"1071\" data-end=\"1111\">\n<p data-start=\"1073\" data-end=\"1111\">Hohe Betriebssicherheit und lange Lebensdauer<\/p>\n<\/li>\n<li data-start=\"1112\" data-end=\"1150\">\n<p data-start=\"1114\" data-end=\"1150\">Personalisierung mit Ihrem eigenen Logo m\u00f6glich<\/p>\n<\/li>\n<li data-start=\"1151\" data-end=\"1195\">\n<p data-start=\"1153\" data-end=\"1195\">Volle Kompatibilit\u00e4t mit dem SecureX-System<\/p>\n<\/li>\n<\/ul>\n<p data-start=\"1197\" data-end=\"1262\" data-is-last-node=\"\" data-is-only-node=\"\">Eine praktische und professionelle L\u00f6sung f\u00fcr moderne Zutrittskontrolle.<\/p>","protected":false},"excerpt":{"rendered":"<p>SecureX RFID-Tags erm\u00f6glichen einen schnellen und einfachen Zugriff auf Ihr SecureX-System. Halten Sie den Tag einfach an das Leseger\u00e4t, um das System zu deaktivieren oder Berechtigungen zu steuern.<\/p>\n<p>Die Anh\u00e4nger sind langlebig, zuverl\u00e4ssig und k\u00f6nnen mit Ihrem eigenen Logo\/Ihrer eigenen Nummer geliefert werden \u2013 f\u00fcr eine professionelle und individuelle L\u00f6sung.<\/p>","protected":false},"featured_media":162716,"template":"","meta":{"_acf_changed":false},"product_brand":[],"product_cat":[5067,5065],"product_tag":[],"class_list":{"0":"post-162717","1":"product","2":"type-product","3":"status-publish","4":"has-post-thumbnail","6":"product_cat-securex-knappsatser","7":"product_cat-securex-tillbehor","8":"tm-no-options","10":"first","11":"instock","12":"sale","13":"taxable","14":"shipping-taxable","15":"purchasable","16":"product-type-simple"},"acf":[],"_links":{"self":[{"href":"https:\/\/secureus.se\/de\/wp-json\/wp\/v2\/product\/162717","targetHints":{"allow":["GET"]}}],"collection":[{"href":"https:\/\/secureus.se\/de\/wp-json\/wp\/v2\/product"}],"about":[{"href":"https:\/\/secureus.se\/de\/wp-json\/wp\/v2\/types\/product"}],"wp:featuredmedia":[{"embeddable":true,"href":"https:\/\/secureus.se\/de\/wp-json\/wp\/v2\/media\/162716"}],"wp:attachment":[{"href":"https:\/\/secureus.se\/de\/wp-json\/wp\/v2\/media?parent=162717"}],"wp:term":[{"taxonomy":"product_brand","embeddable":true,"href":"https:\/\/secureus.se\/de\/wp-json\/wp\/v2\/product_brand?post=162717"},{"taxonomy":"product_cat","embeddable":true,"href":"https:\/\/secureus.se\/de\/wp-json\/wp\/v2\/product_cat?post=162717"},{"taxonomy":"product_tag","embeddable":true,"href":"https:\/\/secureus.se\/de\/wp-json\/wp\/v2\/product_tag?post=162717"}],"curies":[{"name":"wp","href":"https:\/\/api.w.org\/{rel}","templated":true}]}}