{"id":162887,"date":"2026-03-02T10:20:23","date_gmt":"2026-03-02T09:20:23","guid":{"rendered":"https:\/\/secureus.se\/?post_type=product&#038;p=162887"},"modified":"2026-03-31T13:19:03","modified_gmt":"2026-03-31T11:19:03","slug":"temperatur-luftfuktighetssensor-med-2-st-c-nc-no-relautgangar-rs485-modbus","status":"publish","type":"product","link":"https:\/\/secureus.se\/de\/temperatur-luftfuktighetssensor-med-2-st-c-nc-no-relautgangar-rs485-modbus\/","title":{"rendered":"Temperatur- und Feuchtigkeitssensor mit 2 C\/NC\/NO-Relaisausg\u00e4ngen \u2013 RS485 Modbus"},"content":{"rendered":"<section class=\"product-detail__top-container\">\n<div class=\"product-detail__top-content\">\n<div class=\"wrap-text admin-perex\">\n<h2 data-start=\"168\" data-end=\"239\">Temperatur- und Feuchtigkeitssensor mit 2 Relaisausg\u00e4ngen \u2013 RS485 Modbus<\/h2>\n<p data-start=\"241\" data-end=\"454\">Dieser Temperatur- und Feuchtigkeitssensor ist f\u00fcr den Einbau in <strong data-start=\"316\" data-end=\"384\">Alarmsysteme, Geb\u00e4udeautomation und technische \u00dcberwachungssysteme<\/strong> wo Klimaver\u00e4nderungen Alarme ausl\u00f6sen oder \u00fcber ein Relais gesteuert werden k\u00f6nnen sollten.<\/p>\n<p data-start=\"456\" data-end=\"557\">Der Sensor ist au\u00dferdem ausgestattet mit <strong data-start=\"480\" data-end=\"509\">zwei separate Relaisausg\u00e4nge<\/strong> die f\u00fcr verschiedene Arten von Klimaalarmen verwendet werden k\u00f6nnen:<\/p>\n<ul data-start=\"559\" data-end=\"704\">\n<li data-start=\"559\" data-end=\"631\">\n<p data-start=\"561\" data-end=\"631\"><strong data-start=\"561\" data-end=\"585\">Relais 1 \u2013 Temperatur:<\/strong> aktiviert bei eingestelltem Temperaturgrenzwert<\/p>\n<\/li>\n<li data-start=\"632\" data-end=\"704\">\n<p data-start=\"634\" data-end=\"704\"><strong data-start=\"634\" data-end=\"661\">Relais 2 \u2013 Luftfeuchtigkeit:<\/strong> aktiviert bei eingestelltem Feuchtigkeitswert<\/p>\n<\/li>\n<\/ul>\n<p data-start=\"706\" data-end=\"831\">Dadurch eignet sich der Sensor besonders f\u00fcr Installationen, bei denen Temperatur oder Luftfeuchtigkeit den Betrieb, die Ausr\u00fcstung oder die Sicherheit beeintr\u00e4chtigen k\u00f6nnen.<\/p>\n<p data-start=\"833\" data-end=\"960\">Die Relais k\u00f6nnen beispielsweise direkt angeschlossen werden an: <strong data-start=\"877\" data-end=\"959\">Alarmeing\u00e4nge an zentralen Einheiten, Steuerungssystemen, L\u00fcftungsanlagen oder Betriebsalarme<\/strong>.<\/p>\n<p data-start=\"962\" data-end=\"1119\">Die Relais haben eine Belastbarkeit von bis zu <strong data-start=\"1008\" data-end=\"1024\"><span data-olk-copy-source=\"MessageBody\">24 V\/2 A oder 0,5 A bei 220 V<\/span><\/strong>\u00a0Dadurch wird es m\u00f6glich, externe Ger\u00e4te zu steuern oder Alarmsignale an andere Systeme zu senden.<\/p>\n<p data-start=\"962\" data-end=\"1119\">Bitte beachten Sie, dass Sie bei gr\u00f6\u00dferen Lasten diese nicht direkt \u00fcber die eingebauten Relais des Ger\u00e4ts steuern sollten, sondern dies \u00fcber einen Sch\u00fctz oder ein Zwischenrelais tun sollten.<\/p>\n<p data-start=\"962\" data-end=\"1119\"><strong>Betriebsspannung:<\/strong> 12~36V DC oder 24V AC (\u00b120%)<\/p>\n<p data-start=\"962\" data-end=\"1119\"><strong>Betriebstemperatur des Ger\u00e4ts:<\/strong>\u00a0 \u00a0-20 bis +70 Grad Celsius.<\/p>\n<h2 data-start=\"1253\" data-end=\"1287\">Geeignet f\u00fcr Alarmanlagen<\/h2>\n<p data-start=\"1289\" data-end=\"1515\">Der Sensor ist eine praktische Erg\u00e4nzung f\u00fcr Sicherheits- und \u00dcberwachungssysteme, in denen Umgebungsbedingungen \u00fcberwacht werden m\u00fcssen. \u00dcber die zwei Relaisausg\u00e4nge k\u00f6nnen mit dem Sensor separate Alarme f\u00fcr Temperatur und Luftfeuchtigkeit erzeugt werden.<\/p>\n<p data-start=\"1517\" data-end=\"1557\">Typische Funktionen in Alarmanlagen:<\/p>\n<ul data-start=\"1559\" data-end=\"1774\">\n<li data-start=\"1559\" data-end=\"1598\">\n<p data-start=\"1561\" data-end=\"1598\">Temperatur\u00fcberwachung in <strong data-start=\"1585\" data-end=\"1598\">Serverraum<\/strong><\/p>\n<\/li>\n<li data-start=\"1599\" data-end=\"1639\">\n<p data-start=\"1601\" data-end=\"1639\">Feuchtigkeitsalarm in <strong data-start=\"1612\" data-end=\"1639\">Technikraum oder Keller<\/strong><\/p>\n<\/li>\n<li data-start=\"1640\" data-end=\"1674\">\n<p data-start=\"1642\" data-end=\"1674\">Klima\u00fcberwachung in <strong data-start=\"1662\" data-end=\"1674\">Alarmschrank<\/strong><\/p>\n<\/li>\n<li data-start=\"1675\" data-end=\"1724\">\n<p data-start=\"1677\" data-end=\"1724\">Betriebsalarm f\u00fcr <strong data-start=\"1691\" data-end=\"1724\">K\u00fchl- oder L\u00fcftungssystem<\/strong><\/p>\n<\/li>\n<li data-start=\"1725\" data-end=\"1774\">\n<p data-start=\"1727\" data-end=\"1774\">Umwelt\u00fcberwachung in <strong data-start=\"1746\" data-end=\"1774\">Immobilien und Industrie<\/strong><\/p>\n<\/li>\n<\/ul>\n<hr data-start=\"1776\" data-end=\"1779\" \/>\n<h2 data-start=\"1781\" data-end=\"1812\">RS485 Modbus zur Integration<\/h2>\n<p data-start=\"1814\" data-end=\"2000\">Zus\u00e4tzlich zu den Relaisausg\u00e4ngen verf\u00fcgt der Sensor \u00fcber <strong data-start=\"1848\" data-end=\"1886\">RS485-Kommunikation mit Modbus RTU<\/strong>Dadurch ist es m\u00f6glich, es in Geb\u00e4udeautomationssysteme, SPS-Systeme oder andere \u00dcberwachungsplattformen zu integrieren.<\/p>\n<p data-start=\"2002\" data-end=\"2109\">Temperatur und Luftfeuchtigkeit k\u00f6nnen dann zentral abgelesen werden, w\u00e4hrend die Relaisausg\u00e4nge f\u00fcr lokale Alarme genutzt werden.<\/p>\n<hr data-start=\"2111\" data-end=\"2114\" \/>\n<h2 data-start=\"2116\" data-end=\"2146\">Anzeige f\u00fcr lokale Messwerte<\/h2>\n<p data-start=\"2148\" data-end=\"2372\">Das integrierte LCD-Display zeigt die aktuelle Temperatur und Luftfeuchtigkeit direkt am Sensor an. Dies vereinfacht Installation, Steuerung und Wartung, da die Werte lokal und ohne Verbindung zu einem \u00fcbergeordneten System abgelesen werden k\u00f6nnen.<\/p>\n<hr data-start=\"2374\" data-end=\"2377\" \/>\n<h2 data-start=\"2379\" data-end=\"2415\">Stabile Messung in technischen Umgebungen<\/h2>\n<p data-start=\"2417\" data-end=\"2617\">Der Sensor ist f\u00fcr den stabilen Betrieb in technischen Anlagen ausgelegt und misst Temperatur und relative Luftfeuchtigkeit mit hoher Genauigkeit.<\/p>\n<p data-start=\"2417\" data-end=\"2617\">Der externe Sensor erm\u00f6glicht eine schnelle Reaktion auf Klimaver\u00e4nderungen.<\/p>\n<p data-start=\"2796\" data-end=\"2825\">\n<\/div>\n<\/div>\n<\/section>","protected":false},"excerpt":{"rendered":"<p data-start=\"353\" data-end=\"615\">\u00dcberwachen Sie Temperatur und Luftfeuchtigkeit in Echtzeit mit diesem professionellen Sensor f\u00fcr Geb\u00e4udeautomation, Klimatisierung und industrielle Umgebungen.<\/p>\n<p data-start=\"962\" data-end=\"1119\"><strong>Betriebsspannung:<\/strong> 12~36V DC oder 24V AC (\u00b120%)<\/p>\n<p data-start=\"962\" data-end=\"1119\"><strong>Betriebstemperatur des Ger\u00e4ts:<\/strong>\u00a0 \u00a0-20 bis +70 Grad Celsius.<\/p>\n<p data-start=\"353\" data-end=\"615\">Die Programmierung erfolgt direkt auf dem Display und Alarme werden \u00fcber Min\/Max-Werte an separaten Relais C\/NC\/NO an andere Systeme wie z. B. Alarme weitergeleitet.<\/p>\n<p data-start=\"353\" data-end=\"615\">Der Sensor verwendet <strong data-start=\"515\" data-end=\"549\">RS485 Modbus-RTU-Kommunikation<\/strong> und hat <strong data-start=\"558\" data-end=\"577\">eingebautes Display<\/strong> f\u00fcr optimale Lesbarkeit direkt vor Ort.<\/p>\n<p data-start=\"617\" data-end=\"799\">Die robuste Bauweise und der externe Sensor machen es ideal f\u00fcr <strong data-start=\"689\" data-end=\"760\">Serverr\u00e4ume, Lagerhallen, Industrieanlagen, Immobilien und technische Installationen<\/strong> wo eine stabile Umwelt\u00fcberwachung wichtig ist.<\/p>","protected":false},"featured_media":144999,"template":"","meta":{"_acf_changed":false},"product_brand":[],"product_cat":[1308,1309],"product_tag":[],"class_list":{"0":"post-162887","1":"product","2":"type-product","3":"status-publish","4":"has-post-thumbnail","6":"product_cat-driftlarm-kyla-vatten-temp","7":"product_cat-temperaturdetektor-vattendetektor","8":"product_shipping_class-tunga-paket","9":"pa_brands-stonehouse-security","10":"tm-no-options","12":"first","13":"instock","14":"sale","15":"featured","16":"taxable","17":"shipping-taxable","18":"purchasable","19":"product-type-simple"},"acf":[],"_links":{"self":[{"href":"https:\/\/secureus.se\/de\/wp-json\/wp\/v2\/product\/162887","targetHints":{"allow":["GET"]}}],"collection":[{"href":"https:\/\/secureus.se\/de\/wp-json\/wp\/v2\/product"}],"about":[{"href":"https:\/\/secureus.se\/de\/wp-json\/wp\/v2\/types\/product"}],"wp:featuredmedia":[{"embeddable":true,"href":"https:\/\/secureus.se\/de\/wp-json\/wp\/v2\/media\/144999"}],"wp:attachment":[{"href":"https:\/\/secureus.se\/de\/wp-json\/wp\/v2\/media?parent=162887"}],"wp:term":[{"taxonomy":"product_brand","embeddable":true,"href":"https:\/\/secureus.se\/de\/wp-json\/wp\/v2\/product_brand?post=162887"},{"taxonomy":"product_cat","embeddable":true,"href":"https:\/\/secureus.se\/de\/wp-json\/wp\/v2\/product_cat?post=162887"},{"taxonomy":"product_tag","embeddable":true,"href":"https:\/\/secureus.se\/de\/wp-json\/wp\/v2\/product_tag?post=162887"}],"curies":[{"name":"wp","href":"https:\/\/api.w.org\/{rel}","templated":true}]}}