{"id":162900,"date":"2026-03-04T16:07:02","date_gmt":"2026-03-04T15:07:02","guid":{"rendered":"https:\/\/secureus.se\/jojo-nyckelhallare-heavy-duty-60-cm-stalwire\/"},"modified":"2026-03-30T12:10:18","modified_gmt":"2026-03-30T10:10:18","slug":"jojo-nyckelhallare-heavy-duty-60-cm-stalwire","status":"publish","type":"product","link":"https:\/\/secureus.se\/de\/jojo-nyckelhallare-heavy-duty-60-cm-stalwire\/","title":{"rendered":"JOJO Schl\u00fcsselhalter, robust \u2013 60 cm Stahldraht \u2013 Einziehbarer Schl\u00fcsselroller (Schwarz)"},"content":{"rendered":"<h1 data-start=\"616\" data-end=\"671\">JOJO Schl\u00fcsselhalter, robust \u2013 60 cm Stahldraht \u2013 Einziehbarer Schl\u00fcsselroller (Schwarz)<\/h1>\n<p data-start=\"673\" data-end=\"966\">Dieses hier <strong data-start=\"679\" data-end=\"712\">robuster JOJO-Schl\u00fcsselhalter<\/strong> ist f\u00fcr professionelle Anwender konzipiert, die eine zuverl\u00e4ssige L\u00f6sung f\u00fcr Schl\u00fcssel und Zugangskarten ben\u00f6tigen.<\/p>\n<p data-start=\"673\" data-end=\"966\">Das ausziehbare <strong data-start=\"830\" data-end=\"858\">Stahldraht von etwa 60 cm<\/strong> Dadurch k\u00f6nnen Schl\u00fcssel oder RFID-Karten einfach verwendet werden, ohne dass diese vom G\u00fcrtel oder der Arbeitskleidung abgenommen werden m\u00fcssen.<\/p>\n<p data-start=\"968\" data-end=\"1083\">Dank der robusten Konstruktion aus Kunststoff und Metall eignet sich das Modell f\u00fcr den t\u00e4glichen Einsatz in anspruchsvollen Umgebungen wie zum Beispiel:<\/p>\n<ul data-start=\"1085\" data-end=\"1201\">\n<li data-start=\"1085\" data-end=\"1104\">\n<p data-start=\"1087\" data-end=\"1104\">Immobilienverwaltung<\/p>\n<\/li>\n<li data-start=\"1105\" data-end=\"1126\">\n<p data-start=\"1107\" data-end=\"1126\">Baustellen<\/p>\n<\/li>\n<li data-start=\"1127\" data-end=\"1149\">\n<p data-start=\"1129\" data-end=\"1149\">Industrie und Lager<\/p>\n<\/li>\n<li data-start=\"1150\" data-end=\"1174\">\n<p data-start=\"1152\" data-end=\"1174\">Service und Techniker<\/p>\n<\/li>\n<li data-start=\"1175\" data-end=\"1201\">\n<p data-start=\"1177\" data-end=\"1201\">Sicherheit und \u00dcberwachung<\/p>\n<\/li>\n<\/ul>\n<p data-start=\"1203\" data-end=\"1386\">Der JOJO bewahrt Ihre Schl\u00fcssel sicher auf und ist gleichzeitig immer griffbereit. Ideal f\u00fcr Mitarbeiter, die im Arbeitsalltag mit Zutrittskontrollsystemen, technischen Ger\u00e4ten oder mehreren Schl\u00fcsseln arbeiten.<\/p>\n<hr data-start=\"1388\" data-end=\"1391\" \/>\n<h2 data-start=\"1393\" data-end=\"1407\">Perfekt f\u00fcr<\/h2>\n<ul data-start=\"1409\" data-end=\"1505\">\n<li data-start=\"1409\" data-end=\"1426\">\n<p data-start=\"1411\" data-end=\"1426\">Schl\u00fcsselanh\u00e4nger<\/p>\n<\/li>\n<li data-start=\"1427\" data-end=\"1441\">\n<p data-start=\"1429\" data-end=\"1441\">Zugangskarte<\/p>\n<\/li>\n<li data-start=\"1442\" data-end=\"1457\">\n<p data-start=\"1444\" data-end=\"1457\">RFID-Tags<\/p>\n<\/li>\n<li data-start=\"1458\" data-end=\"1472\">\n<p data-start=\"1460\" data-end=\"1472\">Ausweise<\/p>\n<\/li>\n<li data-start=\"1473\" data-end=\"1505\">\n<p data-start=\"1475\" data-end=\"1505\">Servicepersonal und Techniker<\/p>\n<\/li>\n<\/ul>\n<hr data-start=\"1507\" data-end=\"1510\" \/>\n<h2 data-start=\"1512\" data-end=\"1523\">Vorteile<\/h2>\n<ul data-start=\"1525\" data-end=\"1752\">\n<li data-start=\"1525\" data-end=\"1581\">\n<p data-start=\"1527\" data-end=\"1581\">Robuste Konstruktion f\u00fcr den professionellen Einsatz<\/p>\n<\/li>\n<li data-start=\"1582\" data-end=\"1617\">\n<p data-start=\"1584\" data-end=\"1617\">Ausziehbar <strong data-start=\"1594\" data-end=\"1615\">Stahldraht, ca. 60 cm<\/strong><\/p>\n<\/li>\n<li data-start=\"1618\" data-end=\"1654\">\n<p data-start=\"1620\" data-end=\"1654\">Robuste Ausf\u00fchrung aus Kunststoff und Metall<\/p>\n<\/li>\n<li data-start=\"1655\" data-end=\"1706\">\n<p data-start=\"1657\" data-end=\"1706\">Geeignet f\u00fcr Schl\u00fcssel, Zugangskarten und RFID-Tags<\/p>\n<\/li>\n<li data-start=\"1707\" data-end=\"1752\">\n<p data-start=\"1709\" data-end=\"1752\">Ideal f\u00fcr Sicherheit, Immobilien und Dienstleistungen<\/p>\n<\/li>\n<\/ul>\n<hr data-start=\"1754\" data-end=\"1757\" \/>\n<h2 data-start=\"1759\" data-end=\"1783\">Technische Spezifikation<\/h2>\n<p data-start=\"1785\" data-end=\"1812\">Material<br data-start=\"1793\" data-end=\"1796\" \/>Kunststoff \/ Metall<\/p>\n<p data-start=\"1814\" data-end=\"1828\">Malen<br data-start=\"1818\" data-end=\"1821\" \/>Schwarz<\/p>\n<p data-start=\"1830\" data-end=\"1846\">Gewicht<br data-start=\"1834\" data-end=\"1837\" \/>etwa 36 g<\/p>\n<p data-start=\"1848\" data-end=\"1879\">Drahtl\u00e4nge<br data-start=\"1857\" data-end=\"1860\" \/>ca. 60 cm (Stahldraht)<\/p>","protected":false},"excerpt":{"rendered":"<p data-start=\"388\" data-end=\"644\">Kraftvoll <strong data-start=\"396\" data-end=\"447\">JOJO Schl\u00fcsselanh\u00e4nger mit ausziehbarem 60 cm Stahlkabel<\/strong>, entwickelt f\u00fcr das Bauwesen, die Industrie und andere anspruchsvolle Arbeitsumgebungen.<\/p>\n<p data-start=\"388\" data-end=\"644\">Durch die robuste Konstruktion eignet es sich perfekt f\u00fcr Schl\u00fcssel, Zugangskarten und Ausweise, die w\u00e4hrend des Arbeitstages leicht zug\u00e4nglich sein m\u00fcssen.<\/p>\n<p data-start=\"646\" data-end=\"747\">Robustes Design, das dem t\u00e4glichen Einsatz in Bereichen wie Bauwesen, Immobilien, Dienstleistung und Sicherheit standh\u00e4lt.<\/p>","protected":false},"featured_media":162896,"template":"","meta":{"_acf_changed":false},"product_brand":[],"product_cat":[1676,2901],"product_tag":[2958],"class_list":{"0":"post-162900","1":"product","2":"type-product","3":"status-publish","4":"has-post-thumbnail","6":"product_cat-jojos-och-nyckelringar","7":"product_cat-jojo-yoyo-alltid-i-lager","8":"product_tag-stonehouse-produkt","9":"product_shipping_class-postnord-varubrev","10":"pa_brands-stonehouse-security","11":"pa_farg-svart","12":"pa_rfid-tillbehor-jojo","13":"tm-no-options","15":"first","16":"instock","17":"sale","18":"featured","19":"taxable","20":"shipping-taxable","21":"purchasable","22":"product-type-simple"},"acf":[],"_links":{"self":[{"href":"https:\/\/secureus.se\/de\/wp-json\/wp\/v2\/product\/162900","targetHints":{"allow":["GET"]}}],"collection":[{"href":"https:\/\/secureus.se\/de\/wp-json\/wp\/v2\/product"}],"about":[{"href":"https:\/\/secureus.se\/de\/wp-json\/wp\/v2\/types\/product"}],"wp:featuredmedia":[{"embeddable":true,"href":"https:\/\/secureus.se\/de\/wp-json\/wp\/v2\/media\/162896"}],"wp:attachment":[{"href":"https:\/\/secureus.se\/de\/wp-json\/wp\/v2\/media?parent=162900"}],"wp:term":[{"taxonomy":"product_brand","embeddable":true,"href":"https:\/\/secureus.se\/de\/wp-json\/wp\/v2\/product_brand?post=162900"},{"taxonomy":"product_cat","embeddable":true,"href":"https:\/\/secureus.se\/de\/wp-json\/wp\/v2\/product_cat?post=162900"},{"taxonomy":"product_tag","embeddable":true,"href":"https:\/\/secureus.se\/de\/wp-json\/wp\/v2\/product_tag?post=162900"}],"curies":[{"name":"wp","href":"https:\/\/api.w.org\/{rel}","templated":true}]}}