{"id":162919,"date":"2026-03-06T11:41:55","date_gmt":"2026-03-06T10:41:55","guid":{"rendered":"https:\/\/secureus.se\/?post_type=product&#038;p=162919"},"modified":"2026-04-09T11:18:09","modified_gmt":"2026-04-09T09:18:09","slug":"cranford-controls-vxb-1evad-vaggsond-vad-fyr-24v-dc-en54-23-w-2-4-8-vit-kropp-och-blixt-djup-bas","status":"publish","type":"product","link":"https:\/\/secureus.se\/de\/cranford-controls-vxb-1evad-vaggsond-vad-fyr-24v-dc-en54-23-w-2-4-8-vit-kropp-och-blixt-djup-bas\/","title":{"rendered":"Cranford Controls VXB-1EVAD Wandsensor VAD-Blitzleuchte, 24 V DC EN54-23 W-2.4-8, wei\u00dfes Geh\u00e4use und Blitzlicht, tiefer Bass"},"content":{"rendered":"<div class=\"headernamehrnone\">\n<p>Entdecken Sie die Zuverl\u00e4ssigkeit und Effektivit\u00e4t des Cranford Controls VXB-1EVAD Wand-Raumsignalgebers (VAD-Leuchtfeuer). Dieses fortschrittliche Ger\u00e4t mit elegantem, wei\u00dfem Geh\u00e4use und sattem Bass arbeitet mit 24 V Gleichstrom und erf\u00fcllt die strengen Normen EN54-3 f\u00fcr Signalgeber und EN54-23 f\u00fcr VAD-Leuchtfeuer. Es bietet die Wahl zwischen einem auff\u00e4lligen wei\u00dfen oder roten Blinklicht und gew\u00e4hrleistet so Sichtbarkeit und die Einhaltung der Vorschriften in unterschiedlichsten Umgebungen. Mit 32 w\u00e4hlbaren T\u00f6nen bietet es vielseitige M\u00f6glichkeiten zur akustischen Signalisierung. Der Cranford Controls VXB-1EVAD ist die ideale Wahl f\u00fcr zuverl\u00e4ssige Warnsysteme und optimiert Ihre Sicherheitsvorkehrungen in jeder Umgebung. Warten Sie nicht l\u00e4nger und verbessern Sie Ihre Sicherheitsma\u00dfnahmen noch heute!<\/p>\n<p>&nbsp;<\/p>\n<\/div>\n<div class=\"row headername\">\n<div class=\"item-header rd-hyg-item-header\"><strong>Hauptmerkmale<\/strong><\/div>\n<div class=\"row\">\n<ul>\n<li>Zugelassen nach EN54-3 (Audiosender) und EN54-23 (VAD-Sender)<\/li>\n<li>Wei\u00dfer Blitz (C-2.4-8), roter Blitz (C-2.4-7) als Optionen erh\u00e4ltlich<\/li>\n<li>32 w\u00e4hlbare T\u00f6ne<\/li>\n<\/ul>\n<\/div>\n<\/div>","protected":false},"excerpt":{"rendered":"<ul class=\"UnorderedListStyle--1koui9a ksyVRL mainfeatureslist\">\n<li class=\"ListItemStyle--1yqofwy kEFzCE\">Zugelassen nach EN54-3 (Audiosender) und EN54-23 (VAD-Sender)<\/li>\n<li class=\"ListItemStyle--1yqofwy kEFzCE\">Wei\u00dfer Blitz (C-2.4-8), roter Blitz (C-2.4-7) als Optionen erh\u00e4ltlich<\/li>\n<li class=\"ListItemStyle--1yqofwy kEFzCE\">32 w\u00e4hlbare T\u00f6ne<\/li>\n<\/ul>","protected":false},"featured_media":162918,"template":"","meta":{"_acf_changed":false},"product_brand":[],"product_cat":[5103,5097,1825,1562],"product_tag":[],"class_list":{"0":"post-162919","1":"product","2":"type-product","3":"status-publish","4":"has-post-thumbnail","6":"product_cat-blixtljus-kombisiren","7":"product_cat-kombisiren-blixt-brand","8":"product_cat-sirener-brand","9":"product_cat-larmdon-blixtljus","10":"pa_farg-vit","11":"tm-no-options","13":"first","14":"onbackorder","15":"taxable","16":"shipping-taxable","17":"purchasable","18":"product-type-simple"},"acf":[],"_links":{"self":[{"href":"https:\/\/secureus.se\/de\/wp-json\/wp\/v2\/product\/162919","targetHints":{"allow":["GET"]}}],"collection":[{"href":"https:\/\/secureus.se\/de\/wp-json\/wp\/v2\/product"}],"about":[{"href":"https:\/\/secureus.se\/de\/wp-json\/wp\/v2\/types\/product"}],"wp:featuredmedia":[{"embeddable":true,"href":"https:\/\/secureus.se\/de\/wp-json\/wp\/v2\/media\/162918"}],"wp:attachment":[{"href":"https:\/\/secureus.se\/de\/wp-json\/wp\/v2\/media?parent=162919"}],"wp:term":[{"taxonomy":"product_brand","embeddable":true,"href":"https:\/\/secureus.se\/de\/wp-json\/wp\/v2\/product_brand?post=162919"},{"taxonomy":"product_cat","embeddable":true,"href":"https:\/\/secureus.se\/de\/wp-json\/wp\/v2\/product_cat?post=162919"},{"taxonomy":"product_tag","embeddable":true,"href":"https:\/\/secureus.se\/de\/wp-json\/wp\/v2\/product_tag?post=162919"}],"curies":[{"name":"wp","href":"https:\/\/api.w.org\/{rel}","templated":true}]}}