{"id":162970,"date":"2025-09-24T16:22:38","date_gmt":"2025-09-24T14:22:38","guid":{"rendered":"https:\/\/secureus.se\/kombitagg-em-mifare4k-for-rco-med-lika-nummer-programmerade-pro\/"},"modified":"2026-04-01T14:41:47","modified_gmt":"2026-04-01T12:41:47","slug":"kombitagg-em-mifare4k-for-rco-med-lika-nummer-programmerade-pro","status":"publish","type":"product","link":"https:\/\/secureus.se\/de\/kombitagg-em-mifare4k-for-rco-med-lika-nummer-programmerade-pro\/","title":{"rendered":"RCO Kombinations-Tag EM + Mifare4k mit gleich programmierten Nummern \u2013 Pro"},"content":{"rendered":"<p>Wei\u00dfer, kontaktloser Kombi-Tag f\u00fcr RCO-Systeme (Mifare (4K) \/ Prox EM 4200). Beide Lesetechnologien verwenden dieselbe ID-Nummer f\u00fcr eine einfache Handhabung.<\/p>\n<h3>Wie immer! RFID-Tags mit Originalchip von <a href=\"https:\/\/www.nxp.com\/\" rel=\"noopener\">NXP<\/a> Und <a href=\"https:\/\/www.emmicroelectronic.com\/\" rel=\"noopener\">EM-Mikroelektronik.<\/a><\/h3>\n<ul>\n<li>Passsystem<\/li>\n<li>Besuchersystem<\/li>\n<li>Reservierung<\/li>\n<li>Mehr<\/li>\n<\/ul>\n<p><strong>Kann als Ersatz f\u00fcr Folgendes verwendet werden:<\/strong><br \/>\n50132633<br \/>\n20170506<br \/>\n5870784<br \/>\n7340029311002<br \/>\n50132636<br \/>\n20170500<br \/>\n5870781<br \/>\n7340029310975<\/p>","protected":false},"excerpt":{"rendered":"<p>Dient als Ersatz f\u00fcr RCO-Tags.<\/p>\n<p>Unser beliebtester RFID-Tag \u201eABS Pro\u201c \u2013 die perfekte L\u00f6sung f\u00fcr Sicherheits- und Identifikationssysteme. Hier mit zwei Chips in einem Kombi-Tag: (Mifare (4K) \/ Prox EM 4200). Beide Lesetechnologien verwenden dieselbe RCO-ID-Nummer f\u00fcr eine einfache Handhabung. Der Tag ist nur 2,9 mm d\u00fcnn, aus robustem ABS-Material gefertigt und besticht durch seine elegante Oberfl\u00e4che, die sich \u00fcberall harmonisch einf\u00fcgt. Dieses Produkt verf\u00fcgt \u00fcber einen zertifizierten Chip von NXP\u00ae.<\/p>","protected":false},"featured_media":163681,"template":"","meta":{"_acf_changed":false},"product_brand":[],"product_cat":[4787,3843],"product_tag":[4146,2405,2095,2958],"class_list":{"0":"post-162970","1":"product","2":"type-product","3":"status-publish","4":"has-post-thumbnail","6":"product_cat-mifare4kem4200-tagg","7":"product_cat-rco-taggar","8":"product_tag-nxp","9":"product_tag-rel-rfid","10":"product_tag-rfid-500","11":"product_tag-stonehouse-produkt","12":"product_shipping_class-postnord-varubrev","13":"pa_brands-stonehouse-security","14":"pa_chip-teknik-lika-chipnummer-1-nummer-graverat-kombitagg","15":"pa_farg-vit","16":"tm-no-options","18":"first","19":"instock","20":"sale","21":"featured","22":"taxable","23":"shipping-taxable","24":"purchasable","25":"product-type-simple"},"acf":[],"_links":{"self":[{"href":"https:\/\/secureus.se\/de\/wp-json\/wp\/v2\/product\/162970","targetHints":{"allow":["GET"]}}],"collection":[{"href":"https:\/\/secureus.se\/de\/wp-json\/wp\/v2\/product"}],"about":[{"href":"https:\/\/secureus.se\/de\/wp-json\/wp\/v2\/types\/product"}],"wp:featuredmedia":[{"embeddable":true,"href":"https:\/\/secureus.se\/de\/wp-json\/wp\/v2\/media\/163681"}],"wp:attachment":[{"href":"https:\/\/secureus.se\/de\/wp-json\/wp\/v2\/media?parent=162970"}],"wp:term":[{"taxonomy":"product_brand","embeddable":true,"href":"https:\/\/secureus.se\/de\/wp-json\/wp\/v2\/product_brand?post=162970"},{"taxonomy":"product_cat","embeddable":true,"href":"https:\/\/secureus.se\/de\/wp-json\/wp\/v2\/product_cat?post=162970"},{"taxonomy":"product_tag","embeddable":true,"href":"https:\/\/secureus.se\/de\/wp-json\/wp\/v2\/product_tag?post=162970"}],"curies":[{"name":"wp","href":"https:\/\/api.w.org\/{rel}","templated":true}]}}