{"id":163105,"date":"2026-03-11T12:34:50","date_gmt":"2026-03-11T11:34:50","guid":{"rendered":"https:\/\/secureus.se\/visonic-next-cam-pg2-pircam-hd-tradlos-pir-detektor-med-kamera-0-104094\/"},"modified":"2026-04-23T12:59:14","modified_gmt":"2026-04-23T10:59:14","slug":"visonic-next-cam-pg2-pircam-hd-tradlos-pir-detektor-med-kamera-0-104094","status":"publish","type":"product","link":"https:\/\/secureus.se\/de\/visonic-next-cam-pg2-pircam-hd-tradlos-pir-detektor-med-kamera-0-104094\/","title":{"rendered":"Visonic Next CAM PG2 Drahtloser PIR-Detektor mit Kamera (HD) \u2013 (0-104094)"},"content":{"rendered":"<h2>Visonic PIRCam HD \u2013 PIR-Detektor mit Kamera zur visuellen Alarmverifizierung<\/h2>\n<p><strong>Visonic Next CAM PG2 PIRCam HD (0-104094)<\/strong> ist ein fortschrittlicher drahtloser Bewegungsmelder mit integrierter Kamera, der Folgendes erm\u00f6glicht <strong>visuelle \u00dcberpr\u00fcfung von Alarmen<\/strong>. Wird eine Bewegung erkannt, nimmt der Sensor automatisch eine Reihe von Bildern auf, die an das Alarmsystem gesendet werden.<\/p>\n<p>Dadurch l\u00e4sst sich schnell feststellen, ob der Alarm echt ist oder durch etwas anderes verursacht wird, wodurch Fehlalarme reduziert und ein schnelleres Eingreifen erm\u00f6glicht wird.<\/p>\n<hr \/>\n<h2>Visuelle Alarmpr\u00fcfung<\/h2>\n<p>In vielen L\u00e4ndern und Regionen verlangen Polizei und Rettungsdienste, dass ein Alarm verifiziert werden kann, bevor ein Notfalleinsatz erfolgt. PIRCam HD wurde speziell f\u00fcr diesen Zweck entwickelt.<\/p>\n<p>Sobald das System scharfgeschaltet ist und eine Bewegung erkannt wird, schaltet sich die Kamera automatisch ein. Die Bilder werden an die Alarmanlage gesendet und k\u00f6nnen zur schnellen Kontrolle der Situation an die Alarmzentrale oder den Benutzer weitergeleitet werden.<\/p>\n<hr \/>\n<h2>\u00dcberwacht den gesamten Raum<\/h2>\n<p>Der Detektor ist f\u00fcr die \u00dcberwachung gr\u00f6\u00dferer Bereiche wie beispielsweise folgende ausgelegt:<\/p>\n<ul>\n<li>Zimmer<\/li>\n<li>Korridore<\/li>\n<li>Treppe<\/li>\n<li>Eing\u00e4nge<\/li>\n<\/ul>\n<p>Mit einer Erfassungsreichweite von bis zu <strong>12 Meter<\/strong> und einem Betrachtungswinkel von ungef\u00e4hr <strong>90\u00b0<\/strong> Das Ger\u00e4t kann gro\u00dfe Bereiche eines Raumes abdecken.<\/p>\n<hr \/>\n<h2>PowerG-Technologie<\/h2>\n<p>PIRCam HD verwendet <strong>PowerG-Funktechnologie<\/strong>, PowerG gew\u00e4hrleistet eine stabile und sichere Kommunikation mit dem Alarmsystem. Es wurde f\u00fcr professionelle Sicherheitssysteme entwickelt und bietet auch in gr\u00f6\u00dferen Geb\u00e4uden hohe Zuverl\u00e4ssigkeit.<\/p>\n<p>Der Detektor ist kompatibel mit <strong>Visonic PowerMaster-System<\/strong> sowie mehrere andere kompatible Sicherheitsplattformen.<\/p>\n<hr \/>\n<h2>Einfache Installation<\/h2>\n<p>Dank des kabellosen Designs ist die Installation schnell und einfach, da keine Kabel verlegt werden m\u00fcssen. Das Ger\u00e4t ist batteriebetrieben und kann je nach Bedarf an der Wand, in einer Ecke oder an der Decke montiert werden.<\/p>\n<hr \/>\n<h2>Hauptmerkmale<\/h2>\n<ul>\n<li>PIR-Bewegungsmelder mit integrierter Kamera<\/li>\n<li>Visuelle Alarmverifizierung mittels Bildsequenzen<\/li>\n<li>PowerG-Funkkommunikation<\/li>\n<li>Erfassungsbereich bis zu 12 Meter<\/li>\n<li>Betrachtungswinkel ungef\u00e4hr 90\u00b0<\/li>\n<li>Drahtlose Installation mit Batteriebetrieb<\/li>\n<li>Geeignet f\u00fcr Zimmer, Flure und Eing\u00e4nge<\/li>\n<li>Kompatibel mit Visonic PowerMaster-Systemen<\/li>\n<\/ul>\n<hr \/>\n<h2>Zusammenfassung<\/h2>\n<p><strong>Visonic PIRCam HD<\/strong> Es handelt sich um eine intelligente Kombination aus Bewegungsmelder und Kamera, die eine schnelle \u00dcberpr\u00fcfung von Alarmen erm\u00f6glicht. Durch das Senden von Bildern im Alarmfall k\u00f6nnen Fehlalarme reduziert und die richtigen Ma\u00dfnahmen schneller ergriffen werden.<\/p>","protected":false},"excerpt":{"rendered":"<p><strong>Visonic Next CAM PG2 PIRCam HD (0-104094)<\/strong> ist ein drahtloses <strong>PIR-Bewegungsmelder mit integrierter Kamera<\/strong> f\u00fcr PowerMaster-Systeme. Bei Bewegungserkennung werden automatisch Bilder aufgenommen und an das Alarmsystem gesendet. <strong>visuelle Alarmpr\u00fcfung<\/strong>.<\/p>\n<p>Dadurch l\u00e4sst sich schnell feststellen, ob es sich um einen echten oder einen Fehlalarm handelt \u2013 ein wichtiges Merkmal sowohl f\u00fcr Alarmzentralen als auch f\u00fcr Benutzer.<\/p>","protected":false},"featured_media":163104,"template":"","meta":{"_acf_changed":false},"product_brand":[],"product_cat":[3382],"product_tag":[],"class_list":{"0":"post-163105","1":"product","2":"type-product","3":"status-publish","4":"has-post-thumbnail","6":"product_cat-rorelse-och-kamera-visonic-larmenheter","7":"pa_brands-5visonic","8":"tm-no-options","10":"first","11":"instock","12":"sale","13":"taxable","14":"shipping-taxable","15":"purchasable","16":"product-type-simple"},"acf":[],"_links":{"self":[{"href":"https:\/\/secureus.se\/de\/wp-json\/wp\/v2\/product\/163105","targetHints":{"allow":["GET"]}}],"collection":[{"href":"https:\/\/secureus.se\/de\/wp-json\/wp\/v2\/product"}],"about":[{"href":"https:\/\/secureus.se\/de\/wp-json\/wp\/v2\/types\/product"}],"wp:featuredmedia":[{"embeddable":true,"href":"https:\/\/secureus.se\/de\/wp-json\/wp\/v2\/media\/163104"}],"wp:attachment":[{"href":"https:\/\/secureus.se\/de\/wp-json\/wp\/v2\/media?parent=163105"}],"wp:term":[{"taxonomy":"product_brand","embeddable":true,"href":"https:\/\/secureus.se\/de\/wp-json\/wp\/v2\/product_brand?post=163105"},{"taxonomy":"product_cat","embeddable":true,"href":"https:\/\/secureus.se\/de\/wp-json\/wp\/v2\/product_cat?post=163105"},{"taxonomy":"product_tag","embeddable":true,"href":"https:\/\/secureus.se\/de\/wp-json\/wp\/v2\/product_tag?post=163105"}],"curies":[{"name":"wp","href":"https:\/\/api.w.org\/{rel}","templated":true}]}}