{"id":163393,"date":"2026-03-20T11:40:56","date_gmt":"2026-03-20T10:40:56","guid":{"rendered":"https:\/\/secureus.se\/?post_type=product&#038;p=163393"},"modified":"2026-04-15T14:46:25","modified_gmt":"2026-04-15T12:46:25","slug":"ajax-keypad-outdoor-ip66-grafit","status":"publish","type":"product","link":"https:\/\/secureus.se\/de\/ajax-keypad-outdoor-ip66-grafit\/","title":{"rendered":"Ajax KeyPad Outdoor IP66 - Graphit"},"content":{"rendered":"<p data-start=\"272\" data-end=\"623\">Das Ajax KeyPad Outdoor Jeweller ist ein drahtloses Bedienfeld mit gut lesbaren mechanischen Tasten zur komfortablen und sicheren Steuerung des Ajax-Systems im Innen- und Au\u00dfenbereich. Es bietet einfachen Zugriff auf Alarmsteuerung, Zutrittskontrolle und einige Automatisierungsfunktionen \u00fcber eine einzige Benutzeroberfl\u00e4che.<\/p>\n<p data-start=\"625\" data-end=\"949\">Das Bedienfeld verf\u00fcgt \u00fcber integrierte <strong data-start=\"652\" data-end=\"670\">DESFire-Leser<\/strong> f\u00fcr Ajax Pass und Tag sowie Unterst\u00fctzung f\u00fcr <strong data-start=\"708\" data-end=\"738\">Bluetooth Low Energy (BLE)<\/strong>. Das bedeutet, dass sich der Nutzer mit einem Ausweis, einer Karte, einem Code oder einem Mobiltelefon identifizieren kann. Das Ger\u00e4t unterst\u00fctzt au\u00dferdem die Nutzung mit Smartphones via BLE, wodurch das Mobiltelefon als Zugangskarte verwendet werden kann.<\/p>\n<p data-start=\"951\" data-end=\"1284\">Der integrierte Summer gibt unter anderem akustische Signale f\u00fcr Alarme, Ein- und Ausg\u00e4nge sowie eine Klingelfunktion aus. KeyPad Outdoor Jeweller erm\u00f6glicht zudem die direkte Steuerung von Automatisierungsger\u00e4ten \u00fcber das Bedienfeld und ist somit auch in Installationen, in denen Alarmsteuerung und Smart-Home-Steuerung kombiniert werden sollen, eine flexible L\u00f6sung.<\/p>\n<p data-start=\"1286\" data-end=\"1580\">Die gro\u00dfen mechanischen Tasten sind f\u00fcr eine klare und zuverl\u00e4ssige Bedienung auch in exponierten Umgebungen ausgelegt. Dank der Schutzklasse <strong data-start=\"1417\" data-end=\"1425\">IP66<\/strong> und Schlagfestigkeit <strong data-start=\"1443\" data-end=\"1451\">IK08<\/strong> Das Modell eignet sich gut f\u00fcr die Installation beispielsweise an Eing\u00e4ngen, Toren, in Gesch\u00e4ftsr\u00e4umen und anderen Umgebungen, in denen eine hohe Haltbarkeit erforderlich ist.<\/p>\n<p data-start=\"1582\" data-end=\"1618\"><strong data-start=\"1582\" data-end=\"1600\">Kompatibilit\u00e4t<\/strong><br data-start=\"1600\" data-end=\"1603\" \/>Kompatibel mit:<\/p>\n<ul data-start=\"1619\" data-end=\"1699\">\n<li data-section-id=\"10wrjv5\" data-start=\"1619\" data-end=\"1631\">Hub 2 (2G)<\/li>\n<li data-section-id=\"10wrbvb\" data-start=\"1632\" data-end=\"1644\">Hub 2 (4G)<\/li>\n<li data-section-id=\"10w8o2n\" data-start=\"1645\" data-end=\"1657\">Hub 2 Plus<\/li>\n<li data-section-id=\"1n2ssn9\" data-start=\"1658\" data-end=\"1666\">Hub BP<\/li>\n<li data-section-id=\"kgd6px\" data-start=\"1667\" data-end=\"1685\">Hub-Hybridfaser<\/li>\n<li data-section-id=\"1o4sx3\" data-start=\"1686\" data-end=\"1691\">ReX<\/li>\n<li data-section-id=\"179hg8l\" data-start=\"1692\" data-end=\"1699\">Rex 2<\/li>\n<\/ul>\n<p data-start=\"1701\" data-end=\"1724\"><strong data-start=\"1701\" data-end=\"1724\">Technische Informationen<\/strong><\/p>\n<ul data-start=\"1725\" data-end=\"2207\">\n<li data-section-id=\"1xn1d3q\" data-start=\"1725\" data-end=\"1780\"><strong data-start=\"1727\" data-end=\"1748\">Funkreichweite:<\/strong> bis zu 1700 Meilen in offenem Gel\u00e4nde<\/li>\n<li data-section-id=\"z1c1r7\" data-start=\"1781\" data-end=\"1818\"><strong data-start=\"1783\" data-end=\"1798\">Akku-Typ:<\/strong> 2 x CR123A, im Lieferumfang enthalten<\/li>\n<li data-section-id=\"i70wrq\" data-start=\"1819\" data-end=\"1858\"><strong data-start=\"1821\" data-end=\"1842\">Akkulaufzeit:<\/strong> bis zu 3 Jahre<\/li>\n<li data-section-id=\"1bdcz5s\" data-start=\"1859\" data-end=\"1908\"><strong data-start=\"1861\" data-end=\"1889\">Externe Stromversorgung:<\/strong> 10,5\u201314 V DC, 1 A<\/li>\n<li data-section-id=\"1vune04\" data-start=\"1909\" data-end=\"1980\"><strong data-start=\"1911\" data-end=\"1941\">Notstromversorgung mit externem Netzteil:<\/strong> Die Batterien dienen als Notstromversorgung.<\/li>\n<li data-section-id=\"9mfiut\" data-start=\"1981\" data-end=\"2025\"><strong data-start=\"1983\" data-end=\"2004\">Temperaturbereich:<\/strong> -25 \u00b0C bis +60 \u00b0C<\/li>\n<li data-section-id=\"3o971j\" data-start=\"2026\" data-end=\"2062\"><strong data-start=\"2028\" data-end=\"2046\">Luftfeuchtigkeit:<\/strong> bis zu 80 %<\/li>\n<li data-section-id=\"11gxegg\" data-start=\"2063\" data-end=\"2121\"><strong data-start=\"2065\" data-end=\"2078\">Lesertyp:<\/strong> DESFire\u00ae EV1, EV2 ISO14443-A (13,56 MHz)<\/li>\n<li data-section-id=\"euscg8\" data-start=\"2122\" data-end=\"2158\"><strong data-start=\"2124\" data-end=\"2144\">Anzahl der Nutzer:<\/strong> bis zu 50<\/li>\n<li data-section-id=\"3zmijv\" data-start=\"2159\" data-end=\"2185\"><strong data-start=\"2161\" data-end=\"2178\">Schlagfestigkeit:<\/strong> IK08<\/li>\n<li data-section-id=\"jbg9ix\" data-start=\"2186\" data-end=\"2207\"><strong data-start=\"2188\" data-end=\"2201\">IP-Klasse:<\/strong> IP66<\/li>\n<\/ul>","protected":false},"excerpt":{"rendered":"<ul>\n<li data-section-id=\"1j3w74h\" data-start=\"158\" data-end=\"164\">IP66<\/li>\n<li data-section-id=\"fy49ne\" data-start=\"165\" data-end=\"189\">Eingebauter DESFire-Leser<\/li>\n<li data-section-id=\"1v0sags\" data-start=\"190\" data-end=\"212\">Eingebaute BLE-Funktion<\/li>\n<li data-section-id=\"1vmmd7l\" data-start=\"213\" data-end=\"229\">Eingebauter Summer<\/li>\n<li data-section-id=\"180l11s\" data-start=\"230\" data-end=\"270\">M\u00f6glichkeit einer externen Stromversorgung<\/li>\n<\/ul>","protected":false},"featured_media":163771,"template":"","meta":{"_acf_changed":false},"product_brand":[],"product_cat":[3164,3157],"product_tag":[],"class_list":{"0":"post-163393","1":"product","2":"type-product","3":"status-publish","4":"has-post-thumbnail","6":"product_cat-larmstyrning","7":"product_cat-utomhussakerhet","8":"pa_brands-ajax-systems","9":"tm-no-options","11":"first","12":"outofstock","13":"taxable","14":"shipping-taxable","15":"purchasable","16":"product-type-simple"},"acf":[],"_links":{"self":[{"href":"https:\/\/secureus.se\/de\/wp-json\/wp\/v2\/product\/163393","targetHints":{"allow":["GET"]}}],"collection":[{"href":"https:\/\/secureus.se\/de\/wp-json\/wp\/v2\/product"}],"about":[{"href":"https:\/\/secureus.se\/de\/wp-json\/wp\/v2\/types\/product"}],"wp:featuredmedia":[{"embeddable":true,"href":"https:\/\/secureus.se\/de\/wp-json\/wp\/v2\/media\/163771"}],"wp:attachment":[{"href":"https:\/\/secureus.se\/de\/wp-json\/wp\/v2\/media?parent=163393"}],"wp:term":[{"taxonomy":"product_brand","embeddable":true,"href":"https:\/\/secureus.se\/de\/wp-json\/wp\/v2\/product_brand?post=163393"},{"taxonomy":"product_cat","embeddable":true,"href":"https:\/\/secureus.se\/de\/wp-json\/wp\/v2\/product_cat?post=163393"},{"taxonomy":"product_tag","embeddable":true,"href":"https:\/\/secureus.se\/de\/wp-json\/wp\/v2\/product_tag?post=163393"}],"curies":[{"name":"wp","href":"https:\/\/api.w.org\/{rel}","templated":true}]}}