{"id":163532,"date":"2026-03-24T14:32:28","date_gmt":"2026-03-24T13:32:28","guid":{"rendered":"https:\/\/secureus.se\/?post_type=product&#038;p=163532"},"modified":"2026-03-31T14:18:16","modified_gmt":"2026-03-31T12:18:16","slug":"hikvision-ds-7608nxi-k2-8p-8-kanals-ip-acusense-4k-nvr-poe","status":"publish","type":"product","link":"https:\/\/secureus.se\/de\/hikvision-ds-7608nxi-k2-8p-8-kanals-ip-acusense-4k-nvr-poe\/","title":{"rendered":"Hikvision DS-7608NXI-K2\/8P(D) 8-Kanal IP AcuSense 4K NVR PoE"},"content":{"rendered":"<h2>Hikvision DS-7608NXI-K2\/8P(D) \u2013 Intelligenter 8-Kanal-4K-NVR mit PoE und AcuSense<\/h2>\n<p>Der Hikvision DS-7608NXI-K2\/8P(D) ist ein moderner und leistungsstarker Netzwerk-Videorekorder f\u00fcr alle, die ein intelligentes, stabiles und einfach zu installierendes \u00dcberwachungssystem w\u00fcnschen. Dank der 8 integrierten PoE-Anschl\u00fcsse k\u00f6nnen Sie Ihre IP-Kameras direkt an den Rekorder anschlie\u00dfen und sowohl Strom als auch Daten \u00fcber dasselbe Netzwerkkabel beziehen \u2013 schnell, reibungslos und ohne unn\u00f6tigen Aufwand.<\/p>\n<p>Der Rekorder unterst\u00fctzt Kameras mit bis zu 12 MP und liefert gestochen scharfe Bilder in bis zu 4K \u00fcber HDMI. So erhalten Sie sowohl live als auch bei der Wiedergabe einen klaren \u00dcberblick \u00fcber Ihre Einrichtung. Ob Gesch\u00e4ft, B\u00fcro, Lager oder Zuhause \u2013 Sie erhalten eine leistungsstarke und benutzerfreundliche L\u00f6sung.<\/p>\n<p>Mit der AcuSense-Technologie von Hikvision erhalten Sie ein deutlich intelligenteres System, das zwischen Personen und Fahrzeugen unterscheiden kann. Das bedeutet weniger Fehlalarme und erm\u00f6glicht es Ihnen, sich schnell auf die relevanten Ereignisse zu konzentrieren. In Kombination mit Gesichtserkennung, intelligenter Suche und effizientem Videomanagement erhalten Sie ein System, das seine Aufgabe optimal erf\u00fcllt \u2013 ohne unn\u00f6tige St\u00f6rungen.<\/p>\n<p>Die DS-7608NXI-K2\/8P(D) ist f\u00fcr die effiziente Verarbeitung gro\u00dfer Videomengen konzipiert. Dank H.265+-Komprimierung l\u00e4sst sich der Speicherbedarf reduzieren, ohne Kompromisse bei der Qualit\u00e4t einzugehen. Mit Platz f\u00fcr zwei Festplatten bietet sie ausreichend Speicherplatz f\u00fcr Langzeitaufnahmen.<\/p>\n<p>Mit Hik-Connect k\u00f6nnen Sie bequem direkt \u00fcber Ihr Mobiltelefon oder das Internet auf Ihr System zugreifen. Sie k\u00f6nnen Live-Bilder ansehen, Aufnahmen abspielen und Benachrichtigungen erhalten, wenn Ereignisse eintreten \u2013 egal wo Sie sich befinden.<\/p>\n<p>Dies ist ein sehr guter NVR f\u00fcr alle, die eine stabile, zukunftssichere und intelligente L\u00f6sung suchen, bei der die Installation einfach ist, die Funktionen aber auf hohem Niveau.<\/p>","protected":false},"excerpt":{"rendered":"<p>Der Hikvision DS-7608NXI-K2\/8P(D) ist ein intelligenter 8-Kanal-4K-NVR mit 8 integrierten PoE-Anschl\u00fcssen und AcuSense-Technologie f\u00fcr eine intelligentere und pr\u00e4zisere Video\u00fcberwachung. Der Rekorder unterst\u00fctzt Kameras mit bis zu 12 MP, verf\u00fcgt \u00fcber Personen- und Fahrzeugerkennung, Gesichtserkennung, H.265+-Komprimierung und Platz f\u00fcr zwei Festplatten mit jeweils bis zu 16 TB Speicherkapazit\u00e4t.<\/p>","protected":false},"featured_media":163530,"template":"","meta":{"_acf_changed":false},"product_brand":[],"product_cat":[3358],"product_tag":[],"class_list":{"0":"post-163532","1":"product","2":"type-product","3":"status-publish","4":"has-post-thumbnail","6":"product_cat-nvr-network-video-recorder","7":"pa_brands-hikvision","8":"tm-no-options","10":"first","11":"instock","12":"sale","13":"taxable","14":"shipping-taxable","15":"purchasable","16":"product-type-simple"},"acf":[],"_links":{"self":[{"href":"https:\/\/secureus.se\/de\/wp-json\/wp\/v2\/product\/163532","targetHints":{"allow":["GET"]}}],"collection":[{"href":"https:\/\/secureus.se\/de\/wp-json\/wp\/v2\/product"}],"about":[{"href":"https:\/\/secureus.se\/de\/wp-json\/wp\/v2\/types\/product"}],"wp:featuredmedia":[{"embeddable":true,"href":"https:\/\/secureus.se\/de\/wp-json\/wp\/v2\/media\/163530"}],"wp:attachment":[{"href":"https:\/\/secureus.se\/de\/wp-json\/wp\/v2\/media?parent=163532"}],"wp:term":[{"taxonomy":"product_brand","embeddable":true,"href":"https:\/\/secureus.se\/de\/wp-json\/wp\/v2\/product_brand?post=163532"},{"taxonomy":"product_cat","embeddable":true,"href":"https:\/\/secureus.se\/de\/wp-json\/wp\/v2\/product_cat?post=163532"},{"taxonomy":"product_tag","embeddable":true,"href":"https:\/\/secureus.se\/de\/wp-json\/wp\/v2\/product_tag?post=163532"}],"curies":[{"name":"wp","href":"https:\/\/api.w.org\/{rel}","templated":true}]}}