{"id":163651,"date":"2026-04-09T15:34:58","date_gmt":"2026-04-09T13:34:58","guid":{"rendered":"https:\/\/secureus.se\/?post_type=product&#038;p=163651"},"modified":"2026-04-09T16:08:56","modified_gmt":"2026-04-09T14:08:56","slug":"securex-connect-pro-larmpaket-villa-svensk-version","status":"publish","type":"product","link":"https:\/\/secureus.se\/de\/securex-connect-pro-larmpaket-villa-svensk-version\/","title":{"rendered":"SecureX Connect Pro Alarmpaket Villa \u2013 Schwedische Version"},"content":{"rendered":"<h2>SecureX Connect Pro Kit \u2013 Svensk version (Komplett villapaket)<\/h2>\n<p>Alarmanlage ohne Abonnement mit 3 Jahren Garantie und vollem Support durch Swedish Stonehouse Security AB.<\/p>\n<p>SecureX Connect Pro ist das Herzst\u00fcck des SecureX-Systems \u2013 eine leistungsstarke Alarmzentrale mit <strong>7-Zoll-Touchscreen<\/strong> das alle SecureX-Ger\u00e4te in einem System zusammenf\u00fchrt.<\/p>\n<p>Dank des einfachen Startmen\u00fcs kann jeder den Wecker in etwa 30 Minuten konfigurieren; die Anleitung dazu ist auf Schwedisch., <span style=\"text-decoration: underline;\"><strong>Das Men\u00fc wird immer in der von Ihnen gew\u00e4hlten Sprache angezeigt.<\/strong><\/span> als Standard zu haben.<\/p>\n<p>Im Alarmfall ert\u00f6nen die Sirenen, und Sie erhalten eine Alarmbenachrichtigung per App auf Ihr Mobiltelefon. Wenn Sie eine 4G-SIM-Karte ausgew\u00e4hlt und konfiguriert haben, erhalten Sie zus\u00e4tzlich eine SMS und eine Sprachnachricht.<\/p>\n<p>Die Stimme gibt in Ihrer Sprache bekannt, welcher Bereich ausgel\u00f6st wurde, und Sie k\u00f6nnen auch h\u00f6ren, was in Ihrem Haus passiert. Wenn Sie beispielsweise einen stillen SOS-Alarm haben, kann die Person mit Ihnen sprechen, und Sie k\u00f6nnen \u00fcber das eingebaute Mikrofon des Hubs mit ihr sprechen und kommunizieren.<\/p>\n<p>Der SecureX-Alarm <strong>Bedienfeld (mit Anzeige und Klartext), Sprachnachrichten und Stonehouse Smart App<\/strong> erh\u00e4ltlich unter:<\/p>\n<p><em><strong><span style=\"text-decoration: underline;\">Schwedisch, Englisch, Deutsch, Finnisch, Franz\u00f6sisch, Niederl\u00e4ndisch, Polnisch, Spanisch, Norwegisch und D\u00e4nisch.<\/span><\/strong><\/em><\/p>\n<hr \/>\n<ul>\n<li>7-Zoll-Touchscreen mit Long Range\/LoRa<\/li>\n<li>Bis zu <strong>200 drahtlose Ger\u00e4te<\/strong><\/li>\n<li><strong>WLAN, 2G &amp; 4G<\/strong> f\u00fcr die Verbindung<\/li>\n<li>Eingebaute Sirene (bis zu 120 dB) + <strong>Backup-Akku 5000 mAh<\/strong><\/li>\n<li>Fernsteuerung und Benachrichtigungen per App<\/li>\n<li>Bei Bedarf leicht erweiterbar.<\/li>\n<\/ul>\n<hr \/>\n<h3>Eigenschaften und Vorteile<\/h3>\n<ul>\n<li><strong>7-Zoll-IPS-Touchscreen (1024\u00d7600)<\/strong> \u2013 \u00fcbersichtlich und einfach zu bedienen<\/li>\n<li>Integrierte Protokolle: <strong>433 MHz (EV1527)<\/strong> Und <strong>868 MHz<\/strong> mit SecureX-Verschl\u00fcsselung<\/li>\n<li><strong>Langstreckenreichweite<\/strong> \u2013 bis zu ca. <strong>500 m<\/strong> Reichweite (Sichtlinie)<\/li>\n<li>Hybridunterst\u00fctzung: <strong>200 drahtlose Ger\u00e4te + 8 kabelgebundene Zonen<\/strong><\/li>\n<li>Eingebaute Sirene + <strong>Sabotagealarm<\/strong><\/li>\n<li><strong>Backup-Akku 5000 mAh<\/strong> \u2013 Betrieb auch bei Stromausf\u00e4llen<\/li>\n<li>Zwei-Wege-Kommunikation und mehrere Notrufnummern<\/li>\n<li><strong>Kostenlose OTA-Updates<\/strong> \u00fcber die Stonehouse Smart App<\/li>\n<li><strong>10 Sprachen + Sprachinformationen:<\/strong> Schwedisch, Norwegisch, D\u00e4nisch, Finnisch, Englisch, Deutsch, Polnisch, Franz\u00f6sisch, Spanisch, Niederl\u00e4ndisch<\/li>\n<li>Einfache Installation \u00fcber <strong>USB-C oder 12 V<\/strong><\/li>\n<\/ul>\n<hr \/>\n<h3>App &amp; intelligente Integrationen<\/h3>\n<ul>\n<li>Volle Kontrolle \u00fcber <strong>Die Stonehouse Smart App<\/strong><\/li>\n<li><strong>Tuya &amp; Smart Life<\/strong> unterst\u00fctzt (\u00fcber Hub)<\/li>\n<li>M\u00f6glichkeit zur Erstellung von Szenen\/Automatisierungen (z. B. Beleuchtung im Alarmfall)<\/li>\n<li>Unterst\u00fctzung f\u00fcr <strong>Google Assistant<\/strong><\/li>\n<\/ul>\n<hr \/>\n<h3>Zertifizierungen &amp; Qualit\u00e4t<\/h3>\n<ul>\n<li>CE<\/li>\n<li>RoHS<\/li>\n<li>ERREICHEN<\/li>\n<li>FCC-ID (H700)<\/li>\n<li>UKCA (H700)<\/li>\n<li>ERP \u2013 energieeffizientes Design<\/li>\n<\/ul>\n<hr \/>\n<h3>Detta ing\u00e5r i SecureX Connect Pro Villa Kit<\/h3>\n<ul>\n<li><strong>1 Stk<\/strong> SecureX Connect Pro-Panel \u2013 7-Zoll-LoRa-Panel mit Touchscreen<\/li>\n<li><strong>2 Stk<\/strong> SecureX QuickControl Fernbedienungen<\/li>\n<li><strong>4 st<\/strong> SecureX MotionEye Pro \u2013 PIR-Bewegungsmelder<\/li>\n<li><strong>3 St\u00fcck<\/strong> SecureX DoorSense Pro \u2013 Magnetkontakt f\u00fcr T\u00fcren\/Fenster<\/li>\n<li><strong>2 Stk<\/strong> SecureX SmokeGuard &#8211; Interconnected r\u00f6kdetetektor med 10 \u00e5rs livsl\u00e4ngd<\/li>\n<li><strong>3 St\u00fcck<\/strong> Selbstklebende Alarmaufkleber aus Aluminium im Format A8 (52 x 74 mm).<\/li>\n<li>Montagehalterung f\u00fcr die Platte<\/li>\n<li>Schrauben und D\u00fcbel f\u00fcr die Plattenmontage<\/li>\n<\/ul>\n<p>&nbsp;<\/p>","protected":false},"excerpt":{"rendered":"<div class=\"flex flex-col text-sm pb-25\">\n<section class=\"text-token-text-primary w-full focus:outline-none [--shadow-height:45px] has-data-writing-block:pointer-events-none has-data-writing-block:-mt-(--shadow-height) has-data-writing-block:pt-(--shadow-height) [&amp;:has([data-writing-block])&gt;*]:pointer-events-auto scroll-mt-[calc(var(--header-height)+min(200px,max(70px,20svh)))]\" dir=\"auto\" data-turn-id=\"request-WEB:49b43856-904b-4adc-a395-8f9ed8638279-13\" data-testid=\"conversation-turn-28\" data-scroll-anchor=\"true\" data-turn=\"assistant\">\n<div class=\"text-base my-auto mx-auto pb-10 [--thread-content-margin:var(--thread-content-margin-xs,calc(var(--spacing)*4))] @w-sm\/main:[--thread-content-margin:var(--thread-content-margin-sm,calc(var(--spacing)*6))] @w-lg\/main:[--thread-content-margin:var(--thread-content-margin-lg,calc(var(--spacing)*16))] px-(--thread-content-margin)\">\n<div class=\"[--thread-content-max-width:40rem] @w-lg\/main:[--thread-content-max-width:48rem] mx-auto max-w-(--thread-content-max-width) flex-1 group\/turn-messages focus-visible:outline-hidden relative flex w-full min-w-0 flex-col agent-turn\">\n<div class=\"flex max-w-full flex-col gap-4 grow\">\n<div class=\"min-h-8 text-message relative flex w-full flex-col items-end gap-2 text-start break-words whitespace-normal outline-none keyboard-focused:focus-ring [.text-message+&amp;]:mt-1\" dir=\"auto\" tabindex=\"0\" data-message-author-role=\"assistant\" data-message-id=\"1d784d06-f863-40b2-9537-d62fccac1cf5\" data-message-model-slug=\"gpt-5-4-thinking\" data-turn-start-message=\"true\">\n<div class=\"flex w-full flex-col gap-1 empty:hidden\">\n<div class=\"markdown prose dark:prose-invert w-full wrap-break-word light markdown-new-styling\">\n<p data-start=\"69\" data-end=\"187\"><strong data-start=\"69\" data-end=\"102\">SecureX Connect Pro Villa Kit<\/strong> \u00e4r ett komplett och ut\u00f6kat larmpaket f\u00f6r villa med skydd mot b\u00e5de inbrott och brand.<\/p>\n<p data-start=\"734\" data-end=\"904\">Den <strong data-start=\"738\" data-end=\"762\">enkla uppstartsmenyn<\/strong> guidar dig steg f\u00f6r steg vid installationen, vilket g\u00f6r systemet smidigt att komma ig\u00e5ng med \u00e4ven f\u00f6r dig som inte installerat larm tidigare.<\/p>\n<p data-start=\"1211\" data-end=\"1276\"><strong data-start=\"1211\" data-end=\"1230\">Certifieringar:<\/strong> CE, RoHS, REACH, FCC ID (H700), UKCA och ERP.<\/p>\n<p data-start=\"1278\" data-end=\"1394\" data-is-last-node=\"\" data-is-only-node=\"\">Larmet \u00e4r <strong data-start=\"1288\" data-end=\"1307\">utan abonnemang<\/strong>, levereras med <strong data-start=\"1323\" data-end=\"1340\">3 \u00e5rs garanti<\/strong> och support.<\/p>\n<\/div>\n<\/div>\n<\/div>\n<\/div>\n<div class=\"z-0 flex min-h-[46px] justify-start\"><\/div>\n<div class=\"mt-3 w-full empty:hidden\">\n<div class=\"text-center\"><\/div>\n<\/div>\n<\/div>\n<\/div>\n<\/section>\n<\/div>\n<div class=\"pointer-events-none h-px w-px absolute bottom-0\" aria-hidden=\"true\" data-edge=\"true\"><\/div>\n","protected":false},"featured_media":164316,"template":"","meta":{"_acf_changed":false},"product_brand":[],"product_cat":[5060,5059],"product_tag":[],"class_list":{"0":"post-163651","1":"product","2":"type-product","3":"status-publish","4":"has-post-thumbnail","6":"product_cat-securex-kit-hub","7":"product_cat-smart-larm-securex","8":"pa_brands-securex-connect-pro","9":"pa_brands-stonehouse-smart","10":"tm-no-options","12":"first","13":"instock","14":"sale","15":"taxable","16":"shipping-taxable","17":"purchasable","18":"product-type-woosb"},"acf":[],"_links":{"self":[{"href":"https:\/\/secureus.se\/de\/wp-json\/wp\/v2\/product\/163651","targetHints":{"allow":["GET"]}}],"collection":[{"href":"https:\/\/secureus.se\/de\/wp-json\/wp\/v2\/product"}],"about":[{"href":"https:\/\/secureus.se\/de\/wp-json\/wp\/v2\/types\/product"}],"wp:featuredmedia":[{"embeddable":true,"href":"https:\/\/secureus.se\/de\/wp-json\/wp\/v2\/media\/164316"}],"wp:attachment":[{"href":"https:\/\/secureus.se\/de\/wp-json\/wp\/v2\/media?parent=163651"}],"wp:term":[{"taxonomy":"product_brand","embeddable":true,"href":"https:\/\/secureus.se\/de\/wp-json\/wp\/v2\/product_brand?post=163651"},{"taxonomy":"product_cat","embeddable":true,"href":"https:\/\/secureus.se\/de\/wp-json\/wp\/v2\/product_cat?post=163651"},{"taxonomy":"product_tag","embeddable":true,"href":"https:\/\/secureus.se\/de\/wp-json\/wp\/v2\/product_tag?post=163651"}],"curies":[{"name":"wp","href":"https:\/\/api.w.org\/{rel}","templated":true}]}}