{"id":164184,"date":"2026-04-07T17:21:40","date_gmt":"2026-04-07T15:21:40","guid":{"rendered":"https:\/\/secureus.se\/?post_type=product&#038;p=164184"},"modified":"2026-04-23T12:30:53","modified_gmt":"2026-04-23T10:30:53","slug":"fargo-hdp6600-8500-rengoringskit-komplett-kit-med-rengoringspinnar-kort-pads-och-alkoholrengoring","status":"publish","type":"product","link":"https:\/\/secureus.se\/de\/fargo-hdp6600-8500-rengoringskit-komplett-kit-med-rengoringspinnar-kort-pads-och-alkoholrengoring\/","title":{"rendered":"Fargo HDP6600 \/ 8500 Reinigungsset \u2013 Komplettes Set mit Reinigungsst\u00e4bchen, -karten, -pads und Alkoholt\u00fcchern"},"content":{"rendered":"<p>Das Fargo 88933 Reinigungsset enth\u00e4lt vier Druckkopfreinigungsst\u00e4bchen, zehn Reinigungskarten, zehn Reinigungspads und drei Alkoholreinigungskarten. Alle diese Elemente tragen gemeinsam dazu bei, den Fargo HDP8500 sauber zu halten und somit eine gleichbleibend hohe Kartenqualit\u00e4t zu gew\u00e4hrleisten.<\/p>\n<ul>\n<li>4x Druckkopfreinigungst\u00fccher<\/li>\n<li>10x Reinigungskarten<\/li>\n<li>10 Reinigungspads<\/li>\n<li>3x Alkoholreinigung<\/li>\n<li>Hergestellt f\u00fcr die Verwendung mit den Fargo HDP8500 und HDP6600<\/li>\n<li>Bei sachgem\u00e4\u00dfer Lagerung bis zu einem Jahr haltbar.<\/li>\n<li>Herstellernummer: 88933<\/li>\n<\/ul>\n<p>\u00a0<\/p>\n<p>\n <strong><br \/>\n Produktgewicht:<br \/>\n 0,30 kg<br \/>\n <\/strong>\n <\/p>","protected":false},"excerpt":{"rendered":"<p>The Fargo 88933 cleaning kit includes; four print head cleaning swabs, ten cleaning cards, ten cleaning pads, and three alcohol cleaning cards. All of these elements used together help to<\/p>","protected":false},"featured_media":164183,"template":"","meta":{"_acf_changed":false},"product_brand":[],"product_cat":[4807],"product_tag":[],"class_list":{"0":"post-164184","1":"product","2":"type-product","3":"status-publish","4":"has-post-thumbnail","6":"product_cat-rengoringskit","7":"product_shipping_class-postnord-varubrev","8":"pa_brands-fargo","9":"tm-no-options","11":"first","12":"instock","13":"taxable","14":"shipping-taxable","15":"purchasable","16":"product-type-simple"},"acf":[],"_links":{"self":[{"href":"https:\/\/secureus.se\/de\/wp-json\/wp\/v2\/product\/164184","targetHints":{"allow":["GET"]}}],"collection":[{"href":"https:\/\/secureus.se\/de\/wp-json\/wp\/v2\/product"}],"about":[{"href":"https:\/\/secureus.se\/de\/wp-json\/wp\/v2\/types\/product"}],"wp:featuredmedia":[{"embeddable":true,"href":"https:\/\/secureus.se\/de\/wp-json\/wp\/v2\/media\/164183"}],"wp:attachment":[{"href":"https:\/\/secureus.se\/de\/wp-json\/wp\/v2\/media?parent=164184"}],"wp:term":[{"taxonomy":"product_brand","embeddable":true,"href":"https:\/\/secureus.se\/de\/wp-json\/wp\/v2\/product_brand?post=164184"},{"taxonomy":"product_cat","embeddable":true,"href":"https:\/\/secureus.se\/de\/wp-json\/wp\/v2\/product_cat?post=164184"},{"taxonomy":"product_tag","embeddable":true,"href":"https:\/\/secureus.se\/de\/wp-json\/wp\/v2\/product_tag?post=164184"}],"curies":[{"name":"wp","href":"https:\/\/api.w.org\/{rel}","templated":true}]}}