{"id":164185,"date":"2026-04-07T17:21:39","date_gmt":"2026-04-07T15:21:39","guid":{"rendered":"https:\/\/secureus.se\/?post_type=product&#038;p=164185"},"modified":"2026-04-08T16:05:07","modified_gmt":"2026-04-08T14:05:07","slug":"fargo-dtc-hdp-rengoringskort-isopropylalkohol-10-pack-081233","status":"publish","type":"product","link":"https:\/\/secureus.se\/de\/fargo-dtc-hdp-rengoringskort-isopropylalkohol-10-pack-081233\/","title":{"rendered":"Fargo DTC HDP Reinigungskarten Isopropylalkohol \u2013 10er-Packung (081233)"},"content":{"rendered":"<p>Das Fargo-Set 82133 enth\u00e4lt zehn Reinigungskarten mit Isopropylalkohol. Die Karten entfernen Staub, Schmutz, \u00d6l und Tintenreste von den Walzen von Fargo-Kunststoffkartendruckern und tragen so zu einer l\u00e4ngeren Lebensdauer des Druckers und einer gleichbleibenden Druckqualit\u00e4t bei.<\/p>\n<ul>\n<li>Verkauft in 10er-Packungen<\/li>\n<li>Kompatibel mit Fargo DTC1000, DTC300, DTC400, DTC4000, DTC400e, DTC4500, DTC500, DTC510, DTC515, DTC520, DTC525, DTC550 und dem HDP5000.<\/li>\n<li>Herstellernummer: 81233<\/li>\n<\/ul>\n<p>\n <strong><br \/>\n Produktgewicht:<br \/>\n 0,40 kg<br \/>\n <\/strong>\n <\/p>","protected":false},"excerpt":{"rendered":"<p>The Fargo 82133 kit includes ten alcohol isopropyl cleaning cards. The cards clean dust, debris, oil and ink residue from Fargo plastic card printer card rollers to help enhance the<\/p>","protected":false},"featured_media":164182,"template":"","meta":{"_acf_changed":false},"product_brand":[],"product_cat":[4807],"product_tag":[],"class_list":{"0":"post-164185","1":"product","2":"type-product","3":"status-publish","4":"has-post-thumbnail","6":"product_cat-rengoringskit","7":"product_shipping_class-postnord-varubrev","8":"pa_brands-fargo","9":"tm-no-options","11":"first","12":"outofstock","13":"taxable","14":"shipping-taxable","15":"purchasable","16":"product-type-simple"},"acf":[],"_links":{"self":[{"href":"https:\/\/secureus.se\/de\/wp-json\/wp\/v2\/product\/164185","targetHints":{"allow":["GET"]}}],"collection":[{"href":"https:\/\/secureus.se\/de\/wp-json\/wp\/v2\/product"}],"about":[{"href":"https:\/\/secureus.se\/de\/wp-json\/wp\/v2\/types\/product"}],"wp:featuredmedia":[{"embeddable":true,"href":"https:\/\/secureus.se\/de\/wp-json\/wp\/v2\/media\/164182"}],"wp:attachment":[{"href":"https:\/\/secureus.se\/de\/wp-json\/wp\/v2\/media?parent=164185"}],"wp:term":[{"taxonomy":"product_brand","embeddable":true,"href":"https:\/\/secureus.se\/de\/wp-json\/wp\/v2\/product_brand?post=164185"},{"taxonomy":"product_cat","embeddable":true,"href":"https:\/\/secureus.se\/de\/wp-json\/wp\/v2\/product_cat?post=164185"},{"taxonomy":"product_tag","embeddable":true,"href":"https:\/\/secureus.se\/de\/wp-json\/wp\/v2\/product_tag?post=164185"}],"curies":[{"name":"wp","href":"https:\/\/api.w.org\/{rel}","templated":true}]}}