{"id":164197,"date":"2026-04-07T17:21:40","date_gmt":"2026-04-07T15:21:40","guid":{"rendered":"https:\/\/secureus.se\/?post_type=product&#038;p=164197"},"modified":"2026-04-08T16:08:30","modified_gmt":"2026-04-08T14:08:30","slug":"zebra-105999-801-rengoringskit-for-zxp-series-8-3-pack","status":"publish","type":"product","link":"https:\/\/secureus.se\/de\/zebra-105999-801-rengoringskit-for-zxp-series-8-3-pack\/","title":{"rendered":"Zebra 105999-801 Reinigungsset f\u00fcr ZXP Serie 8 \u2013 3er-Pack"},"content":{"rendered":"<p>Das Zebra Reinigungsset 105999-801 ist die Komplettl\u00f6sung f\u00fcr die Reinigung von Zebra Series 8 Kartendruckern. Regelm\u00e4\u00dfige Anwendung gew\u00e4hrleistet eine reibungslose und hochwertige Leistung und verl\u00e4ngert die Lebensdauer des Druckers.<\/p>\n<ul>\n<li>3x Hei\u00dfwalzen-Reinigungskarten<\/li>\n<li>12x X Roller Reinigungskarten<\/li>\n<li>12x Y-Rollen-Reinigungskarten<\/li>\n<li>Kompatibel mit Zebra ZXP Series 8 Kartendruckern<\/li>\n<\/ul>\n<p>\n <strong><br \/>\n Produktgewicht:<br \/>\n 1,00 kg<br \/>\n <\/strong>\n <\/p>","protected":false},"excerpt":{"rendered":"<p>Das Zebra Reinigungsset 105999-801 ist die Komplettl\u00f6sung f\u00fcr die Reinigung von Zebra Series 8 Kartendruckern. Regelm\u00e4\u00dfige Anwendung gew\u00e4hrleistet eine reibungslose und hochwertige Leistung und verl\u00e4ngert die Lebensdauer des Druckers.<\/p>","protected":false},"featured_media":164196,"template":"","meta":{"_acf_changed":false},"product_brand":[],"product_cat":[4807],"product_tag":[],"class_list":{"0":"post-164197","1":"product","2":"type-product","3":"status-publish","4":"has-post-thumbnail","6":"product_cat-rengoringskit","7":"product_shipping_class-postnord-varubrev","8":"pa_brands-zebra-2","9":"tm-no-options","11":"first","12":"instock","13":"taxable","14":"shipping-taxable","15":"purchasable","16":"product-type-simple"},"acf":[],"_links":{"self":[{"href":"https:\/\/secureus.se\/de\/wp-json\/wp\/v2\/product\/164197","targetHints":{"allow":["GET"]}}],"collection":[{"href":"https:\/\/secureus.se\/de\/wp-json\/wp\/v2\/product"}],"about":[{"href":"https:\/\/secureus.se\/de\/wp-json\/wp\/v2\/types\/product"}],"wp:featuredmedia":[{"embeddable":true,"href":"https:\/\/secureus.se\/de\/wp-json\/wp\/v2\/media\/164196"}],"wp:attachment":[{"href":"https:\/\/secureus.se\/de\/wp-json\/wp\/v2\/media?parent=164197"}],"wp:term":[{"taxonomy":"product_brand","embeddable":true,"href":"https:\/\/secureus.se\/de\/wp-json\/wp\/v2\/product_brand?post=164197"},{"taxonomy":"product_cat","embeddable":true,"href":"https:\/\/secureus.se\/de\/wp-json\/wp\/v2\/product_cat?post=164197"},{"taxonomy":"product_tag","embeddable":true,"href":"https:\/\/secureus.se\/de\/wp-json\/wp\/v2\/product_tag?post=164197"}],"curies":[{"name":"wp","href":"https:\/\/api.w.org\/{rel}","templated":true}]}}