{"id":164246,"date":"2026-04-08T14:28:20","date_gmt":"2026-04-08T12:28:20","guid":{"rendered":"https:\/\/secureus.se\/magicard-600-duo-id-kortsskrivare-med-elatec-smartkortkodning-dubbelsidig\/"},"modified":"2026-04-23T12:29:33","modified_gmt":"2026-04-23T10:29:33","slug":"magicard-600-duo-id-kortsskrivare-med-elatec-smartkortkodning-dubbelsidig","status":"publish","type":"product","link":"https:\/\/secureus.se\/de\/magicard-600-duo-id-kortsskrivare-med-elatec-smartkortkodning-dubbelsidig\/","title":{"rendered":"Magicard 600 DUO Ausweisdrucker mit Elatec Smartcard-Kodierung \u2013 Doppelseitig"},"content":{"rendered":"<h3 data-section-id=\"vtzcj9\" data-start=\"806\" data-end=\"868\">Magicard 600 DUO \u2013 ID-kortsskrivare med smartkort (Elatec)<\/h3>\n<p data-start=\"870\" data-end=\"1158\">Magicard 600 DUO med Elatec smartkortkodning \u00e4r en kraftfull och framtidss\u00e4ker l\u00f6sning f\u00f6r organisationer som beh\u00f6ver producera ID-kort med integrerad chip- eller RFID-teknik. Den \u00e4r s\u00e4rskilt l\u00e4mpad f\u00f6r moderna passersystem d\u00e4r kort anv\u00e4nds f\u00f6r b\u00e5de identifiering och beh\u00f6righetsstyrning.<\/p>\n<p data-start=\"1160\" data-end=\"1329\">Med st\u00f6d f\u00f6r smartkortsteknik som MIFARE, DESFire och iClass kan du skapa avancerade kortl\u00f6sningar som fungerar i allt fr\u00e5n accesskontroll till betal- och medlemssystem.<\/p>\n<hr data-start=\"1331\" data-end=\"1334\" \/>\n<h3 data-section-id=\"yhdfvv\" data-start=\"1336\" data-end=\"1384\">Smartkortkodning f\u00f6r moderna s\u00e4kerhetssystem<\/h3>\n<p data-start=\"1386\" data-end=\"1460\">Denna modell \u00e4r utrustad med Elatec-encoder och st\u00f6djer flera teknologier:<\/p>\n<ul data-start=\"1462\" data-end=\"1533\">\n<li data-section-id=\"o133mk\" data-start=\"1462\" data-end=\"1472\">MIFARE<\/li>\n<li data-section-id=\"1hjdjxe\" data-start=\"1473\" data-end=\"1484\">DESFire<\/li>\n<li data-section-id=\"1bfu70v\" data-start=\"1485\" data-end=\"1495\">iClass<\/li>\n<li data-section-id=\"3hwhh3\" data-start=\"1496\" data-end=\"1533\">Andra RFID- och chipbaserade kort<\/li>\n<\/ul>\n<p data-start=\"1535\" data-end=\"1566\">Det g\u00f6r skrivaren idealisk f\u00f6r:<\/p>\n<ul data-start=\"1568\" data-end=\"1696\">\n<li data-section-id=\"1hskxmw\" data-start=\"1568\" data-end=\"1603\">Zutrittskontrollsysteme<\/li>\n<li data-section-id=\"3kjqaz\" data-start=\"1604\" data-end=\"1637\">F\u00f6retagskort med beh\u00f6righeter<\/li>\n<li data-section-id=\"117akqm\" data-start=\"1638\" data-end=\"1667\">Campuskort och student-ID<\/li>\n<li data-section-id=\"18ru7kn\" data-start=\"1668\" data-end=\"1696\">Mitgliedskarte mit Funktion<\/li>\n<\/ul>\n<p data-start=\"1698\" data-end=\"1773\">En optimal l\u00f6sning f\u00f6r organisationer som vill arbeta med kontaktl\u00f6sa kort.<\/p>\n<hr data-start=\"1775\" data-end=\"1778\" \/>\n<h3 data-section-id=\"ivhira\" data-start=\"1780\" data-end=\"1825\">H\u00f6g uppl\u00f6sning och professionell kvalitet<\/h3>\n<p data-start=\"1827\" data-end=\"1889\">Magicard 600 levererar utskrifter i 600 x 300 dpi, vilket ger:<\/p>\n<ul data-start=\"1891\" data-end=\"2008\">\n<li data-section-id=\"139tkdq\" data-start=\"1891\" data-end=\"1926\">Gestochen scharfe Schrift auch bei kleinen Gr\u00f6\u00dfen<\/li>\n<li data-section-id=\"1ogffzk\" data-start=\"1927\" data-end=\"1963\">Tydliga QR-koder och streckkoder<\/li>\n<li data-section-id=\"1j0drns\" data-start=\"1964\" data-end=\"2008\">H\u00f6g detaljrikedom i bilder och logotyper<\/li>\n<\/ul>\n<p data-start=\"2010\" data-end=\"2072\">Perfekt f\u00f6r ID-kort d\u00e4r b\u00e5de design och funktion \u00e4r avg\u00f6rande.<\/p>\n<hr data-start=\"2074\" data-end=\"2077\" \/>\n<h3 data-section-id=\"1y69j9m\" data-start=\"2079\" data-end=\"2123\">Doppelseitiger Druck f\u00fcr weitere Informationen<\/h3>\n<p data-start=\"2125\" data-end=\"2189\">Med automatisk dubbelsidig utskrift kan du maximera kortets yta:<\/p>\n<ul data-start=\"2191\" data-end=\"2282\">\n<li data-section-id=\"1o8z68t\" data-start=\"2191\" data-end=\"2229\">Vorderseite: Foto, Name und Identit\u00e4t<\/li>\n<li data-section-id=\"1fe1qeg\" data-start=\"2230\" data-end=\"2282\">Zur\u00fcck: Regeln, Codierung oder zus\u00e4tzliche Informationen<\/li>\n<\/ul>\n<p data-start=\"2284\" data-end=\"2329\">Ger mer professionella och funktionella kort.<\/p>\n<hr data-start=\"2331\" data-end=\"2334\" \/>\n<h3 data-section-id=\"9wohmo\" data-start=\"2336\" data-end=\"2368\">Schnelle Massenproduktion<\/h3>\n<p data-start=\"2370\" data-end=\"2415\">Der Magicard 600 DUO ist auf effizienten Betrieb ausgelegt:<\/p>\n<ul data-start=\"2417\" data-end=\"2521\">\n<li data-section-id=\"d0p5ki\" data-start=\"2417\" data-end=\"2452\">Bis zu 190 Farbkarten pro Stunde<\/li>\n<li data-section-id=\"1m3q1f6\" data-start=\"2453\" data-end=\"2486\">Ungef\u00e4hr 18\u201320 Sekunden pro Karte<\/li>\n<li data-section-id=\"1do7c5c\" data-start=\"2487\" data-end=\"2521\">Stabil och p\u00e5litlig produktion<\/li>\n<\/ul>\n<p data-start=\"2523\" data-end=\"2582\">Perfekt f\u00f6r organisationer med kontinuerlig kortproduktion.<\/p>\n<hr data-start=\"2584\" data-end=\"2587\" \/>\n<h3 data-section-id=\"1fdoess\" data-start=\"2589\" data-end=\"2640\">Erweiterte Sicherheitsfunktionen \u2013 sch\u00fctzt sowohl Karte als auch Daten<\/h3>\n<p data-start=\"2642\" data-end=\"2698\">Magicard 600 \u00e4r en av de s\u00e4kraste skrivarna i sin klass:<\/p>\n<ul data-start=\"2700\" data-end=\"2868\">\n<li data-section-id=\"1hgdx4n\" data-start=\"2700\" data-end=\"2750\"><strong data-start=\"2702\" data-end=\"2729\">HoloKote\u00ae-Wasserzeichen<\/strong> zum visuellen Schutz<\/li>\n<li data-section-id=\"sz6ym4\" data-start=\"2751\" data-end=\"2808\"><strong data-start=\"2753\" data-end=\"2774\">Digitale Aktenvernichtung<\/strong> wodurch Daten nach dem Drucken gel\u00f6scht werden<\/li>\n<li data-section-id=\"dqmdn2\" data-start=\"2809\" data-end=\"2868\"><strong data-start=\"2811\" data-end=\"2834\">Bedrohungs-Benchmarking<\/strong> f\u00fcr sicherheitsgepr\u00fcfte Plattformen<\/li>\n<\/ul>\n<p data-start=\"2870\" data-end=\"2928\">Ger trygg hantering av personuppgifter och kortproduktion.<\/p>\n<hr data-start=\"2930\" data-end=\"2933\" \/>\n<h3 data-section-id=\"ad0oan\" data-start=\"2935\" data-end=\"2980\">Einfache Integration und flexible Konnektivit\u00e4t<\/h3>\n<ul data-start=\"2982\" data-end=\"3063\">\n<li data-section-id=\"142d0jd\" data-start=\"2982\" data-end=\"3002\">USB und Ethernet<\/li>\n<li data-section-id=\"91a0vs\" data-start=\"3003\" data-end=\"3034\">WLAN \u00fcber mitgelieferten Dongle<\/li>\n<li data-section-id=\"12m8nbp\" data-start=\"3035\" data-end=\"3063\">Plug-and-Play-Installation<\/li>\n<\/ul>\n<p data-start=\"3065\" data-end=\"3118\">Enkel att installera och anv\u00e4nda i befintliga system.<\/p>\n<hr data-start=\"3120\" data-end=\"3123\" \/>\n<h3 data-section-id=\"1bq7pu6\" data-start=\"3125\" data-end=\"3152\">Marktf\u00fchrende Garantie<\/h3>\n<p data-start=\"3154\" data-end=\"3200\">Der Magicard 600 wird geliefert mit <strong data-start=\"3181\" data-end=\"3199\">Magic Cover Plus<\/strong>:<\/p>\n<ul data-start=\"3202\" data-end=\"3298\">\n<li data-section-id=\"l98imx\" data-start=\"3202\" data-end=\"3219\">3 Jahre Garantie<\/li>\n<li data-section-id=\"1u05asm\" data-start=\"3220\" data-end=\"3239\">Printhead ing\u00e5r<\/li>\n<li data-section-id=\"1q8zhc\" data-start=\"3240\" data-end=\"3267\">Hot swap \/ l\u00e5neskrivare<\/li>\n<li data-section-id=\"n39f82\" data-start=\"3268\" data-end=\"3298\">M\u00f6glichkeit der Erweiterung<\/li>\n<\/ul>\n<p data-start=\"3300\" data-end=\"3338\">Ger trygg drift och minimerar avbrott.<\/p>\n<hr data-start=\"3340\" data-end=\"3343\" \/>\n<h3 data-section-id=\"12w8785\" data-start=\"3345\" data-end=\"3390\">Technische Spezifikationen (Zusammenfassung)<\/h3>\n<ul data-start=\"3392\" data-end=\"3711\">\n<li data-section-id=\"3ocq9i\" data-start=\"3392\" data-end=\"3426\">Modell: Magicard 600 DUO Smart<\/li>\n<li data-section-id=\"1vn1bje\" data-start=\"3427\" data-end=\"3452\">Druck: Beidseitig<\/li>\n<li data-section-id=\"5e1idc\" data-start=\"3453\" data-end=\"3482\">Aufl\u00f6sung: 600 x 300 dpi<\/li>\n<li data-section-id=\"17nzkcu\" data-start=\"3483\" data-end=\"3521\">Geschwindigkeit: bis zu 190 Karten\/Stunde<\/li>\n<li data-section-id=\"zw1en0\" data-start=\"3522\" data-end=\"3553\">Kodierung: Smartcard (Elatec)<\/li>\n<li data-section-id=\"gg7zr9\" data-start=\"3554\" data-end=\"3591\">Kartenformat: CR80 \/ CR79 (w\u00e4hlbar)<\/li>\n<li data-section-id=\"2472fa\" data-start=\"3592\" data-end=\"3625\">Kartenarten: PVC, PET, Verbundmaterial<\/li>\n<li data-section-id=\"6qlhy1\" data-start=\"3626\" data-end=\"3655\">Kapazit\u00e4t: 100 Einlass \/ 70 Auslass<\/li>\n<li data-section-id=\"16s8c15\" data-start=\"3656\" data-end=\"3691\">Anschl\u00fcsse: USB, Ethernet, WLAN<\/li>\n<li data-section-id=\"5s4j7b\" data-start=\"3692\" data-end=\"3711\">Gewicht: ca. 7,0 kg<\/li>\n<\/ul>\n<hr data-start=\"3713\" data-end=\"3716\" \/>\n<h3 data-section-id=\"11hcs70\" data-start=\"3718\" data-end=\"3742\">Wichtig zu beachten<\/h3>\n<ul data-start=\"3744\" data-end=\"3863\">\n<li data-section-id=\"ddg5am\" data-start=\"3744\" data-end=\"3765\">Band nicht enthalten<\/li>\n<li data-section-id=\"ul3fqp\" data-start=\"3766\" data-end=\"3813\">Empfohlen werden Original Magicard Verbrauchsmaterialien.<\/li>\n<li data-section-id=\"1wlkmq0\" data-start=\"3814\" data-end=\"3863\">Regelbunden reng\u00f6ring kr\u00e4vs f\u00f6r optimal drift<\/li>\n<\/ul>\n<hr data-start=\"3865\" data-end=\"3868\" \/>\n<h3 data-section-id=\"ethgyn\" data-start=\"3870\" data-end=\"3885\">Perfekt f\u00fcr<\/h3>\n<ul data-start=\"3887\" data-end=\"4049\">\n<li data-section-id=\"jrnl2k\" data-start=\"3887\" data-end=\"3923\">F\u00f6retag med moderna passersystem<\/li>\n<li data-section-id=\"ei9hza\" data-start=\"3924\" data-end=\"3950\">Schulen und Universit\u00e4ten<\/li>\n<li data-section-id=\"ybzfw\" data-start=\"3951\" data-end=\"3980\">S\u00e4kerhetsklassade milj\u00f6er<\/li>\n<li data-section-id=\"nm32nw\" data-start=\"3981\" data-end=\"4008\">Mitglieds- und Zugangskarten<\/li>\n<li data-section-id=\"55y88r\" data-start=\"4009\" data-end=\"4049\">RFID- och chipbaserade kortl\u00f6sningar<\/li>\n<\/ul>\n<p data-start=\"4084\" data-end=\"4117\">Denna modell \u00e4r r\u00e4tt val om du:<\/p>\n<ul data-start=\"4118\" data-end=\"4259\">\n<li data-section-id=\"15hkcbh\" data-start=\"4118\" data-end=\"4150\">brauchen <strong data-start=\"4128\" data-end=\"4148\">Smartcard \/ RFID<\/strong><\/li>\n<li data-section-id=\"1ultewf\" data-start=\"4151\" data-end=\"4205\">wollen <strong data-start=\"4161\" data-end=\"4203\">h\u00f6g s\u00e4kerhet och framtidss\u00e4ker l\u00f6sning<\/strong><\/li>\n<li data-section-id=\"1m60g6n\" data-start=\"4206\" data-end=\"4259\">erfordert <strong data-start=\"4215\" data-end=\"4259\">professionell kvalitet och h\u00f6g hastighet<\/strong><\/li>\n<\/ul>","protected":false},"excerpt":{"rendered":"<p data-start=\"279\" data-end=\"557\">Der Magicard 600 DUO mit Elatec-Smartcard-Codierung ist ein fortschrittlicher, doppelseitiger Ausweisdrucker f\u00fcr die sichere und professionelle Kartenproduktion. Mit einer Aufl\u00f6sung von 600 dpi, einer Druckgeschwindigkeit von bis zu 190 Karten pro Stunde und Unterst\u00fctzung f\u00fcr RFID- und Chipkarten eignet er sich ideal f\u00fcr moderne Zutrittskontrollsysteme und Sicherheitsl\u00f6sungen.<\/p>\n<ul data-start=\"559\" data-end=\"774\">\n<li data-section-id=\"1uls68x\" data-start=\"559\" data-end=\"592\">Doppelseitiger Druck (Duplex)<\/li>\n<li data-section-id=\"1qzgasc\" data-start=\"593\" data-end=\"638\">Smartcard-Codierung \u00fcber Elatec (RFID \/ Chip)<\/li>\n<li data-section-id=\"13nuq2a\" data-start=\"639\" data-end=\"678\">600 x 300 dpi f\u00fcr hohe Detailgenauigkeit<\/li>\n<li data-section-id=\"h41vfp\" data-start=\"679\" data-end=\"710\">Bis zu 190 Karten pro Stunde<\/li>\n<li data-section-id=\"sg0mgt\" data-start=\"711\" data-end=\"747\">HoloKote\u00ae Sicherheitswasserzeichen<\/li>\n<li data-section-id=\"1mvdtqc\" data-start=\"748\" data-end=\"774\">WLAN, USB und Ethernet<\/li>\n<\/ul>","protected":false},"featured_media":164240,"template":"","meta":{"_acf_changed":false},"product_brand":[],"product_cat":[3208],"product_tag":[],"class_list":{"0":"post-164246","1":"product","2":"type-product","3":"status-publish","4":"has-post-thumbnail","6":"product_cat-magicard","7":"product_shipping_class-tunga-paket","8":"pa_brands-magicard","9":"tm-no-options","11":"first","12":"instock","13":"sale","14":"taxable","15":"shipping-taxable","16":"purchasable","17":"product-type-simple"},"acf":[],"_links":{"self":[{"href":"https:\/\/secureus.se\/de\/wp-json\/wp\/v2\/product\/164246","targetHints":{"allow":["GET"]}}],"collection":[{"href":"https:\/\/secureus.se\/de\/wp-json\/wp\/v2\/product"}],"about":[{"href":"https:\/\/secureus.se\/de\/wp-json\/wp\/v2\/types\/product"}],"wp:featuredmedia":[{"embeddable":true,"href":"https:\/\/secureus.se\/de\/wp-json\/wp\/v2\/media\/164240"}],"wp:attachment":[{"href":"https:\/\/secureus.se\/de\/wp-json\/wp\/v2\/media?parent=164246"}],"wp:term":[{"taxonomy":"product_brand","embeddable":true,"href":"https:\/\/secureus.se\/de\/wp-json\/wp\/v2\/product_brand?post=164246"},{"taxonomy":"product_cat","embeddable":true,"href":"https:\/\/secureus.se\/de\/wp-json\/wp\/v2\/product_cat?post=164246"},{"taxonomy":"product_tag","embeddable":true,"href":"https:\/\/secureus.se\/de\/wp-json\/wp\/v2\/product_tag?post=164246"}],"curies":[{"name":"wp","href":"https:\/\/api.w.org\/{rel}","templated":true}]}}